{"id":1056,"date":"2024-08-19T19:26:40","date_gmt":"2024-08-19T19:26:40","guid":{"rendered":"https:\/\/stald-hauge.dk\/?page_id=1056"},"modified":"2025-01-02T19:49:25","modified_gmt":"2025-01-02T19:49:25","slug":"winters-evita","status":"publish","type":"page","link":"http:\/\/stald-hauge.dk\/index.php\/heste\/tidligere-heste\/winters-evita\/","title":{"rendered":"Winters Evita"},"content":{"rendered":"<p style=\"text-align: center;\"><strong>Winthers Evita<\/strong><\/p>\n<p style=\"text-align: center;\"><img loading=\"lazy\" decoding=\"async\" class=\"alignnone size-large wp-image-3929\" src=\"http:\/\/stald-hauge.dk\/wp-content\/uploads\/2025\/01\/Evita12-700x546.jpg\" alt=\"\" width=\"640\" height=\"499\" srcset=\"http:\/\/stald-hauge.dk\/wp-content\/uploads\/2025\/01\/Evita12-700x546.jpg 700w, http:\/\/stald-hauge.dk\/wp-content\/uploads\/2025\/01\/Evita12-300x234.jpg 300w, http:\/\/stald-hauge.dk\/wp-content\/uploads\/2025\/01\/Evita12.jpg 728w\" sizes=\"auto, (max-width: 640px) 100vw, 640px\" \/><\/p>\n<p style=\"text-align: center;\">F\u00f8dt: 22. maj 2009<\/p>\n<p style=\"text-align: center;\">K\u00f8n: Hoppe<\/p>\n<p style=\"text-align: center;\">Forv. stg. 98-100 cm<\/p>\n<p style=\"text-align: center;\">Farve: Grulla<\/p>\n<p style=\"text-align: center;\">Far: Mosb\u00e6kmindes Thor (grulla)<\/p>\n<p style=\"text-align: center;\">Farfar: Roubaix af N\u00f8rvang (sort)<\/p>\n<p style=\"text-align: center;\">Farmor: Tinne (dun)<\/p>\n<p style=\"text-align: center;\">Mor: Stjernernens Enjoy (sortbroget)<\/p>\n<p style=\"text-align: center;\">Morfar: Stjernens Opus (sort)<\/p>\n<p style=\"text-align: center;\">Mormor: Eldientje v.d. pinkster (sortbroget)<\/p>\n<p style=\"text-align: center;\">D. 17\/6-2014 m\u00e5tte vi desv\u00e6rre tage afsked med sk\u00f8nne Evita. Jeg v\u00e5gnede op omkring 2.45 om natten og f\u00f8lte<\/p>\n<p style=\"text-align: center;\">at jeg m\u00e5tte tjekke til hende. Da jeg kom p\u00e5 folden, var hun igang med foling og desv\u00e6rre var det kun f\u00f8llets hoved,<\/p>\n<p style=\"text-align: center;\">der var kommet ud. Jeg fors\u00f8gte at f\u00e5 fat i forbenene, men desv\u00e6rre ikke muligt. Jeg fik derfor hurtigt v\u00e6kket Mads, som<\/p>\n<p style=\"text-align: center;\">ogs\u00e5 hurtigt sagde, at han heller ikke kunne f\u00e5 fat i dem. Dyrl\u00e6gen blev derfor hurtigt kontaktet. Imens vi ventede fors\u00f8gte<\/p>\n<p style=\"text-align: center;\">vi forg\u00e6ves at f\u00f8llet ud. Jeg kunne f\u00e5 fat om det ene forben, men det var som kilet fast i hendes b\u00e6kken. Inden dyrl\u00e6gen kom<\/p>\n<p style=\"text-align: center;\">havde hun meget sv\u00e6rt ved at st\u00e5 p\u00e5 hendes bagben. Vi s\u00e5 det derfor ikke som en mulighed at sk\u00e6re f\u00f8llet fri og valgte at<\/p>\n<p style=\"text-align: center;\">aflive hende, da dyrl\u00e6gen heller ikke kunne f\u00e5 hendes hoved ind i b\u00f8ren, s\u00e5 hun kunne vendes.<\/p>\n<p style=\"text-align: center;\">Hvil i fred min smukke pige. Du vil aldrig blive glemt!<\/p>\n<p style=\"text-align: center;\"><img loading=\"lazy\" decoding=\"async\" class=\"alignnone size-full wp-image-3927\" src=\"http:\/\/stald-hauge.dk\/wp-content\/uploads\/2025\/01\/Evita10.jpg\" alt=\"\" width=\"400\" height=\"266\" srcset=\"http:\/\/stald-hauge.dk\/wp-content\/uploads\/2025\/01\/Evita10.jpg 400w, http:\/\/stald-hauge.dk\/wp-content\/uploads\/2025\/01\/Evita10-300x200.jpg 300w\" sizes=\"auto, (max-width: 400px) 100vw, 400px\" \/> <img loading=\"lazy\" decoding=\"async\" class=\"alignnone size-full wp-image-3928\" src=\"http:\/\/stald-hauge.dk\/wp-content\/uploads\/2025\/01\/Evita11.jpg\" alt=\"\" width=\"400\" height=\"266\" srcset=\"http:\/\/stald-hauge.dk\/wp-content\/uploads\/2025\/01\/Evita11.jpg 400w, http:\/\/stald-hauge.dk\/wp-content\/uploads\/2025\/01\/Evita11-300x200.jpg 300w\" sizes=\"auto, (max-width: 400px) 100vw, 400px\" \/> <img loading=\"lazy\" decoding=\"async\" class=\"alignnone size-full wp-image-3925\" src=\"http:\/\/stald-hauge.dk\/wp-content\/uploads\/2025\/01\/Evita7.jpg\" alt=\"\" width=\"300\" height=\"200\" \/> <img loading=\"lazy\" decoding=\"async\" class=\"alignnone size-full wp-image-3924\" src=\"http:\/\/stald-hauge.dk\/wp-content\/uploads\/2025\/01\/Evita6.jpg\" alt=\"\" width=\"300\" height=\"190\" \/> <img loading=\"lazy\" decoding=\"async\" class=\"alignnone size-full wp-image-3923\" src=\"http:\/\/stald-hauge.dk\/wp-content\/uploads\/2025\/01\/Evita5.jpg\" alt=\"\" width=\"600\" height=\"398\" srcset=\"http:\/\/stald-hauge.dk\/wp-content\/uploads\/2025\/01\/Evita5.jpg 600w, http:\/\/stald-hauge.dk\/wp-content\/uploads\/2025\/01\/Evita5-300x199.jpg 300w\" sizes=\"auto, (max-width: 600px) 100vw, 600px\" \/> <img loading=\"lazy\" decoding=\"async\" class=\"alignnone size-full wp-image-3922\" src=\"http:\/\/stald-hauge.dk\/wp-content\/uploads\/2025\/01\/Evita4.jpg\" alt=\"\" width=\"600\" height=\"400\" srcset=\"http:\/\/stald-hauge.dk\/wp-content\/uploads\/2025\/01\/Evita4.jpg 600w, http:\/\/stald-hauge.dk\/wp-content\/uploads\/2025\/01\/Evita4-300x200.jpg 300w\" sizes=\"auto, (max-width: 600px) 100vw, 600px\" \/> <img loading=\"lazy\" decoding=\"async\" class=\"alignnone size-full wp-image-3926\" src=\"http:\/\/stald-hauge.dk\/wp-content\/uploads\/2025\/01\/Evita8.jpg\" alt=\"\" width=\"300\" height=\"203\" \/> <img loading=\"lazy\" decoding=\"async\" class=\"alignnone size-full wp-image-3921\" src=\"http:\/\/stald-hauge.dk\/wp-content\/uploads\/2025\/01\/Evita3.jpg\" alt=\"\" width=\"600\" height=\"400\" srcset=\"http:\/\/stald-hauge.dk\/wp-content\/uploads\/2025\/01\/Evita3.jpg 600w, http:\/\/stald-hauge.dk\/wp-content\/uploads\/2025\/01\/Evita3-300x200.jpg 300w\" sizes=\"auto, (max-width: 600px) 100vw, 600px\" \/> <img loading=\"lazy\" decoding=\"async\" class=\"alignnone size-large wp-image-3918\" src=\"http:\/\/stald-hauge.dk\/wp-content\/uploads\/2025\/01\/Evita-700x466.jpg\" alt=\"\" width=\"640\" height=\"426\" srcset=\"http:\/\/stald-hauge.dk\/wp-content\/uploads\/2025\/01\/Evita-700x466.jpg 700w, http:\/\/stald-hauge.dk\/wp-content\/uploads\/2025\/01\/Evita-300x200.jpg 300w, http:\/\/stald-hauge.dk\/wp-content\/uploads\/2025\/01\/Evita.jpg 768w\" sizes=\"auto, (max-width: 640px) 100vw, 640px\" \/> <img loading=\"lazy\" decoding=\"async\" class=\"alignnone size-full wp-image-3919\" src=\"http:\/\/stald-hauge.dk\/wp-content\/uploads\/2025\/01\/Evita1.jpg\" alt=\"\" width=\"300\" height=\"200\" \/><\/p>\n<p style=\"text-align: center;\"><img loading=\"lazy\" decoding=\"async\" class=\"alignnone size-large wp-image-3920\" src=\"http:\/\/stald-hauge.dk\/wp-content\/uploads\/2025\/01\/Evita2-700x502.jpg\" alt=\"\" width=\"640\" height=\"459\" srcset=\"http:\/\/stald-hauge.dk\/wp-content\/uploads\/2025\/01\/Evita2-700x502.jpg 700w, http:\/\/stald-hauge.dk\/wp-content\/uploads\/2025\/01\/Evita2-300x215.jpg 300w, http:\/\/stald-hauge.dk\/wp-content\/uploads\/2025\/01\/Evita2-768x551.jpg 768w, http:\/\/stald-hauge.dk\/wp-content\/uploads\/2025\/01\/Evita2.jpg 1360w\" sizes=\"auto, (max-width: 640px) 100vw, 640px\" \/><\/p>\n","protected":false},"excerpt":{"rendered":"<p>Winthers Evita F\u00f8dt: 22. maj 2009 K\u00f8n: Hoppe Forv. stg. 98-100 cm Farve: Grulla Far: Mosb\u00e6kmindes Thor (grulla) Farfar: Roubaix af N\u00f8rvang (sort) Farmor: Tinne (dun) Mor: Stjernernens Enjoy (sortbroget) Morfar: Stjernens Opus (sort) Mormor: Eldientje v.d. pinkster (sortbroget) D. &hellip; <a href=\"http:\/\/stald-hauge.dk\/index.php\/heste\/tidligere-heste\/winters-evita\/\">L\u00e6s resten <span class=\"meta-nav\">&rarr;<\/span><\/a><\/p>\n","protected":false},"author":1,"featured_media":0,"parent":771,"menu_order":0,"comment_status":"closed","ping_status":"closed","template":"onecolumn-page.php","meta":{"footnotes":""},"class_list":["post-1056","page","type-page","status-publish","hentry"],"yoast_head":"<!-- This site is optimized with the Yoast SEO plugin v25.3.1 - https:\/\/yoast.com\/wordpress\/plugins\/seo\/ -->\n<title>Winters Evita - Stald Hauge<\/title>\n<meta name=\"robots\" content=\"index, follow, max-snippet:-1, max-image-preview:large, max-video-preview:-1\" \/>\n<link rel=\"canonical\" href=\"https:\/\/stald-hauge.dk\/index.php\/heste\/tidligere-heste\/winters-evita\/\" \/>\n<meta property=\"og:locale\" content=\"da_DK\" \/>\n<meta property=\"og:type\" content=\"article\" \/>\n<meta property=\"og:title\" content=\"Winters Evita - Stald Hauge\" \/>\n<meta property=\"og:description\" content=\"Winthers Evita F\u00f8dt: 22. maj 2009 K\u00f8n: Hoppe Forv. stg. 98-100 cm Farve: Grulla Far: Mosb\u00e6kmindes Thor (grulla) Farfar: Roubaix af N\u00f8rvang (sort) Farmor: Tinne (dun) Mor: Stjernernens Enjoy (sortbroget) Morfar: Stjernens Opus (sort) Mormor: Eldientje v.d. pinkster (sortbroget) D. &hellip; L\u00e6s resten &rarr;\" \/>\n<meta property=\"og:url\" content=\"https:\/\/stald-hauge.dk\/index.php\/heste\/tidligere-heste\/winters-evita\/\" \/>\n<meta property=\"og:site_name\" content=\"Stald Hauge\" \/>\n<meta property=\"article:publisher\" content=\"https:\/\/www.facebook.com\/lisehauge\/\" \/>\n<meta property=\"article:modified_time\" content=\"2025-01-02T19:49:25+00:00\" \/>\n<meta property=\"og:image\" content=\"http:\/\/stald-hauge.dk\/wp-content\/uploads\/2025\/01\/Evita12-700x546.jpg\" \/>\n<meta name=\"twitter:card\" content=\"summary_large_image\" \/>\n<meta name=\"twitter:label1\" content=\"Estimeret l\u00e6setid\" \/>\n\t<meta name=\"twitter:data1\" content=\"1 minut\" \/>\n<script type=\"application\/ld+json\" class=\"yoast-schema-graph\">{\"@context\":\"https:\/\/schema.org\",\"@graph\":[{\"@type\":\"WebPage\",\"@id\":\"https:\/\/stald-hauge.dk\/index.php\/heste\/tidligere-heste\/winters-evita\/\",\"url\":\"https:\/\/stald-hauge.dk\/index.php\/heste\/tidligere-heste\/winters-evita\/\",\"name\":\"Winters Evita - Stald Hauge\",\"isPartOf\":{\"@id\":\"https:\/\/stald-hauge.dk\/#website\"},\"primaryImageOfPage\":{\"@id\":\"https:\/\/stald-hauge.dk\/index.php\/heste\/tidligere-heste\/winters-evita\/#primaryimage\"},\"image\":{\"@id\":\"https:\/\/stald-hauge.dk\/index.php\/heste\/tidligere-heste\/winters-evita\/#primaryimage\"},\"thumbnailUrl\":\"http:\/\/stald-hauge.dk\/wp-content\/uploads\/2025\/01\/Evita12-700x546.jpg\",\"datePublished\":\"2024-08-19T19:26:40+00:00\",\"dateModified\":\"2025-01-02T19:49:25+00:00\",\"breadcrumb\":{\"@id\":\"https:\/\/stald-hauge.dk\/index.php\/heste\/tidligere-heste\/winters-evita\/#breadcrumb\"},\"inLanguage\":\"da-DK\",\"potentialAction\":[{\"@type\":\"ReadAction\",\"target\":[\"https:\/\/stald-hauge.dk\/index.php\/heste\/tidligere-heste\/winters-evita\/\"]}]},{\"@type\":\"ImageObject\",\"inLanguage\":\"da-DK\",\"@id\":\"https:\/\/stald-hauge.dk\/index.php\/heste\/tidligere-heste\/winters-evita\/#primaryimage\",\"url\":\"http:\/\/stald-hauge.dk\/wp-content\/uploads\/2025\/01\/Evita12.jpg\",\"contentUrl\":\"http:\/\/stald-hauge.dk\/wp-content\/uploads\/2025\/01\/Evita12.jpg\",\"width\":728,\"height\":568},{\"@type\":\"BreadcrumbList\",\"@id\":\"https:\/\/stald-hauge.dk\/index.php\/heste\/tidligere-heste\/winters-evita\/#breadcrumb\",\"itemListElement\":[{\"@type\":\"ListItem\",\"position\":1,\"name\":\"Hjem\",\"item\":\"https:\/\/stald-hauge.dk\/\"},{\"@type\":\"ListItem\",\"position\":2,\"name\":\"Heste\",\"item\":\"http:\/\/stald-hauge.dk\/index.php\/heste\/\"},{\"@type\":\"ListItem\",\"position\":3,\"name\":\"Tidligere heste\",\"item\":\"http:\/\/stald-hauge.dk\/index.php\/heste\/tidligere-heste\/\"},{\"@type\":\"ListItem\",\"position\":4,\"name\":\"Winters Evita\"}]},{\"@type\":\"WebSite\",\"@id\":\"https:\/\/stald-hauge.dk\/#website\",\"url\":\"https:\/\/stald-hauge.dk\/\",\"name\":\"Stald Hauge\",\"description\":\"v\/Lise Hauge S\u00f8rensen\",\"publisher\":{\"@id\":\"https:\/\/stald-hauge.dk\/#\/schema\/person\/5e9342de63bcc5037d653908c024bc01\"},\"potentialAction\":[{\"@type\":\"SearchAction\",\"target\":{\"@type\":\"EntryPoint\",\"urlTemplate\":\"https:\/\/stald-hauge.dk\/?s={search_term_string}\"},\"query-input\":{\"@type\":\"PropertyValueSpecification\",\"valueRequired\":true,\"valueName\":\"search_term_string\"}}],\"inLanguage\":\"da-DK\"},{\"@type\":[\"Person\",\"Organization\"],\"@id\":\"https:\/\/stald-hauge.dk\/#\/schema\/person\/5e9342de63bcc5037d653908c024bc01\",\"name\":\"admin\",\"image\":{\"@type\":\"ImageObject\",\"inLanguage\":\"da-DK\",\"@id\":\"https:\/\/stald-hauge.dk\/#\/schema\/person\/image\/\",\"url\":\"https:\/\/secure.gravatar.com\/avatar\/cb52025513d5b4d5bf079f09f5aae21c223852877c5a747e37ab431711bb309d?s=96&d=mm&r=g\",\"contentUrl\":\"https:\/\/secure.gravatar.com\/avatar\/cb52025513d5b4d5bf079f09f5aae21c223852877c5a747e37ab431711bb309d?s=96&d=mm&r=g\",\"caption\":\"admin\"},\"logo\":{\"@id\":\"https:\/\/stald-hauge.dk\/#\/schema\/person\/image\/\"},\"sameAs\":[\"http:\/\/stald-hauge.dk\",\"https:\/\/www.facebook.com\/lisehauge\/\"]}]}<\/script>\n<!-- \/ Yoast SEO plugin. -->","yoast_head_json":{"title":"Winters Evita - Stald Hauge","robots":{"index":"index","follow":"follow","max-snippet":"max-snippet:-1","max-image-preview":"max-image-preview:large","max-video-preview":"max-video-preview:-1"},"canonical":"https:\/\/stald-hauge.dk\/index.php\/heste\/tidligere-heste\/winters-evita\/","og_locale":"da_DK","og_type":"article","og_title":"Winters Evita - Stald Hauge","og_description":"Winthers Evita F\u00f8dt: 22. maj 2009 K\u00f8n: Hoppe Forv. stg. 98-100 cm Farve: Grulla Far: Mosb\u00e6kmindes Thor (grulla) Farfar: Roubaix af N\u00f8rvang (sort) Farmor: Tinne (dun) Mor: Stjernernens Enjoy (sortbroget) Morfar: Stjernens Opus (sort) Mormor: Eldientje v.d. pinkster (sortbroget) D. &hellip; L\u00e6s resten &rarr;","og_url":"https:\/\/stald-hauge.dk\/index.php\/heste\/tidligere-heste\/winters-evita\/","og_site_name":"Stald Hauge","article_publisher":"https:\/\/www.facebook.com\/lisehauge\/","article_modified_time":"2025-01-02T19:49:25+00:00","og_image":[{"url":"http:\/\/stald-hauge.dk\/wp-content\/uploads\/2025\/01\/Evita12-700x546.jpg","type":"","width":"","height":""}],"twitter_card":"summary_large_image","twitter_misc":{"Estimeret l\u00e6setid":"1 minut"},"schema":{"@context":"https:\/\/schema.org","@graph":[{"@type":"WebPage","@id":"https:\/\/stald-hauge.dk\/index.php\/heste\/tidligere-heste\/winters-evita\/","url":"https:\/\/stald-hauge.dk\/index.php\/heste\/tidligere-heste\/winters-evita\/","name":"Winters Evita - Stald Hauge","isPartOf":{"@id":"https:\/\/stald-hauge.dk\/#website"},"primaryImageOfPage":{"@id":"https:\/\/stald-hauge.dk\/index.php\/heste\/tidligere-heste\/winters-evita\/#primaryimage"},"image":{"@id":"https:\/\/stald-hauge.dk\/index.php\/heste\/tidligere-heste\/winters-evita\/#primaryimage"},"thumbnailUrl":"http:\/\/stald-hauge.dk\/wp-content\/uploads\/2025\/01\/Evita12-700x546.jpg","datePublished":"2024-08-19T19:26:40+00:00","dateModified":"2025-01-02T19:49:25+00:00","breadcrumb":{"@id":"https:\/\/stald-hauge.dk\/index.php\/heste\/tidligere-heste\/winters-evita\/#breadcrumb"},"inLanguage":"da-DK","potentialAction":[{"@type":"ReadAction","target":["https:\/\/stald-hauge.dk\/index.php\/heste\/tidligere-heste\/winters-evita\/"]}]},{"@type":"ImageObject","inLanguage":"da-DK","@id":"https:\/\/stald-hauge.dk\/index.php\/heste\/tidligere-heste\/winters-evita\/#primaryimage","url":"http:\/\/stald-hauge.dk\/wp-content\/uploads\/2025\/01\/Evita12.jpg","contentUrl":"http:\/\/stald-hauge.dk\/wp-content\/uploads\/2025\/01\/Evita12.jpg","width":728,"height":568},{"@type":"BreadcrumbList","@id":"https:\/\/stald-hauge.dk\/index.php\/heste\/tidligere-heste\/winters-evita\/#breadcrumb","itemListElement":[{"@type":"ListItem","position":1,"name":"Hjem","item":"https:\/\/stald-hauge.dk\/"},{"@type":"ListItem","position":2,"name":"Heste","item":"http:\/\/stald-hauge.dk\/index.php\/heste\/"},{"@type":"ListItem","position":3,"name":"Tidligere heste","item":"http:\/\/stald-hauge.dk\/index.php\/heste\/tidligere-heste\/"},{"@type":"ListItem","position":4,"name":"Winters Evita"}]},{"@type":"WebSite","@id":"https:\/\/stald-hauge.dk\/#website","url":"https:\/\/stald-hauge.dk\/","name":"Stald Hauge","description":"v\/Lise Hauge S\u00f8rensen","publisher":{"@id":"https:\/\/stald-hauge.dk\/#\/schema\/person\/5e9342de63bcc5037d653908c024bc01"},"potentialAction":[{"@type":"SearchAction","target":{"@type":"EntryPoint","urlTemplate":"https:\/\/stald-hauge.dk\/?s={search_term_string}"},"query-input":{"@type":"PropertyValueSpecification","valueRequired":true,"valueName":"search_term_string"}}],"inLanguage":"da-DK"},{"@type":["Person","Organization"],"@id":"https:\/\/stald-hauge.dk\/#\/schema\/person\/5e9342de63bcc5037d653908c024bc01","name":"admin","image":{"@type":"ImageObject","inLanguage":"da-DK","@id":"https:\/\/stald-hauge.dk\/#\/schema\/person\/image\/","url":"https:\/\/secure.gravatar.com\/avatar\/cb52025513d5b4d5bf079f09f5aae21c223852877c5a747e37ab431711bb309d?s=96&d=mm&r=g","contentUrl":"https:\/\/secure.gravatar.com\/avatar\/cb52025513d5b4d5bf079f09f5aae21c223852877c5a747e37ab431711bb309d?s=96&d=mm&r=g","caption":"admin"},"logo":{"@id":"https:\/\/stald-hauge.dk\/#\/schema\/person\/image\/"},"sameAs":["http:\/\/stald-hauge.dk","https:\/\/www.facebook.com\/lisehauge\/"]}]}},"_links":{"self":[{"href":"http:\/\/stald-hauge.dk\/index.php\/wp-json\/wp\/v2\/pages\/1056","targetHints":{"allow":["GET"]}}],"collection":[{"href":"http:\/\/stald-hauge.dk\/index.php\/wp-json\/wp\/v2\/pages"}],"about":[{"href":"http:\/\/stald-hauge.dk\/index.php\/wp-json\/wp\/v2\/types\/page"}],"author":[{"embeddable":true,"href":"http:\/\/stald-hauge.dk\/index.php\/wp-json\/wp\/v2\/users\/1"}],"replies":[{"embeddable":true,"href":"http:\/\/stald-hauge.dk\/index.php\/wp-json\/wp\/v2\/comments?post=1056"}],"version-history":[{"count":2,"href":"http:\/\/stald-hauge.dk\/index.php\/wp-json\/wp\/v2\/pages\/1056\/revisions"}],"predecessor-version":[{"id":4939,"href":"http:\/\/stald-hauge.dk\/index.php\/wp-json\/wp\/v2\/pages\/1056\/revisions\/4939"}],"up":[{"embeddable":true,"href":"http:\/\/stald-hauge.dk\/index.php\/wp-json\/wp\/v2\/pages\/771"}],"wp:attachment":[{"href":"http:\/\/stald-hauge.dk\/index.php\/wp-json\/wp\/v2\/media?parent=1056"}],"curies":[{"name":"wp","href":"https:\/\/api.w.org\/{rel}","templated":true}]}}