{"id":134,"date":"2024-08-14T18:50:14","date_gmt":"2024-08-14T18:50:14","guid":{"rendered":"https:\/\/stald-hauge.dk\/?page_id=134"},"modified":"2025-01-01T18:57:49","modified_gmt":"2025-01-01T18:57:49","slug":"2015-hauges-trouble-maker","status":"publish","type":"page","link":"http:\/\/stald-hauge.dk\/index.php\/heste\/foel\/2015-hauges-trouble-maker\/","title":{"rendered":"2015 &#8211; Hauge\u00b4s Trouble Maker"},"content":{"rendered":"<p style=\"text-align: center;\"><strong>Hauge\u00b4s Trouble Maker<\/strong><\/p>\n<p style=\"text-align: center;\"><img loading=\"lazy\" decoding=\"async\" class=\"alignnone size-large wp-image-3254\" src=\"http:\/\/stald-hauge.dk\/wp-content\/uploads\/2024\/12\/Trouble-700x466.jpg\" alt=\"\" width=\"640\" height=\"426\" srcset=\"http:\/\/stald-hauge.dk\/wp-content\/uploads\/2024\/12\/Trouble-700x466.jpg 700w, http:\/\/stald-hauge.dk\/wp-content\/uploads\/2024\/12\/Trouble-300x200.jpg 300w, http:\/\/stald-hauge.dk\/wp-content\/uploads\/2024\/12\/Trouble.jpg 768w\" sizes=\"auto, (max-width: 640px) 100vw, 640px\" \/><\/p>\n<p style=\"text-align: center;\">F\u00f8dt: 17.04.2015 kl. 02.50<\/p>\n<p style=\"text-align: center;\">Farve: sortbroget. Negativ for creme p\u00e5 farvetest.<\/p>\n<p style=\"text-align: center;\">PSSM1: Negativ<\/p>\n<p style=\"text-align: center;\">Mor: Hjortholms Tiffany<\/p>\n<p style=\"text-align: center;\">Far: Coates Teddy Boy<\/p>\n<p style=\"text-align: center;\">Trouble Maker har f\u00e5et sit navn, da han fik sin debut p\u00e5 folden med at rende igennem hegnet,<\/p>\n<p style=\"text-align: center;\">kom over p\u00e5 den anden side af den lille b\u00e6k langs folden. Efterf\u00f8lgende m\u00e5tte jeg kante ham igennem<\/p>\n<p style=\"text-align: center;\">to hegnstr\u00e5de, et bromb\u00e6rkrat, over en bro og igennem vores have, f\u00f8r han igen kunne komme \u00a0om<\/p>\n<p style=\"text-align: center;\">til han mor. Tiffany var meget urolig og havde ikke tid til at vente p\u00e5, at jeg fik \u00e5bnet begge hegnsled,<\/p>\n<p style=\"text-align: center;\">s\u00e5 l\u00f8b igennem den \u00f8verste tr\u00e5d for at komme hen til hendes f\u00f8l. Efterf\u00f8lgende hed det retur p\u00e5 boks igen.<\/p>\n<p style=\"text-align: center;\">Han har v\u00e6ret ude med Tiffany igen om eftermiddagen, men med Tiffany i tov og langt fra hegn! \ud83d\ude42<\/p>\n<p style=\"text-align: center;\"><img loading=\"lazy\" decoding=\"async\" class=\"alignnone size-full wp-image-3255\" src=\"http:\/\/stald-hauge.dk\/wp-content\/uploads\/2024\/12\/Trouble1.jpg\" alt=\"\" width=\"300\" height=\"200\" \/> <img loading=\"lazy\" decoding=\"async\" class=\"alignnone size-full wp-image-3256\" src=\"http:\/\/stald-hauge.dk\/wp-content\/uploads\/2024\/12\/Trouble2.jpg\" alt=\"\" width=\"300\" height=\"200\" \/> <img loading=\"lazy\" decoding=\"async\" class=\"alignnone size-full wp-image-3257\" src=\"http:\/\/stald-hauge.dk\/wp-content\/uploads\/2024\/12\/Trouble3.jpg\" alt=\"\" width=\"300\" height=\"200\" \/> <img loading=\"lazy\" decoding=\"async\" class=\"alignnone size-full wp-image-3258\" src=\"http:\/\/stald-hauge.dk\/wp-content\/uploads\/2024\/12\/Trouble4.jpg\" alt=\"\" width=\"300\" height=\"200\" \/> <img loading=\"lazy\" decoding=\"async\" class=\"alignnone size-full wp-image-3259\" src=\"http:\/\/stald-hauge.dk\/wp-content\/uploads\/2024\/12\/Trouble5.jpg\" alt=\"\" width=\"300\" height=\"200\" \/> <img loading=\"lazy\" decoding=\"async\" class=\"alignnone size-full wp-image-3260\" src=\"http:\/\/stald-hauge.dk\/wp-content\/uploads\/2024\/12\/Trouble6.jpg\" alt=\"\" width=\"300\" height=\"200\" \/> <img loading=\"lazy\" decoding=\"async\" class=\"alignnone size-full wp-image-3261\" src=\"http:\/\/stald-hauge.dk\/wp-content\/uploads\/2024\/12\/Trouble7.jpg\" alt=\"\" width=\"300\" height=\"200\" \/> <img loading=\"lazy\" decoding=\"async\" class=\"alignnone size-full wp-image-3262\" src=\"http:\/\/stald-hauge.dk\/wp-content\/uploads\/2024\/12\/Trouble8.jpg\" alt=\"\" width=\"300\" height=\"200\" \/> <img loading=\"lazy\" decoding=\"async\" class=\"alignnone size-full wp-image-3263\" src=\"http:\/\/stald-hauge.dk\/wp-content\/uploads\/2024\/12\/Trouble9.jpg\" alt=\"\" width=\"300\" height=\"200\" \/> <img loading=\"lazy\" decoding=\"async\" class=\"alignnone size-full wp-image-3264\" src=\"http:\/\/stald-hauge.dk\/wp-content\/uploads\/2024\/12\/Trouble10.jpg\" alt=\"\" width=\"300\" height=\"200\" \/> <img loading=\"lazy\" decoding=\"async\" class=\"alignnone size-full wp-image-3265\" src=\"http:\/\/stald-hauge.dk\/wp-content\/uploads\/2024\/12\/Trouble11.jpg\" alt=\"\" width=\"300\" height=\"200\" \/> <img loading=\"lazy\" decoding=\"async\" class=\"alignnone size-full wp-image-3266\" src=\"http:\/\/stald-hauge.dk\/wp-content\/uploads\/2024\/12\/Trouble12.jpg\" alt=\"\" width=\"300\" height=\"200\" \/> <img loading=\"lazy\" decoding=\"async\" class=\"alignnone size-full wp-image-3267\" src=\"http:\/\/stald-hauge.dk\/wp-content\/uploads\/2024\/12\/Trouble13.jpg\" alt=\"\" width=\"300\" height=\"200\" \/> <img loading=\"lazy\" decoding=\"async\" class=\"alignnone size-full wp-image-3271\" src=\"http:\/\/stald-hauge.dk\/wp-content\/uploads\/2024\/12\/Trouble17.jpg\" alt=\"\" width=\"300\" height=\"200\" \/> <img loading=\"lazy\" decoding=\"async\" class=\"alignnone size-full wp-image-3268\" src=\"http:\/\/stald-hauge.dk\/wp-content\/uploads\/2024\/12\/Trouble14.jpg\" alt=\"\" width=\"300\" height=\"200\" \/> <img loading=\"lazy\" decoding=\"async\" class=\"alignnone size-full wp-image-3269\" src=\"http:\/\/stald-hauge.dk\/wp-content\/uploads\/2024\/12\/Trouble15.jpg\" alt=\"\" width=\"300\" height=\"200\" \/> <img loading=\"lazy\" decoding=\"async\" class=\"alignnone size-full wp-image-3270\" src=\"http:\/\/stald-hauge.dk\/wp-content\/uploads\/2024\/12\/Trouble16.jpg\" alt=\"\" width=\"300\" height=\"200\" \/><\/p>\n<p style=\"text-align: center;\"><img loading=\"lazy\" decoding=\"async\" class=\"alignnone size-large wp-image-3534\" src=\"http:\/\/stald-hauge.dk\/wp-content\/uploads\/2024\/12\/IMG_7953-698x700.jpeg\" alt=\"\" width=\"640\" height=\"642\" srcset=\"http:\/\/stald-hauge.dk\/wp-content\/uploads\/2024\/12\/IMG_7953-698x700.jpeg 698w, http:\/\/stald-hauge.dk\/wp-content\/uploads\/2024\/12\/IMG_7953-300x300.jpeg 300w, http:\/\/stald-hauge.dk\/wp-content\/uploads\/2024\/12\/IMG_7953-150x150.jpeg 150w, http:\/\/stald-hauge.dk\/wp-content\/uploads\/2024\/12\/IMG_7953-768x770.jpeg 768w, http:\/\/stald-hauge.dk\/wp-content\/uploads\/2024\/12\/IMG_7953.jpeg 957w\" sizes=\"auto, (max-width: 640px) 100vw, 640px\" \/> <img loading=\"lazy\" decoding=\"async\" class=\"alignnone size-large wp-image-3533\" src=\"http:\/\/stald-hauge.dk\/wp-content\/uploads\/2024\/12\/IMG_7954-525x700.jpeg\" alt=\"\" width=\"525\" height=\"700\" srcset=\"http:\/\/stald-hauge.dk\/wp-content\/uploads\/2024\/12\/IMG_7954-525x700.jpeg 525w, http:\/\/stald-hauge.dk\/wp-content\/uploads\/2024\/12\/IMG_7954-225x300.jpeg 225w, http:\/\/stald-hauge.dk\/wp-content\/uploads\/2024\/12\/IMG_7954.jpeg 720w\" sizes=\"auto, (max-width: 525px) 100vw, 525px\" \/><\/p>\n<p style=\"text-align: center;\">Far: Coates Teddy Boy<\/p>\n<p style=\"text-align: center;\"><img loading=\"lazy\" decoding=\"async\" class=\"alignnone size-full wp-image-3250\" src=\"http:\/\/stald-hauge.dk\/wp-content\/uploads\/2024\/12\/Teddy3.jpg\" alt=\"\" width=\"300\" height=\"201\" \/> <img loading=\"lazy\" decoding=\"async\" class=\"alignnone size-full wp-image-3249\" src=\"http:\/\/stald-hauge.dk\/wp-content\/uploads\/2024\/12\/Teddy2.jpg\" alt=\"\" width=\"300\" height=\"200\" \/> <img loading=\"lazy\" decoding=\"async\" class=\"alignnone size-full wp-image-3248\" src=\"http:\/\/stald-hauge.dk\/wp-content\/uploads\/2024\/12\/Teddy1.jpg\" alt=\"\" width=\"300\" height=\"200\" \/> <img loading=\"lazy\" decoding=\"async\" class=\"alignnone size-full wp-image-3247\" src=\"http:\/\/stald-hauge.dk\/wp-content\/uploads\/2024\/12\/Teddy.jpg\" alt=\"\" width=\"300\" height=\"201\" \/><\/p>\n<p style=\"text-align: center;\">\n","protected":false},"excerpt":{"rendered":"<p>Hauge\u00b4s Trouble Maker F\u00f8dt: 17.04.2015 kl. 02.50 Farve: sortbroget. Negativ for creme p\u00e5 farvetest. PSSM1: Negativ Mor: Hjortholms Tiffany Far: Coates Teddy Boy Trouble Maker har f\u00e5et sit navn, da han fik sin debut p\u00e5 folden med at rende igennem &hellip; <a href=\"http:\/\/stald-hauge.dk\/index.php\/heste\/foel\/2015-hauges-trouble-maker\/\">L\u00e6s resten <span class=\"meta-nav\">&rarr;<\/span><\/a><\/p>\n","protected":false},"author":1,"featured_media":0,"parent":102,"menu_order":0,"comment_status":"closed","ping_status":"closed","template":"onecolumn-page.php","meta":{"footnotes":""},"class_list":["post-134","page","type-page","status-publish","hentry"],"yoast_head":"<!-- This site is optimized with the Yoast SEO plugin v25.3.1 - https:\/\/yoast.com\/wordpress\/plugins\/seo\/ -->\n<title>2015 - Hauge\u00b4s Trouble Maker - Stald Hauge<\/title>\n<meta name=\"robots\" content=\"index, follow, max-snippet:-1, max-image-preview:large, max-video-preview:-1\" \/>\n<link rel=\"canonical\" href=\"http:\/\/stald-hauge.dk\/index.php\/heste\/foel\/2015-hauges-trouble-maker\/\" \/>\n<meta property=\"og:locale\" content=\"da_DK\" \/>\n<meta property=\"og:type\" content=\"article\" \/>\n<meta property=\"og:title\" content=\"2015 - Hauge\u00b4s Trouble Maker - Stald Hauge\" \/>\n<meta property=\"og:description\" content=\"Hauge\u00b4s Trouble Maker F\u00f8dt: 17.04.2015 kl. 02.50 Farve: sortbroget. Negativ for creme p\u00e5 farvetest. PSSM1: Negativ Mor: Hjortholms Tiffany Far: Coates Teddy Boy Trouble Maker har f\u00e5et sit navn, da han fik sin debut p\u00e5 folden med at rende igennem &hellip; L\u00e6s resten &rarr;\" \/>\n<meta property=\"og:url\" content=\"http:\/\/stald-hauge.dk\/index.php\/heste\/foel\/2015-hauges-trouble-maker\/\" \/>\n<meta property=\"og:site_name\" content=\"Stald Hauge\" \/>\n<meta property=\"article:publisher\" content=\"https:\/\/www.facebook.com\/lisehauge\/\" \/>\n<meta property=\"article:modified_time\" content=\"2025-01-01T18:57:49+00:00\" \/>\n<meta property=\"og:image\" content=\"http:\/\/stald-hauge.dk\/wp-content\/uploads\/2024\/12\/Trouble-700x466.jpg\" \/>\n<meta name=\"twitter:card\" content=\"summary_large_image\" \/>\n<meta name=\"twitter:label1\" content=\"Estimeret l\u00e6setid\" \/>\n\t<meta name=\"twitter:data1\" content=\"1 minut\" \/>\n<script type=\"application\/ld+json\" class=\"yoast-schema-graph\">{\"@context\":\"https:\/\/schema.org\",\"@graph\":[{\"@type\":\"WebPage\",\"@id\":\"http:\/\/stald-hauge.dk\/index.php\/heste\/foel\/2015-hauges-trouble-maker\/\",\"url\":\"http:\/\/stald-hauge.dk\/index.php\/heste\/foel\/2015-hauges-trouble-maker\/\",\"name\":\"2015 - Hauge\u00b4s Trouble Maker - Stald Hauge\",\"isPartOf\":{\"@id\":\"https:\/\/stald-hauge.dk\/#website\"},\"primaryImageOfPage\":{\"@id\":\"http:\/\/stald-hauge.dk\/index.php\/heste\/foel\/2015-hauges-trouble-maker\/#primaryimage\"},\"image\":{\"@id\":\"http:\/\/stald-hauge.dk\/index.php\/heste\/foel\/2015-hauges-trouble-maker\/#primaryimage\"},\"thumbnailUrl\":\"http:\/\/stald-hauge.dk\/wp-content\/uploads\/2024\/12\/Trouble-700x466.jpg\",\"datePublished\":\"2024-08-14T18:50:14+00:00\",\"dateModified\":\"2025-01-01T18:57:49+00:00\",\"breadcrumb\":{\"@id\":\"http:\/\/stald-hauge.dk\/index.php\/heste\/foel\/2015-hauges-trouble-maker\/#breadcrumb\"},\"inLanguage\":\"da-DK\",\"potentialAction\":[{\"@type\":\"ReadAction\",\"target\":[\"http:\/\/stald-hauge.dk\/index.php\/heste\/foel\/2015-hauges-trouble-maker\/\"]}]},{\"@type\":\"ImageObject\",\"inLanguage\":\"da-DK\",\"@id\":\"http:\/\/stald-hauge.dk\/index.php\/heste\/foel\/2015-hauges-trouble-maker\/#primaryimage\",\"url\":\"http:\/\/stald-hauge.dk\/wp-content\/uploads\/2024\/12\/Trouble.jpg\",\"contentUrl\":\"http:\/\/stald-hauge.dk\/wp-content\/uploads\/2024\/12\/Trouble.jpg\",\"width\":768,\"height\":511},{\"@type\":\"BreadcrumbList\",\"@id\":\"http:\/\/stald-hauge.dk\/index.php\/heste\/foel\/2015-hauges-trouble-maker\/#breadcrumb\",\"itemListElement\":[{\"@type\":\"ListItem\",\"position\":1,\"name\":\"Hjem\",\"item\":\"https:\/\/stald-hauge.dk\/\"},{\"@type\":\"ListItem\",\"position\":2,\"name\":\"Heste\",\"item\":\"http:\/\/stald-hauge.dk\/index.php\/heste\/\"},{\"@type\":\"ListItem\",\"position\":3,\"name\":\"F\u00f8l\",\"item\":\"http:\/\/stald-hauge.dk\/index.php\/heste\/foel\/\"},{\"@type\":\"ListItem\",\"position\":4,\"name\":\"2015 &#8211; Hauge\u00b4s Trouble Maker\"}]},{\"@type\":\"WebSite\",\"@id\":\"https:\/\/stald-hauge.dk\/#website\",\"url\":\"https:\/\/stald-hauge.dk\/\",\"name\":\"Stald Hauge\",\"description\":\"v\/Lise Hauge S\u00f8rensen\",\"publisher\":{\"@id\":\"https:\/\/stald-hauge.dk\/#\/schema\/person\/5e9342de63bcc5037d653908c024bc01\"},\"potentialAction\":[{\"@type\":\"SearchAction\",\"target\":{\"@type\":\"EntryPoint\",\"urlTemplate\":\"https:\/\/stald-hauge.dk\/?s={search_term_string}\"},\"query-input\":{\"@type\":\"PropertyValueSpecification\",\"valueRequired\":true,\"valueName\":\"search_term_string\"}}],\"inLanguage\":\"da-DK\"},{\"@type\":[\"Person\",\"Organization\"],\"@id\":\"https:\/\/stald-hauge.dk\/#\/schema\/person\/5e9342de63bcc5037d653908c024bc01\",\"name\":\"admin\",\"image\":{\"@type\":\"ImageObject\",\"inLanguage\":\"da-DK\",\"@id\":\"https:\/\/stald-hauge.dk\/#\/schema\/person\/image\/\",\"url\":\"https:\/\/secure.gravatar.com\/avatar\/cb52025513d5b4d5bf079f09f5aae21c223852877c5a747e37ab431711bb309d?s=96&d=mm&r=g\",\"contentUrl\":\"https:\/\/secure.gravatar.com\/avatar\/cb52025513d5b4d5bf079f09f5aae21c223852877c5a747e37ab431711bb309d?s=96&d=mm&r=g\",\"caption\":\"admin\"},\"logo\":{\"@id\":\"https:\/\/stald-hauge.dk\/#\/schema\/person\/image\/\"},\"sameAs\":[\"http:\/\/stald-hauge.dk\",\"https:\/\/www.facebook.com\/lisehauge\/\"]}]}<\/script>\n<!-- \/ Yoast SEO plugin. -->","yoast_head_json":{"title":"2015 - Hauge\u00b4s Trouble Maker - Stald Hauge","robots":{"index":"index","follow":"follow","max-snippet":"max-snippet:-1","max-image-preview":"max-image-preview:large","max-video-preview":"max-video-preview:-1"},"canonical":"http:\/\/stald-hauge.dk\/index.php\/heste\/foel\/2015-hauges-trouble-maker\/","og_locale":"da_DK","og_type":"article","og_title":"2015 - Hauge\u00b4s Trouble Maker - Stald Hauge","og_description":"Hauge\u00b4s Trouble Maker F\u00f8dt: 17.04.2015 kl. 02.50 Farve: sortbroget. Negativ for creme p\u00e5 farvetest. PSSM1: Negativ Mor: Hjortholms Tiffany Far: Coates Teddy Boy Trouble Maker har f\u00e5et sit navn, da han fik sin debut p\u00e5 folden med at rende igennem &hellip; L\u00e6s resten &rarr;","og_url":"http:\/\/stald-hauge.dk\/index.php\/heste\/foel\/2015-hauges-trouble-maker\/","og_site_name":"Stald Hauge","article_publisher":"https:\/\/www.facebook.com\/lisehauge\/","article_modified_time":"2025-01-01T18:57:49+00:00","og_image":[{"url":"http:\/\/stald-hauge.dk\/wp-content\/uploads\/2024\/12\/Trouble-700x466.jpg","type":"","width":"","height":""}],"twitter_card":"summary_large_image","twitter_misc":{"Estimeret l\u00e6setid":"1 minut"},"schema":{"@context":"https:\/\/schema.org","@graph":[{"@type":"WebPage","@id":"http:\/\/stald-hauge.dk\/index.php\/heste\/foel\/2015-hauges-trouble-maker\/","url":"http:\/\/stald-hauge.dk\/index.php\/heste\/foel\/2015-hauges-trouble-maker\/","name":"2015 - Hauge\u00b4s Trouble Maker - Stald Hauge","isPartOf":{"@id":"https:\/\/stald-hauge.dk\/#website"},"primaryImageOfPage":{"@id":"http:\/\/stald-hauge.dk\/index.php\/heste\/foel\/2015-hauges-trouble-maker\/#primaryimage"},"image":{"@id":"http:\/\/stald-hauge.dk\/index.php\/heste\/foel\/2015-hauges-trouble-maker\/#primaryimage"},"thumbnailUrl":"http:\/\/stald-hauge.dk\/wp-content\/uploads\/2024\/12\/Trouble-700x466.jpg","datePublished":"2024-08-14T18:50:14+00:00","dateModified":"2025-01-01T18:57:49+00:00","breadcrumb":{"@id":"http:\/\/stald-hauge.dk\/index.php\/heste\/foel\/2015-hauges-trouble-maker\/#breadcrumb"},"inLanguage":"da-DK","potentialAction":[{"@type":"ReadAction","target":["http:\/\/stald-hauge.dk\/index.php\/heste\/foel\/2015-hauges-trouble-maker\/"]}]},{"@type":"ImageObject","inLanguage":"da-DK","@id":"http:\/\/stald-hauge.dk\/index.php\/heste\/foel\/2015-hauges-trouble-maker\/#primaryimage","url":"http:\/\/stald-hauge.dk\/wp-content\/uploads\/2024\/12\/Trouble.jpg","contentUrl":"http:\/\/stald-hauge.dk\/wp-content\/uploads\/2024\/12\/Trouble.jpg","width":768,"height":511},{"@type":"BreadcrumbList","@id":"http:\/\/stald-hauge.dk\/index.php\/heste\/foel\/2015-hauges-trouble-maker\/#breadcrumb","itemListElement":[{"@type":"ListItem","position":1,"name":"Hjem","item":"https:\/\/stald-hauge.dk\/"},{"@type":"ListItem","position":2,"name":"Heste","item":"http:\/\/stald-hauge.dk\/index.php\/heste\/"},{"@type":"ListItem","position":3,"name":"F\u00f8l","item":"http:\/\/stald-hauge.dk\/index.php\/heste\/foel\/"},{"@type":"ListItem","position":4,"name":"2015 &#8211; Hauge\u00b4s Trouble Maker"}]},{"@type":"WebSite","@id":"https:\/\/stald-hauge.dk\/#website","url":"https:\/\/stald-hauge.dk\/","name":"Stald Hauge","description":"v\/Lise Hauge S\u00f8rensen","publisher":{"@id":"https:\/\/stald-hauge.dk\/#\/schema\/person\/5e9342de63bcc5037d653908c024bc01"},"potentialAction":[{"@type":"SearchAction","target":{"@type":"EntryPoint","urlTemplate":"https:\/\/stald-hauge.dk\/?s={search_term_string}"},"query-input":{"@type":"PropertyValueSpecification","valueRequired":true,"valueName":"search_term_string"}}],"inLanguage":"da-DK"},{"@type":["Person","Organization"],"@id":"https:\/\/stald-hauge.dk\/#\/schema\/person\/5e9342de63bcc5037d653908c024bc01","name":"admin","image":{"@type":"ImageObject","inLanguage":"da-DK","@id":"https:\/\/stald-hauge.dk\/#\/schema\/person\/image\/","url":"https:\/\/secure.gravatar.com\/avatar\/cb52025513d5b4d5bf079f09f5aae21c223852877c5a747e37ab431711bb309d?s=96&d=mm&r=g","contentUrl":"https:\/\/secure.gravatar.com\/avatar\/cb52025513d5b4d5bf079f09f5aae21c223852877c5a747e37ab431711bb309d?s=96&d=mm&r=g","caption":"admin"},"logo":{"@id":"https:\/\/stald-hauge.dk\/#\/schema\/person\/image\/"},"sameAs":["http:\/\/stald-hauge.dk","https:\/\/www.facebook.com\/lisehauge\/"]}]}},"_links":{"self":[{"href":"http:\/\/stald-hauge.dk\/index.php\/wp-json\/wp\/v2\/pages\/134","targetHints":{"allow":["GET"]}}],"collection":[{"href":"http:\/\/stald-hauge.dk\/index.php\/wp-json\/wp\/v2\/pages"}],"about":[{"href":"http:\/\/stald-hauge.dk\/index.php\/wp-json\/wp\/v2\/types\/page"}],"author":[{"embeddable":true,"href":"http:\/\/stald-hauge.dk\/index.php\/wp-json\/wp\/v2\/users\/1"}],"replies":[{"embeddable":true,"href":"http:\/\/stald-hauge.dk\/index.php\/wp-json\/wp\/v2\/comments?post=134"}],"version-history":[{"count":4,"href":"http:\/\/stald-hauge.dk\/index.php\/wp-json\/wp\/v2\/pages\/134\/revisions"}],"predecessor-version":[{"id":3588,"href":"http:\/\/stald-hauge.dk\/index.php\/wp-json\/wp\/v2\/pages\/134\/revisions\/3588"}],"up":[{"embeddable":true,"href":"http:\/\/stald-hauge.dk\/index.php\/wp-json\/wp\/v2\/pages\/102"}],"wp:attachment":[{"href":"http:\/\/stald-hauge.dk\/index.php\/wp-json\/wp\/v2\/media?parent=134"}],"curies":[{"name":"wp","href":"https:\/\/api.w.org\/{rel}","templated":true}]}}