{"id":144,"date":"2024-08-14T18:56:59","date_gmt":"2024-08-14T18:56:59","guid":{"rendered":"https:\/\/stald-hauge.dk\/?page_id=144"},"modified":"2025-01-02T19:59:57","modified_gmt":"2025-01-02T19:59:57","slug":"hauges-creme-brulee","status":"publish","type":"page","link":"http:\/\/stald-hauge.dk\/index.php\/heste\/vores-heste\/hauges-creme-brulee\/","title":{"rendered":"Hauge\u00b4s Cr\u00e8me Br\u00fbl\u00e9e"},"content":{"rendered":"<p style=\"text-align: center;\"><strong>Hauge\u00b4s Cr\u00e8me Br\u00fbl\u00e9e<\/strong><\/p>\n<p style=\"text-align: center;\"><img loading=\"lazy\" decoding=\"async\" class=\"alignnone size-large wp-image-3658\" src=\"http:\/\/stald-hauge.dk\/wp-content\/uploads\/2025\/01\/CremeB-700x467.jpg\" alt=\"\" width=\"640\" height=\"427\" srcset=\"http:\/\/stald-hauge.dk\/wp-content\/uploads\/2025\/01\/CremeB-700x467.jpg 700w, http:\/\/stald-hauge.dk\/wp-content\/uploads\/2025\/01\/CremeB-300x200.jpg 300w, http:\/\/stald-hauge.dk\/wp-content\/uploads\/2025\/01\/CremeB.jpg 768w\" sizes=\"auto, (max-width: 640px) 100vw, 640px\" \/><\/p>\n<p style=\"text-align: center;\">F\u00f8dt: 31.03.2019 ca. kl. 00<\/p>\n<p style=\"text-align: center;\">Farvetest: ee Aa nCr. PSSM1 negativ (begge for\u00e6ldre negativ)<\/p>\n<p style=\"text-align: center;\">Mor: Jeanne D\u00b4Arc van Gipsy Dreams<\/p>\n<p style=\"text-align: center;\">Mormor: Golden Girl (Dudee Rakli Van de Bonte Parels)<\/p>\n<p style=\"text-align: center;\">Oldemor: Vines mare<\/p>\n<p style=\"text-align: center;\">Oldefar: The Business<\/p>\n<p style=\"text-align: center;\">Morfar: Cillbarra Golden Vale<\/p>\n<p style=\"text-align: center;\">Far: Hauge\u00b4s Dusty Cream<\/p>\n<p style=\"text-align: center;\">Farmor: Klittens Katinka<\/p>\n<p style=\"text-align: center;\">Farfar: Coates Teddy Boy<\/p>\n<p style=\"text-align: center;\"><img loading=\"lazy\" decoding=\"async\" class=\"alignnone size-full wp-image-2924\" src=\"http:\/\/stald-hauge.dk\/wp-content\/uploads\/2024\/12\/Creme5.jpg\" alt=\"\" width=\"300\" height=\"200\" \/> <img loading=\"lazy\" decoding=\"async\" class=\"alignnone size-full wp-image-2934\" src=\"http:\/\/stald-hauge.dk\/wp-content\/uploads\/2024\/12\/Creme15.jpg\" alt=\"\" width=\"300\" height=\"200\" \/> <img loading=\"lazy\" decoding=\"async\" class=\"alignnone size-full wp-image-3659\" src=\"http:\/\/stald-hauge.dk\/wp-content\/uploads\/2025\/01\/CremeB1.jpg\" alt=\"\" width=\"300\" height=\"200\" \/> <img loading=\"lazy\" decoding=\"async\" class=\"alignnone size-full wp-image-3660\" src=\"http:\/\/stald-hauge.dk\/wp-content\/uploads\/2025\/01\/CremeB2.jpg\" alt=\"\" width=\"300\" height=\"200\" \/> <img loading=\"lazy\" decoding=\"async\" class=\"alignnone size-full wp-image-3661\" src=\"http:\/\/stald-hauge.dk\/wp-content\/uploads\/2025\/01\/CremeB3.jpg\" alt=\"\" width=\"300\" height=\"200\" \/> <img loading=\"lazy\" decoding=\"async\" class=\"alignnone size-full wp-image-3662\" src=\"http:\/\/stald-hauge.dk\/wp-content\/uploads\/2025\/01\/CremeB4.jpg\" alt=\"\" width=\"300\" height=\"200\" \/> <img loading=\"lazy\" decoding=\"async\" class=\"alignnone size-full wp-image-3663\" src=\"http:\/\/stald-hauge.dk\/wp-content\/uploads\/2025\/01\/CremeB5.jpg\" alt=\"\" width=\"300\" height=\"200\" \/> <img loading=\"lazy\" decoding=\"async\" class=\"alignnone size-full wp-image-3665\" src=\"http:\/\/stald-hauge.dk\/wp-content\/uploads\/2025\/01\/CremeB7.jpg\" alt=\"\" width=\"300\" height=\"200\" \/> <img loading=\"lazy\" decoding=\"async\" class=\"alignnone size-full wp-image-3666\" src=\"http:\/\/stald-hauge.dk\/wp-content\/uploads\/2025\/01\/CremeB8.jpg\" alt=\"\" width=\"300\" height=\"200\" \/> <img loading=\"lazy\" decoding=\"async\" class=\"alignnone size-full wp-image-3667\" src=\"http:\/\/stald-hauge.dk\/wp-content\/uploads\/2025\/01\/CremeB9.jpg\" alt=\"\" width=\"300\" height=\"200\" \/> <img loading=\"lazy\" decoding=\"async\" class=\"alignnone size-full wp-image-3664\" src=\"http:\/\/stald-hauge.dk\/wp-content\/uploads\/2025\/01\/CremeB6.jpg\" alt=\"\" width=\"300\" height=\"200\" \/> <img loading=\"lazy\" decoding=\"async\" class=\"alignnone size-full wp-image-3668\" src=\"http:\/\/stald-hauge.dk\/wp-content\/uploads\/2025\/01\/CremeB10.jpg\" alt=\"\" width=\"300\" height=\"200\" \/> <img loading=\"lazy\" decoding=\"async\" class=\"alignnone size-full wp-image-3669\" src=\"http:\/\/stald-hauge.dk\/wp-content\/uploads\/2025\/01\/CremeB11.jpg\" alt=\"\" width=\"300\" height=\"200\" \/> <img loading=\"lazy\" decoding=\"async\" class=\"alignnone size-full wp-image-3670\" src=\"http:\/\/stald-hauge.dk\/wp-content\/uploads\/2025\/01\/CremeB12.jpg\" alt=\"\" width=\"300\" height=\"200\" \/> <img loading=\"lazy\" decoding=\"async\" class=\"alignnone size-full wp-image-3671\" src=\"http:\/\/stald-hauge.dk\/wp-content\/uploads\/2025\/01\/CremeB13.jpg\" alt=\"\" width=\"300\" height=\"200\" \/> <img loading=\"lazy\" decoding=\"async\" class=\"alignnone size-full wp-image-3673\" src=\"http:\/\/stald-hauge.dk\/wp-content\/uploads\/2025\/01\/CremeB17.jpg\" alt=\"\" width=\"300\" height=\"200\" \/><\/p>\n","protected":false},"excerpt":{"rendered":"<p>Hauge\u00b4s Cr\u00e8me Br\u00fbl\u00e9e F\u00f8dt: 31.03.2019 ca. kl. 00 Farvetest: ee Aa nCr. PSSM1 negativ (begge for\u00e6ldre negativ) Mor: Jeanne D\u00b4Arc van Gipsy Dreams Mormor: Golden Girl (Dudee Rakli Van de Bonte Parels) Oldemor: Vines mare Oldefar: The Business Morfar: Cillbarra &hellip; <a href=\"http:\/\/stald-hauge.dk\/index.php\/heste\/vores-heste\/hauges-creme-brulee\/\">L\u00e6s resten <span class=\"meta-nav\">&rarr;<\/span><\/a><\/p>\n","protected":false},"author":1,"featured_media":0,"parent":146,"menu_order":0,"comment_status":"closed","ping_status":"closed","template":"onecolumn-page.php","meta":{"footnotes":""},"class_list":["post-144","page","type-page","status-publish","hentry"],"yoast_head":"<!-- This site is optimized with the Yoast SEO plugin v25.3.1 - https:\/\/yoast.com\/wordpress\/plugins\/seo\/ -->\n<title>Hauge\u00b4s Cr\u00e8me Br\u00fbl\u00e9e - Stald Hauge<\/title>\n<meta name=\"robots\" content=\"index, follow, max-snippet:-1, max-image-preview:large, max-video-preview:-1\" \/>\n<link rel=\"canonical\" href=\"http:\/\/stald-hauge.dk\/index.php\/heste\/vores-heste\/hauges-creme-brulee\/\" \/>\n<meta property=\"og:locale\" content=\"da_DK\" \/>\n<meta property=\"og:type\" content=\"article\" \/>\n<meta property=\"og:title\" content=\"Hauge\u00b4s Cr\u00e8me Br\u00fbl\u00e9e - Stald Hauge\" \/>\n<meta property=\"og:description\" content=\"Hauge\u00b4s Cr\u00e8me Br\u00fbl\u00e9e F\u00f8dt: 31.03.2019 ca. kl. 00 Farvetest: ee Aa nCr. PSSM1 negativ (begge for\u00e6ldre negativ) Mor: Jeanne D\u00b4Arc van Gipsy Dreams Mormor: Golden Girl (Dudee Rakli Van de Bonte Parels) Oldemor: Vines mare Oldefar: The Business Morfar: Cillbarra &hellip; L\u00e6s resten &rarr;\" \/>\n<meta property=\"og:url\" content=\"http:\/\/stald-hauge.dk\/index.php\/heste\/vores-heste\/hauges-creme-brulee\/\" \/>\n<meta property=\"og:site_name\" content=\"Stald Hauge\" \/>\n<meta property=\"article:publisher\" content=\"https:\/\/www.facebook.com\/lisehauge\/\" \/>\n<meta property=\"article:modified_time\" content=\"2025-01-02T19:59:57+00:00\" \/>\n<meta property=\"og:image\" content=\"http:\/\/stald-hauge.dk\/wp-content\/uploads\/2025\/01\/CremeB-700x467.jpg\" \/>\n<meta name=\"twitter:card\" content=\"summary_large_image\" \/>\n<script type=\"application\/ld+json\" class=\"yoast-schema-graph\">{\"@context\":\"https:\/\/schema.org\",\"@graph\":[{\"@type\":\"WebPage\",\"@id\":\"http:\/\/stald-hauge.dk\/index.php\/heste\/vores-heste\/hauges-creme-brulee\/\",\"url\":\"http:\/\/stald-hauge.dk\/index.php\/heste\/vores-heste\/hauges-creme-brulee\/\",\"name\":\"Hauge\u00b4s Cr\u00e8me Br\u00fbl\u00e9e - Stald Hauge\",\"isPartOf\":{\"@id\":\"https:\/\/stald-hauge.dk\/#website\"},\"primaryImageOfPage\":{\"@id\":\"http:\/\/stald-hauge.dk\/index.php\/heste\/vores-heste\/hauges-creme-brulee\/#primaryimage\"},\"image\":{\"@id\":\"http:\/\/stald-hauge.dk\/index.php\/heste\/vores-heste\/hauges-creme-brulee\/#primaryimage\"},\"thumbnailUrl\":\"http:\/\/stald-hauge.dk\/wp-content\/uploads\/2025\/01\/CremeB-700x467.jpg\",\"datePublished\":\"2024-08-14T18:56:59+00:00\",\"dateModified\":\"2025-01-02T19:59:57+00:00\",\"breadcrumb\":{\"@id\":\"http:\/\/stald-hauge.dk\/index.php\/heste\/vores-heste\/hauges-creme-brulee\/#breadcrumb\"},\"inLanguage\":\"da-DK\",\"potentialAction\":[{\"@type\":\"ReadAction\",\"target\":[\"http:\/\/stald-hauge.dk\/index.php\/heste\/vores-heste\/hauges-creme-brulee\/\"]}]},{\"@type\":\"ImageObject\",\"inLanguage\":\"da-DK\",\"@id\":\"http:\/\/stald-hauge.dk\/index.php\/heste\/vores-heste\/hauges-creme-brulee\/#primaryimage\",\"url\":\"http:\/\/stald-hauge.dk\/wp-content\/uploads\/2025\/01\/CremeB.jpg\",\"contentUrl\":\"http:\/\/stald-hauge.dk\/wp-content\/uploads\/2025\/01\/CremeB.jpg\",\"width\":768,\"height\":512},{\"@type\":\"BreadcrumbList\",\"@id\":\"http:\/\/stald-hauge.dk\/index.php\/heste\/vores-heste\/hauges-creme-brulee\/#breadcrumb\",\"itemListElement\":[{\"@type\":\"ListItem\",\"position\":1,\"name\":\"Hjem\",\"item\":\"https:\/\/stald-hauge.dk\/\"},{\"@type\":\"ListItem\",\"position\":2,\"name\":\"Heste\",\"item\":\"http:\/\/stald-hauge.dk\/index.php\/heste\/\"},{\"@type\":\"ListItem\",\"position\":3,\"name\":\"Vores heste\",\"item\":\"https:\/\/stald-hauge.dk\/index.php\/heste\/vores-heste\/\"},{\"@type\":\"ListItem\",\"position\":4,\"name\":\"Hauge\u00b4s Cr\u00e8me Br\u00fbl\u00e9e\"}]},{\"@type\":\"WebSite\",\"@id\":\"https:\/\/stald-hauge.dk\/#website\",\"url\":\"https:\/\/stald-hauge.dk\/\",\"name\":\"Stald Hauge\",\"description\":\"v\/Lise Hauge S\u00f8rensen\",\"publisher\":{\"@id\":\"https:\/\/stald-hauge.dk\/#\/schema\/person\/5e9342de63bcc5037d653908c024bc01\"},\"potentialAction\":[{\"@type\":\"SearchAction\",\"target\":{\"@type\":\"EntryPoint\",\"urlTemplate\":\"https:\/\/stald-hauge.dk\/?s={search_term_string}\"},\"query-input\":{\"@type\":\"PropertyValueSpecification\",\"valueRequired\":true,\"valueName\":\"search_term_string\"}}],\"inLanguage\":\"da-DK\"},{\"@type\":[\"Person\",\"Organization\"],\"@id\":\"https:\/\/stald-hauge.dk\/#\/schema\/person\/5e9342de63bcc5037d653908c024bc01\",\"name\":\"admin\",\"image\":{\"@type\":\"ImageObject\",\"inLanguage\":\"da-DK\",\"@id\":\"https:\/\/stald-hauge.dk\/#\/schema\/person\/image\/\",\"url\":\"https:\/\/secure.gravatar.com\/avatar\/cb52025513d5b4d5bf079f09f5aae21c223852877c5a747e37ab431711bb309d?s=96&d=mm&r=g\",\"contentUrl\":\"https:\/\/secure.gravatar.com\/avatar\/cb52025513d5b4d5bf079f09f5aae21c223852877c5a747e37ab431711bb309d?s=96&d=mm&r=g\",\"caption\":\"admin\"},\"logo\":{\"@id\":\"https:\/\/stald-hauge.dk\/#\/schema\/person\/image\/\"},\"sameAs\":[\"http:\/\/stald-hauge.dk\",\"https:\/\/www.facebook.com\/lisehauge\/\"]}]}<\/script>\n<!-- \/ Yoast SEO plugin. -->","yoast_head_json":{"title":"Hauge\u00b4s Cr\u00e8me Br\u00fbl\u00e9e - Stald Hauge","robots":{"index":"index","follow":"follow","max-snippet":"max-snippet:-1","max-image-preview":"max-image-preview:large","max-video-preview":"max-video-preview:-1"},"canonical":"http:\/\/stald-hauge.dk\/index.php\/heste\/vores-heste\/hauges-creme-brulee\/","og_locale":"da_DK","og_type":"article","og_title":"Hauge\u00b4s Cr\u00e8me Br\u00fbl\u00e9e - Stald Hauge","og_description":"Hauge\u00b4s Cr\u00e8me Br\u00fbl\u00e9e F\u00f8dt: 31.03.2019 ca. kl. 00 Farvetest: ee Aa nCr. PSSM1 negativ (begge for\u00e6ldre negativ) Mor: Jeanne D\u00b4Arc van Gipsy Dreams Mormor: Golden Girl (Dudee Rakli Van de Bonte Parels) Oldemor: Vines mare Oldefar: The Business Morfar: Cillbarra &hellip; L\u00e6s resten &rarr;","og_url":"http:\/\/stald-hauge.dk\/index.php\/heste\/vores-heste\/hauges-creme-brulee\/","og_site_name":"Stald Hauge","article_publisher":"https:\/\/www.facebook.com\/lisehauge\/","article_modified_time":"2025-01-02T19:59:57+00:00","og_image":[{"url":"http:\/\/stald-hauge.dk\/wp-content\/uploads\/2025\/01\/CremeB-700x467.jpg","type":"","width":"","height":""}],"twitter_card":"summary_large_image","schema":{"@context":"https:\/\/schema.org","@graph":[{"@type":"WebPage","@id":"http:\/\/stald-hauge.dk\/index.php\/heste\/vores-heste\/hauges-creme-brulee\/","url":"http:\/\/stald-hauge.dk\/index.php\/heste\/vores-heste\/hauges-creme-brulee\/","name":"Hauge\u00b4s Cr\u00e8me Br\u00fbl\u00e9e - Stald Hauge","isPartOf":{"@id":"https:\/\/stald-hauge.dk\/#website"},"primaryImageOfPage":{"@id":"http:\/\/stald-hauge.dk\/index.php\/heste\/vores-heste\/hauges-creme-brulee\/#primaryimage"},"image":{"@id":"http:\/\/stald-hauge.dk\/index.php\/heste\/vores-heste\/hauges-creme-brulee\/#primaryimage"},"thumbnailUrl":"http:\/\/stald-hauge.dk\/wp-content\/uploads\/2025\/01\/CremeB-700x467.jpg","datePublished":"2024-08-14T18:56:59+00:00","dateModified":"2025-01-02T19:59:57+00:00","breadcrumb":{"@id":"http:\/\/stald-hauge.dk\/index.php\/heste\/vores-heste\/hauges-creme-brulee\/#breadcrumb"},"inLanguage":"da-DK","potentialAction":[{"@type":"ReadAction","target":["http:\/\/stald-hauge.dk\/index.php\/heste\/vores-heste\/hauges-creme-brulee\/"]}]},{"@type":"ImageObject","inLanguage":"da-DK","@id":"http:\/\/stald-hauge.dk\/index.php\/heste\/vores-heste\/hauges-creme-brulee\/#primaryimage","url":"http:\/\/stald-hauge.dk\/wp-content\/uploads\/2025\/01\/CremeB.jpg","contentUrl":"http:\/\/stald-hauge.dk\/wp-content\/uploads\/2025\/01\/CremeB.jpg","width":768,"height":512},{"@type":"BreadcrumbList","@id":"http:\/\/stald-hauge.dk\/index.php\/heste\/vores-heste\/hauges-creme-brulee\/#breadcrumb","itemListElement":[{"@type":"ListItem","position":1,"name":"Hjem","item":"https:\/\/stald-hauge.dk\/"},{"@type":"ListItem","position":2,"name":"Heste","item":"http:\/\/stald-hauge.dk\/index.php\/heste\/"},{"@type":"ListItem","position":3,"name":"Vores heste","item":"https:\/\/stald-hauge.dk\/index.php\/heste\/vores-heste\/"},{"@type":"ListItem","position":4,"name":"Hauge\u00b4s Cr\u00e8me Br\u00fbl\u00e9e"}]},{"@type":"WebSite","@id":"https:\/\/stald-hauge.dk\/#website","url":"https:\/\/stald-hauge.dk\/","name":"Stald Hauge","description":"v\/Lise Hauge S\u00f8rensen","publisher":{"@id":"https:\/\/stald-hauge.dk\/#\/schema\/person\/5e9342de63bcc5037d653908c024bc01"},"potentialAction":[{"@type":"SearchAction","target":{"@type":"EntryPoint","urlTemplate":"https:\/\/stald-hauge.dk\/?s={search_term_string}"},"query-input":{"@type":"PropertyValueSpecification","valueRequired":true,"valueName":"search_term_string"}}],"inLanguage":"da-DK"},{"@type":["Person","Organization"],"@id":"https:\/\/stald-hauge.dk\/#\/schema\/person\/5e9342de63bcc5037d653908c024bc01","name":"admin","image":{"@type":"ImageObject","inLanguage":"da-DK","@id":"https:\/\/stald-hauge.dk\/#\/schema\/person\/image\/","url":"https:\/\/secure.gravatar.com\/avatar\/cb52025513d5b4d5bf079f09f5aae21c223852877c5a747e37ab431711bb309d?s=96&d=mm&r=g","contentUrl":"https:\/\/secure.gravatar.com\/avatar\/cb52025513d5b4d5bf079f09f5aae21c223852877c5a747e37ab431711bb309d?s=96&d=mm&r=g","caption":"admin"},"logo":{"@id":"https:\/\/stald-hauge.dk\/#\/schema\/person\/image\/"},"sameAs":["http:\/\/stald-hauge.dk","https:\/\/www.facebook.com\/lisehauge\/"]}]}},"_links":{"self":[{"href":"http:\/\/stald-hauge.dk\/index.php\/wp-json\/wp\/v2\/pages\/144","targetHints":{"allow":["GET"]}}],"collection":[{"href":"http:\/\/stald-hauge.dk\/index.php\/wp-json\/wp\/v2\/pages"}],"about":[{"href":"http:\/\/stald-hauge.dk\/index.php\/wp-json\/wp\/v2\/types\/page"}],"author":[{"embeddable":true,"href":"http:\/\/stald-hauge.dk\/index.php\/wp-json\/wp\/v2\/users\/1"}],"replies":[{"embeddable":true,"href":"http:\/\/stald-hauge.dk\/index.php\/wp-json\/wp\/v2\/comments?post=144"}],"version-history":[{"count":4,"href":"http:\/\/stald-hauge.dk\/index.php\/wp-json\/wp\/v2\/pages\/144\/revisions"}],"predecessor-version":[{"id":4944,"href":"http:\/\/stald-hauge.dk\/index.php\/wp-json\/wp\/v2\/pages\/144\/revisions\/4944"}],"up":[{"embeddable":true,"href":"http:\/\/stald-hauge.dk\/index.php\/wp-json\/wp\/v2\/pages\/146"}],"wp:attachment":[{"href":"http:\/\/stald-hauge.dk\/index.php\/wp-json\/wp\/v2\/media?parent=144"}],"curies":[{"name":"wp","href":"https:\/\/api.w.org\/{rel}","templated":true}]}}