{"id":154,"date":"2024-08-14T19:04:51","date_gmt":"2024-08-14T19:04:51","guid":{"rendered":"https:\/\/stald-hauge.dk\/?page_id=154"},"modified":"2025-01-02T19:56:22","modified_gmt":"2025-01-02T19:56:22","slug":"calle","status":"publish","type":"page","link":"http:\/\/stald-hauge.dk\/index.php\/heste\/vores-heste\/calle\/","title":{"rendered":"Calle"},"content":{"rendered":"<p style=\"text-align: center;\"><strong>Calle<\/strong><\/p>\n<p style=\"text-align: center;\"><img loading=\"lazy\" decoding=\"async\" class=\"alignnone size-large wp-image-3648\" src=\"http:\/\/stald-hauge.dk\/wp-content\/uploads\/2025\/01\/Calle-700x466.jpg\" alt=\"\" width=\"640\" height=\"426\" srcset=\"http:\/\/stald-hauge.dk\/wp-content\/uploads\/2025\/01\/Calle-700x466.jpg 700w, http:\/\/stald-hauge.dk\/wp-content\/uploads\/2025\/01\/Calle-300x200.jpg 300w, http:\/\/stald-hauge.dk\/wp-content\/uploads\/2025\/01\/Calle.jpg 768w\" sizes=\"auto, (max-width: 640px) 100vw, 640px\" \/><\/p>\n<p style=\"text-align: center;\">F\u00f8dt: 15. juni 2007<\/p>\n<p style=\"text-align: center;\">K\u00f8n: Vallak<\/p>\n<p style=\"text-align: center;\">Forv. stg. 88 cm<\/p>\n<p style=\"text-align: center;\">Farve: Sort eller smokey black<\/p>\n<p style=\"text-align: center;\">Mor: Lille Rosendals Catja (sort)<\/p>\n<p style=\"text-align: center;\">Far: Albert (palomino)<\/p>\n<p style=\"text-align: center;\">Freya fik Calle i for\u00e5ret, da hun l\u00e6nge har v\u00e6ret meget interesseret i mine heste.<\/p>\n<p style=\"text-align: center;\">Hun vil altid gerne hj\u00e6lpe til med at fodre dem, strigle dem, have en ridetur, samt l\u00e6se hesteblade som godnatl\u00e6sning.<\/p>\n<p style=\"text-align: center;\">Derfor var det oplagt at finde en s\u00f8d og rar b\u00f8rnepony i Freyas st\u00f8rrelse.<\/p>\n<p style=\"text-align: center;\">Valget faldt derfor p\u00e5 lille Calle.<\/p>\n<p style=\"text-align: center;\"><img loading=\"lazy\" decoding=\"async\" class=\"alignnone size-large wp-image-3649\" src=\"http:\/\/stald-hauge.dk\/wp-content\/uploads\/2025\/01\/Calle1-700x466.jpg\" alt=\"\" width=\"640\" height=\"426\" srcset=\"http:\/\/stald-hauge.dk\/wp-content\/uploads\/2025\/01\/Calle1-700x466.jpg 700w, http:\/\/stald-hauge.dk\/wp-content\/uploads\/2025\/01\/Calle1-300x200.jpg 300w, http:\/\/stald-hauge.dk\/wp-content\/uploads\/2025\/01\/Calle1.jpg 768w\" sizes=\"auto, (max-width: 640px) 100vw, 640px\" \/> <img loading=\"lazy\" decoding=\"async\" class=\"alignnone size-full wp-image-3650\" src=\"http:\/\/stald-hauge.dk\/wp-content\/uploads\/2025\/01\/Calle2.jpg\" alt=\"\" width=\"300\" height=\"200\" \/> <img loading=\"lazy\" decoding=\"async\" class=\"alignnone size-full wp-image-3651\" src=\"http:\/\/stald-hauge.dk\/wp-content\/uploads\/2025\/01\/Calle3.jpg\" alt=\"\" width=\"300\" height=\"200\" \/> <img loading=\"lazy\" decoding=\"async\" class=\"alignnone size-full wp-image-3652\" src=\"http:\/\/stald-hauge.dk\/wp-content\/uploads\/2025\/01\/Calle4.jpg\" alt=\"\" width=\"300\" height=\"199\" \/> <img loading=\"lazy\" decoding=\"async\" class=\"alignnone size-full wp-image-3653\" src=\"http:\/\/stald-hauge.dk\/wp-content\/uploads\/2025\/01\/Calle5.jpg\" alt=\"\" width=\"300\" height=\"225\" \/> <img loading=\"lazy\" decoding=\"async\" class=\"alignnone size-large wp-image-3654\" src=\"http:\/\/stald-hauge.dk\/wp-content\/uploads\/2025\/01\/Calle6-700x466.jpg\" alt=\"\" width=\"640\" height=\"426\" srcset=\"http:\/\/stald-hauge.dk\/wp-content\/uploads\/2025\/01\/Calle6-700x466.jpg 700w, http:\/\/stald-hauge.dk\/wp-content\/uploads\/2025\/01\/Calle6-300x200.jpg 300w, http:\/\/stald-hauge.dk\/wp-content\/uploads\/2025\/01\/Calle6.jpg 768w\" sizes=\"auto, (max-width: 640px) 100vw, 640px\" \/> <img loading=\"lazy\" decoding=\"async\" class=\"alignnone size-full wp-image-3655\" src=\"http:\/\/stald-hauge.dk\/wp-content\/uploads\/2025\/01\/Calle7.jpg\" alt=\"\" width=\"300\" height=\"200\" \/> <img loading=\"lazy\" decoding=\"async\" class=\"alignnone size-full wp-image-3656\" src=\"http:\/\/stald-hauge.dk\/wp-content\/uploads\/2025\/01\/Calle8.jpg\" alt=\"\" width=\"300\" height=\"200\" \/> <img loading=\"lazy\" decoding=\"async\" class=\"alignnone size-full wp-image-3657\" src=\"http:\/\/stald-hauge.dk\/wp-content\/uploads\/2025\/01\/Calle9.jpg\" alt=\"\" width=\"300\" height=\"200\" \/><\/p>\n","protected":false},"excerpt":{"rendered":"<p>Calle F\u00f8dt: 15. juni 2007 K\u00f8n: Vallak Forv. stg. 88 cm Farve: Sort eller smokey black Mor: Lille Rosendals Catja (sort) Far: Albert (palomino) Freya fik Calle i for\u00e5ret, da hun l\u00e6nge har v\u00e6ret meget interesseret i mine heste. Hun &hellip; <a href=\"http:\/\/stald-hauge.dk\/index.php\/heste\/vores-heste\/calle\/\">L\u00e6s resten <span class=\"meta-nav\">&rarr;<\/span><\/a><\/p>\n","protected":false},"author":1,"featured_media":0,"parent":146,"menu_order":0,"comment_status":"closed","ping_status":"closed","template":"onecolumn-page.php","meta":{"footnotes":""},"class_list":["post-154","page","type-page","status-publish","hentry"],"yoast_head":"<!-- This site is optimized with the Yoast SEO plugin v25.3.1 - https:\/\/yoast.com\/wordpress\/plugins\/seo\/ -->\n<title>Calle - Stald Hauge<\/title>\n<meta name=\"robots\" content=\"index, follow, max-snippet:-1, max-image-preview:large, max-video-preview:-1\" \/>\n<link rel=\"canonical\" href=\"https:\/\/stald-hauge.dk\/index.php\/heste\/vores-heste\/calle\/\" \/>\n<meta property=\"og:locale\" content=\"da_DK\" \/>\n<meta property=\"og:type\" content=\"article\" \/>\n<meta property=\"og:title\" content=\"Calle - Stald Hauge\" \/>\n<meta property=\"og:description\" content=\"Calle F\u00f8dt: 15. juni 2007 K\u00f8n: Vallak Forv. stg. 88 cm Farve: Sort eller smokey black Mor: Lille Rosendals Catja (sort) Far: Albert (palomino) Freya fik Calle i for\u00e5ret, da hun l\u00e6nge har v\u00e6ret meget interesseret i mine heste. Hun &hellip; L\u00e6s resten &rarr;\" \/>\n<meta property=\"og:url\" content=\"https:\/\/stald-hauge.dk\/index.php\/heste\/vores-heste\/calle\/\" \/>\n<meta property=\"og:site_name\" content=\"Stald Hauge\" \/>\n<meta property=\"article:publisher\" content=\"https:\/\/www.facebook.com\/lisehauge\/\" \/>\n<meta property=\"article:modified_time\" content=\"2025-01-02T19:56:22+00:00\" \/>\n<meta property=\"og:image\" content=\"http:\/\/stald-hauge.dk\/wp-content\/uploads\/2025\/01\/Calle-700x466.jpg\" \/>\n<meta name=\"twitter:card\" content=\"summary_large_image\" \/>\n<script type=\"application\/ld+json\" class=\"yoast-schema-graph\">{\"@context\":\"https:\/\/schema.org\",\"@graph\":[{\"@type\":\"WebPage\",\"@id\":\"https:\/\/stald-hauge.dk\/index.php\/heste\/vores-heste\/calle\/\",\"url\":\"https:\/\/stald-hauge.dk\/index.php\/heste\/vores-heste\/calle\/\",\"name\":\"Calle - Stald Hauge\",\"isPartOf\":{\"@id\":\"https:\/\/stald-hauge.dk\/#website\"},\"primaryImageOfPage\":{\"@id\":\"https:\/\/stald-hauge.dk\/index.php\/heste\/vores-heste\/calle\/#primaryimage\"},\"image\":{\"@id\":\"https:\/\/stald-hauge.dk\/index.php\/heste\/vores-heste\/calle\/#primaryimage\"},\"thumbnailUrl\":\"http:\/\/stald-hauge.dk\/wp-content\/uploads\/2025\/01\/Calle-700x466.jpg\",\"datePublished\":\"2024-08-14T19:04:51+00:00\",\"dateModified\":\"2025-01-02T19:56:22+00:00\",\"breadcrumb\":{\"@id\":\"https:\/\/stald-hauge.dk\/index.php\/heste\/vores-heste\/calle\/#breadcrumb\"},\"inLanguage\":\"da-DK\",\"potentialAction\":[{\"@type\":\"ReadAction\",\"target\":[\"https:\/\/stald-hauge.dk\/index.php\/heste\/vores-heste\/calle\/\"]}]},{\"@type\":\"ImageObject\",\"inLanguage\":\"da-DK\",\"@id\":\"https:\/\/stald-hauge.dk\/index.php\/heste\/vores-heste\/calle\/#primaryimage\",\"url\":\"http:\/\/stald-hauge.dk\/wp-content\/uploads\/2025\/01\/Calle.jpg\",\"contentUrl\":\"http:\/\/stald-hauge.dk\/wp-content\/uploads\/2025\/01\/Calle.jpg\",\"width\":768,\"height\":511},{\"@type\":\"BreadcrumbList\",\"@id\":\"https:\/\/stald-hauge.dk\/index.php\/heste\/vores-heste\/calle\/#breadcrumb\",\"itemListElement\":[{\"@type\":\"ListItem\",\"position\":1,\"name\":\"Hjem\",\"item\":\"https:\/\/stald-hauge.dk\/\"},{\"@type\":\"ListItem\",\"position\":2,\"name\":\"Heste\",\"item\":\"http:\/\/stald-hauge.dk\/index.php\/heste\/\"},{\"@type\":\"ListItem\",\"position\":3,\"name\":\"Vores heste\",\"item\":\"https:\/\/stald-hauge.dk\/index.php\/heste\/vores-heste\/\"},{\"@type\":\"ListItem\",\"position\":4,\"name\":\"Calle\"}]},{\"@type\":\"WebSite\",\"@id\":\"https:\/\/stald-hauge.dk\/#website\",\"url\":\"https:\/\/stald-hauge.dk\/\",\"name\":\"Stald Hauge\",\"description\":\"v\/Lise Hauge S\u00f8rensen\",\"publisher\":{\"@id\":\"https:\/\/stald-hauge.dk\/#\/schema\/person\/5e9342de63bcc5037d653908c024bc01\"},\"potentialAction\":[{\"@type\":\"SearchAction\",\"target\":{\"@type\":\"EntryPoint\",\"urlTemplate\":\"https:\/\/stald-hauge.dk\/?s={search_term_string}\"},\"query-input\":{\"@type\":\"PropertyValueSpecification\",\"valueRequired\":true,\"valueName\":\"search_term_string\"}}],\"inLanguage\":\"da-DK\"},{\"@type\":[\"Person\",\"Organization\"],\"@id\":\"https:\/\/stald-hauge.dk\/#\/schema\/person\/5e9342de63bcc5037d653908c024bc01\",\"name\":\"admin\",\"image\":{\"@type\":\"ImageObject\",\"inLanguage\":\"da-DK\",\"@id\":\"https:\/\/stald-hauge.dk\/#\/schema\/person\/image\/\",\"url\":\"https:\/\/secure.gravatar.com\/avatar\/cb52025513d5b4d5bf079f09f5aae21c223852877c5a747e37ab431711bb309d?s=96&d=mm&r=g\",\"contentUrl\":\"https:\/\/secure.gravatar.com\/avatar\/cb52025513d5b4d5bf079f09f5aae21c223852877c5a747e37ab431711bb309d?s=96&d=mm&r=g\",\"caption\":\"admin\"},\"logo\":{\"@id\":\"https:\/\/stald-hauge.dk\/#\/schema\/person\/image\/\"},\"sameAs\":[\"http:\/\/stald-hauge.dk\",\"https:\/\/www.facebook.com\/lisehauge\/\"]}]}<\/script>\n<!-- \/ Yoast SEO plugin. -->","yoast_head_json":{"title":"Calle - Stald Hauge","robots":{"index":"index","follow":"follow","max-snippet":"max-snippet:-1","max-image-preview":"max-image-preview:large","max-video-preview":"max-video-preview:-1"},"canonical":"https:\/\/stald-hauge.dk\/index.php\/heste\/vores-heste\/calle\/","og_locale":"da_DK","og_type":"article","og_title":"Calle - Stald Hauge","og_description":"Calle F\u00f8dt: 15. juni 2007 K\u00f8n: Vallak Forv. stg. 88 cm Farve: Sort eller smokey black Mor: Lille Rosendals Catja (sort) Far: Albert (palomino) Freya fik Calle i for\u00e5ret, da hun l\u00e6nge har v\u00e6ret meget interesseret i mine heste. Hun &hellip; L\u00e6s resten &rarr;","og_url":"https:\/\/stald-hauge.dk\/index.php\/heste\/vores-heste\/calle\/","og_site_name":"Stald Hauge","article_publisher":"https:\/\/www.facebook.com\/lisehauge\/","article_modified_time":"2025-01-02T19:56:22+00:00","og_image":[{"url":"http:\/\/stald-hauge.dk\/wp-content\/uploads\/2025\/01\/Calle-700x466.jpg","type":"","width":"","height":""}],"twitter_card":"summary_large_image","schema":{"@context":"https:\/\/schema.org","@graph":[{"@type":"WebPage","@id":"https:\/\/stald-hauge.dk\/index.php\/heste\/vores-heste\/calle\/","url":"https:\/\/stald-hauge.dk\/index.php\/heste\/vores-heste\/calle\/","name":"Calle - Stald Hauge","isPartOf":{"@id":"https:\/\/stald-hauge.dk\/#website"},"primaryImageOfPage":{"@id":"https:\/\/stald-hauge.dk\/index.php\/heste\/vores-heste\/calle\/#primaryimage"},"image":{"@id":"https:\/\/stald-hauge.dk\/index.php\/heste\/vores-heste\/calle\/#primaryimage"},"thumbnailUrl":"http:\/\/stald-hauge.dk\/wp-content\/uploads\/2025\/01\/Calle-700x466.jpg","datePublished":"2024-08-14T19:04:51+00:00","dateModified":"2025-01-02T19:56:22+00:00","breadcrumb":{"@id":"https:\/\/stald-hauge.dk\/index.php\/heste\/vores-heste\/calle\/#breadcrumb"},"inLanguage":"da-DK","potentialAction":[{"@type":"ReadAction","target":["https:\/\/stald-hauge.dk\/index.php\/heste\/vores-heste\/calle\/"]}]},{"@type":"ImageObject","inLanguage":"da-DK","@id":"https:\/\/stald-hauge.dk\/index.php\/heste\/vores-heste\/calle\/#primaryimage","url":"http:\/\/stald-hauge.dk\/wp-content\/uploads\/2025\/01\/Calle.jpg","contentUrl":"http:\/\/stald-hauge.dk\/wp-content\/uploads\/2025\/01\/Calle.jpg","width":768,"height":511},{"@type":"BreadcrumbList","@id":"https:\/\/stald-hauge.dk\/index.php\/heste\/vores-heste\/calle\/#breadcrumb","itemListElement":[{"@type":"ListItem","position":1,"name":"Hjem","item":"https:\/\/stald-hauge.dk\/"},{"@type":"ListItem","position":2,"name":"Heste","item":"http:\/\/stald-hauge.dk\/index.php\/heste\/"},{"@type":"ListItem","position":3,"name":"Vores heste","item":"https:\/\/stald-hauge.dk\/index.php\/heste\/vores-heste\/"},{"@type":"ListItem","position":4,"name":"Calle"}]},{"@type":"WebSite","@id":"https:\/\/stald-hauge.dk\/#website","url":"https:\/\/stald-hauge.dk\/","name":"Stald Hauge","description":"v\/Lise Hauge S\u00f8rensen","publisher":{"@id":"https:\/\/stald-hauge.dk\/#\/schema\/person\/5e9342de63bcc5037d653908c024bc01"},"potentialAction":[{"@type":"SearchAction","target":{"@type":"EntryPoint","urlTemplate":"https:\/\/stald-hauge.dk\/?s={search_term_string}"},"query-input":{"@type":"PropertyValueSpecification","valueRequired":true,"valueName":"search_term_string"}}],"inLanguage":"da-DK"},{"@type":["Person","Organization"],"@id":"https:\/\/stald-hauge.dk\/#\/schema\/person\/5e9342de63bcc5037d653908c024bc01","name":"admin","image":{"@type":"ImageObject","inLanguage":"da-DK","@id":"https:\/\/stald-hauge.dk\/#\/schema\/person\/image\/","url":"https:\/\/secure.gravatar.com\/avatar\/cb52025513d5b4d5bf079f09f5aae21c223852877c5a747e37ab431711bb309d?s=96&d=mm&r=g","contentUrl":"https:\/\/secure.gravatar.com\/avatar\/cb52025513d5b4d5bf079f09f5aae21c223852877c5a747e37ab431711bb309d?s=96&d=mm&r=g","caption":"admin"},"logo":{"@id":"https:\/\/stald-hauge.dk\/#\/schema\/person\/image\/"},"sameAs":["http:\/\/stald-hauge.dk","https:\/\/www.facebook.com\/lisehauge\/"]}]}},"_links":{"self":[{"href":"http:\/\/stald-hauge.dk\/index.php\/wp-json\/wp\/v2\/pages\/154","targetHints":{"allow":["GET"]}}],"collection":[{"href":"http:\/\/stald-hauge.dk\/index.php\/wp-json\/wp\/v2\/pages"}],"about":[{"href":"http:\/\/stald-hauge.dk\/index.php\/wp-json\/wp\/v2\/types\/page"}],"author":[{"embeddable":true,"href":"http:\/\/stald-hauge.dk\/index.php\/wp-json\/wp\/v2\/users\/1"}],"replies":[{"embeddable":true,"href":"http:\/\/stald-hauge.dk\/index.php\/wp-json\/wp\/v2\/comments?post=154"}],"version-history":[{"count":4,"href":"http:\/\/stald-hauge.dk\/index.php\/wp-json\/wp\/v2\/pages\/154\/revisions"}],"predecessor-version":[{"id":4941,"href":"http:\/\/stald-hauge.dk\/index.php\/wp-json\/wp\/v2\/pages\/154\/revisions\/4941"}],"up":[{"embeddable":true,"href":"http:\/\/stald-hauge.dk\/index.php\/wp-json\/wp\/v2\/pages\/146"}],"wp:attachment":[{"href":"http:\/\/stald-hauge.dk\/index.php\/wp-json\/wp\/v2\/media?parent=154"}],"curies":[{"name":"wp","href":"https:\/\/api.w.org\/{rel}","templated":true}]}}