{"id":1753,"date":"2024-08-22T11:34:05","date_gmt":"2024-08-22T11:34:05","guid":{"rendered":"https:\/\/stald-hauge.dk\/?page_id=1753"},"modified":"2025-01-02T19:48:05","modified_gmt":"2025-01-02T19:48:05","slug":"wild-irish-loreal","status":"publish","type":"page","link":"http:\/\/stald-hauge.dk\/index.php\/heste\/tidligere-heste\/wild-irish-loreal\/","title":{"rendered":"Wild Irish Lor\u00e9al"},"content":{"rendered":"<p style=\"text-align: center;\"><strong>Wild Irish Lor\u00e9al<\/strong><\/p>\n<p style=\"text-align: center;\"><img loading=\"lazy\" decoding=\"async\" class=\"alignnone size-large wp-image-4029\" src=\"http:\/\/stald-hauge.dk\/wp-content\/uploads\/2025\/01\/Loreal2-700x467.jpg\" alt=\"\" width=\"640\" height=\"427\" srcset=\"http:\/\/stald-hauge.dk\/wp-content\/uploads\/2025\/01\/Loreal2-700x467.jpg 700w, http:\/\/stald-hauge.dk\/wp-content\/uploads\/2025\/01\/Loreal2-300x200.jpg 300w, http:\/\/stald-hauge.dk\/wp-content\/uploads\/2025\/01\/Loreal2-768x512.jpg 768w, http:\/\/stald-hauge.dk\/wp-content\/uploads\/2025\/01\/Loreal2.jpg 1024w\" sizes=\"auto, (max-width: 640px) 100vw, 640px\" \/><\/p>\n<p style=\"text-align: center;\">F\u00f8dt: 1997<\/p>\n<p style=\"text-align: center;\">Lor\u00e9al n\u00e5ede ikke at bo hos os s\u00e5 lang tid, da hun desv\u00e6rre ikke kunne blive dr\u00e6gtig.<\/p>\n<p style=\"text-align: center;\">Hun er dog alligevel en hoppe der vil blive husket p\u00e5 med hendes godmodige sind og smukke bl\u00e5 \u00f8jne.<\/p>\n<p style=\"text-align: center;\"><img loading=\"lazy\" decoding=\"async\" class=\"alignnone size-full wp-image-4044\" src=\"http:\/\/stald-hauge.dk\/wp-content\/uploads\/2025\/01\/Loreal17.jpg\" alt=\"\" width=\"300\" height=\"201\" \/> <img loading=\"lazy\" decoding=\"async\" class=\"alignnone size-full wp-image-4043\" src=\"http:\/\/stald-hauge.dk\/wp-content\/uploads\/2025\/01\/Loreal16.jpg\" alt=\"\" width=\"300\" height=\"201\" \/> <img loading=\"lazy\" decoding=\"async\" class=\"alignnone size-full wp-image-4042\" src=\"http:\/\/stald-hauge.dk\/wp-content\/uploads\/2025\/01\/Loreal15.jpg\" alt=\"\" width=\"300\" height=\"201\" \/> <img loading=\"lazy\" decoding=\"async\" class=\"alignnone size-full wp-image-4041\" src=\"http:\/\/stald-hauge.dk\/wp-content\/uploads\/2025\/01\/Loreal14.jpg\" alt=\"\" width=\"300\" height=\"200\" \/> <img loading=\"lazy\" decoding=\"async\" class=\"alignnone size-full wp-image-4040\" src=\"http:\/\/stald-hauge.dk\/wp-content\/uploads\/2025\/01\/Loreal13.jpg\" alt=\"\" width=\"300\" height=\"199\" \/> <img loading=\"lazy\" decoding=\"async\" class=\"alignnone size-full wp-image-4039\" src=\"http:\/\/stald-hauge.dk\/wp-content\/uploads\/2025\/01\/Loreal12.jpg\" alt=\"\" width=\"300\" height=\"199\" \/> <img loading=\"lazy\" decoding=\"async\" class=\"alignnone size-full wp-image-4038\" src=\"http:\/\/stald-hauge.dk\/wp-content\/uploads\/2025\/01\/Loreal11.jpg\" alt=\"\" width=\"300\" height=\"225\" \/> <img loading=\"lazy\" decoding=\"async\" class=\"alignnone size-full wp-image-4037\" src=\"http:\/\/stald-hauge.dk\/wp-content\/uploads\/2025\/01\/Loreal10.jpg\" alt=\"\" width=\"300\" height=\"225\" \/> <img loading=\"lazy\" decoding=\"async\" class=\"alignnone size-full wp-image-4035\" src=\"http:\/\/stald-hauge.dk\/wp-content\/uploads\/2025\/01\/Loreal8.jpg\" alt=\"\" width=\"300\" height=\"200\" \/> <img loading=\"lazy\" decoding=\"async\" class=\"alignnone size-full wp-image-4034\" src=\"http:\/\/stald-hauge.dk\/wp-content\/uploads\/2025\/01\/Loreal7.jpg\" alt=\"\" width=\"300\" height=\"200\" \/> <img loading=\"lazy\" decoding=\"async\" class=\"alignnone size-full wp-image-4033\" src=\"http:\/\/stald-hauge.dk\/wp-content\/uploads\/2025\/01\/Loreal6.jpg\" alt=\"\" width=\"300\" height=\"200\" \/> <img loading=\"lazy\" decoding=\"async\" class=\"alignnone size-full wp-image-4036\" src=\"http:\/\/stald-hauge.dk\/wp-content\/uploads\/2025\/01\/Loreal9.jpg\" alt=\"\" width=\"300\" height=\"200\" \/> <img loading=\"lazy\" decoding=\"async\" class=\"alignnone size-full wp-image-4032\" src=\"http:\/\/stald-hauge.dk\/wp-content\/uploads\/2025\/01\/Loreal5.jpg\" alt=\"\" width=\"300\" height=\"200\" \/> <img loading=\"lazy\" decoding=\"async\" class=\"alignnone size-full wp-image-4031\" src=\"http:\/\/stald-hauge.dk\/wp-content\/uploads\/2025\/01\/Loreal4.jpg\" alt=\"\" width=\"300\" height=\"200\" \/> <img loading=\"lazy\" decoding=\"async\" class=\"alignnone size-full wp-image-4030\" src=\"http:\/\/stald-hauge.dk\/wp-content\/uploads\/2025\/01\/Loreal3.jpg\" alt=\"\" width=\"300\" height=\"199\" \/> <img loading=\"lazy\" decoding=\"async\" class=\"alignnone size-full wp-image-4028\" src=\"http:\/\/stald-hauge.dk\/wp-content\/uploads\/2025\/01\/Loreal.jpg\" alt=\"\" width=\"466\" height=\"316\" srcset=\"http:\/\/stald-hauge.dk\/wp-content\/uploads\/2025\/01\/Loreal.jpg 466w, http:\/\/stald-hauge.dk\/wp-content\/uploads\/2025\/01\/Loreal-300x203.jpg 300w\" sizes=\"auto, (max-width: 466px) 100vw, 466px\" \/><\/p>\n","protected":false},"excerpt":{"rendered":"<p>Wild Irish Lor\u00e9al F\u00f8dt: 1997 Lor\u00e9al n\u00e5ede ikke at bo hos os s\u00e5 lang tid, da hun desv\u00e6rre ikke kunne blive dr\u00e6gtig. Hun er dog alligevel en hoppe der vil blive husket p\u00e5 med hendes godmodige sind og smukke bl\u00e5 &hellip; <a href=\"http:\/\/stald-hauge.dk\/index.php\/heste\/tidligere-heste\/wild-irish-loreal\/\">L\u00e6s resten <span class=\"meta-nav\">&rarr;<\/span><\/a><\/p>\n","protected":false},"author":1,"featured_media":0,"parent":771,"menu_order":0,"comment_status":"closed","ping_status":"closed","template":"onecolumn-page.php","meta":{"footnotes":""},"class_list":["post-1753","page","type-page","status-publish","hentry"],"yoast_head":"<!-- This site is optimized with the Yoast SEO plugin v25.3.1 - https:\/\/yoast.com\/wordpress\/plugins\/seo\/ -->\n<title>Wild Irish Lor\u00e9al - Stald Hauge<\/title>\n<meta name=\"robots\" content=\"index, follow, max-snippet:-1, max-image-preview:large, max-video-preview:-1\" \/>\n<link rel=\"canonical\" href=\"https:\/\/stald-hauge.dk\/index.php\/heste\/tidligere-heste\/wild-irish-loreal\/\" \/>\n<meta property=\"og:locale\" content=\"da_DK\" \/>\n<meta property=\"og:type\" content=\"article\" \/>\n<meta property=\"og:title\" content=\"Wild Irish Lor\u00e9al - Stald Hauge\" \/>\n<meta property=\"og:description\" content=\"Wild Irish Lor\u00e9al F\u00f8dt: 1997 Lor\u00e9al n\u00e5ede ikke at bo hos os s\u00e5 lang tid, da hun desv\u00e6rre ikke kunne blive dr\u00e6gtig. Hun er dog alligevel en hoppe der vil blive husket p\u00e5 med hendes godmodige sind og smukke bl\u00e5 &hellip; L\u00e6s resten &rarr;\" \/>\n<meta property=\"og:url\" content=\"https:\/\/stald-hauge.dk\/index.php\/heste\/tidligere-heste\/wild-irish-loreal\/\" \/>\n<meta property=\"og:site_name\" content=\"Stald Hauge\" \/>\n<meta property=\"article:publisher\" content=\"https:\/\/www.facebook.com\/lisehauge\/\" \/>\n<meta property=\"article:modified_time\" content=\"2025-01-02T19:48:05+00:00\" \/>\n<meta property=\"og:image\" content=\"http:\/\/stald-hauge.dk\/wp-content\/uploads\/2025\/01\/Loreal2-700x467.jpg\" \/>\n<meta name=\"twitter:card\" content=\"summary_large_image\" \/>\n<script type=\"application\/ld+json\" class=\"yoast-schema-graph\">{\"@context\":\"https:\/\/schema.org\",\"@graph\":[{\"@type\":\"WebPage\",\"@id\":\"https:\/\/stald-hauge.dk\/index.php\/heste\/tidligere-heste\/wild-irish-loreal\/\",\"url\":\"https:\/\/stald-hauge.dk\/index.php\/heste\/tidligere-heste\/wild-irish-loreal\/\",\"name\":\"Wild Irish Lor\u00e9al - Stald Hauge\",\"isPartOf\":{\"@id\":\"https:\/\/stald-hauge.dk\/#website\"},\"primaryImageOfPage\":{\"@id\":\"https:\/\/stald-hauge.dk\/index.php\/heste\/tidligere-heste\/wild-irish-loreal\/#primaryimage\"},\"image\":{\"@id\":\"https:\/\/stald-hauge.dk\/index.php\/heste\/tidligere-heste\/wild-irish-loreal\/#primaryimage\"},\"thumbnailUrl\":\"http:\/\/stald-hauge.dk\/wp-content\/uploads\/2025\/01\/Loreal2-700x467.jpg\",\"datePublished\":\"2024-08-22T11:34:05+00:00\",\"dateModified\":\"2025-01-02T19:48:05+00:00\",\"breadcrumb\":{\"@id\":\"https:\/\/stald-hauge.dk\/index.php\/heste\/tidligere-heste\/wild-irish-loreal\/#breadcrumb\"},\"inLanguage\":\"da-DK\",\"potentialAction\":[{\"@type\":\"ReadAction\",\"target\":[\"https:\/\/stald-hauge.dk\/index.php\/heste\/tidligere-heste\/wild-irish-loreal\/\"]}]},{\"@type\":\"ImageObject\",\"inLanguage\":\"da-DK\",\"@id\":\"https:\/\/stald-hauge.dk\/index.php\/heste\/tidligere-heste\/wild-irish-loreal\/#primaryimage\",\"url\":\"http:\/\/stald-hauge.dk\/wp-content\/uploads\/2025\/01\/Loreal2.jpg\",\"contentUrl\":\"http:\/\/stald-hauge.dk\/wp-content\/uploads\/2025\/01\/Loreal2.jpg\",\"width\":1024,\"height\":683},{\"@type\":\"BreadcrumbList\",\"@id\":\"https:\/\/stald-hauge.dk\/index.php\/heste\/tidligere-heste\/wild-irish-loreal\/#breadcrumb\",\"itemListElement\":[{\"@type\":\"ListItem\",\"position\":1,\"name\":\"Hjem\",\"item\":\"https:\/\/stald-hauge.dk\/\"},{\"@type\":\"ListItem\",\"position\":2,\"name\":\"Heste\",\"item\":\"http:\/\/stald-hauge.dk\/index.php\/heste\/\"},{\"@type\":\"ListItem\",\"position\":3,\"name\":\"Tidligere heste\",\"item\":\"http:\/\/stald-hauge.dk\/index.php\/heste\/tidligere-heste\/\"},{\"@type\":\"ListItem\",\"position\":4,\"name\":\"Wild Irish Lor\u00e9al\"}]},{\"@type\":\"WebSite\",\"@id\":\"https:\/\/stald-hauge.dk\/#website\",\"url\":\"https:\/\/stald-hauge.dk\/\",\"name\":\"Stald Hauge\",\"description\":\"v\/Lise Hauge S\u00f8rensen\",\"publisher\":{\"@id\":\"https:\/\/stald-hauge.dk\/#\/schema\/person\/5e9342de63bcc5037d653908c024bc01\"},\"potentialAction\":[{\"@type\":\"SearchAction\",\"target\":{\"@type\":\"EntryPoint\",\"urlTemplate\":\"https:\/\/stald-hauge.dk\/?s={search_term_string}\"},\"query-input\":{\"@type\":\"PropertyValueSpecification\",\"valueRequired\":true,\"valueName\":\"search_term_string\"}}],\"inLanguage\":\"da-DK\"},{\"@type\":[\"Person\",\"Organization\"],\"@id\":\"https:\/\/stald-hauge.dk\/#\/schema\/person\/5e9342de63bcc5037d653908c024bc01\",\"name\":\"admin\",\"image\":{\"@type\":\"ImageObject\",\"inLanguage\":\"da-DK\",\"@id\":\"https:\/\/stald-hauge.dk\/#\/schema\/person\/image\/\",\"url\":\"https:\/\/secure.gravatar.com\/avatar\/cb52025513d5b4d5bf079f09f5aae21c223852877c5a747e37ab431711bb309d?s=96&d=mm&r=g\",\"contentUrl\":\"https:\/\/secure.gravatar.com\/avatar\/cb52025513d5b4d5bf079f09f5aae21c223852877c5a747e37ab431711bb309d?s=96&d=mm&r=g\",\"caption\":\"admin\"},\"logo\":{\"@id\":\"https:\/\/stald-hauge.dk\/#\/schema\/person\/image\/\"},\"sameAs\":[\"http:\/\/stald-hauge.dk\",\"https:\/\/www.facebook.com\/lisehauge\/\"]}]}<\/script>\n<!-- \/ Yoast SEO plugin. -->","yoast_head_json":{"title":"Wild Irish Lor\u00e9al - Stald Hauge","robots":{"index":"index","follow":"follow","max-snippet":"max-snippet:-1","max-image-preview":"max-image-preview:large","max-video-preview":"max-video-preview:-1"},"canonical":"https:\/\/stald-hauge.dk\/index.php\/heste\/tidligere-heste\/wild-irish-loreal\/","og_locale":"da_DK","og_type":"article","og_title":"Wild Irish Lor\u00e9al - Stald Hauge","og_description":"Wild Irish Lor\u00e9al F\u00f8dt: 1997 Lor\u00e9al n\u00e5ede ikke at bo hos os s\u00e5 lang tid, da hun desv\u00e6rre ikke kunne blive dr\u00e6gtig. Hun er dog alligevel en hoppe der vil blive husket p\u00e5 med hendes godmodige sind og smukke bl\u00e5 &hellip; L\u00e6s resten &rarr;","og_url":"https:\/\/stald-hauge.dk\/index.php\/heste\/tidligere-heste\/wild-irish-loreal\/","og_site_name":"Stald Hauge","article_publisher":"https:\/\/www.facebook.com\/lisehauge\/","article_modified_time":"2025-01-02T19:48:05+00:00","og_image":[{"url":"http:\/\/stald-hauge.dk\/wp-content\/uploads\/2025\/01\/Loreal2-700x467.jpg","type":"","width":"","height":""}],"twitter_card":"summary_large_image","schema":{"@context":"https:\/\/schema.org","@graph":[{"@type":"WebPage","@id":"https:\/\/stald-hauge.dk\/index.php\/heste\/tidligere-heste\/wild-irish-loreal\/","url":"https:\/\/stald-hauge.dk\/index.php\/heste\/tidligere-heste\/wild-irish-loreal\/","name":"Wild Irish Lor\u00e9al - Stald Hauge","isPartOf":{"@id":"https:\/\/stald-hauge.dk\/#website"},"primaryImageOfPage":{"@id":"https:\/\/stald-hauge.dk\/index.php\/heste\/tidligere-heste\/wild-irish-loreal\/#primaryimage"},"image":{"@id":"https:\/\/stald-hauge.dk\/index.php\/heste\/tidligere-heste\/wild-irish-loreal\/#primaryimage"},"thumbnailUrl":"http:\/\/stald-hauge.dk\/wp-content\/uploads\/2025\/01\/Loreal2-700x467.jpg","datePublished":"2024-08-22T11:34:05+00:00","dateModified":"2025-01-02T19:48:05+00:00","breadcrumb":{"@id":"https:\/\/stald-hauge.dk\/index.php\/heste\/tidligere-heste\/wild-irish-loreal\/#breadcrumb"},"inLanguage":"da-DK","potentialAction":[{"@type":"ReadAction","target":["https:\/\/stald-hauge.dk\/index.php\/heste\/tidligere-heste\/wild-irish-loreal\/"]}]},{"@type":"ImageObject","inLanguage":"da-DK","@id":"https:\/\/stald-hauge.dk\/index.php\/heste\/tidligere-heste\/wild-irish-loreal\/#primaryimage","url":"http:\/\/stald-hauge.dk\/wp-content\/uploads\/2025\/01\/Loreal2.jpg","contentUrl":"http:\/\/stald-hauge.dk\/wp-content\/uploads\/2025\/01\/Loreal2.jpg","width":1024,"height":683},{"@type":"BreadcrumbList","@id":"https:\/\/stald-hauge.dk\/index.php\/heste\/tidligere-heste\/wild-irish-loreal\/#breadcrumb","itemListElement":[{"@type":"ListItem","position":1,"name":"Hjem","item":"https:\/\/stald-hauge.dk\/"},{"@type":"ListItem","position":2,"name":"Heste","item":"http:\/\/stald-hauge.dk\/index.php\/heste\/"},{"@type":"ListItem","position":3,"name":"Tidligere heste","item":"http:\/\/stald-hauge.dk\/index.php\/heste\/tidligere-heste\/"},{"@type":"ListItem","position":4,"name":"Wild Irish Lor\u00e9al"}]},{"@type":"WebSite","@id":"https:\/\/stald-hauge.dk\/#website","url":"https:\/\/stald-hauge.dk\/","name":"Stald Hauge","description":"v\/Lise Hauge S\u00f8rensen","publisher":{"@id":"https:\/\/stald-hauge.dk\/#\/schema\/person\/5e9342de63bcc5037d653908c024bc01"},"potentialAction":[{"@type":"SearchAction","target":{"@type":"EntryPoint","urlTemplate":"https:\/\/stald-hauge.dk\/?s={search_term_string}"},"query-input":{"@type":"PropertyValueSpecification","valueRequired":true,"valueName":"search_term_string"}}],"inLanguage":"da-DK"},{"@type":["Person","Organization"],"@id":"https:\/\/stald-hauge.dk\/#\/schema\/person\/5e9342de63bcc5037d653908c024bc01","name":"admin","image":{"@type":"ImageObject","inLanguage":"da-DK","@id":"https:\/\/stald-hauge.dk\/#\/schema\/person\/image\/","url":"https:\/\/secure.gravatar.com\/avatar\/cb52025513d5b4d5bf079f09f5aae21c223852877c5a747e37ab431711bb309d?s=96&d=mm&r=g","contentUrl":"https:\/\/secure.gravatar.com\/avatar\/cb52025513d5b4d5bf079f09f5aae21c223852877c5a747e37ab431711bb309d?s=96&d=mm&r=g","caption":"admin"},"logo":{"@id":"https:\/\/stald-hauge.dk\/#\/schema\/person\/image\/"},"sameAs":["http:\/\/stald-hauge.dk","https:\/\/www.facebook.com\/lisehauge\/"]}]}},"_links":{"self":[{"href":"http:\/\/stald-hauge.dk\/index.php\/wp-json\/wp\/v2\/pages\/1753","targetHints":{"allow":["GET"]}}],"collection":[{"href":"http:\/\/stald-hauge.dk\/index.php\/wp-json\/wp\/v2\/pages"}],"about":[{"href":"http:\/\/stald-hauge.dk\/index.php\/wp-json\/wp\/v2\/types\/page"}],"author":[{"embeddable":true,"href":"http:\/\/stald-hauge.dk\/index.php\/wp-json\/wp\/v2\/users\/1"}],"replies":[{"embeddable":true,"href":"http:\/\/stald-hauge.dk\/index.php\/wp-json\/wp\/v2\/comments?post=1753"}],"version-history":[{"count":2,"href":"http:\/\/stald-hauge.dk\/index.php\/wp-json\/wp\/v2\/pages\/1753\/revisions"}],"predecessor-version":[{"id":4938,"href":"http:\/\/stald-hauge.dk\/index.php\/wp-json\/wp\/v2\/pages\/1753\/revisions\/4938"}],"up":[{"embeddable":true,"href":"http:\/\/stald-hauge.dk\/index.php\/wp-json\/wp\/v2\/pages\/771"}],"wp:attachment":[{"href":"http:\/\/stald-hauge.dk\/index.php\/wp-json\/wp\/v2\/media?parent=1753"}],"curies":[{"name":"wp","href":"https:\/\/api.w.org\/{rel}","templated":true}]}}