{"id":2229,"date":"2024-08-23T13:38:10","date_gmt":"2024-08-23T13:38:10","guid":{"rendered":"https:\/\/stald-hauge.dk\/?page_id=2229"},"modified":"2025-01-02T10:30:56","modified_gmt":"2025-01-02T10:30:56","slug":"2012-gl-estrup-landbrugsmesse","status":"publish","type":"page","link":"http:\/\/stald-hauge.dk\/index.php\/heste\/show-kaaring\/2012-gl-estrup-landbrugsmesse\/","title":{"rendered":"2012 &#8211; Gl. Estrup Landbrugsmesse"},"content":{"rendered":"<p style=\"text-align: center;\">Freya udstillede Calle p\u00e5 b\u00f8rnedyrskue og opn\u00e5ede \u00e6respr\u00e6mie<\/p>\n<p style=\"text-align: center;\"><img loading=\"lazy\" decoding=\"async\" class=\"alignnone size-large wp-image-4427\" src=\"http:\/\/stald-hauge.dk\/wp-content\/uploads\/2025\/01\/Estrup12-6-700x466.jpg\" alt=\"\" width=\"640\" height=\"426\" srcset=\"http:\/\/stald-hauge.dk\/wp-content\/uploads\/2025\/01\/Estrup12-6-700x466.jpg 700w, http:\/\/stald-hauge.dk\/wp-content\/uploads\/2025\/01\/Estrup12-6-300x200.jpg 300w, http:\/\/stald-hauge.dk\/wp-content\/uploads\/2025\/01\/Estrup12-6.jpg 768w\" sizes=\"auto, (max-width: 640px) 100vw, 640px\" \/> <img loading=\"lazy\" decoding=\"async\" class=\"alignnone size-large wp-image-4428\" src=\"http:\/\/stald-hauge.dk\/wp-content\/uploads\/2025\/01\/Estrup12-7-700x466.jpg\" alt=\"\" width=\"640\" height=\"426\" srcset=\"http:\/\/stald-hauge.dk\/wp-content\/uploads\/2025\/01\/Estrup12-7-700x466.jpg 700w, http:\/\/stald-hauge.dk\/wp-content\/uploads\/2025\/01\/Estrup12-7-300x200.jpg 300w, http:\/\/stald-hauge.dk\/wp-content\/uploads\/2025\/01\/Estrup12-7.jpg 768w\" sizes=\"auto, (max-width: 640px) 100vw, 640px\" \/> <img loading=\"lazy\" decoding=\"async\" class=\"alignnone size-large wp-image-4425\" src=\"http:\/\/stald-hauge.dk\/wp-content\/uploads\/2025\/01\/Estrup12-3-700x466.jpg\" alt=\"\" width=\"640\" height=\"426\" srcset=\"http:\/\/stald-hauge.dk\/wp-content\/uploads\/2025\/01\/Estrup12-3-700x466.jpg 700w, http:\/\/stald-hauge.dk\/wp-content\/uploads\/2025\/01\/Estrup12-3-300x200.jpg 300w, http:\/\/stald-hauge.dk\/wp-content\/uploads\/2025\/01\/Estrup12-3.jpg 768w\" sizes=\"auto, (max-width: 640px) 100vw, 640px\" \/> <img loading=\"lazy\" decoding=\"async\" class=\"alignnone size-large wp-image-4424\" src=\"http:\/\/stald-hauge.dk\/wp-content\/uploads\/2025\/01\/Estrup12-2-700x466.jpg\" alt=\"\" width=\"640\" height=\"426\" srcset=\"http:\/\/stald-hauge.dk\/wp-content\/uploads\/2025\/01\/Estrup12-2-700x466.jpg 700w, http:\/\/stald-hauge.dk\/wp-content\/uploads\/2025\/01\/Estrup12-2-300x200.jpg 300w, http:\/\/stald-hauge.dk\/wp-content\/uploads\/2025\/01\/Estrup12-2.jpg 768w\" sizes=\"auto, (max-width: 640px) 100vw, 640px\" \/> <img loading=\"lazy\" decoding=\"async\" class=\"alignnone size-large wp-image-4423\" src=\"http:\/\/stald-hauge.dk\/wp-content\/uploads\/2025\/01\/Estrup12-1-700x466.jpg\" alt=\"\" width=\"640\" height=\"426\" srcset=\"http:\/\/stald-hauge.dk\/wp-content\/uploads\/2025\/01\/Estrup12-1-700x466.jpg 700w, http:\/\/stald-hauge.dk\/wp-content\/uploads\/2025\/01\/Estrup12-1-300x200.jpg 300w, http:\/\/stald-hauge.dk\/wp-content\/uploads\/2025\/01\/Estrup12-1.jpg 768w\" sizes=\"auto, (max-width: 640px) 100vw, 640px\" \/> <img loading=\"lazy\" decoding=\"async\" class=\"alignnone size-large wp-image-4426\" src=\"http:\/\/stald-hauge.dk\/wp-content\/uploads\/2025\/01\/Estrup12-5-700x466.jpg\" alt=\"\" width=\"640\" height=\"426\" srcset=\"http:\/\/stald-hauge.dk\/wp-content\/uploads\/2025\/01\/Estrup12-5-700x466.jpg 700w, http:\/\/stald-hauge.dk\/wp-content\/uploads\/2025\/01\/Estrup12-5-300x200.jpg 300w, http:\/\/stald-hauge.dk\/wp-content\/uploads\/2025\/01\/Estrup12-5.jpg 768w\" sizes=\"auto, (max-width: 640px) 100vw, 640px\" \/> <img loading=\"lazy\" decoding=\"async\" class=\"alignnone size-large wp-image-4429\" src=\"http:\/\/stald-hauge.dk\/wp-content\/uploads\/2025\/01\/Estrup12-8-700x466.jpg\" alt=\"\" width=\"640\" height=\"426\" srcset=\"http:\/\/stald-hauge.dk\/wp-content\/uploads\/2025\/01\/Estrup12-8-700x466.jpg 700w, http:\/\/stald-hauge.dk\/wp-content\/uploads\/2025\/01\/Estrup12-8-300x200.jpg 300w, http:\/\/stald-hauge.dk\/wp-content\/uploads\/2025\/01\/Estrup12-8.jpg 768w\" sizes=\"auto, (max-width: 640px) 100vw, 640px\" \/> <img loading=\"lazy\" decoding=\"async\" class=\"alignnone size-large wp-image-4430\" src=\"http:\/\/stald-hauge.dk\/wp-content\/uploads\/2025\/01\/Estrup12-9-700x466.jpg\" alt=\"\" width=\"640\" height=\"426\" srcset=\"http:\/\/stald-hauge.dk\/wp-content\/uploads\/2025\/01\/Estrup12-9-700x466.jpg 700w, http:\/\/stald-hauge.dk\/wp-content\/uploads\/2025\/01\/Estrup12-9-300x200.jpg 300w, http:\/\/stald-hauge.dk\/wp-content\/uploads\/2025\/01\/Estrup12-9.jpg 768w\" sizes=\"auto, (max-width: 640px) 100vw, 640px\" \/> <img loading=\"lazy\" decoding=\"async\" class=\"alignnone size-large wp-image-4431\" src=\"http:\/\/stald-hauge.dk\/wp-content\/uploads\/2025\/01\/Estrup12-10-700x466.jpg\" alt=\"\" width=\"640\" height=\"426\" srcset=\"http:\/\/stald-hauge.dk\/wp-content\/uploads\/2025\/01\/Estrup12-10-700x466.jpg 700w, http:\/\/stald-hauge.dk\/wp-content\/uploads\/2025\/01\/Estrup12-10-300x200.jpg 300w, http:\/\/stald-hauge.dk\/wp-content\/uploads\/2025\/01\/Estrup12-10.jpg 768w\" sizes=\"auto, (max-width: 640px) 100vw, 640px\" \/> <img loading=\"lazy\" decoding=\"async\" class=\"alignnone size-large wp-image-4432\" src=\"http:\/\/stald-hauge.dk\/wp-content\/uploads\/2025\/01\/Estrup12-11-700x468.jpg\" alt=\"\" width=\"640\" height=\"428\" srcset=\"http:\/\/stald-hauge.dk\/wp-content\/uploads\/2025\/01\/Estrup12-11-700x468.jpg 700w, http:\/\/stald-hauge.dk\/wp-content\/uploads\/2025\/01\/Estrup12-11-300x200.jpg 300w, http:\/\/stald-hauge.dk\/wp-content\/uploads\/2025\/01\/Estrup12-11.jpg 768w\" sizes=\"auto, (max-width: 640px) 100vw, 640px\" \/> <img loading=\"lazy\" decoding=\"async\" class=\"alignnone size-large wp-image-4433\" src=\"http:\/\/stald-hauge.dk\/wp-content\/uploads\/2025\/01\/Estrup12-12-700x466.jpg\" alt=\"\" width=\"640\" height=\"426\" srcset=\"http:\/\/stald-hauge.dk\/wp-content\/uploads\/2025\/01\/Estrup12-12-700x466.jpg 700w, http:\/\/stald-hauge.dk\/wp-content\/uploads\/2025\/01\/Estrup12-12-300x200.jpg 300w, http:\/\/stald-hauge.dk\/wp-content\/uploads\/2025\/01\/Estrup12-12.jpg 768w\" sizes=\"auto, (max-width: 640px) 100vw, 640px\" \/> <img loading=\"lazy\" decoding=\"async\" class=\"alignnone size-large wp-image-4434\" src=\"http:\/\/stald-hauge.dk\/wp-content\/uploads\/2025\/01\/Estrup12-13-700x466.jpg\" alt=\"\" width=\"640\" height=\"426\" srcset=\"http:\/\/stald-hauge.dk\/wp-content\/uploads\/2025\/01\/Estrup12-13-700x466.jpg 700w, http:\/\/stald-hauge.dk\/wp-content\/uploads\/2025\/01\/Estrup12-13-300x200.jpg 300w, http:\/\/stald-hauge.dk\/wp-content\/uploads\/2025\/01\/Estrup12-13.jpg 768w\" sizes=\"auto, (max-width: 640px) 100vw, 640px\" \/> <img loading=\"lazy\" decoding=\"async\" class=\"alignnone size-large wp-image-4435\" src=\"http:\/\/stald-hauge.dk\/wp-content\/uploads\/2025\/01\/Estrup12-14-700x466.jpg\" alt=\"\" width=\"640\" height=\"426\" srcset=\"http:\/\/stald-hauge.dk\/wp-content\/uploads\/2025\/01\/Estrup12-14-700x466.jpg 700w, http:\/\/stald-hauge.dk\/wp-content\/uploads\/2025\/01\/Estrup12-14-300x200.jpg 300w, http:\/\/stald-hauge.dk\/wp-content\/uploads\/2025\/01\/Estrup12-14.jpg 768w\" sizes=\"auto, (max-width: 640px) 100vw, 640px\" \/> <img loading=\"lazy\" decoding=\"async\" class=\"alignnone size-large wp-image-4436\" src=\"http:\/\/stald-hauge.dk\/wp-content\/uploads\/2025\/01\/Estrup12-15-700x466.jpg\" alt=\"\" width=\"640\" height=\"426\" srcset=\"http:\/\/stald-hauge.dk\/wp-content\/uploads\/2025\/01\/Estrup12-15-700x466.jpg 700w, http:\/\/stald-hauge.dk\/wp-content\/uploads\/2025\/01\/Estrup12-15-300x200.jpg 300w, http:\/\/stald-hauge.dk\/wp-content\/uploads\/2025\/01\/Estrup12-15.jpg 768w\" sizes=\"auto, (max-width: 640px) 100vw, 640px\" \/> <img loading=\"lazy\" decoding=\"async\" class=\"alignnone size-large wp-image-4437\" src=\"http:\/\/stald-hauge.dk\/wp-content\/uploads\/2025\/01\/Estrup12-16-700x466.jpg\" alt=\"\" width=\"640\" height=\"426\" srcset=\"http:\/\/stald-hauge.dk\/wp-content\/uploads\/2025\/01\/Estrup12-16-700x466.jpg 700w, http:\/\/stald-hauge.dk\/wp-content\/uploads\/2025\/01\/Estrup12-16-300x200.jpg 300w, http:\/\/stald-hauge.dk\/wp-content\/uploads\/2025\/01\/Estrup12-16.jpg 768w\" sizes=\"auto, (max-width: 640px) 100vw, 640px\" \/> <img loading=\"lazy\" decoding=\"async\" class=\"alignnone size-large wp-image-4422\" src=\"http:\/\/stald-hauge.dk\/wp-content\/uploads\/2025\/01\/Estrup12--700x466.jpg\" alt=\"\" width=\"640\" height=\"426\" srcset=\"http:\/\/stald-hauge.dk\/wp-content\/uploads\/2025\/01\/Estrup12--700x466.jpg 700w, http:\/\/stald-hauge.dk\/wp-content\/uploads\/2025\/01\/Estrup12--300x200.jpg 300w, http:\/\/stald-hauge.dk\/wp-content\/uploads\/2025\/01\/Estrup12-.jpg 768w\" sizes=\"auto, (max-width: 640px) 100vw, 640px\" \/><\/p>\n","protected":false},"excerpt":{"rendered":"<p>Freya udstillede Calle p\u00e5 b\u00f8rnedyrskue og opn\u00e5ede \u00e6respr\u00e6mie<\/p>\n","protected":false},"author":1,"featured_media":0,"parent":1757,"menu_order":0,"comment_status":"closed","ping_status":"closed","template":"onecolumn-page.php","meta":{"footnotes":""},"class_list":["post-2229","page","type-page","status-publish","hentry"],"yoast_head":"<!-- This site is optimized with the Yoast SEO plugin v25.3.1 - https:\/\/yoast.com\/wordpress\/plugins\/seo\/ -->\n<title>2012 - Gl. Estrup Landbrugsmesse - Stald Hauge<\/title>\n<meta name=\"robots\" content=\"index, follow, max-snippet:-1, max-image-preview:large, max-video-preview:-1\" \/>\n<link rel=\"canonical\" href=\"https:\/\/stald-hauge.dk\/index.php\/heste\/show-kaaring\/2012-gl-estrup-landbrugsmesse\/\" \/>\n<meta property=\"og:locale\" content=\"da_DK\" \/>\n<meta property=\"og:type\" content=\"article\" \/>\n<meta property=\"og:title\" content=\"2012 - Gl. Estrup Landbrugsmesse - Stald Hauge\" \/>\n<meta property=\"og:description\" content=\"Freya udstillede Calle p\u00e5 b\u00f8rnedyrskue og opn\u00e5ede \u00e6respr\u00e6mie\" \/>\n<meta property=\"og:url\" content=\"https:\/\/stald-hauge.dk\/index.php\/heste\/show-kaaring\/2012-gl-estrup-landbrugsmesse\/\" \/>\n<meta property=\"og:site_name\" content=\"Stald Hauge\" \/>\n<meta property=\"article:publisher\" content=\"https:\/\/www.facebook.com\/lisehauge\/\" \/>\n<meta property=\"article:modified_time\" content=\"2025-01-02T10:30:56+00:00\" \/>\n<meta property=\"og:image\" content=\"http:\/\/stald-hauge.dk\/wp-content\/uploads\/2025\/01\/Estrup12-6-700x466.jpg\" \/>\n<meta name=\"twitter:card\" content=\"summary_large_image\" \/>\n<script type=\"application\/ld+json\" class=\"yoast-schema-graph\">{\"@context\":\"https:\/\/schema.org\",\"@graph\":[{\"@type\":\"WebPage\",\"@id\":\"https:\/\/stald-hauge.dk\/index.php\/heste\/show-kaaring\/2012-gl-estrup-landbrugsmesse\/\",\"url\":\"https:\/\/stald-hauge.dk\/index.php\/heste\/show-kaaring\/2012-gl-estrup-landbrugsmesse\/\",\"name\":\"2012 - Gl. Estrup Landbrugsmesse - Stald Hauge\",\"isPartOf\":{\"@id\":\"https:\/\/stald-hauge.dk\/#website\"},\"primaryImageOfPage\":{\"@id\":\"https:\/\/stald-hauge.dk\/index.php\/heste\/show-kaaring\/2012-gl-estrup-landbrugsmesse\/#primaryimage\"},\"image\":{\"@id\":\"https:\/\/stald-hauge.dk\/index.php\/heste\/show-kaaring\/2012-gl-estrup-landbrugsmesse\/#primaryimage\"},\"thumbnailUrl\":\"http:\/\/stald-hauge.dk\/wp-content\/uploads\/2025\/01\/Estrup12-6-700x466.jpg\",\"datePublished\":\"2024-08-23T13:38:10+00:00\",\"dateModified\":\"2025-01-02T10:30:56+00:00\",\"breadcrumb\":{\"@id\":\"https:\/\/stald-hauge.dk\/index.php\/heste\/show-kaaring\/2012-gl-estrup-landbrugsmesse\/#breadcrumb\"},\"inLanguage\":\"da-DK\",\"potentialAction\":[{\"@type\":\"ReadAction\",\"target\":[\"https:\/\/stald-hauge.dk\/index.php\/heste\/show-kaaring\/2012-gl-estrup-landbrugsmesse\/\"]}]},{\"@type\":\"ImageObject\",\"inLanguage\":\"da-DK\",\"@id\":\"https:\/\/stald-hauge.dk\/index.php\/heste\/show-kaaring\/2012-gl-estrup-landbrugsmesse\/#primaryimage\",\"url\":\"http:\/\/stald-hauge.dk\/wp-content\/uploads\/2025\/01\/Estrup12-6.jpg\",\"contentUrl\":\"http:\/\/stald-hauge.dk\/wp-content\/uploads\/2025\/01\/Estrup12-6.jpg\",\"width\":768,\"height\":511},{\"@type\":\"BreadcrumbList\",\"@id\":\"https:\/\/stald-hauge.dk\/index.php\/heste\/show-kaaring\/2012-gl-estrup-landbrugsmesse\/#breadcrumb\",\"itemListElement\":[{\"@type\":\"ListItem\",\"position\":1,\"name\":\"Hjem\",\"item\":\"https:\/\/stald-hauge.dk\/\"},{\"@type\":\"ListItem\",\"position\":2,\"name\":\"Heste\",\"item\":\"http:\/\/stald-hauge.dk\/index.php\/heste\/\"},{\"@type\":\"ListItem\",\"position\":3,\"name\":\"Show \/ K\u00e5ring\",\"item\":\"http:\/\/stald-hauge.dk\/index.php\/heste\/show-kaaring\/\"},{\"@type\":\"ListItem\",\"position\":4,\"name\":\"2012 &#8211; Gl. Estrup Landbrugsmesse\"}]},{\"@type\":\"WebSite\",\"@id\":\"https:\/\/stald-hauge.dk\/#website\",\"url\":\"https:\/\/stald-hauge.dk\/\",\"name\":\"Stald Hauge\",\"description\":\"v\/Lise Hauge S\u00f8rensen\",\"publisher\":{\"@id\":\"https:\/\/stald-hauge.dk\/#\/schema\/person\/5e9342de63bcc5037d653908c024bc01\"},\"potentialAction\":[{\"@type\":\"SearchAction\",\"target\":{\"@type\":\"EntryPoint\",\"urlTemplate\":\"https:\/\/stald-hauge.dk\/?s={search_term_string}\"},\"query-input\":{\"@type\":\"PropertyValueSpecification\",\"valueRequired\":true,\"valueName\":\"search_term_string\"}}],\"inLanguage\":\"da-DK\"},{\"@type\":[\"Person\",\"Organization\"],\"@id\":\"https:\/\/stald-hauge.dk\/#\/schema\/person\/5e9342de63bcc5037d653908c024bc01\",\"name\":\"admin\",\"image\":{\"@type\":\"ImageObject\",\"inLanguage\":\"da-DK\",\"@id\":\"https:\/\/stald-hauge.dk\/#\/schema\/person\/image\/\",\"url\":\"https:\/\/secure.gravatar.com\/avatar\/cb52025513d5b4d5bf079f09f5aae21c223852877c5a747e37ab431711bb309d?s=96&d=mm&r=g\",\"contentUrl\":\"https:\/\/secure.gravatar.com\/avatar\/cb52025513d5b4d5bf079f09f5aae21c223852877c5a747e37ab431711bb309d?s=96&d=mm&r=g\",\"caption\":\"admin\"},\"logo\":{\"@id\":\"https:\/\/stald-hauge.dk\/#\/schema\/person\/image\/\"},\"sameAs\":[\"http:\/\/stald-hauge.dk\",\"https:\/\/www.facebook.com\/lisehauge\/\"]}]}<\/script>\n<!-- \/ Yoast SEO plugin. -->","yoast_head_json":{"title":"2012 - Gl. Estrup Landbrugsmesse - Stald Hauge","robots":{"index":"index","follow":"follow","max-snippet":"max-snippet:-1","max-image-preview":"max-image-preview:large","max-video-preview":"max-video-preview:-1"},"canonical":"https:\/\/stald-hauge.dk\/index.php\/heste\/show-kaaring\/2012-gl-estrup-landbrugsmesse\/","og_locale":"da_DK","og_type":"article","og_title":"2012 - Gl. Estrup Landbrugsmesse - Stald Hauge","og_description":"Freya udstillede Calle p\u00e5 b\u00f8rnedyrskue og opn\u00e5ede \u00e6respr\u00e6mie","og_url":"https:\/\/stald-hauge.dk\/index.php\/heste\/show-kaaring\/2012-gl-estrup-landbrugsmesse\/","og_site_name":"Stald Hauge","article_publisher":"https:\/\/www.facebook.com\/lisehauge\/","article_modified_time":"2025-01-02T10:30:56+00:00","og_image":[{"url":"http:\/\/stald-hauge.dk\/wp-content\/uploads\/2025\/01\/Estrup12-6-700x466.jpg","type":"","width":"","height":""}],"twitter_card":"summary_large_image","schema":{"@context":"https:\/\/schema.org","@graph":[{"@type":"WebPage","@id":"https:\/\/stald-hauge.dk\/index.php\/heste\/show-kaaring\/2012-gl-estrup-landbrugsmesse\/","url":"https:\/\/stald-hauge.dk\/index.php\/heste\/show-kaaring\/2012-gl-estrup-landbrugsmesse\/","name":"2012 - Gl. Estrup Landbrugsmesse - Stald Hauge","isPartOf":{"@id":"https:\/\/stald-hauge.dk\/#website"},"primaryImageOfPage":{"@id":"https:\/\/stald-hauge.dk\/index.php\/heste\/show-kaaring\/2012-gl-estrup-landbrugsmesse\/#primaryimage"},"image":{"@id":"https:\/\/stald-hauge.dk\/index.php\/heste\/show-kaaring\/2012-gl-estrup-landbrugsmesse\/#primaryimage"},"thumbnailUrl":"http:\/\/stald-hauge.dk\/wp-content\/uploads\/2025\/01\/Estrup12-6-700x466.jpg","datePublished":"2024-08-23T13:38:10+00:00","dateModified":"2025-01-02T10:30:56+00:00","breadcrumb":{"@id":"https:\/\/stald-hauge.dk\/index.php\/heste\/show-kaaring\/2012-gl-estrup-landbrugsmesse\/#breadcrumb"},"inLanguage":"da-DK","potentialAction":[{"@type":"ReadAction","target":["https:\/\/stald-hauge.dk\/index.php\/heste\/show-kaaring\/2012-gl-estrup-landbrugsmesse\/"]}]},{"@type":"ImageObject","inLanguage":"da-DK","@id":"https:\/\/stald-hauge.dk\/index.php\/heste\/show-kaaring\/2012-gl-estrup-landbrugsmesse\/#primaryimage","url":"http:\/\/stald-hauge.dk\/wp-content\/uploads\/2025\/01\/Estrup12-6.jpg","contentUrl":"http:\/\/stald-hauge.dk\/wp-content\/uploads\/2025\/01\/Estrup12-6.jpg","width":768,"height":511},{"@type":"BreadcrumbList","@id":"https:\/\/stald-hauge.dk\/index.php\/heste\/show-kaaring\/2012-gl-estrup-landbrugsmesse\/#breadcrumb","itemListElement":[{"@type":"ListItem","position":1,"name":"Hjem","item":"https:\/\/stald-hauge.dk\/"},{"@type":"ListItem","position":2,"name":"Heste","item":"http:\/\/stald-hauge.dk\/index.php\/heste\/"},{"@type":"ListItem","position":3,"name":"Show \/ K\u00e5ring","item":"http:\/\/stald-hauge.dk\/index.php\/heste\/show-kaaring\/"},{"@type":"ListItem","position":4,"name":"2012 &#8211; Gl. Estrup Landbrugsmesse"}]},{"@type":"WebSite","@id":"https:\/\/stald-hauge.dk\/#website","url":"https:\/\/stald-hauge.dk\/","name":"Stald Hauge","description":"v\/Lise Hauge S\u00f8rensen","publisher":{"@id":"https:\/\/stald-hauge.dk\/#\/schema\/person\/5e9342de63bcc5037d653908c024bc01"},"potentialAction":[{"@type":"SearchAction","target":{"@type":"EntryPoint","urlTemplate":"https:\/\/stald-hauge.dk\/?s={search_term_string}"},"query-input":{"@type":"PropertyValueSpecification","valueRequired":true,"valueName":"search_term_string"}}],"inLanguage":"da-DK"},{"@type":["Person","Organization"],"@id":"https:\/\/stald-hauge.dk\/#\/schema\/person\/5e9342de63bcc5037d653908c024bc01","name":"admin","image":{"@type":"ImageObject","inLanguage":"da-DK","@id":"https:\/\/stald-hauge.dk\/#\/schema\/person\/image\/","url":"https:\/\/secure.gravatar.com\/avatar\/cb52025513d5b4d5bf079f09f5aae21c223852877c5a747e37ab431711bb309d?s=96&d=mm&r=g","contentUrl":"https:\/\/secure.gravatar.com\/avatar\/cb52025513d5b4d5bf079f09f5aae21c223852877c5a747e37ab431711bb309d?s=96&d=mm&r=g","caption":"admin"},"logo":{"@id":"https:\/\/stald-hauge.dk\/#\/schema\/person\/image\/"},"sameAs":["http:\/\/stald-hauge.dk","https:\/\/www.facebook.com\/lisehauge\/"]}]}},"_links":{"self":[{"href":"http:\/\/stald-hauge.dk\/index.php\/wp-json\/wp\/v2\/pages\/2229","targetHints":{"allow":["GET"]}}],"collection":[{"href":"http:\/\/stald-hauge.dk\/index.php\/wp-json\/wp\/v2\/pages"}],"about":[{"href":"http:\/\/stald-hauge.dk\/index.php\/wp-json\/wp\/v2\/types\/page"}],"author":[{"embeddable":true,"href":"http:\/\/stald-hauge.dk\/index.php\/wp-json\/wp\/v2\/users\/1"}],"replies":[{"embeddable":true,"href":"http:\/\/stald-hauge.dk\/index.php\/wp-json\/wp\/v2\/comments?post=2229"}],"version-history":[{"count":3,"href":"http:\/\/stald-hauge.dk\/index.php\/wp-json\/wp\/v2\/pages\/2229\/revisions"}],"predecessor-version":[{"id":4901,"href":"http:\/\/stald-hauge.dk\/index.php\/wp-json\/wp\/v2\/pages\/2229\/revisions\/4901"}],"up":[{"embeddable":true,"href":"http:\/\/stald-hauge.dk\/index.php\/wp-json\/wp\/v2\/pages\/1757"}],"wp:attachment":[{"href":"http:\/\/stald-hauge.dk\/index.php\/wp-json\/wp\/v2\/media?parent=2229"}],"curies":[{"name":"wp","href":"https:\/\/api.w.org\/{rel}","templated":true}]}}