{"id":2351,"date":"2024-08-23T14:12:06","date_gmt":"2024-08-23T14:12:06","guid":{"rendered":"https:\/\/stald-hauge.dk\/?page_id=2351"},"modified":"2025-01-02T18:44:14","modified_gmt":"2025-01-02T18:44:14","slug":"2019-gl-estrup-landbrugsmesse","status":"publish","type":"page","link":"http:\/\/stald-hauge.dk\/index.php\/heste\/show-kaaring\/2019-gl-estrup-landbrugsmesse\/","title":{"rendered":"2019 &#8211; Gl. Estrup Landbrugsmesse"},"content":{"rendered":"<p style=\"text-align: center;\">B\u00f8rnedyrskue 2019<\/p>\n<p style=\"text-align: center;\">Freya udstillede Marie, L\u00e6rke udstillede Silke og hendes f\u00f8l Cupcake og Celine havde en kanin med.<\/p>\n<p style=\"text-align: center;\"><img loading=\"lazy\" decoding=\"async\" class=\"alignnone size-large wp-image-4513\" src=\"http:\/\/stald-hauge.dk\/wp-content\/uploads\/2025\/01\/Estrup19--700x467.jpg\" alt=\"\" width=\"640\" height=\"427\" srcset=\"http:\/\/stald-hauge.dk\/wp-content\/uploads\/2025\/01\/Estrup19--700x467.jpg 700w, http:\/\/stald-hauge.dk\/wp-content\/uploads\/2025\/01\/Estrup19--300x200.jpg 300w, http:\/\/stald-hauge.dk\/wp-content\/uploads\/2025\/01\/Estrup19-.jpg 768w\" sizes=\"auto, (max-width: 640px) 100vw, 640px\" \/> <img loading=\"lazy\" decoding=\"async\" class=\"alignnone size-large wp-image-4514\" src=\"http:\/\/stald-hauge.dk\/wp-content\/uploads\/2025\/01\/Estrup19-1-700x467.jpg\" alt=\"\" width=\"640\" height=\"427\" srcset=\"http:\/\/stald-hauge.dk\/wp-content\/uploads\/2025\/01\/Estrup19-1-700x467.jpg 700w, http:\/\/stald-hauge.dk\/wp-content\/uploads\/2025\/01\/Estrup19-1-300x200.jpg 300w, http:\/\/stald-hauge.dk\/wp-content\/uploads\/2025\/01\/Estrup19-1.jpg 768w\" sizes=\"auto, (max-width: 640px) 100vw, 640px\" \/> <img loading=\"lazy\" decoding=\"async\" class=\"alignnone size-large wp-image-4515\" src=\"http:\/\/stald-hauge.dk\/wp-content\/uploads\/2025\/01\/Estrup19-2-700x467.jpg\" alt=\"\" width=\"640\" height=\"427\" srcset=\"http:\/\/stald-hauge.dk\/wp-content\/uploads\/2025\/01\/Estrup19-2-700x467.jpg 700w, http:\/\/stald-hauge.dk\/wp-content\/uploads\/2025\/01\/Estrup19-2-300x200.jpg 300w, http:\/\/stald-hauge.dk\/wp-content\/uploads\/2025\/01\/Estrup19-2.jpg 768w\" sizes=\"auto, (max-width: 640px) 100vw, 640px\" \/> <img loading=\"lazy\" decoding=\"async\" class=\"alignnone size-large wp-image-4516\" src=\"http:\/\/stald-hauge.dk\/wp-content\/uploads\/2025\/01\/Estrup19-3-700x467.jpg\" alt=\"\" width=\"640\" height=\"427\" srcset=\"http:\/\/stald-hauge.dk\/wp-content\/uploads\/2025\/01\/Estrup19-3-700x467.jpg 700w, http:\/\/stald-hauge.dk\/wp-content\/uploads\/2025\/01\/Estrup19-3-300x200.jpg 300w, http:\/\/stald-hauge.dk\/wp-content\/uploads\/2025\/01\/Estrup19-3.jpg 768w\" sizes=\"auto, (max-width: 640px) 100vw, 640px\" \/> <img loading=\"lazy\" decoding=\"async\" class=\"alignnone size-large wp-image-4517\" src=\"http:\/\/stald-hauge.dk\/wp-content\/uploads\/2025\/01\/Estrup19-4-700x467.jpg\" alt=\"\" width=\"640\" height=\"427\" srcset=\"http:\/\/stald-hauge.dk\/wp-content\/uploads\/2025\/01\/Estrup19-4-700x467.jpg 700w, http:\/\/stald-hauge.dk\/wp-content\/uploads\/2025\/01\/Estrup19-4-300x200.jpg 300w, http:\/\/stald-hauge.dk\/wp-content\/uploads\/2025\/01\/Estrup19-4.jpg 768w\" sizes=\"auto, (max-width: 640px) 100vw, 640px\" \/> <img loading=\"lazy\" decoding=\"async\" class=\"alignnone size-large wp-image-4518\" src=\"http:\/\/stald-hauge.dk\/wp-content\/uploads\/2025\/01\/Estrup19-5-700x467.jpg\" alt=\"\" width=\"640\" height=\"427\" srcset=\"http:\/\/stald-hauge.dk\/wp-content\/uploads\/2025\/01\/Estrup19-5-700x467.jpg 700w, http:\/\/stald-hauge.dk\/wp-content\/uploads\/2025\/01\/Estrup19-5-300x200.jpg 300w, http:\/\/stald-hauge.dk\/wp-content\/uploads\/2025\/01\/Estrup19-5.jpg 768w\" sizes=\"auto, (max-width: 640px) 100vw, 640px\" \/> <img loading=\"lazy\" decoding=\"async\" class=\"alignnone size-large wp-image-4519\" src=\"http:\/\/stald-hauge.dk\/wp-content\/uploads\/2025\/01\/Estrup19-6-700x467.jpg\" alt=\"\" width=\"640\" height=\"427\" srcset=\"http:\/\/stald-hauge.dk\/wp-content\/uploads\/2025\/01\/Estrup19-6-700x467.jpg 700w, http:\/\/stald-hauge.dk\/wp-content\/uploads\/2025\/01\/Estrup19-6-300x200.jpg 300w, http:\/\/stald-hauge.dk\/wp-content\/uploads\/2025\/01\/Estrup19-6.jpg 768w\" sizes=\"auto, (max-width: 640px) 100vw, 640px\" \/> <img loading=\"lazy\" decoding=\"async\" class=\"alignnone size-large wp-image-4520\" src=\"http:\/\/stald-hauge.dk\/wp-content\/uploads\/2025\/01\/Estrup19-7-700x467.jpg\" alt=\"\" width=\"640\" height=\"427\" srcset=\"http:\/\/stald-hauge.dk\/wp-content\/uploads\/2025\/01\/Estrup19-7-700x467.jpg 700w, http:\/\/stald-hauge.dk\/wp-content\/uploads\/2025\/01\/Estrup19-7-300x200.jpg 300w, http:\/\/stald-hauge.dk\/wp-content\/uploads\/2025\/01\/Estrup19-7.jpg 768w\" sizes=\"auto, (max-width: 640px) 100vw, 640px\" \/> <img loading=\"lazy\" decoding=\"async\" class=\"alignnone size-large wp-image-4521\" src=\"http:\/\/stald-hauge.dk\/wp-content\/uploads\/2025\/01\/Estrup19-8-700x467.jpg\" alt=\"\" width=\"640\" height=\"427\" srcset=\"http:\/\/stald-hauge.dk\/wp-content\/uploads\/2025\/01\/Estrup19-8-700x467.jpg 700w, http:\/\/stald-hauge.dk\/wp-content\/uploads\/2025\/01\/Estrup19-8-300x200.jpg 300w, http:\/\/stald-hauge.dk\/wp-content\/uploads\/2025\/01\/Estrup19-8.jpg 768w\" sizes=\"auto, (max-width: 640px) 100vw, 640px\" \/> <img loading=\"lazy\" decoding=\"async\" class=\"alignnone size-large wp-image-4522\" src=\"http:\/\/stald-hauge.dk\/wp-content\/uploads\/2025\/01\/Estrup19-9-700x467.jpg\" alt=\"\" width=\"640\" height=\"427\" srcset=\"http:\/\/stald-hauge.dk\/wp-content\/uploads\/2025\/01\/Estrup19-9-700x467.jpg 700w, http:\/\/stald-hauge.dk\/wp-content\/uploads\/2025\/01\/Estrup19-9-300x200.jpg 300w, http:\/\/stald-hauge.dk\/wp-content\/uploads\/2025\/01\/Estrup19-9.jpg 768w\" sizes=\"auto, (max-width: 640px) 100vw, 640px\" \/> <img loading=\"lazy\" decoding=\"async\" class=\"alignnone size-large wp-image-4523\" src=\"http:\/\/stald-hauge.dk\/wp-content\/uploads\/2025\/01\/Estrup19-10-700x467.jpg\" alt=\"\" width=\"640\" height=\"427\" srcset=\"http:\/\/stald-hauge.dk\/wp-content\/uploads\/2025\/01\/Estrup19-10-700x467.jpg 700w, http:\/\/stald-hauge.dk\/wp-content\/uploads\/2025\/01\/Estrup19-10-300x200.jpg 300w, http:\/\/stald-hauge.dk\/wp-content\/uploads\/2025\/01\/Estrup19-10.jpg 768w\" sizes=\"auto, (max-width: 640px) 100vw, 640px\" \/> <img loading=\"lazy\" decoding=\"async\" class=\"alignnone size-large wp-image-4524\" src=\"http:\/\/stald-hauge.dk\/wp-content\/uploads\/2025\/01\/Estrup19-11-700x467.jpg\" alt=\"\" width=\"640\" height=\"427\" srcset=\"http:\/\/stald-hauge.dk\/wp-content\/uploads\/2025\/01\/Estrup19-11-700x467.jpg 700w, http:\/\/stald-hauge.dk\/wp-content\/uploads\/2025\/01\/Estrup19-11-300x200.jpg 300w, http:\/\/stald-hauge.dk\/wp-content\/uploads\/2025\/01\/Estrup19-11.jpg 768w\" sizes=\"auto, (max-width: 640px) 100vw, 640px\" \/> <img loading=\"lazy\" decoding=\"async\" class=\"alignnone size-large wp-image-4526\" src=\"http:\/\/stald-hauge.dk\/wp-content\/uploads\/2025\/01\/Estrup19-13-700x467.jpg\" alt=\"\" width=\"640\" height=\"427\" srcset=\"http:\/\/stald-hauge.dk\/wp-content\/uploads\/2025\/01\/Estrup19-13-700x467.jpg 700w, http:\/\/stald-hauge.dk\/wp-content\/uploads\/2025\/01\/Estrup19-13-300x200.jpg 300w, http:\/\/stald-hauge.dk\/wp-content\/uploads\/2025\/01\/Estrup19-13.jpg 768w\" sizes=\"auto, (max-width: 640px) 100vw, 640px\" \/> <img loading=\"lazy\" decoding=\"async\" class=\"alignnone size-large wp-image-4525\" src=\"http:\/\/stald-hauge.dk\/wp-content\/uploads\/2025\/01\/Estrup19-12-700x467.jpg\" alt=\"\" width=\"640\" height=\"427\" srcset=\"http:\/\/stald-hauge.dk\/wp-content\/uploads\/2025\/01\/Estrup19-12-700x467.jpg 700w, http:\/\/stald-hauge.dk\/wp-content\/uploads\/2025\/01\/Estrup19-12-300x200.jpg 300w, http:\/\/stald-hauge.dk\/wp-content\/uploads\/2025\/01\/Estrup19-12.jpg 768w\" sizes=\"auto, (max-width: 640px) 100vw, 640px\" \/> <img loading=\"lazy\" decoding=\"async\" class=\"alignnone size-large wp-image-4527\" src=\"http:\/\/stald-hauge.dk\/wp-content\/uploads\/2025\/01\/Estrup19-14-700x467.jpg\" alt=\"\" width=\"640\" height=\"427\" srcset=\"http:\/\/stald-hauge.dk\/wp-content\/uploads\/2025\/01\/Estrup19-14-700x467.jpg 700w, http:\/\/stald-hauge.dk\/wp-content\/uploads\/2025\/01\/Estrup19-14-300x200.jpg 300w, http:\/\/stald-hauge.dk\/wp-content\/uploads\/2025\/01\/Estrup19-14.jpg 768w\" sizes=\"auto, (max-width: 640px) 100vw, 640px\" \/> <img loading=\"lazy\" decoding=\"async\" class=\"alignnone size-large wp-image-4528\" src=\"http:\/\/stald-hauge.dk\/wp-content\/uploads\/2025\/01\/Estrup19-15-700x467.jpg\" alt=\"\" width=\"640\" height=\"427\" srcset=\"http:\/\/stald-hauge.dk\/wp-content\/uploads\/2025\/01\/Estrup19-15-700x467.jpg 700w, http:\/\/stald-hauge.dk\/wp-content\/uploads\/2025\/01\/Estrup19-15-300x200.jpg 300w, http:\/\/stald-hauge.dk\/wp-content\/uploads\/2025\/01\/Estrup19-15.jpg 768w\" sizes=\"auto, (max-width: 640px) 100vw, 640px\" \/> <img loading=\"lazy\" decoding=\"async\" class=\"alignnone size-large wp-image-4529\" src=\"http:\/\/stald-hauge.dk\/wp-content\/uploads\/2025\/01\/Estrup19-16-700x467.jpg\" alt=\"\" width=\"640\" height=\"427\" srcset=\"http:\/\/stald-hauge.dk\/wp-content\/uploads\/2025\/01\/Estrup19-16-700x467.jpg 700w, http:\/\/stald-hauge.dk\/wp-content\/uploads\/2025\/01\/Estrup19-16-300x200.jpg 300w, http:\/\/stald-hauge.dk\/wp-content\/uploads\/2025\/01\/Estrup19-16.jpg 768w\" sizes=\"auto, (max-width: 640px) 100vw, 640px\" \/> <img loading=\"lazy\" decoding=\"async\" class=\"alignnone size-large wp-image-4530\" src=\"http:\/\/stald-hauge.dk\/wp-content\/uploads\/2025\/01\/Estrup19-17-700x467.jpg\" alt=\"\" width=\"640\" height=\"427\" srcset=\"http:\/\/stald-hauge.dk\/wp-content\/uploads\/2025\/01\/Estrup19-17-700x467.jpg 700w, http:\/\/stald-hauge.dk\/wp-content\/uploads\/2025\/01\/Estrup19-17-300x200.jpg 300w, http:\/\/stald-hauge.dk\/wp-content\/uploads\/2025\/01\/Estrup19-17.jpg 768w\" sizes=\"auto, (max-width: 640px) 100vw, 640px\" \/> <img loading=\"lazy\" decoding=\"async\" class=\"alignnone size-large wp-image-4531\" src=\"http:\/\/stald-hauge.dk\/wp-content\/uploads\/2025\/01\/Estrup19-18-700x467.jpg\" alt=\"\" width=\"640\" height=\"427\" srcset=\"http:\/\/stald-hauge.dk\/wp-content\/uploads\/2025\/01\/Estrup19-18-700x467.jpg 700w, http:\/\/stald-hauge.dk\/wp-content\/uploads\/2025\/01\/Estrup19-18-300x200.jpg 300w, http:\/\/stald-hauge.dk\/wp-content\/uploads\/2025\/01\/Estrup19-18.jpg 768w\" sizes=\"auto, (max-width: 640px) 100vw, 640px\" \/> <img loading=\"lazy\" decoding=\"async\" class=\"alignnone size-large wp-image-4532\" src=\"http:\/\/stald-hauge.dk\/wp-content\/uploads\/2025\/01\/Estrup19-19-700x467.jpg\" alt=\"\" width=\"640\" height=\"427\" srcset=\"http:\/\/stald-hauge.dk\/wp-content\/uploads\/2025\/01\/Estrup19-19-700x467.jpg 700w, http:\/\/stald-hauge.dk\/wp-content\/uploads\/2025\/01\/Estrup19-19-300x200.jpg 300w, http:\/\/stald-hauge.dk\/wp-content\/uploads\/2025\/01\/Estrup19-19.jpg 768w\" sizes=\"auto, (max-width: 640px) 100vw, 640px\" \/> <img loading=\"lazy\" decoding=\"async\" class=\"alignnone size-large wp-image-4533\" src=\"http:\/\/stald-hauge.dk\/wp-content\/uploads\/2025\/01\/Estrup19-20-700x467.jpg\" alt=\"\" width=\"640\" height=\"427\" srcset=\"http:\/\/stald-hauge.dk\/wp-content\/uploads\/2025\/01\/Estrup19-20-700x467.jpg 700w, http:\/\/stald-hauge.dk\/wp-content\/uploads\/2025\/01\/Estrup19-20-300x200.jpg 300w, http:\/\/stald-hauge.dk\/wp-content\/uploads\/2025\/01\/Estrup19-20.jpg 768w\" sizes=\"auto, (max-width: 640px) 100vw, 640px\" \/> <img loading=\"lazy\" decoding=\"async\" class=\"alignnone size-large wp-image-4534\" src=\"http:\/\/stald-hauge.dk\/wp-content\/uploads\/2025\/01\/Estrup19-21-700x467.jpg\" alt=\"\" width=\"640\" height=\"427\" srcset=\"http:\/\/stald-hauge.dk\/wp-content\/uploads\/2025\/01\/Estrup19-21-700x467.jpg 700w, http:\/\/stald-hauge.dk\/wp-content\/uploads\/2025\/01\/Estrup19-21-300x200.jpg 300w, http:\/\/stald-hauge.dk\/wp-content\/uploads\/2025\/01\/Estrup19-21.jpg 768w\" sizes=\"auto, (max-width: 640px) 100vw, 640px\" \/> <img loading=\"lazy\" decoding=\"async\" class=\"alignnone size-large wp-image-4535\" src=\"http:\/\/stald-hauge.dk\/wp-content\/uploads\/2025\/01\/Estrup19-22-700x467.jpg\" alt=\"\" width=\"640\" height=\"427\" srcset=\"http:\/\/stald-hauge.dk\/wp-content\/uploads\/2025\/01\/Estrup19-22-700x467.jpg 700w, http:\/\/stald-hauge.dk\/wp-content\/uploads\/2025\/01\/Estrup19-22-300x200.jpg 300w, http:\/\/stald-hauge.dk\/wp-content\/uploads\/2025\/01\/Estrup19-22.jpg 768w\" sizes=\"auto, (max-width: 640px) 100vw, 640px\" \/><\/p>\n","protected":false},"excerpt":{"rendered":"<p>B\u00f8rnedyrskue 2019 Freya udstillede Marie, L\u00e6rke udstillede Silke og hendes f\u00f8l Cupcake og Celine havde en kanin med.<\/p>\n","protected":false},"author":1,"featured_media":0,"parent":1757,"menu_order":0,"comment_status":"closed","ping_status":"closed","template":"onecolumn-page.php","meta":{"footnotes":""},"class_list":["post-2351","page","type-page","status-publish","hentry"],"yoast_head":"<!-- This site is optimized with the Yoast SEO plugin v25.3.1 - https:\/\/yoast.com\/wordpress\/plugins\/seo\/ -->\n<title>2019 - Gl. Estrup Landbrugsmesse - Stald Hauge<\/title>\n<meta name=\"robots\" content=\"index, follow, max-snippet:-1, max-image-preview:large, max-video-preview:-1\" \/>\n<link rel=\"canonical\" href=\"https:\/\/stald-hauge.dk\/index.php\/heste\/show-kaaring\/2019-gl-estrup-landbrugsmesse\/\" \/>\n<meta property=\"og:locale\" content=\"da_DK\" \/>\n<meta property=\"og:type\" content=\"article\" \/>\n<meta property=\"og:title\" content=\"2019 - Gl. Estrup Landbrugsmesse - Stald Hauge\" \/>\n<meta property=\"og:description\" content=\"B\u00f8rnedyrskue 2019 Freya udstillede Marie, L\u00e6rke udstillede Silke og hendes f\u00f8l Cupcake og Celine havde en kanin med.\" \/>\n<meta property=\"og:url\" content=\"https:\/\/stald-hauge.dk\/index.php\/heste\/show-kaaring\/2019-gl-estrup-landbrugsmesse\/\" \/>\n<meta property=\"og:site_name\" content=\"Stald Hauge\" \/>\n<meta property=\"article:publisher\" content=\"https:\/\/www.facebook.com\/lisehauge\/\" \/>\n<meta property=\"article:modified_time\" content=\"2025-01-02T18:44:14+00:00\" \/>\n<meta property=\"og:image\" content=\"http:\/\/stald-hauge.dk\/wp-content\/uploads\/2025\/01\/Estrup19--700x467.jpg\" \/>\n<meta name=\"twitter:card\" content=\"summary_large_image\" \/>\n<script type=\"application\/ld+json\" class=\"yoast-schema-graph\">{\"@context\":\"https:\/\/schema.org\",\"@graph\":[{\"@type\":\"WebPage\",\"@id\":\"https:\/\/stald-hauge.dk\/index.php\/heste\/show-kaaring\/2019-gl-estrup-landbrugsmesse\/\",\"url\":\"https:\/\/stald-hauge.dk\/index.php\/heste\/show-kaaring\/2019-gl-estrup-landbrugsmesse\/\",\"name\":\"2019 - Gl. Estrup Landbrugsmesse - Stald Hauge\",\"isPartOf\":{\"@id\":\"https:\/\/stald-hauge.dk\/#website\"},\"primaryImageOfPage\":{\"@id\":\"https:\/\/stald-hauge.dk\/index.php\/heste\/show-kaaring\/2019-gl-estrup-landbrugsmesse\/#primaryimage\"},\"image\":{\"@id\":\"https:\/\/stald-hauge.dk\/index.php\/heste\/show-kaaring\/2019-gl-estrup-landbrugsmesse\/#primaryimage\"},\"thumbnailUrl\":\"http:\/\/stald-hauge.dk\/wp-content\/uploads\/2025\/01\/Estrup19--700x467.jpg\",\"datePublished\":\"2024-08-23T14:12:06+00:00\",\"dateModified\":\"2025-01-02T18:44:14+00:00\",\"breadcrumb\":{\"@id\":\"https:\/\/stald-hauge.dk\/index.php\/heste\/show-kaaring\/2019-gl-estrup-landbrugsmesse\/#breadcrumb\"},\"inLanguage\":\"da-DK\",\"potentialAction\":[{\"@type\":\"ReadAction\",\"target\":[\"https:\/\/stald-hauge.dk\/index.php\/heste\/show-kaaring\/2019-gl-estrup-landbrugsmesse\/\"]}]},{\"@type\":\"ImageObject\",\"inLanguage\":\"da-DK\",\"@id\":\"https:\/\/stald-hauge.dk\/index.php\/heste\/show-kaaring\/2019-gl-estrup-landbrugsmesse\/#primaryimage\",\"url\":\"http:\/\/stald-hauge.dk\/wp-content\/uploads\/2025\/01\/Estrup19-.jpg\",\"contentUrl\":\"http:\/\/stald-hauge.dk\/wp-content\/uploads\/2025\/01\/Estrup19-.jpg\",\"width\":768,\"height\":512},{\"@type\":\"BreadcrumbList\",\"@id\":\"https:\/\/stald-hauge.dk\/index.php\/heste\/show-kaaring\/2019-gl-estrup-landbrugsmesse\/#breadcrumb\",\"itemListElement\":[{\"@type\":\"ListItem\",\"position\":1,\"name\":\"Hjem\",\"item\":\"https:\/\/stald-hauge.dk\/\"},{\"@type\":\"ListItem\",\"position\":2,\"name\":\"Heste\",\"item\":\"http:\/\/stald-hauge.dk\/index.php\/heste\/\"},{\"@type\":\"ListItem\",\"position\":3,\"name\":\"Show \/ K\u00e5ring\",\"item\":\"http:\/\/stald-hauge.dk\/index.php\/heste\/show-kaaring\/\"},{\"@type\":\"ListItem\",\"position\":4,\"name\":\"2019 &#8211; Gl. Estrup Landbrugsmesse\"}]},{\"@type\":\"WebSite\",\"@id\":\"https:\/\/stald-hauge.dk\/#website\",\"url\":\"https:\/\/stald-hauge.dk\/\",\"name\":\"Stald Hauge\",\"description\":\"v\/Lise Hauge S\u00f8rensen\",\"publisher\":{\"@id\":\"https:\/\/stald-hauge.dk\/#\/schema\/person\/5e9342de63bcc5037d653908c024bc01\"},\"potentialAction\":[{\"@type\":\"SearchAction\",\"target\":{\"@type\":\"EntryPoint\",\"urlTemplate\":\"https:\/\/stald-hauge.dk\/?s={search_term_string}\"},\"query-input\":{\"@type\":\"PropertyValueSpecification\",\"valueRequired\":true,\"valueName\":\"search_term_string\"}}],\"inLanguage\":\"da-DK\"},{\"@type\":[\"Person\",\"Organization\"],\"@id\":\"https:\/\/stald-hauge.dk\/#\/schema\/person\/5e9342de63bcc5037d653908c024bc01\",\"name\":\"admin\",\"image\":{\"@type\":\"ImageObject\",\"inLanguage\":\"da-DK\",\"@id\":\"https:\/\/stald-hauge.dk\/#\/schema\/person\/image\/\",\"url\":\"https:\/\/secure.gravatar.com\/avatar\/cb52025513d5b4d5bf079f09f5aae21c223852877c5a747e37ab431711bb309d?s=96&d=mm&r=g\",\"contentUrl\":\"https:\/\/secure.gravatar.com\/avatar\/cb52025513d5b4d5bf079f09f5aae21c223852877c5a747e37ab431711bb309d?s=96&d=mm&r=g\",\"caption\":\"admin\"},\"logo\":{\"@id\":\"https:\/\/stald-hauge.dk\/#\/schema\/person\/image\/\"},\"sameAs\":[\"http:\/\/stald-hauge.dk\",\"https:\/\/www.facebook.com\/lisehauge\/\"]}]}<\/script>\n<!-- \/ Yoast SEO plugin. -->","yoast_head_json":{"title":"2019 - Gl. Estrup Landbrugsmesse - Stald Hauge","robots":{"index":"index","follow":"follow","max-snippet":"max-snippet:-1","max-image-preview":"max-image-preview:large","max-video-preview":"max-video-preview:-1"},"canonical":"https:\/\/stald-hauge.dk\/index.php\/heste\/show-kaaring\/2019-gl-estrup-landbrugsmesse\/","og_locale":"da_DK","og_type":"article","og_title":"2019 - Gl. Estrup Landbrugsmesse - Stald Hauge","og_description":"B\u00f8rnedyrskue 2019 Freya udstillede Marie, L\u00e6rke udstillede Silke og hendes f\u00f8l Cupcake og Celine havde en kanin med.","og_url":"https:\/\/stald-hauge.dk\/index.php\/heste\/show-kaaring\/2019-gl-estrup-landbrugsmesse\/","og_site_name":"Stald Hauge","article_publisher":"https:\/\/www.facebook.com\/lisehauge\/","article_modified_time":"2025-01-02T18:44:14+00:00","og_image":[{"url":"http:\/\/stald-hauge.dk\/wp-content\/uploads\/2025\/01\/Estrup19--700x467.jpg","type":"","width":"","height":""}],"twitter_card":"summary_large_image","schema":{"@context":"https:\/\/schema.org","@graph":[{"@type":"WebPage","@id":"https:\/\/stald-hauge.dk\/index.php\/heste\/show-kaaring\/2019-gl-estrup-landbrugsmesse\/","url":"https:\/\/stald-hauge.dk\/index.php\/heste\/show-kaaring\/2019-gl-estrup-landbrugsmesse\/","name":"2019 - Gl. Estrup Landbrugsmesse - Stald Hauge","isPartOf":{"@id":"https:\/\/stald-hauge.dk\/#website"},"primaryImageOfPage":{"@id":"https:\/\/stald-hauge.dk\/index.php\/heste\/show-kaaring\/2019-gl-estrup-landbrugsmesse\/#primaryimage"},"image":{"@id":"https:\/\/stald-hauge.dk\/index.php\/heste\/show-kaaring\/2019-gl-estrup-landbrugsmesse\/#primaryimage"},"thumbnailUrl":"http:\/\/stald-hauge.dk\/wp-content\/uploads\/2025\/01\/Estrup19--700x467.jpg","datePublished":"2024-08-23T14:12:06+00:00","dateModified":"2025-01-02T18:44:14+00:00","breadcrumb":{"@id":"https:\/\/stald-hauge.dk\/index.php\/heste\/show-kaaring\/2019-gl-estrup-landbrugsmesse\/#breadcrumb"},"inLanguage":"da-DK","potentialAction":[{"@type":"ReadAction","target":["https:\/\/stald-hauge.dk\/index.php\/heste\/show-kaaring\/2019-gl-estrup-landbrugsmesse\/"]}]},{"@type":"ImageObject","inLanguage":"da-DK","@id":"https:\/\/stald-hauge.dk\/index.php\/heste\/show-kaaring\/2019-gl-estrup-landbrugsmesse\/#primaryimage","url":"http:\/\/stald-hauge.dk\/wp-content\/uploads\/2025\/01\/Estrup19-.jpg","contentUrl":"http:\/\/stald-hauge.dk\/wp-content\/uploads\/2025\/01\/Estrup19-.jpg","width":768,"height":512},{"@type":"BreadcrumbList","@id":"https:\/\/stald-hauge.dk\/index.php\/heste\/show-kaaring\/2019-gl-estrup-landbrugsmesse\/#breadcrumb","itemListElement":[{"@type":"ListItem","position":1,"name":"Hjem","item":"https:\/\/stald-hauge.dk\/"},{"@type":"ListItem","position":2,"name":"Heste","item":"http:\/\/stald-hauge.dk\/index.php\/heste\/"},{"@type":"ListItem","position":3,"name":"Show \/ K\u00e5ring","item":"http:\/\/stald-hauge.dk\/index.php\/heste\/show-kaaring\/"},{"@type":"ListItem","position":4,"name":"2019 &#8211; Gl. Estrup Landbrugsmesse"}]},{"@type":"WebSite","@id":"https:\/\/stald-hauge.dk\/#website","url":"https:\/\/stald-hauge.dk\/","name":"Stald Hauge","description":"v\/Lise Hauge S\u00f8rensen","publisher":{"@id":"https:\/\/stald-hauge.dk\/#\/schema\/person\/5e9342de63bcc5037d653908c024bc01"},"potentialAction":[{"@type":"SearchAction","target":{"@type":"EntryPoint","urlTemplate":"https:\/\/stald-hauge.dk\/?s={search_term_string}"},"query-input":{"@type":"PropertyValueSpecification","valueRequired":true,"valueName":"search_term_string"}}],"inLanguage":"da-DK"},{"@type":["Person","Organization"],"@id":"https:\/\/stald-hauge.dk\/#\/schema\/person\/5e9342de63bcc5037d653908c024bc01","name":"admin","image":{"@type":"ImageObject","inLanguage":"da-DK","@id":"https:\/\/stald-hauge.dk\/#\/schema\/person\/image\/","url":"https:\/\/secure.gravatar.com\/avatar\/cb52025513d5b4d5bf079f09f5aae21c223852877c5a747e37ab431711bb309d?s=96&d=mm&r=g","contentUrl":"https:\/\/secure.gravatar.com\/avatar\/cb52025513d5b4d5bf079f09f5aae21c223852877c5a747e37ab431711bb309d?s=96&d=mm&r=g","caption":"admin"},"logo":{"@id":"https:\/\/stald-hauge.dk\/#\/schema\/person\/image\/"},"sameAs":["http:\/\/stald-hauge.dk","https:\/\/www.facebook.com\/lisehauge\/"]}]}},"_links":{"self":[{"href":"http:\/\/stald-hauge.dk\/index.php\/wp-json\/wp\/v2\/pages\/2351","targetHints":{"allow":["GET"]}}],"collection":[{"href":"http:\/\/stald-hauge.dk\/index.php\/wp-json\/wp\/v2\/pages"}],"about":[{"href":"http:\/\/stald-hauge.dk\/index.php\/wp-json\/wp\/v2\/types\/page"}],"author":[{"embeddable":true,"href":"http:\/\/stald-hauge.dk\/index.php\/wp-json\/wp\/v2\/users\/1"}],"replies":[{"embeddable":true,"href":"http:\/\/stald-hauge.dk\/index.php\/wp-json\/wp\/v2\/comments?post=2351"}],"version-history":[{"count":2,"href":"http:\/\/stald-hauge.dk\/index.php\/wp-json\/wp\/v2\/pages\/2351\/revisions"}],"predecessor-version":[{"id":4906,"href":"http:\/\/stald-hauge.dk\/index.php\/wp-json\/wp\/v2\/pages\/2351\/revisions\/4906"}],"up":[{"embeddable":true,"href":"http:\/\/stald-hauge.dk\/index.php\/wp-json\/wp\/v2\/pages\/1757"}],"wp:attachment":[{"href":"http:\/\/stald-hauge.dk\/index.php\/wp-json\/wp\/v2\/media?parent=2351"}],"curies":[{"name":"wp","href":"https:\/\/api.w.org\/{rel}","templated":true}]}}