{"id":2788,"date":"2024-12-27T15:39:29","date_gmt":"2024-12-27T15:39:29","guid":{"rendered":"https:\/\/stald-hauge.dk\/?page_id=2788"},"modified":"2025-01-02T18:58:33","modified_gmt":"2025-01-02T18:58:33","slug":"2022-gl-estrup-landbrugsmesse","status":"publish","type":"page","link":"http:\/\/stald-hauge.dk\/index.php\/heste\/show-kaaring\/2022-gl-estrup-landbrugsmesse\/","title":{"rendered":"2022 &#8211; Gl. Estrup Landbrugsmesse"},"content":{"rendered":"<p style=\"text-align: center;\">I 2022 udstillede Freya vores fjordhoppe Sanita Kaptain.<\/p>\n<p style=\"text-align: center;\">Hun blev nr. 1 ud af 6 for goldhopper med 23 point.<\/p>\n<p style=\"text-align: center;\"><img loading=\"lazy\" decoding=\"async\" class=\"alignnone size-large wp-image-4536\" src=\"http:\/\/stald-hauge.dk\/wp-content\/uploads\/2025\/01\/Estrup22--700x467.jpeg\" alt=\"\" width=\"640\" height=\"427\" srcset=\"http:\/\/stald-hauge.dk\/wp-content\/uploads\/2025\/01\/Estrup22--700x467.jpeg 700w, http:\/\/stald-hauge.dk\/wp-content\/uploads\/2025\/01\/Estrup22--300x200.jpeg 300w, http:\/\/stald-hauge.dk\/wp-content\/uploads\/2025\/01\/Estrup22-.jpeg 768w\" sizes=\"auto, (max-width: 640px) 100vw, 640px\" \/><\/p>\n<p style=\"text-align: center;\">Derudover deltog Freya og Sanita i kvadrillen med Fjordhestens Venner Kronjylland<\/p>\n<p style=\"text-align: center;\"><img loading=\"lazy\" decoding=\"async\" class=\"alignnone size-full wp-image-4557\" src=\"http:\/\/stald-hauge.dk\/wp-content\/uploads\/2025\/01\/Estrup22-21.jpeg\" alt=\"\" width=\"300\" height=\"200\" \/><\/p>\n<p style=\"text-align: center;\">Celine udstillede hendes kanin Spirrevip og L\u00e6rke udstillede Arianna p\u00e5 b\u00f8rnedyrskuet.<\/p>\n<p style=\"text-align: center;\"><img loading=\"lazy\" decoding=\"async\" class=\"alignnone size-full wp-image-4908\" src=\"http:\/\/stald-hauge.dk\/wp-content\/uploads\/2025\/01\/DSC07604.jpg\" alt=\"\" width=\"700\" height=\"466\" srcset=\"http:\/\/stald-hauge.dk\/wp-content\/uploads\/2025\/01\/DSC07604.jpg 700w, http:\/\/stald-hauge.dk\/wp-content\/uploads\/2025\/01\/DSC07604-300x200.jpg 300w\" sizes=\"auto, (max-width: 700px) 100vw, 700px\" \/> <img loading=\"lazy\" decoding=\"async\" class=\"alignnone size-large wp-image-4909\" src=\"http:\/\/stald-hauge.dk\/wp-content\/uploads\/2025\/01\/DSC07607.jpg\" alt=\"\" width=\"640\" height=\"426\" srcset=\"http:\/\/stald-hauge.dk\/wp-content\/uploads\/2025\/01\/DSC07607.jpg 700w, http:\/\/stald-hauge.dk\/wp-content\/uploads\/2025\/01\/DSC07607-300x200.jpg 300w\" sizes=\"auto, (max-width: 640px) 100vw, 640px\" \/> <img loading=\"lazy\" decoding=\"async\" class=\"alignnone size-large wp-image-4910\" src=\"http:\/\/stald-hauge.dk\/wp-content\/uploads\/2025\/01\/DSC07633.jpg\" alt=\"\" width=\"640\" height=\"426\" srcset=\"http:\/\/stald-hauge.dk\/wp-content\/uploads\/2025\/01\/DSC07633.jpg 700w, http:\/\/stald-hauge.dk\/wp-content\/uploads\/2025\/01\/DSC07633-300x200.jpg 300w\" sizes=\"auto, (max-width: 640px) 100vw, 640px\" \/> <img loading=\"lazy\" decoding=\"async\" class=\"alignnone size-large wp-image-4911\" src=\"http:\/\/stald-hauge.dk\/wp-content\/uploads\/2025\/01\/DSC07640.jpg\" alt=\"\" width=\"640\" height=\"426\" srcset=\"http:\/\/stald-hauge.dk\/wp-content\/uploads\/2025\/01\/DSC07640.jpg 700w, http:\/\/stald-hauge.dk\/wp-content\/uploads\/2025\/01\/DSC07640-300x200.jpg 300w\" sizes=\"auto, (max-width: 640px) 100vw, 640px\" \/> <img loading=\"lazy\" decoding=\"async\" class=\"alignnone size-large wp-image-4912\" src=\"http:\/\/stald-hauge.dk\/wp-content\/uploads\/2025\/01\/DSC07648.jpg\" alt=\"\" width=\"640\" height=\"426\" srcset=\"http:\/\/stald-hauge.dk\/wp-content\/uploads\/2025\/01\/DSC07648.jpg 700w, http:\/\/stald-hauge.dk\/wp-content\/uploads\/2025\/01\/DSC07648-300x200.jpg 300w\" sizes=\"auto, (max-width: 640px) 100vw, 640px\" \/> <img loading=\"lazy\" decoding=\"async\" class=\"alignnone size-large wp-image-4913\" src=\"http:\/\/stald-hauge.dk\/wp-content\/uploads\/2025\/01\/DSC07661.jpg\" alt=\"\" width=\"640\" height=\"426\" srcset=\"http:\/\/stald-hauge.dk\/wp-content\/uploads\/2025\/01\/DSC07661.jpg 700w, http:\/\/stald-hauge.dk\/wp-content\/uploads\/2025\/01\/DSC07661-300x200.jpg 300w\" sizes=\"auto, (max-width: 640px) 100vw, 640px\" \/> <img loading=\"lazy\" decoding=\"async\" class=\"alignnone size-large wp-image-4914\" src=\"http:\/\/stald-hauge.dk\/wp-content\/uploads\/2025\/01\/DSC07677.jpg\" alt=\"\" width=\"640\" height=\"426\" srcset=\"http:\/\/stald-hauge.dk\/wp-content\/uploads\/2025\/01\/DSC07677.jpg 700w, http:\/\/stald-hauge.dk\/wp-content\/uploads\/2025\/01\/DSC07677-300x200.jpg 300w\" sizes=\"auto, (max-width: 640px) 100vw, 640px\" \/> <img loading=\"lazy\" decoding=\"async\" class=\"alignnone size-large wp-image-4915\" src=\"http:\/\/stald-hauge.dk\/wp-content\/uploads\/2025\/01\/DSC07707.jpg\" alt=\"\" width=\"640\" height=\"426\" srcset=\"http:\/\/stald-hauge.dk\/wp-content\/uploads\/2025\/01\/DSC07707.jpg 700w, http:\/\/stald-hauge.dk\/wp-content\/uploads\/2025\/01\/DSC07707-300x200.jpg 300w\" sizes=\"auto, (max-width: 640px) 100vw, 640px\" \/><\/p>\n<p style=\"text-align: center;\">Dagen sluttede af med, at Celine p\u00e5 vej hjem i bilen blev ringet op af firmaet\u00a0Jysk H\u00f8nsehuse, at hun havde vundet et h\u00f8nsehus i en konkurrence, som hun havde deltaget i til en v\u00e6rdi af 3900 kr. Celine var super stolt.<\/p>\n<p style=\"text-align: center;\"><img loading=\"lazy\" decoding=\"async\" class=\"alignnone size-large wp-image-4558\" src=\"http:\/\/stald-hauge.dk\/wp-content\/uploads\/2025\/01\/Estrup22-22-700x525.jpeg\" alt=\"\" width=\"640\" height=\"480\" srcset=\"http:\/\/stald-hauge.dk\/wp-content\/uploads\/2025\/01\/Estrup22-22-700x525.jpeg 700w, http:\/\/stald-hauge.dk\/wp-content\/uploads\/2025\/01\/Estrup22-22-300x225.jpeg 300w, http:\/\/stald-hauge.dk\/wp-content\/uploads\/2025\/01\/Estrup22-22.jpeg 768w\" sizes=\"auto, (max-width: 640px) 100vw, 640px\" \/><\/p>\n<p style=\"text-align: center;\"><img loading=\"lazy\" decoding=\"async\" class=\"alignnone size-full wp-image-4537\" src=\"http:\/\/stald-hauge.dk\/wp-content\/uploads\/2025\/01\/Estrup22-1.jpeg\" alt=\"\" width=\"300\" height=\"200\" \/> <img loading=\"lazy\" decoding=\"async\" class=\"alignnone size-full wp-image-4538\" src=\"http:\/\/stald-hauge.dk\/wp-content\/uploads\/2025\/01\/Estrup22-2.jpeg\" alt=\"\" width=\"300\" height=\"200\" \/> <img loading=\"lazy\" decoding=\"async\" class=\"alignnone size-full wp-image-4539\" src=\"http:\/\/stald-hauge.dk\/wp-content\/uploads\/2025\/01\/Estrup22-3.jpeg\" alt=\"\" width=\"300\" height=\"200\" \/> <img loading=\"lazy\" decoding=\"async\" class=\"alignnone size-full wp-image-4540\" src=\"http:\/\/stald-hauge.dk\/wp-content\/uploads\/2025\/01\/Estrup22-4.jpeg\" alt=\"\" width=\"300\" height=\"200\" \/> <img loading=\"lazy\" decoding=\"async\" class=\"alignnone size-full wp-image-4541\" src=\"http:\/\/stald-hauge.dk\/wp-content\/uploads\/2025\/01\/Estrup22-5.jpeg\" alt=\"\" width=\"300\" height=\"200\" \/> \u00a0<img loading=\"lazy\" decoding=\"async\" class=\"alignnone size-full wp-image-4542\" src=\"http:\/\/stald-hauge.dk\/wp-content\/uploads\/2025\/01\/Estrup22-6.jpeg\" alt=\"\" width=\"300\" height=\"200\" \/> <img loading=\"lazy\" decoding=\"async\" class=\"alignnone size-full wp-image-4543\" src=\"http:\/\/stald-hauge.dk\/wp-content\/uploads\/2025\/01\/Estrup22-7.jpeg\" alt=\"\" width=\"300\" height=\"200\" \/> <img loading=\"lazy\" decoding=\"async\" class=\"alignnone size-full wp-image-4544\" src=\"http:\/\/stald-hauge.dk\/wp-content\/uploads\/2025\/01\/Estrup22-8.jpeg\" alt=\"\" width=\"300\" height=\"200\" \/> <img loading=\"lazy\" decoding=\"async\" class=\"alignnone size-full wp-image-4545\" src=\"http:\/\/stald-hauge.dk\/wp-content\/uploads\/2025\/01\/Estrup22-9.jpeg\" alt=\"\" width=\"300\" height=\"200\" \/> <img loading=\"lazy\" decoding=\"async\" class=\"alignnone size-full wp-image-4547\" src=\"http:\/\/stald-hauge.dk\/wp-content\/uploads\/2025\/01\/Estrup22-11.jpeg\" alt=\"\" width=\"200\" height=\"300\" \/> <img loading=\"lazy\" decoding=\"async\" class=\"alignnone size-full wp-image-4548\" src=\"http:\/\/stald-hauge.dk\/wp-content\/uploads\/2025\/01\/Estrup22-12.jpeg\" alt=\"\" width=\"200\" height=\"300\" \/> <img loading=\"lazy\" decoding=\"async\" class=\"alignnone size-full wp-image-4549\" src=\"http:\/\/stald-hauge.dk\/wp-content\/uploads\/2025\/01\/Estrup22-13.jpeg\" alt=\"\" width=\"225\" height=\"300\" \/> <img loading=\"lazy\" decoding=\"async\" class=\"alignnone size-full wp-image-4550\" src=\"http:\/\/stald-hauge.dk\/wp-content\/uploads\/2025\/01\/Estrup22-14.jpeg\" alt=\"\" width=\"200\" height=\"300\" \/> <img loading=\"lazy\" decoding=\"async\" class=\"alignnone size-full wp-image-4551\" src=\"http:\/\/stald-hauge.dk\/wp-content\/uploads\/2025\/01\/Estrup22-15.jpeg\" alt=\"\" width=\"200\" height=\"300\" \/> <img loading=\"lazy\" decoding=\"async\" class=\"alignnone size-full wp-image-4552\" src=\"http:\/\/stald-hauge.dk\/wp-content\/uploads\/2025\/01\/Estrup22-16.jpeg\" alt=\"\" width=\"225\" height=\"300\" \/> <img loading=\"lazy\" decoding=\"async\" class=\"alignnone size-full wp-image-4553\" src=\"http:\/\/stald-hauge.dk\/wp-content\/uploads\/2025\/01\/Estrup22-17.jpeg\" alt=\"\" width=\"200\" height=\"300\" \/> <img loading=\"lazy\" decoding=\"async\" class=\"alignnone size-full wp-image-4546\" src=\"http:\/\/stald-hauge.dk\/wp-content\/uploads\/2025\/01\/Estrup22-10.jpeg\" alt=\"\" width=\"200\" height=\"300\" \/> <img loading=\"lazy\" decoding=\"async\" class=\"alignnone size-full wp-image-4554\" src=\"http:\/\/stald-hauge.dk\/wp-content\/uploads\/2025\/01\/Estrup22-18.jpeg\" alt=\"\" width=\"300\" height=\"200\" \/> <img loading=\"lazy\" decoding=\"async\" class=\"alignnone size-full wp-image-4555\" src=\"http:\/\/stald-hauge.dk\/wp-content\/uploads\/2025\/01\/Estrup22-19.jpeg\" alt=\"\" width=\"300\" height=\"200\" \/> <img loading=\"lazy\" decoding=\"async\" class=\"alignnone size-full wp-image-4556\" src=\"http:\/\/stald-hauge.dk\/wp-content\/uploads\/2025\/01\/Estrup22-20.jpeg\" alt=\"\" width=\"300\" height=\"200\" \/> <img loading=\"lazy\" decoding=\"async\" class=\"alignnone size-full wp-image-4557\" src=\"http:\/\/stald-hauge.dk\/wp-content\/uploads\/2025\/01\/Estrup22-21.jpeg\" alt=\"\" width=\"300\" height=\"200\" \/><\/p>\n","protected":false},"excerpt":{"rendered":"<p>I 2022 udstillede Freya vores fjordhoppe Sanita Kaptain. Hun blev nr. 1 ud af 6 for goldhopper med 23 point. Derudover deltog Freya og Sanita i kvadrillen med Fjordhestens Venner Kronjylland Celine udstillede hendes kanin Spirrevip og L\u00e6rke udstillede Arianna &hellip; <a href=\"http:\/\/stald-hauge.dk\/index.php\/heste\/show-kaaring\/2022-gl-estrup-landbrugsmesse\/\">L\u00e6s resten <span class=\"meta-nav\">&rarr;<\/span><\/a><\/p>\n","protected":false},"author":1,"featured_media":0,"parent":1757,"menu_order":0,"comment_status":"closed","ping_status":"closed","template":"","meta":{"footnotes":""},"class_list":["post-2788","page","type-page","status-publish","hentry"],"yoast_head":"<!-- This site is optimized with the Yoast SEO plugin v25.3.1 - https:\/\/yoast.com\/wordpress\/plugins\/seo\/ -->\n<title>2022 - Gl. Estrup Landbrugsmesse - Stald Hauge<\/title>\n<meta name=\"robots\" content=\"index, follow, max-snippet:-1, max-image-preview:large, max-video-preview:-1\" \/>\n<link rel=\"canonical\" href=\"http:\/\/stald-hauge.dk\/index.php\/heste\/show-kaaring\/2022-gl-estrup-landbrugsmesse\/\" \/>\n<meta property=\"og:locale\" content=\"da_DK\" \/>\n<meta property=\"og:type\" content=\"article\" \/>\n<meta property=\"og:title\" content=\"2022 - Gl. Estrup Landbrugsmesse - Stald Hauge\" \/>\n<meta property=\"og:description\" content=\"I 2022 udstillede Freya vores fjordhoppe Sanita Kaptain. Hun blev nr. 1 ud af 6 for goldhopper med 23 point. Derudover deltog Freya og Sanita i kvadrillen med Fjordhestens Venner Kronjylland Celine udstillede hendes kanin Spirrevip og L\u00e6rke udstillede Arianna &hellip; L\u00e6s resten &rarr;\" \/>\n<meta property=\"og:url\" content=\"http:\/\/stald-hauge.dk\/index.php\/heste\/show-kaaring\/2022-gl-estrup-landbrugsmesse\/\" \/>\n<meta property=\"og:site_name\" content=\"Stald Hauge\" \/>\n<meta property=\"article:publisher\" content=\"https:\/\/www.facebook.com\/lisehauge\/\" \/>\n<meta property=\"article:modified_time\" content=\"2025-01-02T18:58:33+00:00\" \/>\n<meta property=\"og:image\" content=\"http:\/\/stald-hauge.dk\/wp-content\/uploads\/2025\/01\/Estrup22--700x467.jpeg\" \/>\n<meta name=\"twitter:card\" content=\"summary_large_image\" \/>\n<script type=\"application\/ld+json\" class=\"yoast-schema-graph\">{\"@context\":\"https:\/\/schema.org\",\"@graph\":[{\"@type\":\"WebPage\",\"@id\":\"http:\/\/stald-hauge.dk\/index.php\/heste\/show-kaaring\/2022-gl-estrup-landbrugsmesse\/\",\"url\":\"http:\/\/stald-hauge.dk\/index.php\/heste\/show-kaaring\/2022-gl-estrup-landbrugsmesse\/\",\"name\":\"2022 - Gl. Estrup Landbrugsmesse - Stald Hauge\",\"isPartOf\":{\"@id\":\"https:\/\/stald-hauge.dk\/#website\"},\"primaryImageOfPage\":{\"@id\":\"http:\/\/stald-hauge.dk\/index.php\/heste\/show-kaaring\/2022-gl-estrup-landbrugsmesse\/#primaryimage\"},\"image\":{\"@id\":\"http:\/\/stald-hauge.dk\/index.php\/heste\/show-kaaring\/2022-gl-estrup-landbrugsmesse\/#primaryimage\"},\"thumbnailUrl\":\"http:\/\/stald-hauge.dk\/wp-content\/uploads\/2025\/01\/Estrup22--700x467.jpeg\",\"datePublished\":\"2024-12-27T15:39:29+00:00\",\"dateModified\":\"2025-01-02T18:58:33+00:00\",\"breadcrumb\":{\"@id\":\"http:\/\/stald-hauge.dk\/index.php\/heste\/show-kaaring\/2022-gl-estrup-landbrugsmesse\/#breadcrumb\"},\"inLanguage\":\"da-DK\",\"potentialAction\":[{\"@type\":\"ReadAction\",\"target\":[\"http:\/\/stald-hauge.dk\/index.php\/heste\/show-kaaring\/2022-gl-estrup-landbrugsmesse\/\"]}]},{\"@type\":\"ImageObject\",\"inLanguage\":\"da-DK\",\"@id\":\"http:\/\/stald-hauge.dk\/index.php\/heste\/show-kaaring\/2022-gl-estrup-landbrugsmesse\/#primaryimage\",\"url\":\"http:\/\/stald-hauge.dk\/wp-content\/uploads\/2025\/01\/Estrup22-.jpeg\",\"contentUrl\":\"http:\/\/stald-hauge.dk\/wp-content\/uploads\/2025\/01\/Estrup22-.jpeg\",\"width\":768,\"height\":512},{\"@type\":\"BreadcrumbList\",\"@id\":\"http:\/\/stald-hauge.dk\/index.php\/heste\/show-kaaring\/2022-gl-estrup-landbrugsmesse\/#breadcrumb\",\"itemListElement\":[{\"@type\":\"ListItem\",\"position\":1,\"name\":\"Hjem\",\"item\":\"https:\/\/stald-hauge.dk\/\"},{\"@type\":\"ListItem\",\"position\":2,\"name\":\"Heste\",\"item\":\"http:\/\/stald-hauge.dk\/index.php\/heste\/\"},{\"@type\":\"ListItem\",\"position\":3,\"name\":\"Show \/ K\u00e5ring\",\"item\":\"http:\/\/stald-hauge.dk\/index.php\/heste\/show-kaaring\/\"},{\"@type\":\"ListItem\",\"position\":4,\"name\":\"2022 &#8211; Gl. Estrup Landbrugsmesse\"}]},{\"@type\":\"WebSite\",\"@id\":\"https:\/\/stald-hauge.dk\/#website\",\"url\":\"https:\/\/stald-hauge.dk\/\",\"name\":\"Stald Hauge\",\"description\":\"v\/Lise Hauge S\u00f8rensen\",\"publisher\":{\"@id\":\"https:\/\/stald-hauge.dk\/#\/schema\/person\/5e9342de63bcc5037d653908c024bc01\"},\"potentialAction\":[{\"@type\":\"SearchAction\",\"target\":{\"@type\":\"EntryPoint\",\"urlTemplate\":\"https:\/\/stald-hauge.dk\/?s={search_term_string}\"},\"query-input\":{\"@type\":\"PropertyValueSpecification\",\"valueRequired\":true,\"valueName\":\"search_term_string\"}}],\"inLanguage\":\"da-DK\"},{\"@type\":[\"Person\",\"Organization\"],\"@id\":\"https:\/\/stald-hauge.dk\/#\/schema\/person\/5e9342de63bcc5037d653908c024bc01\",\"name\":\"admin\",\"image\":{\"@type\":\"ImageObject\",\"inLanguage\":\"da-DK\",\"@id\":\"https:\/\/stald-hauge.dk\/#\/schema\/person\/image\/\",\"url\":\"https:\/\/secure.gravatar.com\/avatar\/cb52025513d5b4d5bf079f09f5aae21c223852877c5a747e37ab431711bb309d?s=96&d=mm&r=g\",\"contentUrl\":\"https:\/\/secure.gravatar.com\/avatar\/cb52025513d5b4d5bf079f09f5aae21c223852877c5a747e37ab431711bb309d?s=96&d=mm&r=g\",\"caption\":\"admin\"},\"logo\":{\"@id\":\"https:\/\/stald-hauge.dk\/#\/schema\/person\/image\/\"},\"sameAs\":[\"http:\/\/stald-hauge.dk\",\"https:\/\/www.facebook.com\/lisehauge\/\"]}]}<\/script>\n<!-- \/ Yoast SEO plugin. -->","yoast_head_json":{"title":"2022 - Gl. Estrup Landbrugsmesse - Stald Hauge","robots":{"index":"index","follow":"follow","max-snippet":"max-snippet:-1","max-image-preview":"max-image-preview:large","max-video-preview":"max-video-preview:-1"},"canonical":"http:\/\/stald-hauge.dk\/index.php\/heste\/show-kaaring\/2022-gl-estrup-landbrugsmesse\/","og_locale":"da_DK","og_type":"article","og_title":"2022 - Gl. Estrup Landbrugsmesse - Stald Hauge","og_description":"I 2022 udstillede Freya vores fjordhoppe Sanita Kaptain. Hun blev nr. 1 ud af 6 for goldhopper med 23 point. Derudover deltog Freya og Sanita i kvadrillen med Fjordhestens Venner Kronjylland Celine udstillede hendes kanin Spirrevip og L\u00e6rke udstillede Arianna &hellip; L\u00e6s resten &rarr;","og_url":"http:\/\/stald-hauge.dk\/index.php\/heste\/show-kaaring\/2022-gl-estrup-landbrugsmesse\/","og_site_name":"Stald Hauge","article_publisher":"https:\/\/www.facebook.com\/lisehauge\/","article_modified_time":"2025-01-02T18:58:33+00:00","og_image":[{"url":"http:\/\/stald-hauge.dk\/wp-content\/uploads\/2025\/01\/Estrup22--700x467.jpeg","type":"","width":"","height":""}],"twitter_card":"summary_large_image","schema":{"@context":"https:\/\/schema.org","@graph":[{"@type":"WebPage","@id":"http:\/\/stald-hauge.dk\/index.php\/heste\/show-kaaring\/2022-gl-estrup-landbrugsmesse\/","url":"http:\/\/stald-hauge.dk\/index.php\/heste\/show-kaaring\/2022-gl-estrup-landbrugsmesse\/","name":"2022 - Gl. Estrup Landbrugsmesse - Stald Hauge","isPartOf":{"@id":"https:\/\/stald-hauge.dk\/#website"},"primaryImageOfPage":{"@id":"http:\/\/stald-hauge.dk\/index.php\/heste\/show-kaaring\/2022-gl-estrup-landbrugsmesse\/#primaryimage"},"image":{"@id":"http:\/\/stald-hauge.dk\/index.php\/heste\/show-kaaring\/2022-gl-estrup-landbrugsmesse\/#primaryimage"},"thumbnailUrl":"http:\/\/stald-hauge.dk\/wp-content\/uploads\/2025\/01\/Estrup22--700x467.jpeg","datePublished":"2024-12-27T15:39:29+00:00","dateModified":"2025-01-02T18:58:33+00:00","breadcrumb":{"@id":"http:\/\/stald-hauge.dk\/index.php\/heste\/show-kaaring\/2022-gl-estrup-landbrugsmesse\/#breadcrumb"},"inLanguage":"da-DK","potentialAction":[{"@type":"ReadAction","target":["http:\/\/stald-hauge.dk\/index.php\/heste\/show-kaaring\/2022-gl-estrup-landbrugsmesse\/"]}]},{"@type":"ImageObject","inLanguage":"da-DK","@id":"http:\/\/stald-hauge.dk\/index.php\/heste\/show-kaaring\/2022-gl-estrup-landbrugsmesse\/#primaryimage","url":"http:\/\/stald-hauge.dk\/wp-content\/uploads\/2025\/01\/Estrup22-.jpeg","contentUrl":"http:\/\/stald-hauge.dk\/wp-content\/uploads\/2025\/01\/Estrup22-.jpeg","width":768,"height":512},{"@type":"BreadcrumbList","@id":"http:\/\/stald-hauge.dk\/index.php\/heste\/show-kaaring\/2022-gl-estrup-landbrugsmesse\/#breadcrumb","itemListElement":[{"@type":"ListItem","position":1,"name":"Hjem","item":"https:\/\/stald-hauge.dk\/"},{"@type":"ListItem","position":2,"name":"Heste","item":"http:\/\/stald-hauge.dk\/index.php\/heste\/"},{"@type":"ListItem","position":3,"name":"Show \/ K\u00e5ring","item":"http:\/\/stald-hauge.dk\/index.php\/heste\/show-kaaring\/"},{"@type":"ListItem","position":4,"name":"2022 &#8211; Gl. Estrup Landbrugsmesse"}]},{"@type":"WebSite","@id":"https:\/\/stald-hauge.dk\/#website","url":"https:\/\/stald-hauge.dk\/","name":"Stald Hauge","description":"v\/Lise Hauge S\u00f8rensen","publisher":{"@id":"https:\/\/stald-hauge.dk\/#\/schema\/person\/5e9342de63bcc5037d653908c024bc01"},"potentialAction":[{"@type":"SearchAction","target":{"@type":"EntryPoint","urlTemplate":"https:\/\/stald-hauge.dk\/?s={search_term_string}"},"query-input":{"@type":"PropertyValueSpecification","valueRequired":true,"valueName":"search_term_string"}}],"inLanguage":"da-DK"},{"@type":["Person","Organization"],"@id":"https:\/\/stald-hauge.dk\/#\/schema\/person\/5e9342de63bcc5037d653908c024bc01","name":"admin","image":{"@type":"ImageObject","inLanguage":"da-DK","@id":"https:\/\/stald-hauge.dk\/#\/schema\/person\/image\/","url":"https:\/\/secure.gravatar.com\/avatar\/cb52025513d5b4d5bf079f09f5aae21c223852877c5a747e37ab431711bb309d?s=96&d=mm&r=g","contentUrl":"https:\/\/secure.gravatar.com\/avatar\/cb52025513d5b4d5bf079f09f5aae21c223852877c5a747e37ab431711bb309d?s=96&d=mm&r=g","caption":"admin"},"logo":{"@id":"https:\/\/stald-hauge.dk\/#\/schema\/person\/image\/"},"sameAs":["http:\/\/stald-hauge.dk","https:\/\/www.facebook.com\/lisehauge\/"]}]}},"_links":{"self":[{"href":"http:\/\/stald-hauge.dk\/index.php\/wp-json\/wp\/v2\/pages\/2788","targetHints":{"allow":["GET"]}}],"collection":[{"href":"http:\/\/stald-hauge.dk\/index.php\/wp-json\/wp\/v2\/pages"}],"about":[{"href":"http:\/\/stald-hauge.dk\/index.php\/wp-json\/wp\/v2\/types\/page"}],"author":[{"embeddable":true,"href":"http:\/\/stald-hauge.dk\/index.php\/wp-json\/wp\/v2\/users\/1"}],"replies":[{"embeddable":true,"href":"http:\/\/stald-hauge.dk\/index.php\/wp-json\/wp\/v2\/comments?post=2788"}],"version-history":[{"count":2,"href":"http:\/\/stald-hauge.dk\/index.php\/wp-json\/wp\/v2\/pages\/2788\/revisions"}],"predecessor-version":[{"id":4916,"href":"http:\/\/stald-hauge.dk\/index.php\/wp-json\/wp\/v2\/pages\/2788\/revisions\/4916"}],"up":[{"embeddable":true,"href":"http:\/\/stald-hauge.dk\/index.php\/wp-json\/wp\/v2\/pages\/1757"}],"wp:attachment":[{"href":"http:\/\/stald-hauge.dk\/index.php\/wp-json\/wp\/v2\/media?parent=2788"}],"curies":[{"name":"wp","href":"https:\/\/api.w.org\/{rel}","templated":true}]}}