{"id":5243,"date":"2025-05-17T20:19:28","date_gmt":"2025-05-17T20:19:28","guid":{"rendered":"https:\/\/stald-hauge.dk\/?page_id=5243"},"modified":"2025-05-31T09:56:02","modified_gmt":"2025-05-31T09:56:02","slug":"undulat-blackface-black-wing","status":"publish","type":"page","link":"http:\/\/stald-hauge.dk\/index.php\/fugle\/undulat-blackface-black-wing\/","title":{"rendered":"Undulat &#8211; Blackface, Black wing"},"content":{"rendered":"<p style=\"text-align: center;\"><img loading=\"lazy\" decoding=\"async\" class=\"alignnone size-large wp-image-5239\" src=\"http:\/\/stald-hauge.dk\/wp-content\/uploads\/2025\/05\/IMG_1012-2-700x466.jpg\" alt=\"\" width=\"640\" height=\"426\" srcset=\"http:\/\/stald-hauge.dk\/wp-content\/uploads\/2025\/05\/IMG_1012-2-700x466.jpg 700w, http:\/\/stald-hauge.dk\/wp-content\/uploads\/2025\/05\/IMG_1012-2-300x200.jpg 300w, http:\/\/stald-hauge.dk\/wp-content\/uploads\/2025\/05\/IMG_1012-2-768x511.jpg 768w, http:\/\/stald-hauge.dk\/wp-content\/uploads\/2025\/05\/IMG_1012-2.jpg 1000w\" sizes=\"auto, (max-width: 640px) 100vw, 640px\" \/><\/p>\n<p style=\"text-align: center;\">Vi har i maj 2025 f\u00e5et nogle blackface undulater hjem opdr\u00e6ttet af Palle Andersen. Vi har f\u00e5et 2 hjem i gr\u00e5 og en enkelt gr\u00f8n blackface. Vi gl\u00e6der os meget til at f\u00e5 dem i avl og selv komme igang med at lave blackface unger. Der er ogs\u00e5 kommet nogle splitfugle hjem, som de skal s\u00e6ttes i avl med, n\u00e5r de er gamle nok.<\/p>\n<p style=\"text-align: center;\">Derudover er der ogs\u00e5 kommet en enkelt blackwing unge hjem.<\/p>\n<p style=\"text-align: center;\"><img loading=\"lazy\" decoding=\"async\" class=\"alignnone size-large wp-image-5241\" src=\"http:\/\/stald-hauge.dk\/wp-content\/uploads\/2025\/05\/IMG_1015-2-700x466.jpg\" alt=\"\" width=\"640\" height=\"426\" srcset=\"http:\/\/stald-hauge.dk\/wp-content\/uploads\/2025\/05\/IMG_1015-2-700x466.jpg 700w, http:\/\/stald-hauge.dk\/wp-content\/uploads\/2025\/05\/IMG_1015-2-300x200.jpg 300w, http:\/\/stald-hauge.dk\/wp-content\/uploads\/2025\/05\/IMG_1015-2-768x511.jpg 768w, http:\/\/stald-hauge.dk\/wp-content\/uploads\/2025\/05\/IMG_1015-2.jpg 1000w\" sizes=\"auto, (max-width: 640px) 100vw, 640px\" \/><\/p>\n<p style=\"text-align: center;\"><img loading=\"lazy\" decoding=\"async\" class=\"alignnone size-large wp-image-5237\" src=\"http:\/\/stald-hauge.dk\/wp-content\/uploads\/2025\/05\/IMG_0997-2-700x466.jpg\" alt=\"\" width=\"640\" height=\"426\" srcset=\"http:\/\/stald-hauge.dk\/wp-content\/uploads\/2025\/05\/IMG_0997-2-700x466.jpg 700w, http:\/\/stald-hauge.dk\/wp-content\/uploads\/2025\/05\/IMG_0997-2-300x200.jpg 300w, http:\/\/stald-hauge.dk\/wp-content\/uploads\/2025\/05\/IMG_0997-2-768x511.jpg 768w, http:\/\/stald-hauge.dk\/wp-content\/uploads\/2025\/05\/IMG_0997-2.jpg 1000w\" sizes=\"auto, (max-width: 640px) 100vw, 640px\" \/><\/p>\n<p style=\"text-align: center;\"><img loading=\"lazy\" decoding=\"async\" class=\"alignnone size-medium wp-image-5223\" src=\"http:\/\/stald-hauge.dk\/wp-content\/uploads\/2025\/05\/IMG_0926-2-200x300.jpg\" alt=\"\" width=\"200\" height=\"300\" srcset=\"http:\/\/stald-hauge.dk\/wp-content\/uploads\/2025\/05\/IMG_0926-2-200x300.jpg 200w, http:\/\/stald-hauge.dk\/wp-content\/uploads\/2025\/05\/IMG_0926-2-466x700.jpg 466w, http:\/\/stald-hauge.dk\/wp-content\/uploads\/2025\/05\/IMG_0926-2-rotated.jpg 666w\" sizes=\"auto, (max-width: 200px) 100vw, 200px\" \/> <img loading=\"lazy\" decoding=\"async\" class=\"alignnone size-medium wp-image-5221\" src=\"http:\/\/stald-hauge.dk\/wp-content\/uploads\/2025\/05\/IMG_0919-2-200x300.jpg\" alt=\"\" width=\"200\" height=\"300\" srcset=\"http:\/\/stald-hauge.dk\/wp-content\/uploads\/2025\/05\/IMG_0919-2-200x300.jpg 200w, http:\/\/stald-hauge.dk\/wp-content\/uploads\/2025\/05\/IMG_0919-2-466x700.jpg 466w, http:\/\/stald-hauge.dk\/wp-content\/uploads\/2025\/05\/IMG_0919-2-rotated.jpg 666w\" sizes=\"auto, (max-width: 200px) 100vw, 200px\" \/> <img loading=\"lazy\" decoding=\"async\" class=\"alignnone size-medium wp-image-5222\" src=\"http:\/\/stald-hauge.dk\/wp-content\/uploads\/2025\/05\/IMG_0924-2-200x300.jpg\" alt=\"\" width=\"200\" height=\"300\" srcset=\"http:\/\/stald-hauge.dk\/wp-content\/uploads\/2025\/05\/IMG_0924-2-200x300.jpg 200w, http:\/\/stald-hauge.dk\/wp-content\/uploads\/2025\/05\/IMG_0924-2-466x700.jpg 466w, http:\/\/stald-hauge.dk\/wp-content\/uploads\/2025\/05\/IMG_0924-2-rotated.jpg 666w\" sizes=\"auto, (max-width: 200px) 100vw, 200px\" \/> <img loading=\"lazy\" decoding=\"async\" class=\"alignnone size-medium wp-image-5220\" src=\"http:\/\/stald-hauge.dk\/wp-content\/uploads\/2025\/05\/IMG_0913-2-200x300.jpg\" alt=\"\" width=\"200\" height=\"300\" srcset=\"http:\/\/stald-hauge.dk\/wp-content\/uploads\/2025\/05\/IMG_0913-2-200x300.jpg 200w, http:\/\/stald-hauge.dk\/wp-content\/uploads\/2025\/05\/IMG_0913-2-466x700.jpg 466w, http:\/\/stald-hauge.dk\/wp-content\/uploads\/2025\/05\/IMG_0913-2-rotated.jpg 666w\" sizes=\"auto, (max-width: 200px) 100vw, 200px\" \/> <img loading=\"lazy\" decoding=\"async\" class=\"alignnone size-medium wp-image-5234\" src=\"http:\/\/stald-hauge.dk\/wp-content\/uploads\/2025\/05\/IMG_0982-2-200x300.jpg\" alt=\"\" width=\"200\" height=\"300\" srcset=\"http:\/\/stald-hauge.dk\/wp-content\/uploads\/2025\/05\/IMG_0982-2-200x300.jpg 200w, http:\/\/stald-hauge.dk\/wp-content\/uploads\/2025\/05\/IMG_0982-2-466x700.jpg 466w, http:\/\/stald-hauge.dk\/wp-content\/uploads\/2025\/05\/IMG_0982-2-rotated.jpg 666w\" sizes=\"auto, (max-width: 200px) 100vw, 200px\" \/> \u00a0<img loading=\"lazy\" decoding=\"async\" class=\"alignnone size-medium wp-image-5228\" src=\"http:\/\/stald-hauge.dk\/wp-content\/uploads\/2025\/05\/IMG_0950-2-200x300.jpg\" alt=\"\" width=\"200\" height=\"300\" srcset=\"http:\/\/stald-hauge.dk\/wp-content\/uploads\/2025\/05\/IMG_0950-2-200x300.jpg 200w, http:\/\/stald-hauge.dk\/wp-content\/uploads\/2025\/05\/IMG_0950-2-466x700.jpg 466w, http:\/\/stald-hauge.dk\/wp-content\/uploads\/2025\/05\/IMG_0950-2-rotated.jpg 666w\" sizes=\"auto, (max-width: 200px) 100vw, 200px\" \/> <img loading=\"lazy\" decoding=\"async\" class=\"alignnone size-medium wp-image-5225\" src=\"http:\/\/stald-hauge.dk\/wp-content\/uploads\/2025\/05\/IMG_0942-2-200x300.jpg\" alt=\"\" width=\"200\" height=\"300\" srcset=\"http:\/\/stald-hauge.dk\/wp-content\/uploads\/2025\/05\/IMG_0942-2-200x300.jpg 200w, http:\/\/stald-hauge.dk\/wp-content\/uploads\/2025\/05\/IMG_0942-2-466x700.jpg 466w, http:\/\/stald-hauge.dk\/wp-content\/uploads\/2025\/05\/IMG_0942-2-rotated.jpg 666w\" sizes=\"auto, (max-width: 200px) 100vw, 200px\" \/> <img loading=\"lazy\" decoding=\"async\" class=\"alignnone size-medium wp-image-5226\" src=\"http:\/\/stald-hauge.dk\/wp-content\/uploads\/2025\/05\/IMG_0944-2-200x300.jpg\" alt=\"\" width=\"200\" height=\"300\" srcset=\"http:\/\/stald-hauge.dk\/wp-content\/uploads\/2025\/05\/IMG_0944-2-200x300.jpg 200w, http:\/\/stald-hauge.dk\/wp-content\/uploads\/2025\/05\/IMG_0944-2-466x700.jpg 466w, http:\/\/stald-hauge.dk\/wp-content\/uploads\/2025\/05\/IMG_0944-2-rotated.jpg 666w\" sizes=\"auto, (max-width: 200px) 100vw, 200px\" \/> <img loading=\"lazy\" decoding=\"async\" class=\"alignnone size-medium wp-image-5227\" src=\"http:\/\/stald-hauge.dk\/wp-content\/uploads\/2025\/05\/IMG_0945-2-200x300.jpg\" alt=\"\" width=\"200\" height=\"300\" srcset=\"http:\/\/stald-hauge.dk\/wp-content\/uploads\/2025\/05\/IMG_0945-2-200x300.jpg 200w, http:\/\/stald-hauge.dk\/wp-content\/uploads\/2025\/05\/IMG_0945-2-466x700.jpg 466w, http:\/\/stald-hauge.dk\/wp-content\/uploads\/2025\/05\/IMG_0945-2-rotated.jpg 666w\" sizes=\"auto, (max-width: 200px) 100vw, 200px\" \/> <img loading=\"lazy\" decoding=\"async\" class=\"alignnone size-medium wp-image-5230\" src=\"http:\/\/stald-hauge.dk\/wp-content\/uploads\/2025\/05\/IMG_0962-2-200x300.jpg\" alt=\"\" width=\"200\" height=\"300\" srcset=\"http:\/\/stald-hauge.dk\/wp-content\/uploads\/2025\/05\/IMG_0962-2-200x300.jpg 200w, http:\/\/stald-hauge.dk\/wp-content\/uploads\/2025\/05\/IMG_0962-2-466x700.jpg 466w, http:\/\/stald-hauge.dk\/wp-content\/uploads\/2025\/05\/IMG_0962-2-rotated.jpg 666w\" sizes=\"auto, (max-width: 200px) 100vw, 200px\" \/> <img loading=\"lazy\" decoding=\"async\" class=\"alignnone size-medium wp-image-5229\" src=\"http:\/\/stald-hauge.dk\/wp-content\/uploads\/2025\/05\/IMG_0954-2-200x300.jpg\" alt=\"\" width=\"200\" height=\"300\" srcset=\"http:\/\/stald-hauge.dk\/wp-content\/uploads\/2025\/05\/IMG_0954-2-200x300.jpg 200w, http:\/\/stald-hauge.dk\/wp-content\/uploads\/2025\/05\/IMG_0954-2-466x700.jpg 466w, http:\/\/stald-hauge.dk\/wp-content\/uploads\/2025\/05\/IMG_0954-2-rotated.jpg 666w\" sizes=\"auto, (max-width: 200px) 100vw, 200px\" \/> <img loading=\"lazy\" decoding=\"async\" class=\"alignnone size-medium wp-image-5224\" src=\"http:\/\/stald-hauge.dk\/wp-content\/uploads\/2025\/05\/IMG_0936-2-200x300.jpg\" alt=\"\" width=\"200\" height=\"300\" srcset=\"http:\/\/stald-hauge.dk\/wp-content\/uploads\/2025\/05\/IMG_0936-2-200x300.jpg 200w, http:\/\/stald-hauge.dk\/wp-content\/uploads\/2025\/05\/IMG_0936-2-466x700.jpg 466w, http:\/\/stald-hauge.dk\/wp-content\/uploads\/2025\/05\/IMG_0936-2-rotated.jpg 666w\" sizes=\"auto, (max-width: 200px) 100vw, 200px\" \/><\/p>\n<p style=\"text-align: center;\"><img loading=\"lazy\" decoding=\"async\" class=\"alignnone size-medium wp-image-5231\" src=\"http:\/\/stald-hauge.dk\/wp-content\/uploads\/2025\/05\/IMG_0969-2-200x300.jpg\" alt=\"\" width=\"200\" height=\"300\" srcset=\"http:\/\/stald-hauge.dk\/wp-content\/uploads\/2025\/05\/IMG_0969-2-200x300.jpg 200w, http:\/\/stald-hauge.dk\/wp-content\/uploads\/2025\/05\/IMG_0969-2-466x700.jpg 466w, http:\/\/stald-hauge.dk\/wp-content\/uploads\/2025\/05\/IMG_0969-2-rotated.jpg 666w\" sizes=\"auto, (max-width: 200px) 100vw, 200px\" \/> <img loading=\"lazy\" decoding=\"async\" class=\"alignnone size-medium wp-image-5232\" src=\"http:\/\/stald-hauge.dk\/wp-content\/uploads\/2025\/05\/IMG_0970-2-200x300.jpg\" alt=\"\" width=\"200\" height=\"300\" srcset=\"http:\/\/stald-hauge.dk\/wp-content\/uploads\/2025\/05\/IMG_0970-2-200x300.jpg 200w, http:\/\/stald-hauge.dk\/wp-content\/uploads\/2025\/05\/IMG_0970-2-466x700.jpg 466w, http:\/\/stald-hauge.dk\/wp-content\/uploads\/2025\/05\/IMG_0970-2-rotated.jpg 666w\" sizes=\"auto, (max-width: 200px) 100vw, 200px\" \/> <img loading=\"lazy\" decoding=\"async\" class=\"alignnone size-medium wp-image-5233\" src=\"http:\/\/stald-hauge.dk\/wp-content\/uploads\/2025\/05\/IMG_0975-2-200x300.jpg\" alt=\"\" width=\"200\" height=\"300\" srcset=\"http:\/\/stald-hauge.dk\/wp-content\/uploads\/2025\/05\/IMG_0975-2-200x300.jpg 200w, http:\/\/stald-hauge.dk\/wp-content\/uploads\/2025\/05\/IMG_0975-2-466x700.jpg 466w, http:\/\/stald-hauge.dk\/wp-content\/uploads\/2025\/05\/IMG_0975-2-rotated.jpg 666w\" sizes=\"auto, (max-width: 200px) 100vw, 200px\" \/> <img loading=\"lazy\" decoding=\"async\" class=\"alignnone size-medium wp-image-5236\" src=\"http:\/\/stald-hauge.dk\/wp-content\/uploads\/2025\/05\/IMG_0996-2-300x200.jpg\" alt=\"\" width=\"300\" height=\"200\" srcset=\"http:\/\/stald-hauge.dk\/wp-content\/uploads\/2025\/05\/IMG_0996-2-300x200.jpg 300w, http:\/\/stald-hauge.dk\/wp-content\/uploads\/2025\/05\/IMG_0996-2-700x466.jpg 700w, http:\/\/stald-hauge.dk\/wp-content\/uploads\/2025\/05\/IMG_0996-2-768x511.jpg 768w, http:\/\/stald-hauge.dk\/wp-content\/uploads\/2025\/05\/IMG_0996-2.jpg 1000w\" sizes=\"auto, (max-width: 300px) 100vw, 300px\" \/> <img loading=\"lazy\" decoding=\"async\" class=\"alignnone size-medium wp-image-5235\" src=\"http:\/\/stald-hauge.dk\/wp-content\/uploads\/2025\/05\/IMG_0983-2-300x200.jpg\" alt=\"\" width=\"300\" height=\"200\" srcset=\"http:\/\/stald-hauge.dk\/wp-content\/uploads\/2025\/05\/IMG_0983-2-300x200.jpg 300w, http:\/\/stald-hauge.dk\/wp-content\/uploads\/2025\/05\/IMG_0983-2-700x466.jpg 700w, http:\/\/stald-hauge.dk\/wp-content\/uploads\/2025\/05\/IMG_0983-2-768x511.jpg 768w, http:\/\/stald-hauge.dk\/wp-content\/uploads\/2025\/05\/IMG_0983-2.jpg 1000w\" sizes=\"auto, (max-width: 300px) 100vw, 300px\" \/> <img loading=\"lazy\" decoding=\"async\" class=\"alignnone size-medium wp-image-5239\" src=\"http:\/\/stald-hauge.dk\/wp-content\/uploads\/2025\/05\/IMG_1012-2-300x200.jpg\" alt=\"\" width=\"300\" height=\"200\" srcset=\"http:\/\/stald-hauge.dk\/wp-content\/uploads\/2025\/05\/IMG_1012-2-300x200.jpg 300w, http:\/\/stald-hauge.dk\/wp-content\/uploads\/2025\/05\/IMG_1012-2-700x466.jpg 700w, http:\/\/stald-hauge.dk\/wp-content\/uploads\/2025\/05\/IMG_1012-2-768x511.jpg 768w, http:\/\/stald-hauge.dk\/wp-content\/uploads\/2025\/05\/IMG_1012-2.jpg 1000w\" sizes=\"auto, (max-width: 300px) 100vw, 300px\" \/> <img loading=\"lazy\" decoding=\"async\" class=\"alignnone size-medium wp-image-5238\" src=\"http:\/\/stald-hauge.dk\/wp-content\/uploads\/2025\/05\/IMG_1006-2-300x200.jpg\" alt=\"\" width=\"300\" height=\"200\" srcset=\"http:\/\/stald-hauge.dk\/wp-content\/uploads\/2025\/05\/IMG_1006-2-300x200.jpg 300w, http:\/\/stald-hauge.dk\/wp-content\/uploads\/2025\/05\/IMG_1006-2-700x466.jpg 700w, http:\/\/stald-hauge.dk\/wp-content\/uploads\/2025\/05\/IMG_1006-2-768x511.jpg 768w, http:\/\/stald-hauge.dk\/wp-content\/uploads\/2025\/05\/IMG_1006-2.jpg 1000w\" sizes=\"auto, (max-width: 300px) 100vw, 300px\" \/> <img loading=\"lazy\" decoding=\"async\" class=\"alignnone size-medium wp-image-5240\" src=\"http:\/\/stald-hauge.dk\/wp-content\/uploads\/2025\/05\/IMG_1014-2-300x200.jpg\" alt=\"\" width=\"300\" height=\"200\" srcset=\"http:\/\/stald-hauge.dk\/wp-content\/uploads\/2025\/05\/IMG_1014-2-300x200.jpg 300w, http:\/\/stald-hauge.dk\/wp-content\/uploads\/2025\/05\/IMG_1014-2-700x466.jpg 700w, http:\/\/stald-hauge.dk\/wp-content\/uploads\/2025\/05\/IMG_1014-2-768x511.jpg 768w, http:\/\/stald-hauge.dk\/wp-content\/uploads\/2025\/05\/IMG_1014-2.jpg 1000w\" sizes=\"auto, (max-width: 300px) 100vw, 300px\" \/> <img loading=\"lazy\" decoding=\"async\" class=\"alignnone size-medium wp-image-5241\" src=\"http:\/\/stald-hauge.dk\/wp-content\/uploads\/2025\/05\/IMG_1015-2-300x200.jpg\" alt=\"\" width=\"300\" height=\"200\" srcset=\"http:\/\/stald-hauge.dk\/wp-content\/uploads\/2025\/05\/IMG_1015-2-300x200.jpg 300w, http:\/\/stald-hauge.dk\/wp-content\/uploads\/2025\/05\/IMG_1015-2-700x466.jpg 700w, http:\/\/stald-hauge.dk\/wp-content\/uploads\/2025\/05\/IMG_1015-2-768x511.jpg 768w, http:\/\/stald-hauge.dk\/wp-content\/uploads\/2025\/05\/IMG_1015-2.jpg 1000w\" sizes=\"auto, (max-width: 300px) 100vw, 300px\" \/> <img loading=\"lazy\" decoding=\"async\" class=\"alignnone size-medium wp-image-5242\" src=\"http:\/\/stald-hauge.dk\/wp-content\/uploads\/2025\/05\/IMG_1018-2-300x200.jpg\" alt=\"\" width=\"300\" height=\"200\" srcset=\"http:\/\/stald-hauge.dk\/wp-content\/uploads\/2025\/05\/IMG_1018-2-300x200.jpg 300w, http:\/\/stald-hauge.dk\/wp-content\/uploads\/2025\/05\/IMG_1018-2-700x466.jpg 700w, http:\/\/stald-hauge.dk\/wp-content\/uploads\/2025\/05\/IMG_1018-2-768x511.jpg 768w, http:\/\/stald-hauge.dk\/wp-content\/uploads\/2025\/05\/IMG_1018-2.jpg 1000w\" sizes=\"auto, (max-width: 300px) 100vw, 300px\" \/><\/p>\n<p>&nbsp;<\/p>\n","protected":false},"excerpt":{"rendered":"<p>Vi har i maj 2025 f\u00e5et nogle blackface undulater hjem opdr\u00e6ttet af Palle Andersen. Vi har f\u00e5et 2 hjem i gr\u00e5 og en enkelt gr\u00f8n blackface. Vi gl\u00e6der os meget til at f\u00e5 dem i avl og selv komme igang &hellip; <a href=\"http:\/\/stald-hauge.dk\/index.php\/fugle\/undulat-blackface-black-wing\/\">L\u00e6s resten <span class=\"meta-nav\">&rarr;<\/span><\/a><\/p>\n","protected":false},"author":1,"featured_media":0,"parent":58,"menu_order":0,"comment_status":"closed","ping_status":"closed","template":"onecolumn-page.php","meta":{"footnotes":""},"class_list":["post-5243","page","type-page","status-publish","hentry"],"yoast_head":"<!-- This site is optimized with the Yoast SEO plugin v25.3.1 - https:\/\/yoast.com\/wordpress\/plugins\/seo\/ -->\n<title>Undulat - Blackface, Black wing - Stald Hauge<\/title>\n<meta name=\"description\" content=\"Stald Hauge. Avl af australske undulater - nu ogs\u00e5 i varianterne Blackface og Blackwing.\" \/>\n<meta name=\"robots\" content=\"index, follow, max-snippet:-1, max-image-preview:large, max-video-preview:-1\" \/>\n<link rel=\"canonical\" href=\"http:\/\/stald-hauge.dk\/index.php\/fugle\/undulat-blackface-black-wing\/\" \/>\n<meta property=\"og:locale\" content=\"da_DK\" \/>\n<meta property=\"og:type\" content=\"article\" \/>\n<meta property=\"og:title\" content=\"Undulat - Blackface, Black wing - Stald Hauge\" \/>\n<meta property=\"og:description\" content=\"Stald Hauge. Avl af australske undulater - nu ogs\u00e5 i varianterne Blackface og Blackwing.\" \/>\n<meta property=\"og:url\" content=\"http:\/\/stald-hauge.dk\/index.php\/fugle\/undulat-blackface-black-wing\/\" \/>\n<meta property=\"og:site_name\" content=\"Stald Hauge\" \/>\n<meta property=\"article:publisher\" content=\"https:\/\/www.facebook.com\/lisehauge\/\" \/>\n<meta property=\"article:modified_time\" content=\"2025-05-31T09:56:02+00:00\" \/>\n<meta property=\"og:image\" content=\"http:\/\/stald-hauge.dk\/wp-content\/uploads\/2025\/05\/IMG_1012-2-700x466.jpg\" \/>\n<meta name=\"twitter:card\" content=\"summary_large_image\" \/>\n<meta name=\"twitter:label1\" content=\"Estimeret l\u00e6setid\" \/>\n\t<meta name=\"twitter:data1\" content=\"6 minutter\" \/>\n<script type=\"application\/ld+json\" class=\"yoast-schema-graph\">{\"@context\":\"https:\/\/schema.org\",\"@graph\":[{\"@type\":\"WebPage\",\"@id\":\"http:\/\/stald-hauge.dk\/index.php\/fugle\/undulat-blackface-black-wing\/\",\"url\":\"http:\/\/stald-hauge.dk\/index.php\/fugle\/undulat-blackface-black-wing\/\",\"name\":\"Undulat - Blackface, Black wing - Stald Hauge\",\"isPartOf\":{\"@id\":\"https:\/\/stald-hauge.dk\/#website\"},\"primaryImageOfPage\":{\"@id\":\"http:\/\/stald-hauge.dk\/index.php\/fugle\/undulat-blackface-black-wing\/#primaryimage\"},\"image\":{\"@id\":\"http:\/\/stald-hauge.dk\/index.php\/fugle\/undulat-blackface-black-wing\/#primaryimage\"},\"thumbnailUrl\":\"http:\/\/stald-hauge.dk\/wp-content\/uploads\/2025\/05\/IMG_1012-2-700x466.jpg\",\"datePublished\":\"2025-05-17T20:19:28+00:00\",\"dateModified\":\"2025-05-31T09:56:02+00:00\",\"description\":\"Stald Hauge. Avl af australske undulater - nu ogs\u00e5 i varianterne Blackface og Blackwing.\",\"breadcrumb\":{\"@id\":\"http:\/\/stald-hauge.dk\/index.php\/fugle\/undulat-blackface-black-wing\/#breadcrumb\"},\"inLanguage\":\"da-DK\",\"potentialAction\":[{\"@type\":\"ReadAction\",\"target\":[\"http:\/\/stald-hauge.dk\/index.php\/fugle\/undulat-blackface-black-wing\/\"]}]},{\"@type\":\"ImageObject\",\"inLanguage\":\"da-DK\",\"@id\":\"http:\/\/stald-hauge.dk\/index.php\/fugle\/undulat-blackface-black-wing\/#primaryimage\",\"url\":\"http:\/\/stald-hauge.dk\/wp-content\/uploads\/2025\/05\/IMG_1012-2.jpg\",\"contentUrl\":\"http:\/\/stald-hauge.dk\/wp-content\/uploads\/2025\/05\/IMG_1012-2.jpg\",\"width\":1000,\"height\":666},{\"@type\":\"BreadcrumbList\",\"@id\":\"http:\/\/stald-hauge.dk\/index.php\/fugle\/undulat-blackface-black-wing\/#breadcrumb\",\"itemListElement\":[{\"@type\":\"ListItem\",\"position\":1,\"name\":\"Hjem\",\"item\":\"https:\/\/stald-hauge.dk\/\"},{\"@type\":\"ListItem\",\"position\":2,\"name\":\"Fugle\",\"item\":\"http:\/\/stald-hauge.dk\/index.php\/fugle\/\"},{\"@type\":\"ListItem\",\"position\":3,\"name\":\"Undulat &#8211; Blackface, Black wing\"}]},{\"@type\":\"WebSite\",\"@id\":\"https:\/\/stald-hauge.dk\/#website\",\"url\":\"https:\/\/stald-hauge.dk\/\",\"name\":\"Stald Hauge\",\"description\":\"v\/Lise Hauge S\u00f8rensen\",\"publisher\":{\"@id\":\"https:\/\/stald-hauge.dk\/#\/schema\/person\/5e9342de63bcc5037d653908c024bc01\"},\"potentialAction\":[{\"@type\":\"SearchAction\",\"target\":{\"@type\":\"EntryPoint\",\"urlTemplate\":\"https:\/\/stald-hauge.dk\/?s={search_term_string}\"},\"query-input\":{\"@type\":\"PropertyValueSpecification\",\"valueRequired\":true,\"valueName\":\"search_term_string\"}}],\"inLanguage\":\"da-DK\"},{\"@type\":[\"Person\",\"Organization\"],\"@id\":\"https:\/\/stald-hauge.dk\/#\/schema\/person\/5e9342de63bcc5037d653908c024bc01\",\"name\":\"admin\",\"image\":{\"@type\":\"ImageObject\",\"inLanguage\":\"da-DK\",\"@id\":\"https:\/\/stald-hauge.dk\/#\/schema\/person\/image\/\",\"url\":\"https:\/\/secure.gravatar.com\/avatar\/cb52025513d5b4d5bf079f09f5aae21c223852877c5a747e37ab431711bb309d?s=96&d=mm&r=g\",\"contentUrl\":\"https:\/\/secure.gravatar.com\/avatar\/cb52025513d5b4d5bf079f09f5aae21c223852877c5a747e37ab431711bb309d?s=96&d=mm&r=g\",\"caption\":\"admin\"},\"logo\":{\"@id\":\"https:\/\/stald-hauge.dk\/#\/schema\/person\/image\/\"},\"sameAs\":[\"http:\/\/stald-hauge.dk\",\"https:\/\/www.facebook.com\/lisehauge\/\"]}]}<\/script>\n<!-- \/ Yoast SEO plugin. -->","yoast_head_json":{"title":"Undulat - Blackface, Black wing - Stald Hauge","description":"Stald Hauge. Avl af australske undulater - nu ogs\u00e5 i varianterne Blackface og Blackwing.","robots":{"index":"index","follow":"follow","max-snippet":"max-snippet:-1","max-image-preview":"max-image-preview:large","max-video-preview":"max-video-preview:-1"},"canonical":"http:\/\/stald-hauge.dk\/index.php\/fugle\/undulat-blackface-black-wing\/","og_locale":"da_DK","og_type":"article","og_title":"Undulat - Blackface, Black wing - Stald Hauge","og_description":"Stald Hauge. Avl af australske undulater - nu ogs\u00e5 i varianterne Blackface og Blackwing.","og_url":"http:\/\/stald-hauge.dk\/index.php\/fugle\/undulat-blackface-black-wing\/","og_site_name":"Stald Hauge","article_publisher":"https:\/\/www.facebook.com\/lisehauge\/","article_modified_time":"2025-05-31T09:56:02+00:00","og_image":[{"url":"http:\/\/stald-hauge.dk\/wp-content\/uploads\/2025\/05\/IMG_1012-2-700x466.jpg","type":"","width":"","height":""}],"twitter_card":"summary_large_image","twitter_misc":{"Estimeret l\u00e6setid":"6 minutter"},"schema":{"@context":"https:\/\/schema.org","@graph":[{"@type":"WebPage","@id":"http:\/\/stald-hauge.dk\/index.php\/fugle\/undulat-blackface-black-wing\/","url":"http:\/\/stald-hauge.dk\/index.php\/fugle\/undulat-blackface-black-wing\/","name":"Undulat - Blackface, Black wing - Stald Hauge","isPartOf":{"@id":"https:\/\/stald-hauge.dk\/#website"},"primaryImageOfPage":{"@id":"http:\/\/stald-hauge.dk\/index.php\/fugle\/undulat-blackface-black-wing\/#primaryimage"},"image":{"@id":"http:\/\/stald-hauge.dk\/index.php\/fugle\/undulat-blackface-black-wing\/#primaryimage"},"thumbnailUrl":"http:\/\/stald-hauge.dk\/wp-content\/uploads\/2025\/05\/IMG_1012-2-700x466.jpg","datePublished":"2025-05-17T20:19:28+00:00","dateModified":"2025-05-31T09:56:02+00:00","description":"Stald Hauge. Avl af australske undulater - nu ogs\u00e5 i varianterne Blackface og Blackwing.","breadcrumb":{"@id":"http:\/\/stald-hauge.dk\/index.php\/fugle\/undulat-blackface-black-wing\/#breadcrumb"},"inLanguage":"da-DK","potentialAction":[{"@type":"ReadAction","target":["http:\/\/stald-hauge.dk\/index.php\/fugle\/undulat-blackface-black-wing\/"]}]},{"@type":"ImageObject","inLanguage":"da-DK","@id":"http:\/\/stald-hauge.dk\/index.php\/fugle\/undulat-blackface-black-wing\/#primaryimage","url":"http:\/\/stald-hauge.dk\/wp-content\/uploads\/2025\/05\/IMG_1012-2.jpg","contentUrl":"http:\/\/stald-hauge.dk\/wp-content\/uploads\/2025\/05\/IMG_1012-2.jpg","width":1000,"height":666},{"@type":"BreadcrumbList","@id":"http:\/\/stald-hauge.dk\/index.php\/fugle\/undulat-blackface-black-wing\/#breadcrumb","itemListElement":[{"@type":"ListItem","position":1,"name":"Hjem","item":"https:\/\/stald-hauge.dk\/"},{"@type":"ListItem","position":2,"name":"Fugle","item":"http:\/\/stald-hauge.dk\/index.php\/fugle\/"},{"@type":"ListItem","position":3,"name":"Undulat &#8211; Blackface, Black wing"}]},{"@type":"WebSite","@id":"https:\/\/stald-hauge.dk\/#website","url":"https:\/\/stald-hauge.dk\/","name":"Stald Hauge","description":"v\/Lise Hauge S\u00f8rensen","publisher":{"@id":"https:\/\/stald-hauge.dk\/#\/schema\/person\/5e9342de63bcc5037d653908c024bc01"},"potentialAction":[{"@type":"SearchAction","target":{"@type":"EntryPoint","urlTemplate":"https:\/\/stald-hauge.dk\/?s={search_term_string}"},"query-input":{"@type":"PropertyValueSpecification","valueRequired":true,"valueName":"search_term_string"}}],"inLanguage":"da-DK"},{"@type":["Person","Organization"],"@id":"https:\/\/stald-hauge.dk\/#\/schema\/person\/5e9342de63bcc5037d653908c024bc01","name":"admin","image":{"@type":"ImageObject","inLanguage":"da-DK","@id":"https:\/\/stald-hauge.dk\/#\/schema\/person\/image\/","url":"https:\/\/secure.gravatar.com\/avatar\/cb52025513d5b4d5bf079f09f5aae21c223852877c5a747e37ab431711bb309d?s=96&d=mm&r=g","contentUrl":"https:\/\/secure.gravatar.com\/avatar\/cb52025513d5b4d5bf079f09f5aae21c223852877c5a747e37ab431711bb309d?s=96&d=mm&r=g","caption":"admin"},"logo":{"@id":"https:\/\/stald-hauge.dk\/#\/schema\/person\/image\/"},"sameAs":["http:\/\/stald-hauge.dk","https:\/\/www.facebook.com\/lisehauge\/"]}]}},"_links":{"self":[{"href":"http:\/\/stald-hauge.dk\/index.php\/wp-json\/wp\/v2\/pages\/5243","targetHints":{"allow":["GET"]}}],"collection":[{"href":"http:\/\/stald-hauge.dk\/index.php\/wp-json\/wp\/v2\/pages"}],"about":[{"href":"http:\/\/stald-hauge.dk\/index.php\/wp-json\/wp\/v2\/types\/page"}],"author":[{"embeddable":true,"href":"http:\/\/stald-hauge.dk\/index.php\/wp-json\/wp\/v2\/users\/1"}],"replies":[{"embeddable":true,"href":"http:\/\/stald-hauge.dk\/index.php\/wp-json\/wp\/v2\/comments?post=5243"}],"version-history":[{"count":4,"href":"http:\/\/stald-hauge.dk\/index.php\/wp-json\/wp\/v2\/pages\/5243\/revisions"}],"predecessor-version":[{"id":5248,"href":"http:\/\/stald-hauge.dk\/index.php\/wp-json\/wp\/v2\/pages\/5243\/revisions\/5248"}],"up":[{"embeddable":true,"href":"http:\/\/stald-hauge.dk\/index.php\/wp-json\/wp\/v2\/pages\/58"}],"wp:attachment":[{"href":"http:\/\/stald-hauge.dk\/index.php\/wp-json\/wp\/v2\/media?parent=5243"}],"curies":[{"name":"wp","href":"https:\/\/api.w.org\/{rel}","templated":true}]}}