{"id":68,"date":"2024-08-14T17:58:12","date_gmt":"2024-08-14T17:58:12","guid":{"rendered":"https:\/\/stald-hauge.dk\/?page_id=68"},"modified":"2025-01-02T07:40:35","modified_gmt":"2025-01-02T07:40:35","slug":"undulater","status":"publish","type":"page","link":"http:\/\/stald-hauge.dk\/index.php\/fugle\/undulater\/","title":{"rendered":"Undulater"},"content":{"rendered":"<p style=\"text-align: center;\"><img loading=\"lazy\" decoding=\"async\" class=\"alignnone size-large wp-image-4664\" src=\"http:\/\/stald-hauge.dk\/wp-content\/uploads\/2025\/01\/Fugle26-700x524.jpeg\" alt=\"\" width=\"640\" height=\"479\" srcset=\"http:\/\/stald-hauge.dk\/wp-content\/uploads\/2025\/01\/Fugle26-700x524.jpeg 700w, http:\/\/stald-hauge.dk\/wp-content\/uploads\/2025\/01\/Fugle26-300x225.jpeg 300w, http:\/\/stald-hauge.dk\/wp-content\/uploads\/2025\/01\/Fugle26.jpeg 768w\" sizes=\"auto, (max-width: 640px) 100vw, 640px\" \/><\/p>\n<p style=\"text-align: center;\">Vores f\u00f8rste undulatunger, som er fl\u00f8jet fra reden er f\u00f8dt d. 23. april 2024.<\/p>\n<p style=\"text-align: center;\">I kuldet var der en Opalin sprangle lysegr\u00f8n og en Opalin australsk broget kobolt. Begge piger. Den kobolt har f\u00e5et lov til at blive boende hjemme.<\/p>\n<p style=\"text-align: center;\">Nogle af vores undulater kan ses her<\/p>\n<p style=\"text-align: center;\"><img loading=\"lazy\" decoding=\"async\" class=\"alignnone size-full wp-image-4665\" src=\"http:\/\/stald-hauge.dk\/wp-content\/uploads\/2025\/01\/Fugle27.jpeg\" alt=\"\" width=\"300\" height=\"225\" \/> <img loading=\"lazy\" decoding=\"async\" class=\"alignnone size-full wp-image-4666\" src=\"http:\/\/stald-hauge.dk\/wp-content\/uploads\/2025\/01\/Fugle28.jpg\" alt=\"\" width=\"139\" height=\"300\" \/> <img loading=\"lazy\" decoding=\"async\" class=\"alignnone size-full wp-image-4667\" src=\"http:\/\/stald-hauge.dk\/wp-content\/uploads\/2025\/01\/Fugle29.jpg\" alt=\"\" width=\"139\" height=\"300\" \/> <img loading=\"lazy\" decoding=\"async\" class=\"alignnone size-full wp-image-4668\" src=\"http:\/\/stald-hauge.dk\/wp-content\/uploads\/2025\/01\/Fugle30.jpg\" alt=\"\" width=\"139\" height=\"300\" \/> <img loading=\"lazy\" decoding=\"async\" class=\"alignnone size-full wp-image-4669\" src=\"http:\/\/stald-hauge.dk\/wp-content\/uploads\/2025\/01\/Fugle31.jpg\" alt=\"\" width=\"139\" height=\"300\" \/> <img loading=\"lazy\" decoding=\"async\" class=\"alignnone size-full wp-image-4670\" src=\"http:\/\/stald-hauge.dk\/wp-content\/uploads\/2025\/01\/Fugle32.jpg\" alt=\"\" width=\"225\" height=\"300\" \/> <img loading=\"lazy\" decoding=\"async\" class=\"alignnone size-full wp-image-4671\" src=\"http:\/\/stald-hauge.dk\/wp-content\/uploads\/2025\/01\/Fugle33.jpg\" alt=\"\" width=\"225\" height=\"300\" \/> <img loading=\"lazy\" decoding=\"async\" class=\"alignnone size-full wp-image-4672\" src=\"http:\/\/stald-hauge.dk\/wp-content\/uploads\/2025\/01\/Fugle34.jpg\" alt=\"\" width=\"225\" height=\"300\" \/> <img loading=\"lazy\" decoding=\"async\" class=\"alignnone size-full wp-image-4673\" src=\"http:\/\/stald-hauge.dk\/wp-content\/uploads\/2025\/01\/Fugle35.jpg\" alt=\"\" width=\"225\" height=\"300\" \/><\/p>\n","protected":false},"excerpt":{"rendered":"<p>Vores f\u00f8rste undulatunger, som er fl\u00f8jet fra reden er f\u00f8dt d. 23. april 2024. I kuldet var der en Opalin sprangle lysegr\u00f8n og en Opalin australsk broget kobolt. Begge piger. Den kobolt har f\u00e5et lov til at blive boende hjemme. &hellip; <a href=\"http:\/\/stald-hauge.dk\/index.php\/fugle\/undulater\/\">L\u00e6s resten <span class=\"meta-nav\">&rarr;<\/span><\/a><\/p>\n","protected":false},"author":1,"featured_media":0,"parent":58,"menu_order":0,"comment_status":"closed","ping_status":"closed","template":"onecolumn-page.php","meta":{"footnotes":""},"class_list":["post-68","page","type-page","status-publish","hentry"],"yoast_head":"<!-- This site is optimized with the Yoast SEO plugin v25.3.1 - https:\/\/yoast.com\/wordpress\/plugins\/seo\/ -->\n<title>Undulater - Stald Hauge<\/title>\n<meta name=\"robots\" content=\"index, follow, max-snippet:-1, max-image-preview:large, max-video-preview:-1\" \/>\n<link rel=\"canonical\" href=\"https:\/\/stald-hauge.dk\/index.php\/fugle\/undulater\/\" \/>\n<meta property=\"og:locale\" content=\"da_DK\" \/>\n<meta property=\"og:type\" content=\"article\" \/>\n<meta property=\"og:title\" content=\"Undulater - Stald Hauge\" \/>\n<meta property=\"og:description\" content=\"Vores f\u00f8rste undulatunger, som er fl\u00f8jet fra reden er f\u00f8dt d. 23. april 2024. I kuldet var der en Opalin sprangle lysegr\u00f8n og en Opalin australsk broget kobolt. Begge piger. Den kobolt har f\u00e5et lov til at blive boende hjemme. &hellip; L\u00e6s resten &rarr;\" \/>\n<meta property=\"og:url\" content=\"https:\/\/stald-hauge.dk\/index.php\/fugle\/undulater\/\" \/>\n<meta property=\"og:site_name\" content=\"Stald Hauge\" \/>\n<meta property=\"article:publisher\" content=\"https:\/\/www.facebook.com\/lisehauge\/\" \/>\n<meta property=\"article:modified_time\" content=\"2025-01-02T07:40:35+00:00\" \/>\n<meta property=\"og:image\" content=\"http:\/\/stald-hauge.dk\/wp-content\/uploads\/2025\/01\/Fugle26-700x524.jpeg\" \/>\n<meta name=\"twitter:card\" content=\"summary_large_image\" \/>\n<script type=\"application\/ld+json\" class=\"yoast-schema-graph\">{\"@context\":\"https:\/\/schema.org\",\"@graph\":[{\"@type\":\"WebPage\",\"@id\":\"https:\/\/stald-hauge.dk\/index.php\/fugle\/undulater\/\",\"url\":\"https:\/\/stald-hauge.dk\/index.php\/fugle\/undulater\/\",\"name\":\"Undulater - Stald Hauge\",\"isPartOf\":{\"@id\":\"https:\/\/stald-hauge.dk\/#website\"},\"primaryImageOfPage\":{\"@id\":\"https:\/\/stald-hauge.dk\/index.php\/fugle\/undulater\/#primaryimage\"},\"image\":{\"@id\":\"https:\/\/stald-hauge.dk\/index.php\/fugle\/undulater\/#primaryimage\"},\"thumbnailUrl\":\"http:\/\/stald-hauge.dk\/wp-content\/uploads\/2025\/01\/Fugle26-700x524.jpeg\",\"datePublished\":\"2024-08-14T17:58:12+00:00\",\"dateModified\":\"2025-01-02T07:40:35+00:00\",\"breadcrumb\":{\"@id\":\"https:\/\/stald-hauge.dk\/index.php\/fugle\/undulater\/#breadcrumb\"},\"inLanguage\":\"da-DK\",\"potentialAction\":[{\"@type\":\"ReadAction\",\"target\":[\"https:\/\/stald-hauge.dk\/index.php\/fugle\/undulater\/\"]}]},{\"@type\":\"ImageObject\",\"inLanguage\":\"da-DK\",\"@id\":\"https:\/\/stald-hauge.dk\/index.php\/fugle\/undulater\/#primaryimage\",\"url\":\"http:\/\/stald-hauge.dk\/wp-content\/uploads\/2025\/01\/Fugle26.jpeg\",\"contentUrl\":\"http:\/\/stald-hauge.dk\/wp-content\/uploads\/2025\/01\/Fugle26.jpeg\",\"width\":768,\"height\":575},{\"@type\":\"BreadcrumbList\",\"@id\":\"https:\/\/stald-hauge.dk\/index.php\/fugle\/undulater\/#breadcrumb\",\"itemListElement\":[{\"@type\":\"ListItem\",\"position\":1,\"name\":\"Hjem\",\"item\":\"https:\/\/stald-hauge.dk\/\"},{\"@type\":\"ListItem\",\"position\":2,\"name\":\"Fugle\",\"item\":\"http:\/\/stald-hauge.dk\/index.php\/fugle\/\"},{\"@type\":\"ListItem\",\"position\":3,\"name\":\"Undulater\"}]},{\"@type\":\"WebSite\",\"@id\":\"https:\/\/stald-hauge.dk\/#website\",\"url\":\"https:\/\/stald-hauge.dk\/\",\"name\":\"Stald Hauge\",\"description\":\"v\/Lise Hauge S\u00f8rensen\",\"publisher\":{\"@id\":\"https:\/\/stald-hauge.dk\/#\/schema\/person\/5e9342de63bcc5037d653908c024bc01\"},\"potentialAction\":[{\"@type\":\"SearchAction\",\"target\":{\"@type\":\"EntryPoint\",\"urlTemplate\":\"https:\/\/stald-hauge.dk\/?s={search_term_string}\"},\"query-input\":{\"@type\":\"PropertyValueSpecification\",\"valueRequired\":true,\"valueName\":\"search_term_string\"}}],\"inLanguage\":\"da-DK\"},{\"@type\":[\"Person\",\"Organization\"],\"@id\":\"https:\/\/stald-hauge.dk\/#\/schema\/person\/5e9342de63bcc5037d653908c024bc01\",\"name\":\"admin\",\"image\":{\"@type\":\"ImageObject\",\"inLanguage\":\"da-DK\",\"@id\":\"https:\/\/stald-hauge.dk\/#\/schema\/person\/image\/\",\"url\":\"https:\/\/secure.gravatar.com\/avatar\/cb52025513d5b4d5bf079f09f5aae21c223852877c5a747e37ab431711bb309d?s=96&d=mm&r=g\",\"contentUrl\":\"https:\/\/secure.gravatar.com\/avatar\/cb52025513d5b4d5bf079f09f5aae21c223852877c5a747e37ab431711bb309d?s=96&d=mm&r=g\",\"caption\":\"admin\"},\"logo\":{\"@id\":\"https:\/\/stald-hauge.dk\/#\/schema\/person\/image\/\"},\"sameAs\":[\"http:\/\/stald-hauge.dk\",\"https:\/\/www.facebook.com\/lisehauge\/\"]}]}<\/script>\n<!-- \/ Yoast SEO plugin. -->","yoast_head_json":{"title":"Undulater - Stald Hauge","robots":{"index":"index","follow":"follow","max-snippet":"max-snippet:-1","max-image-preview":"max-image-preview:large","max-video-preview":"max-video-preview:-1"},"canonical":"https:\/\/stald-hauge.dk\/index.php\/fugle\/undulater\/","og_locale":"da_DK","og_type":"article","og_title":"Undulater - Stald Hauge","og_description":"Vores f\u00f8rste undulatunger, som er fl\u00f8jet fra reden er f\u00f8dt d. 23. april 2024. I kuldet var der en Opalin sprangle lysegr\u00f8n og en Opalin australsk broget kobolt. Begge piger. Den kobolt har f\u00e5et lov til at blive boende hjemme. &hellip; L\u00e6s resten &rarr;","og_url":"https:\/\/stald-hauge.dk\/index.php\/fugle\/undulater\/","og_site_name":"Stald Hauge","article_publisher":"https:\/\/www.facebook.com\/lisehauge\/","article_modified_time":"2025-01-02T07:40:35+00:00","og_image":[{"url":"http:\/\/stald-hauge.dk\/wp-content\/uploads\/2025\/01\/Fugle26-700x524.jpeg","type":"","width":"","height":""}],"twitter_card":"summary_large_image","schema":{"@context":"https:\/\/schema.org","@graph":[{"@type":"WebPage","@id":"https:\/\/stald-hauge.dk\/index.php\/fugle\/undulater\/","url":"https:\/\/stald-hauge.dk\/index.php\/fugle\/undulater\/","name":"Undulater - Stald Hauge","isPartOf":{"@id":"https:\/\/stald-hauge.dk\/#website"},"primaryImageOfPage":{"@id":"https:\/\/stald-hauge.dk\/index.php\/fugle\/undulater\/#primaryimage"},"image":{"@id":"https:\/\/stald-hauge.dk\/index.php\/fugle\/undulater\/#primaryimage"},"thumbnailUrl":"http:\/\/stald-hauge.dk\/wp-content\/uploads\/2025\/01\/Fugle26-700x524.jpeg","datePublished":"2024-08-14T17:58:12+00:00","dateModified":"2025-01-02T07:40:35+00:00","breadcrumb":{"@id":"https:\/\/stald-hauge.dk\/index.php\/fugle\/undulater\/#breadcrumb"},"inLanguage":"da-DK","potentialAction":[{"@type":"ReadAction","target":["https:\/\/stald-hauge.dk\/index.php\/fugle\/undulater\/"]}]},{"@type":"ImageObject","inLanguage":"da-DK","@id":"https:\/\/stald-hauge.dk\/index.php\/fugle\/undulater\/#primaryimage","url":"http:\/\/stald-hauge.dk\/wp-content\/uploads\/2025\/01\/Fugle26.jpeg","contentUrl":"http:\/\/stald-hauge.dk\/wp-content\/uploads\/2025\/01\/Fugle26.jpeg","width":768,"height":575},{"@type":"BreadcrumbList","@id":"https:\/\/stald-hauge.dk\/index.php\/fugle\/undulater\/#breadcrumb","itemListElement":[{"@type":"ListItem","position":1,"name":"Hjem","item":"https:\/\/stald-hauge.dk\/"},{"@type":"ListItem","position":2,"name":"Fugle","item":"http:\/\/stald-hauge.dk\/index.php\/fugle\/"},{"@type":"ListItem","position":3,"name":"Undulater"}]},{"@type":"WebSite","@id":"https:\/\/stald-hauge.dk\/#website","url":"https:\/\/stald-hauge.dk\/","name":"Stald Hauge","description":"v\/Lise Hauge S\u00f8rensen","publisher":{"@id":"https:\/\/stald-hauge.dk\/#\/schema\/person\/5e9342de63bcc5037d653908c024bc01"},"potentialAction":[{"@type":"SearchAction","target":{"@type":"EntryPoint","urlTemplate":"https:\/\/stald-hauge.dk\/?s={search_term_string}"},"query-input":{"@type":"PropertyValueSpecification","valueRequired":true,"valueName":"search_term_string"}}],"inLanguage":"da-DK"},{"@type":["Person","Organization"],"@id":"https:\/\/stald-hauge.dk\/#\/schema\/person\/5e9342de63bcc5037d653908c024bc01","name":"admin","image":{"@type":"ImageObject","inLanguage":"da-DK","@id":"https:\/\/stald-hauge.dk\/#\/schema\/person\/image\/","url":"https:\/\/secure.gravatar.com\/avatar\/cb52025513d5b4d5bf079f09f5aae21c223852877c5a747e37ab431711bb309d?s=96&d=mm&r=g","contentUrl":"https:\/\/secure.gravatar.com\/avatar\/cb52025513d5b4d5bf079f09f5aae21c223852877c5a747e37ab431711bb309d?s=96&d=mm&r=g","caption":"admin"},"logo":{"@id":"https:\/\/stald-hauge.dk\/#\/schema\/person\/image\/"},"sameAs":["http:\/\/stald-hauge.dk","https:\/\/www.facebook.com\/lisehauge\/"]}]}},"_links":{"self":[{"href":"http:\/\/stald-hauge.dk\/index.php\/wp-json\/wp\/v2\/pages\/68","targetHints":{"allow":["GET"]}}],"collection":[{"href":"http:\/\/stald-hauge.dk\/index.php\/wp-json\/wp\/v2\/pages"}],"about":[{"href":"http:\/\/stald-hauge.dk\/index.php\/wp-json\/wp\/v2\/types\/page"}],"author":[{"embeddable":true,"href":"http:\/\/stald-hauge.dk\/index.php\/wp-json\/wp\/v2\/users\/1"}],"replies":[{"embeddable":true,"href":"http:\/\/stald-hauge.dk\/index.php\/wp-json\/wp\/v2\/comments?post=68"}],"version-history":[{"count":4,"href":"http:\/\/stald-hauge.dk\/index.php\/wp-json\/wp\/v2\/pages\/68\/revisions"}],"predecessor-version":[{"id":4882,"href":"http:\/\/stald-hauge.dk\/index.php\/wp-json\/wp\/v2\/pages\/68\/revisions\/4882"}],"up":[{"embeddable":true,"href":"http:\/\/stald-hauge.dk\/index.php\/wp-json\/wp\/v2\/pages\/58"}],"wp:attachment":[{"href":"http:\/\/stald-hauge.dk\/index.php\/wp-json\/wp\/v2\/media?parent=68"}],"curies":[{"name":"wp","href":"https:\/\/api.w.org\/{rel}","templated":true}]}}