{"id":72,"date":"2024-08-14T18:05:33","date_gmt":"2024-08-14T18:05:33","guid":{"rendered":"https:\/\/stald-hauge.dk\/?page_id=72"},"modified":"2024-12-29T23:13:12","modified_gmt":"2024-12-29T23:13:12","slug":"foel-shetlandspony","status":"publish","type":"page","link":"http:\/\/stald-hauge.dk\/index.php\/heste\/foel-shetlandspony\/","title":{"rendered":"F\u00f8l Shetlandspony"},"content":{"rendered":"<p style=\"text-align: center;\"><strong>De shetlandsponyf\u00f8l, som vi har f\u00e5et gennem tiden<\/strong><\/p>\n<p style=\"text-align: center;\">*-*-*-*-*-*-*-*-*-*-*-*-*-*-*-*-*-*-*-*-*-*-*-*-*-*-*-*<\/p>\n<p style=\"text-align: center;\"><a href=\"https:\/\/stald-hauge.dk\/index.php\/heste\/foel-shetlandspony\/2024-hauges-spotlight\/\"><span style=\"color: #000080;\"><strong>Hauge\u00b4s Spotlight<\/strong><\/span><\/a><\/p>\n<p style=\"text-align: center;\">F\u00f8dt: 19 april 2024<\/p>\n<p style=\"text-align: center;\">Farve: R\u00f8d knapstrupper (silver?)<\/p>\n<p style=\"text-align: center;\">Mor:\u00a0Pindstruphavens Silverbelle, silverdapple<\/p>\n<p style=\"text-align: center;\">Far: Mowgli, r\u00f8d knapstrupper<\/p>\n<p style=\"text-align: center;\"><img loading=\"lazy\" decoding=\"async\" class=\"alignnone size-full wp-image-2824\" src=\"http:\/\/stald-hauge.dk\/wp-content\/uploads\/2024\/12\/Forside-foel34.jpg\" alt=\"\" width=\"300\" height=\"200\" \/><\/p>\n<p style=\"text-align: center;\">*-*-*-*-*-*-*-*-*-*-*-*-*-*-*-*-*-*-*-*-*-*-*-*-*-*-*-*<\/p>\n<p style=\"text-align: center;\"><a href=\"https:\/\/stald-hauge.dk\/index.php\/heste\/foel-shetlandspony\/2024-hauges-daylight\/\"><span style=\"color: #ff0000;\"><strong>Hauge\u00b4s Daylight<\/strong><\/span><\/a><\/p>\n<p style=\"text-align: center;\">F\u00f8dt: 30. marts 2024<\/p>\n<p style=\"text-align: center;\">Farve: R\u00f8d<\/p>\n<p style=\"text-align: center;\">Mor: Marie, palomino<\/p>\n<p style=\"text-align: center;\">Far: Mowgli, r\u00f8d knapstrupper<\/p>\n<p style=\"text-align: center;\"><img loading=\"lazy\" decoding=\"async\" class=\"alignnone size-full wp-image-2823\" src=\"http:\/\/stald-hauge.dk\/wp-content\/uploads\/2024\/12\/Forside-foel33.jpg\" alt=\"\" width=\"300\" height=\"200\" \/><\/p>\n<p style=\"text-align: center;\">*-*-*-*-*-*-*-*-*-*-*-*-*-*-*-*-*-*-*-*-*-*-*-*-*-*-*-*<\/p>\n<p style=\"text-align: center;\"><span style=\"color: #ff0000;\"><a style=\"color: #ff0000;\" href=\"https:\/\/stald-hauge.dk\/index.php\/heste\/foel-shetlandspony\/2021-hauges-fileika\/\"><strong>Hauge\u00b4s Fileika<\/strong><\/a><\/span><\/p>\n<p style=\"text-align: center;\">F\u00f8dt: 03.06.2021<\/p>\n<p style=\"text-align: center;\">Farve: sort eller smokey black<\/p>\n<p style=\"text-align: center;\">Mor: Pindstruphavens Silverbelle, silverdapple<\/p>\n<p style=\"text-align: center;\">Far: Hugo, palomino appaloosa, 80 cm<\/p>\n<p style=\"text-align: center;\"><img loading=\"lazy\" decoding=\"async\" class=\"alignnone size-full wp-image-2822\" src=\"http:\/\/stald-hauge.dk\/wp-content\/uploads\/2024\/12\/Forside-foel32.jpg\" alt=\"\" width=\"300\" height=\"200\" \/><\/p>\n<p style=\"text-align: center;\">*-*-*-*-*-*-*-*-*-*-*-*-*-*-*-*-*-*-*-*-*-*-*-*-*-*-*-*<\/p>\n<p style=\"text-align: center;\"><span style=\"color: #000080;\"><a style=\"color: #000080;\" href=\"https:\/\/stald-hauge.dk\/index.php\/heste\/foel-shetlandspony\/2021-hauges-teddy\/\"><strong>Hauge\u00b4s Teddy<\/strong><\/a><\/span><\/p>\n<p style=\"text-align: center;\">F\u00f8dt: 26.03.2021<\/p>\n<p style=\"text-align: center;\">Farve: r\u00f8d<\/p>\n<p style=\"text-align: center;\">Mor: Marie, palomino<\/p>\n<p style=\"text-align: center;\">Far: Hugo, palomino appaloosa<\/p>\n<p style=\"text-align: center;\"><img loading=\"lazy\" decoding=\"async\" class=\"alignnone size-full wp-image-2821\" src=\"http:\/\/stald-hauge.dk\/wp-content\/uploads\/2024\/12\/Forside-foel31.jpg\" alt=\"\" width=\"300\" height=\"200\" \/><\/p>\n<p style=\"text-align: center;\">*-*-*-*-*-*-*-*-*-*-*-*-*-*-*-*-*-*-*-*-*-*-*-*-*-*-*-*<\/p>\n<p style=\"text-align: center;\"><span style=\"color: #000080;\"><a style=\"color: #000080;\" href=\"https:\/\/stald-hauge.dk\/index.php\/heste\/foel-shetlandspony\/2020-hauges-firefly\/\"><strong>Hauge\u00b4s Firefly<\/strong><\/a><\/span><\/p>\n<p style=\"text-align: center;\">F\u00f8dt: 05.04.2020<\/p>\n<p style=\"text-align: center;\">Farve: Cremello<\/p>\n<p style=\"text-align: center;\">Mor: Marie, palomino<\/p>\n<p style=\"text-align: center;\">Far: Hugo, palomino appaloosa<\/p>\n<p style=\"text-align: center;\"><img loading=\"lazy\" decoding=\"async\" class=\"alignnone size-full wp-image-2820\" src=\"http:\/\/stald-hauge.dk\/wp-content\/uploads\/2024\/12\/Forside-foel30.jpg\" alt=\"\" width=\"300\" height=\"200\" \/><\/p>\n<p style=\"text-align: center;\">*-*-*-*-*-*-*-*-*-*-*-*-*-*-*-*-*-*-*-*-*-*-*-*-*-*-*-*<\/p>\n<p style=\"text-align: center;\"><span style=\"color: #000080;\"><a style=\"color: #000080;\" href=\"https:\/\/stald-hauge.dk\/index.php\/heste\/foel-shetlandspony\/2019-hauges-felix\/\"><strong>Hauge\u00b4s Felix<\/strong><\/a><\/span><\/p>\n<p style=\"text-align: center;\">F\u00f8dt: 28.05.2019<\/p>\n<p style=\"text-align: center;\">H\u00f8jde: 45 cm ved f\u00f8dsel<\/p>\n<p style=\"text-align: center;\">Farve: R\u00f8d\/r\u00f8d silver?<\/p>\n<p style=\"text-align: center;\">Mor: Pindstruphavens Silverbelle, silverdapple<\/p>\n<p style=\"text-align: center;\">Far: Hugo, palomino appaloosa, 80 cm<\/p>\n<p style=\"text-align: center;\"><img loading=\"lazy\" decoding=\"async\" class=\"alignnone size-full wp-image-2819\" src=\"http:\/\/stald-hauge.dk\/wp-content\/uploads\/2024\/12\/Forside-foel29.jpg\" alt=\"\" width=\"300\" height=\"200\" \/><\/p>\n<p style=\"text-align: center;\">*-*-*-*-*-*-*-*-*-*-*-*-*-*-*-*-*-*-*-*-*-*-*-*-*-*-*-*<\/p>\n<p style=\"text-align: center;\"><span style=\"color: #000080;\"><a style=\"color: #000080;\" href=\"https:\/\/stald-hauge.dk\/index.php\/heste\/foel-shetlandspony\/2019-hauges-cupcake\/\"><strong>Hauge\u00b4s Cupcake<\/strong><\/a><\/span><\/p>\n<p style=\"text-align: center;\">F\u00f8dt: 02.04.2019<\/p>\n<p style=\"text-align: center;\">Farve: R\u00f8d broget<\/p>\n<p style=\"text-align: center;\">Mor: Silke, palominobroget, 84 cm<\/p>\n<p style=\"text-align: center;\">Far: Hugo, palomino appaloosa, 80 cm<\/p>\n<p style=\"text-align: center;\"><img loading=\"lazy\" decoding=\"async\" class=\"alignnone size-full wp-image-2818\" src=\"http:\/\/stald-hauge.dk\/wp-content\/uploads\/2024\/12\/Forside-foel28.jpg\" alt=\"\" width=\"300\" height=\"200\" \/><\/p>\n<p style=\"text-align: center;\">*-*-*-*-*-*-*-*-*-*-*-*-*-*-*-*-*-*-*-*-*-*-*-*-*-*-*-*<\/p>\n<p style=\"text-align: center;\"><a href=\"https:\/\/stald-hauge.dk\/index.php\/heste\/foel-shetlandspony\/2018-hauges-bella\/\"><strong><span style=\"color: #ff0000;\">Hauge\u00b4s Bella<\/span><\/strong><\/a><\/p>\n<p style=\"text-align: center;\">F\u00f8dt: 21.04.2018<\/p>\n<p style=\"text-align: center;\">Farve: Palomino<\/p>\n<p style=\"text-align: center;\">Mor: Marie, palomino<\/p>\n<p style=\"text-align: center;\">Far: Hugo, palomino appaloosa<\/p>\n<p style=\"text-align: center;\"><img loading=\"lazy\" decoding=\"async\" class=\"alignnone size-full wp-image-2817\" src=\"http:\/\/stald-hauge.dk\/wp-content\/uploads\/2024\/12\/Forside-foel27.jpg\" alt=\"\" width=\"300\" height=\"200\" \/><\/p>\n<p style=\"text-align: center;\">*-*-*-*-*-*-*-*-*-*-*-*-*-*-*-*-*-*-*-*-*-*-*-*-*-*-*-*<\/p>\n<p style=\"text-align: center;\"><span style=\"color: #ff0000;\"><a style=\"color: #ff0000;\" href=\"https:\/\/stald-hauge.dk\/index.php\/heste\/foel-shetlandspony\/2018-hauges-freja-kastel\/\"><strong>Hauge\u00b4s Freja (Kastel)<\/strong><\/a><\/span><\/p>\n<p style=\"text-align: center;\">F\u00f8dt: 31.03.2018<\/p>\n<p style=\"text-align: center;\">Farve: Sort eller smokey black (mulig b\u00e6rer af mushroom)<\/p>\n<p style=\"text-align: center;\">H\u00f8jde ved f\u00f8dsel: 46 cm<\/p>\n<p style=\"text-align: center;\">Mor: Pindstruphavens Silverbelle, silverdapple<\/p>\n<p style=\"text-align: center;\">Far: Hugo, Palomino knapstrupper<\/p>\n<p style=\"text-align: center;\"><img loading=\"lazy\" decoding=\"async\" class=\"alignnone size-full wp-image-2815\" src=\"http:\/\/stald-hauge.dk\/wp-content\/uploads\/2024\/12\/Forside-foel26.jpg\" alt=\"\" width=\"300\" height=\"200\" \/> <img loading=\"lazy\" decoding=\"async\" class=\"alignnone size-full wp-image-2816\" src=\"http:\/\/stald-hauge.dk\/wp-content\/uploads\/2024\/12\/Forside-foel26a.jpg\" alt=\"\" width=\"300\" height=\"200\" \/><\/p>\n<p style=\"text-align: center;\">\u00a0-*-*-*-*-*-*-*-*-*-*-*-*-*-*-*-*-*-*-*-*-*-*-*-*-*-*-*<\/p>\n<p style=\"text-align: center;\"><a href=\"https:\/\/stald-hauge.dk\/index.php\/heste\/foel-shetlandspony\/2016-hauges-gertrud\/\"><strong><span style=\"color: #ff0000;\">Hauge\u00b4s Gertrud<\/span><\/strong><\/a><\/p>\n<p style=\"text-align: center;\">F\u00f8dt: 03.05.2016<\/p>\n<p style=\"text-align: center;\">Farve: Palomino<\/p>\n<p style=\"text-align: center;\">Mor: Marie, sooty palomino<\/p>\n<p style=\"text-align: center;\">Far: S\u00e6byg\u00e5rds Bailey, buckskin<\/p>\n<p style=\"text-align: center;\"><img loading=\"lazy\" decoding=\"async\" class=\"alignnone size-full wp-image-2814\" src=\"http:\/\/stald-hauge.dk\/wp-content\/uploads\/2024\/12\/Forside-foel25.jpg\" alt=\"\" width=\"300\" height=\"200\" \/><\/p>\n<p style=\"text-align: center;\">*-*-*-*-*-*-*-*-*-*-*-*-*-*-*-*-*-*-*-*-*-*-*-*-*-*-*-*<\/p>\n<p style=\"text-align: center;\"><span style=\"color: #ff0000;\"><a style=\"color: #ff0000;\" href=\"https:\/\/stald-hauge.dk\/index.php\/heste\/foel-shetlandspony\/2016-jasmin\/\"><strong>Hauge\u00b4s Jasmin<\/strong><\/a><\/span><\/p>\n<p style=\"text-align: center;\">F\u00f8dt: 10.04.2016<\/p>\n<p style=\"text-align: center;\">Farve: Brun<\/p>\n<p style=\"text-align: center;\">Mor: Silke, palominobroget<\/p>\n<p style=\"text-align: center;\">Far: S\u00e6byg\u00e5rds Bailey, buckskin<\/p>\n<p style=\"text-align: center;\"><img loading=\"lazy\" decoding=\"async\" class=\"alignnone size-full wp-image-2813\" src=\"http:\/\/stald-hauge.dk\/wp-content\/uploads\/2024\/12\/Forside-foel24.jpg\" alt=\"\" width=\"300\" height=\"200\" \/><\/p>\n<p style=\"text-align: center;\">*-*-*-*-*-*-*-*-*-*-*-*-*-*-*-*-*-*-*-*-*-*-*-*-*-*-*-*<\/p>\n<p style=\"text-align: center;\"><span style=\"color: #ff0000;\"><a style=\"color: #ff0000;\" href=\"https:\/\/stald-hauge.dk\/index.php\/heste\/foel-shetlandspony\/2015-hauges-rose\/\"><strong>Hauge\u00b4s Rose<\/strong><\/a><\/span><\/p>\n<p style=\"text-align: center;\">F\u00f8dt: 11. maj 2015<\/p>\n<p style=\"text-align: center;\">Farve: palomino broget<\/p>\n<p style=\"text-align: center;\">Mor: Silke Emalie, palomino broget<\/p>\n<p style=\"text-align: center;\">Far: Mowgli, r\u00f8d knapstrupper<\/p>\n<p style=\"text-align: center;\"><img loading=\"lazy\" decoding=\"async\" class=\"alignnone size-full wp-image-2812\" src=\"http:\/\/stald-hauge.dk\/wp-content\/uploads\/2024\/12\/Forside-foel23.jpg\" alt=\"\" width=\"300\" height=\"200\" \/><\/p>\n<p style=\"text-align: center;\">*-*-*-*-*-*-*-*-*-*-*-*-*-*-*-*-*-*-*-*-*-*-*-*-*-*-*-*<\/p>\n<p style=\"text-align: center;\"><span style=\"color: #000080;\"><a style=\"color: #000080;\" href=\"https:\/\/stald-hauge.dk\/index.php\/heste\/foel-shetlandspony\/2015-hauges-julius\/\"><strong>Hauge\u00b4s Julius<\/strong><\/a><\/span><\/p>\n<p style=\"text-align: center;\">F\u00f8dt: 06.05.2015<\/p>\n<p style=\"text-align: center;\">Farve: R\u00f8d<\/p>\n<p style=\"text-align: center;\">Mor: Marie, palomino<\/p>\n<p style=\"text-align: center;\">Far: Mowgli, r\u00f8d knapstrupper<\/p>\n<p style=\"text-align: center;\"><img loading=\"lazy\" decoding=\"async\" class=\"alignnone size-full wp-image-2811\" src=\"http:\/\/stald-hauge.dk\/wp-content\/uploads\/2024\/12\/Forside-foel22.jpg\" alt=\"\" width=\"300\" height=\"200\" \/><\/p>\n<p style=\"text-align: center;\">*-*-*-*-*-*-*-*-*-*-*-*-*-*-*-*-*-*-*-*-*-*-*-*-*-*-*-*<\/p>\n<p style=\"text-align: center;\"><span style=\"color: #000080;\"><a style=\"color: #000080;\" href=\"https:\/\/stald-hauge.dk\/index.php\/heste\/foel-shetlandspony\/2014-hauges-sander\/\"><strong>Hauge\u00b4s Sander<\/strong><\/a><\/span><\/p>\n<p style=\"text-align: center;\">F\u00f8dt: 12.juni 2014<\/p>\n<p style=\"text-align: center;\">Farve: Silver dapple<\/p>\n<p style=\"text-align: center;\">Mor: Silke Emalie, palomino broget<\/p>\n<p style=\"text-align: center;\">Far: Silver, silver dapple<\/p>\n<p style=\"text-align: center;\"><img loading=\"lazy\" decoding=\"async\" class=\"alignnone size-full wp-image-2810\" src=\"http:\/\/stald-hauge.dk\/wp-content\/uploads\/2024\/12\/Forside-foel21.jpg\" alt=\"\" width=\"300\" height=\"200\" \/><\/p>\n","protected":false},"excerpt":{"rendered":"<p>De shetlandsponyf\u00f8l, som vi har f\u00e5et gennem tiden *-*-*-*-*-*-*-*-*-*-*-*-*-*-*-*-*-*-*-*-*-*-*-*-*-*-*-* Hauge\u00b4s Spotlight F\u00f8dt: 19 april 2024 Farve: R\u00f8d knapstrupper (silver?) Mor:\u00a0Pindstruphavens Silverbelle, silverdapple Far: Mowgli, r\u00f8d knapstrupper *-*-*-*-*-*-*-*-*-*-*-*-*-*-*-*-*-*-*-*-*-*-*-*-*-*-*-* Hauge\u00b4s Daylight F\u00f8dt: 30. marts 2024 Farve: R\u00f8d Mor: Marie, palomino Far: Mowgli, &hellip; <a href=\"http:\/\/stald-hauge.dk\/index.php\/heste\/foel-shetlandspony\/\">L\u00e6s resten <span class=\"meta-nav\">&rarr;<\/span><\/a><\/p>\n","protected":false},"author":1,"featured_media":0,"parent":70,"menu_order":0,"comment_status":"closed","ping_status":"closed","template":"onecolumn-page.php","meta":{"footnotes":""},"class_list":["post-72","page","type-page","status-publish","hentry"],"yoast_head":"<!-- This site is optimized with the Yoast SEO plugin v25.3.1 - https:\/\/yoast.com\/wordpress\/plugins\/seo\/ -->\n<title>F\u00f8l Shetlandspony - Stald Hauge<\/title>\n<meta name=\"robots\" content=\"index, follow, max-snippet:-1, max-image-preview:large, max-video-preview:-1\" \/>\n<link rel=\"canonical\" href=\"http:\/\/stald-hauge.dk\/index.php\/heste\/foel-shetlandspony\/\" \/>\n<meta property=\"og:locale\" content=\"da_DK\" \/>\n<meta property=\"og:type\" content=\"article\" \/>\n<meta property=\"og:title\" content=\"F\u00f8l Shetlandspony - Stald Hauge\" \/>\n<meta property=\"og:description\" content=\"De shetlandsponyf\u00f8l, som vi har f\u00e5et gennem tiden *-*-*-*-*-*-*-*-*-*-*-*-*-*-*-*-*-*-*-*-*-*-*-*-*-*-*-* Hauge\u00b4s Spotlight F\u00f8dt: 19 april 2024 Farve: R\u00f8d knapstrupper (silver?) Mor:\u00a0Pindstruphavens Silverbelle, silverdapple Far: Mowgli, r\u00f8d knapstrupper *-*-*-*-*-*-*-*-*-*-*-*-*-*-*-*-*-*-*-*-*-*-*-*-*-*-*-* Hauge\u00b4s Daylight F\u00f8dt: 30. marts 2024 Farve: R\u00f8d Mor: Marie, palomino Far: Mowgli, &hellip; L\u00e6s resten &rarr;\" \/>\n<meta property=\"og:url\" content=\"http:\/\/stald-hauge.dk\/index.php\/heste\/foel-shetlandspony\/\" \/>\n<meta property=\"og:site_name\" content=\"Stald Hauge\" \/>\n<meta property=\"article:publisher\" content=\"https:\/\/www.facebook.com\/lisehauge\/\" \/>\n<meta property=\"article:modified_time\" content=\"2024-12-29T23:13:12+00:00\" \/>\n<meta property=\"og:image\" content=\"http:\/\/stald-hauge.dk\/wp-content\/uploads\/2024\/12\/Forside-foel34.jpg\" \/>\n<meta name=\"twitter:card\" content=\"summary_large_image\" \/>\n<meta name=\"twitter:label1\" content=\"Estimeret l\u00e6setid\" \/>\n\t<meta name=\"twitter:data1\" content=\"3 minutter\" \/>\n<script type=\"application\/ld+json\" class=\"yoast-schema-graph\">{\"@context\":\"https:\/\/schema.org\",\"@graph\":[{\"@type\":\"WebPage\",\"@id\":\"http:\/\/stald-hauge.dk\/index.php\/heste\/foel-shetlandspony\/\",\"url\":\"http:\/\/stald-hauge.dk\/index.php\/heste\/foel-shetlandspony\/\",\"name\":\"F\u00f8l Shetlandspony - Stald Hauge\",\"isPartOf\":{\"@id\":\"https:\/\/stald-hauge.dk\/#website\"},\"primaryImageOfPage\":{\"@id\":\"http:\/\/stald-hauge.dk\/index.php\/heste\/foel-shetlandspony\/#primaryimage\"},\"image\":{\"@id\":\"http:\/\/stald-hauge.dk\/index.php\/heste\/foel-shetlandspony\/#primaryimage\"},\"thumbnailUrl\":\"http:\/\/stald-hauge.dk\/wp-content\/uploads\/2024\/12\/Forside-foel34.jpg\",\"datePublished\":\"2024-08-14T18:05:33+00:00\",\"dateModified\":\"2024-12-29T23:13:12+00:00\",\"breadcrumb\":{\"@id\":\"http:\/\/stald-hauge.dk\/index.php\/heste\/foel-shetlandspony\/#breadcrumb\"},\"inLanguage\":\"da-DK\",\"potentialAction\":[{\"@type\":\"ReadAction\",\"target\":[\"http:\/\/stald-hauge.dk\/index.php\/heste\/foel-shetlandspony\/\"]}]},{\"@type\":\"ImageObject\",\"inLanguage\":\"da-DK\",\"@id\":\"http:\/\/stald-hauge.dk\/index.php\/heste\/foel-shetlandspony\/#primaryimage\",\"url\":\"http:\/\/stald-hauge.dk\/wp-content\/uploads\/2024\/12\/Forside-foel34.jpg\",\"contentUrl\":\"http:\/\/stald-hauge.dk\/wp-content\/uploads\/2024\/12\/Forside-foel34.jpg\",\"width\":300,\"height\":200},{\"@type\":\"BreadcrumbList\",\"@id\":\"http:\/\/stald-hauge.dk\/index.php\/heste\/foel-shetlandspony\/#breadcrumb\",\"itemListElement\":[{\"@type\":\"ListItem\",\"position\":1,\"name\":\"Hjem\",\"item\":\"https:\/\/stald-hauge.dk\/\"},{\"@type\":\"ListItem\",\"position\":2,\"name\":\"Heste\",\"item\":\"http:\/\/stald-hauge.dk\/index.php\/heste\/\"},{\"@type\":\"ListItem\",\"position\":3,\"name\":\"F\u00f8l Shetlandspony\"}]},{\"@type\":\"WebSite\",\"@id\":\"https:\/\/stald-hauge.dk\/#website\",\"url\":\"https:\/\/stald-hauge.dk\/\",\"name\":\"Stald Hauge\",\"description\":\"v\/Lise Hauge S\u00f8rensen\",\"publisher\":{\"@id\":\"https:\/\/stald-hauge.dk\/#\/schema\/person\/5e9342de63bcc5037d653908c024bc01\"},\"potentialAction\":[{\"@type\":\"SearchAction\",\"target\":{\"@type\":\"EntryPoint\",\"urlTemplate\":\"https:\/\/stald-hauge.dk\/?s={search_term_string}\"},\"query-input\":{\"@type\":\"PropertyValueSpecification\",\"valueRequired\":true,\"valueName\":\"search_term_string\"}}],\"inLanguage\":\"da-DK\"},{\"@type\":[\"Person\",\"Organization\"],\"@id\":\"https:\/\/stald-hauge.dk\/#\/schema\/person\/5e9342de63bcc5037d653908c024bc01\",\"name\":\"admin\",\"image\":{\"@type\":\"ImageObject\",\"inLanguage\":\"da-DK\",\"@id\":\"https:\/\/stald-hauge.dk\/#\/schema\/person\/image\/\",\"url\":\"https:\/\/secure.gravatar.com\/avatar\/cb52025513d5b4d5bf079f09f5aae21c223852877c5a747e37ab431711bb309d?s=96&d=mm&r=g\",\"contentUrl\":\"https:\/\/secure.gravatar.com\/avatar\/cb52025513d5b4d5bf079f09f5aae21c223852877c5a747e37ab431711bb309d?s=96&d=mm&r=g\",\"caption\":\"admin\"},\"logo\":{\"@id\":\"https:\/\/stald-hauge.dk\/#\/schema\/person\/image\/\"},\"sameAs\":[\"http:\/\/stald-hauge.dk\",\"https:\/\/www.facebook.com\/lisehauge\/\"]}]}<\/script>\n<!-- \/ Yoast SEO plugin. -->","yoast_head_json":{"title":"F\u00f8l Shetlandspony - Stald Hauge","robots":{"index":"index","follow":"follow","max-snippet":"max-snippet:-1","max-image-preview":"max-image-preview:large","max-video-preview":"max-video-preview:-1"},"canonical":"http:\/\/stald-hauge.dk\/index.php\/heste\/foel-shetlandspony\/","og_locale":"da_DK","og_type":"article","og_title":"F\u00f8l Shetlandspony - Stald Hauge","og_description":"De shetlandsponyf\u00f8l, som vi har f\u00e5et gennem tiden *-*-*-*-*-*-*-*-*-*-*-*-*-*-*-*-*-*-*-*-*-*-*-*-*-*-*-* Hauge\u00b4s Spotlight F\u00f8dt: 19 april 2024 Farve: R\u00f8d knapstrupper (silver?) Mor:\u00a0Pindstruphavens Silverbelle, silverdapple Far: Mowgli, r\u00f8d knapstrupper *-*-*-*-*-*-*-*-*-*-*-*-*-*-*-*-*-*-*-*-*-*-*-*-*-*-*-* Hauge\u00b4s Daylight F\u00f8dt: 30. marts 2024 Farve: R\u00f8d Mor: Marie, palomino Far: Mowgli, &hellip; L\u00e6s resten &rarr;","og_url":"http:\/\/stald-hauge.dk\/index.php\/heste\/foel-shetlandspony\/","og_site_name":"Stald Hauge","article_publisher":"https:\/\/www.facebook.com\/lisehauge\/","article_modified_time":"2024-12-29T23:13:12+00:00","og_image":[{"url":"http:\/\/stald-hauge.dk\/wp-content\/uploads\/2024\/12\/Forside-foel34.jpg","type":"","width":"","height":""}],"twitter_card":"summary_large_image","twitter_misc":{"Estimeret l\u00e6setid":"3 minutter"},"schema":{"@context":"https:\/\/schema.org","@graph":[{"@type":"WebPage","@id":"http:\/\/stald-hauge.dk\/index.php\/heste\/foel-shetlandspony\/","url":"http:\/\/stald-hauge.dk\/index.php\/heste\/foel-shetlandspony\/","name":"F\u00f8l Shetlandspony - Stald Hauge","isPartOf":{"@id":"https:\/\/stald-hauge.dk\/#website"},"primaryImageOfPage":{"@id":"http:\/\/stald-hauge.dk\/index.php\/heste\/foel-shetlandspony\/#primaryimage"},"image":{"@id":"http:\/\/stald-hauge.dk\/index.php\/heste\/foel-shetlandspony\/#primaryimage"},"thumbnailUrl":"http:\/\/stald-hauge.dk\/wp-content\/uploads\/2024\/12\/Forside-foel34.jpg","datePublished":"2024-08-14T18:05:33+00:00","dateModified":"2024-12-29T23:13:12+00:00","breadcrumb":{"@id":"http:\/\/stald-hauge.dk\/index.php\/heste\/foel-shetlandspony\/#breadcrumb"},"inLanguage":"da-DK","potentialAction":[{"@type":"ReadAction","target":["http:\/\/stald-hauge.dk\/index.php\/heste\/foel-shetlandspony\/"]}]},{"@type":"ImageObject","inLanguage":"da-DK","@id":"http:\/\/stald-hauge.dk\/index.php\/heste\/foel-shetlandspony\/#primaryimage","url":"http:\/\/stald-hauge.dk\/wp-content\/uploads\/2024\/12\/Forside-foel34.jpg","contentUrl":"http:\/\/stald-hauge.dk\/wp-content\/uploads\/2024\/12\/Forside-foel34.jpg","width":300,"height":200},{"@type":"BreadcrumbList","@id":"http:\/\/stald-hauge.dk\/index.php\/heste\/foel-shetlandspony\/#breadcrumb","itemListElement":[{"@type":"ListItem","position":1,"name":"Hjem","item":"https:\/\/stald-hauge.dk\/"},{"@type":"ListItem","position":2,"name":"Heste","item":"http:\/\/stald-hauge.dk\/index.php\/heste\/"},{"@type":"ListItem","position":3,"name":"F\u00f8l Shetlandspony"}]},{"@type":"WebSite","@id":"https:\/\/stald-hauge.dk\/#website","url":"https:\/\/stald-hauge.dk\/","name":"Stald Hauge","description":"v\/Lise Hauge S\u00f8rensen","publisher":{"@id":"https:\/\/stald-hauge.dk\/#\/schema\/person\/5e9342de63bcc5037d653908c024bc01"},"potentialAction":[{"@type":"SearchAction","target":{"@type":"EntryPoint","urlTemplate":"https:\/\/stald-hauge.dk\/?s={search_term_string}"},"query-input":{"@type":"PropertyValueSpecification","valueRequired":true,"valueName":"search_term_string"}}],"inLanguage":"da-DK"},{"@type":["Person","Organization"],"@id":"https:\/\/stald-hauge.dk\/#\/schema\/person\/5e9342de63bcc5037d653908c024bc01","name":"admin","image":{"@type":"ImageObject","inLanguage":"da-DK","@id":"https:\/\/stald-hauge.dk\/#\/schema\/person\/image\/","url":"https:\/\/secure.gravatar.com\/avatar\/cb52025513d5b4d5bf079f09f5aae21c223852877c5a747e37ab431711bb309d?s=96&d=mm&r=g","contentUrl":"https:\/\/secure.gravatar.com\/avatar\/cb52025513d5b4d5bf079f09f5aae21c223852877c5a747e37ab431711bb309d?s=96&d=mm&r=g","caption":"admin"},"logo":{"@id":"https:\/\/stald-hauge.dk\/#\/schema\/person\/image\/"},"sameAs":["http:\/\/stald-hauge.dk","https:\/\/www.facebook.com\/lisehauge\/"]}]}},"_links":{"self":[{"href":"http:\/\/stald-hauge.dk\/index.php\/wp-json\/wp\/v2\/pages\/72","targetHints":{"allow":["GET"]}}],"collection":[{"href":"http:\/\/stald-hauge.dk\/index.php\/wp-json\/wp\/v2\/pages"}],"about":[{"href":"http:\/\/stald-hauge.dk\/index.php\/wp-json\/wp\/v2\/types\/page"}],"author":[{"embeddable":true,"href":"http:\/\/stald-hauge.dk\/index.php\/wp-json\/wp\/v2\/users\/1"}],"replies":[{"embeddable":true,"href":"http:\/\/stald-hauge.dk\/index.php\/wp-json\/wp\/v2\/comments?post=72"}],"version-history":[{"count":3,"href":"http:\/\/stald-hauge.dk\/index.php\/wp-json\/wp\/v2\/pages\/72\/revisions"}],"predecessor-version":[{"id":3466,"href":"http:\/\/stald-hauge.dk\/index.php\/wp-json\/wp\/v2\/pages\/72\/revisions\/3466"}],"up":[{"embeddable":true,"href":"http:\/\/stald-hauge.dk\/index.php\/wp-json\/wp\/v2\/pages\/70"}],"wp:attachment":[{"href":"http:\/\/stald-hauge.dk\/index.php\/wp-json\/wp\/v2\/media?parent=72"}],"curies":[{"name":"wp","href":"https:\/\/api.w.org\/{rel}","templated":true}]}}