{"id":82,"date":"2024-08-14T18:15:00","date_gmt":"2024-08-14T18:15:00","guid":{"rendered":"https:\/\/stald-hauge.dk\/?page_id=82"},"modified":"2024-12-30T00:10:32","modified_gmt":"2024-12-30T00:10:32","slug":"2016-jasmin","status":"publish","type":"page","link":"http:\/\/stald-hauge.dk\/index.php\/heste\/foel-shetlandspony\/2016-jasmin\/","title":{"rendered":"2016 &#8211; Hauge\u00b4s Jasmin"},"content":{"rendered":"<p style=\"text-align: center;\"><strong>Hauge\u00b4s Jasmin<\/strong><\/p>\n<p style=\"text-align: center;\"><img loading=\"lazy\" decoding=\"async\" class=\"alignnone size-large wp-image-3380\" src=\"http:\/\/stald-hauge.dk\/wp-content\/uploads\/2024\/12\/Jasmin-700x466.jpg\" alt=\"\" width=\"640\" height=\"426\" srcset=\"http:\/\/stald-hauge.dk\/wp-content\/uploads\/2024\/12\/Jasmin-700x466.jpg 700w, http:\/\/stald-hauge.dk\/wp-content\/uploads\/2024\/12\/Jasmin-300x200.jpg 300w, http:\/\/stald-hauge.dk\/wp-content\/uploads\/2024\/12\/Jasmin.jpg 768w\" sizes=\"auto, (max-width: 640px) 100vw, 640px\" \/><\/p>\n<p style=\"text-align: center;\">F\u00f8dt: 10.04.2016<\/p>\n<p style=\"text-align: center;\">Farve: Brun<\/p>\n<p style=\"text-align: center;\">Mor: Silke, palominobroget<\/p>\n<p style=\"text-align: center;\">Mormor: Minnie, sortbroget<\/p>\n<p style=\"text-align: center;\">Morfar: Albert, palomino<\/p>\n<p style=\"text-align: center;\">Far: S\u00e6byg\u00e5rds Bailey, buckskin<\/p>\n<p style=\"text-align: center;\">Farmor: Bette af Nyl\u00f8kke, brun, 83 cm<\/p>\n<p style=\"text-align: center;\">Farfar: Smevallens Golden Hazard, palomino, 84 cm<\/p>\n<p style=\"text-align: center;\"><img loading=\"lazy\" decoding=\"async\" class=\"alignnone size-full wp-image-3385\" src=\"http:\/\/stald-hauge.dk\/wp-content\/uploads\/2024\/12\/Jasmin5.jpg\" alt=\"\" width=\"300\" height=\"200\" \/> <img loading=\"lazy\" decoding=\"async\" class=\"alignnone size-full wp-image-3381\" src=\"http:\/\/stald-hauge.dk\/wp-content\/uploads\/2024\/12\/Jasmin1.jpg\" alt=\"\" width=\"300\" height=\"200\" \/> <img loading=\"lazy\" decoding=\"async\" class=\"alignnone size-full wp-image-3382\" src=\"http:\/\/stald-hauge.dk\/wp-content\/uploads\/2024\/12\/Jasmin2.jpg\" alt=\"\" width=\"300\" height=\"200\" \/> <img loading=\"lazy\" decoding=\"async\" class=\"alignnone size-full wp-image-3383\" src=\"http:\/\/stald-hauge.dk\/wp-content\/uploads\/2024\/12\/Jasmin3.jpg\" alt=\"\" width=\"300\" height=\"200\" \/> <img loading=\"lazy\" decoding=\"async\" class=\"alignnone size-full wp-image-3384\" src=\"http:\/\/stald-hauge.dk\/wp-content\/uploads\/2024\/12\/Jasmin4.jpg\" alt=\"\" width=\"300\" height=\"200\" \/> <img loading=\"lazy\" decoding=\"async\" class=\"alignnone size-full wp-image-3390\" src=\"http:\/\/stald-hauge.dk\/wp-content\/uploads\/2024\/12\/Jasmin10.jpg\" alt=\"\" width=\"300\" height=\"200\" \/> <img loading=\"lazy\" decoding=\"async\" class=\"alignnone size-full wp-image-3386\" src=\"http:\/\/stald-hauge.dk\/wp-content\/uploads\/2024\/12\/Jasmin6.jpg\" alt=\"\" width=\"300\" height=\"200\" \/> <img loading=\"lazy\" decoding=\"async\" class=\"alignnone size-full wp-image-3387\" src=\"http:\/\/stald-hauge.dk\/wp-content\/uploads\/2024\/12\/Jasmin7.jpg\" alt=\"\" width=\"300\" height=\"200\" \/> <img loading=\"lazy\" decoding=\"async\" class=\"alignnone size-full wp-image-3388\" src=\"http:\/\/stald-hauge.dk\/wp-content\/uploads\/2024\/12\/Jasmin8.jpg\" alt=\"\" width=\"300\" height=\"200\" \/> <img loading=\"lazy\" decoding=\"async\" class=\"alignnone size-full wp-image-3389\" src=\"http:\/\/stald-hauge.dk\/wp-content\/uploads\/2024\/12\/Jasmin9.jpg\" alt=\"\" width=\"300\" height=\"200\" \/> <img loading=\"lazy\" decoding=\"async\" class=\"alignnone size-full wp-image-3391\" src=\"http:\/\/stald-hauge.dk\/wp-content\/uploads\/2024\/12\/Jasmin11.jpg\" alt=\"\" width=\"300\" height=\"200\" \/> <img loading=\"lazy\" decoding=\"async\" class=\"alignnone size-full wp-image-3395\" src=\"http:\/\/stald-hauge.dk\/wp-content\/uploads\/2024\/12\/Jasmin15.jpg\" alt=\"\" width=\"300\" height=\"200\" \/> <img loading=\"lazy\" decoding=\"async\" class=\"alignnone size-full wp-image-3393\" src=\"http:\/\/stald-hauge.dk\/wp-content\/uploads\/2024\/12\/Jasmin13.jpg\" alt=\"\" width=\"300\" height=\"200\" \/> <img loading=\"lazy\" decoding=\"async\" class=\"alignnone size-full wp-image-3394\" src=\"http:\/\/stald-hauge.dk\/wp-content\/uploads\/2024\/12\/Jasmin14.jpg\" alt=\"\" width=\"300\" height=\"200\" \/> <img loading=\"lazy\" decoding=\"async\" class=\"alignnone size-full wp-image-3392\" src=\"http:\/\/stald-hauge.dk\/wp-content\/uploads\/2024\/12\/Jasmin12.jpg\" alt=\"\" width=\"300\" height=\"200\" \/> <img loading=\"lazy\" decoding=\"async\" class=\"alignnone size-full wp-image-3396\" src=\"http:\/\/stald-hauge.dk\/wp-content\/uploads\/2024\/12\/Jasmin16.jpg\" alt=\"\" width=\"300\" height=\"200\" \/> <img loading=\"lazy\" decoding=\"async\" class=\"alignnone size-full wp-image-3398\" src=\"http:\/\/stald-hauge.dk\/wp-content\/uploads\/2024\/12\/Jasmin18.jpg\" alt=\"\" width=\"300\" height=\"200\" \/> <img loading=\"lazy\" decoding=\"async\" class=\"alignnone size-full wp-image-3397\" src=\"http:\/\/stald-hauge.dk\/wp-content\/uploads\/2024\/12\/Jasmin17.jpg\" alt=\"\" width=\"300\" height=\"200\" \/><\/p>\n","protected":false},"excerpt":{"rendered":"<p>Hauge\u00b4s Jasmin F\u00f8dt: 10.04.2016 Farve: Brun Mor: Silke, palominobroget Mormor: Minnie, sortbroget Morfar: Albert, palomino Far: S\u00e6byg\u00e5rds Bailey, buckskin Farmor: Bette af Nyl\u00f8kke, brun, 83 cm Farfar: Smevallens Golden Hazard, palomino, 84 cm<\/p>\n","protected":false},"author":1,"featured_media":0,"parent":72,"menu_order":0,"comment_status":"closed","ping_status":"closed","template":"onecolumn-page.php","meta":{"footnotes":""},"class_list":["post-82","page","type-page","status-publish","hentry"],"yoast_head":"<!-- This site is optimized with the Yoast SEO plugin v25.3.1 - https:\/\/yoast.com\/wordpress\/plugins\/seo\/ -->\n<title>2016 - Hauge\u00b4s Jasmin - Stald Hauge<\/title>\n<meta name=\"robots\" content=\"index, follow, max-snippet:-1, max-image-preview:large, max-video-preview:-1\" \/>\n<link rel=\"canonical\" href=\"http:\/\/stald-hauge.dk\/index.php\/heste\/foel-shetlandspony\/2016-jasmin\/\" \/>\n<meta property=\"og:locale\" content=\"da_DK\" \/>\n<meta property=\"og:type\" content=\"article\" \/>\n<meta property=\"og:title\" content=\"2016 - Hauge\u00b4s Jasmin - Stald Hauge\" \/>\n<meta property=\"og:description\" content=\"Hauge\u00b4s Jasmin F\u00f8dt: 10.04.2016 Farve: Brun Mor: Silke, palominobroget Mormor: Minnie, sortbroget Morfar: Albert, palomino Far: S\u00e6byg\u00e5rds Bailey, buckskin Farmor: Bette af Nyl\u00f8kke, brun, 83 cm Farfar: Smevallens Golden Hazard, palomino, 84 cm\" \/>\n<meta property=\"og:url\" content=\"http:\/\/stald-hauge.dk\/index.php\/heste\/foel-shetlandspony\/2016-jasmin\/\" \/>\n<meta property=\"og:site_name\" content=\"Stald Hauge\" \/>\n<meta property=\"article:publisher\" content=\"https:\/\/www.facebook.com\/lisehauge\/\" \/>\n<meta property=\"article:modified_time\" content=\"2024-12-30T00:10:32+00:00\" \/>\n<meta property=\"og:image\" content=\"http:\/\/stald-hauge.dk\/wp-content\/uploads\/2024\/12\/Jasmin-700x466.jpg\" \/>\n<meta name=\"twitter:card\" content=\"summary_large_image\" \/>\n<script type=\"application\/ld+json\" class=\"yoast-schema-graph\">{\"@context\":\"https:\/\/schema.org\",\"@graph\":[{\"@type\":\"WebPage\",\"@id\":\"http:\/\/stald-hauge.dk\/index.php\/heste\/foel-shetlandspony\/2016-jasmin\/\",\"url\":\"http:\/\/stald-hauge.dk\/index.php\/heste\/foel-shetlandspony\/2016-jasmin\/\",\"name\":\"2016 - Hauge\u00b4s Jasmin - Stald Hauge\",\"isPartOf\":{\"@id\":\"https:\/\/stald-hauge.dk\/#website\"},\"primaryImageOfPage\":{\"@id\":\"http:\/\/stald-hauge.dk\/index.php\/heste\/foel-shetlandspony\/2016-jasmin\/#primaryimage\"},\"image\":{\"@id\":\"http:\/\/stald-hauge.dk\/index.php\/heste\/foel-shetlandspony\/2016-jasmin\/#primaryimage\"},\"thumbnailUrl\":\"http:\/\/stald-hauge.dk\/wp-content\/uploads\/2024\/12\/Jasmin-700x466.jpg\",\"datePublished\":\"2024-08-14T18:15:00+00:00\",\"dateModified\":\"2024-12-30T00:10:32+00:00\",\"breadcrumb\":{\"@id\":\"http:\/\/stald-hauge.dk\/index.php\/heste\/foel-shetlandspony\/2016-jasmin\/#breadcrumb\"},\"inLanguage\":\"da-DK\",\"potentialAction\":[{\"@type\":\"ReadAction\",\"target\":[\"http:\/\/stald-hauge.dk\/index.php\/heste\/foel-shetlandspony\/2016-jasmin\/\"]}]},{\"@type\":\"ImageObject\",\"inLanguage\":\"da-DK\",\"@id\":\"http:\/\/stald-hauge.dk\/index.php\/heste\/foel-shetlandspony\/2016-jasmin\/#primaryimage\",\"url\":\"http:\/\/stald-hauge.dk\/wp-content\/uploads\/2024\/12\/Jasmin.jpg\",\"contentUrl\":\"http:\/\/stald-hauge.dk\/wp-content\/uploads\/2024\/12\/Jasmin.jpg\",\"width\":768,\"height\":511},{\"@type\":\"BreadcrumbList\",\"@id\":\"http:\/\/stald-hauge.dk\/index.php\/heste\/foel-shetlandspony\/2016-jasmin\/#breadcrumb\",\"itemListElement\":[{\"@type\":\"ListItem\",\"position\":1,\"name\":\"Hjem\",\"item\":\"https:\/\/stald-hauge.dk\/\"},{\"@type\":\"ListItem\",\"position\":2,\"name\":\"Heste\",\"item\":\"http:\/\/stald-hauge.dk\/index.php\/heste\/\"},{\"@type\":\"ListItem\",\"position\":3,\"name\":\"F\u00f8l Shetlandspony\",\"item\":\"http:\/\/stald-hauge.dk\/index.php\/heste\/foel-shetlandspony\/\"},{\"@type\":\"ListItem\",\"position\":4,\"name\":\"2016 &#8211; Hauge\u00b4s Jasmin\"}]},{\"@type\":\"WebSite\",\"@id\":\"https:\/\/stald-hauge.dk\/#website\",\"url\":\"https:\/\/stald-hauge.dk\/\",\"name\":\"Stald Hauge\",\"description\":\"v\/Lise Hauge S\u00f8rensen\",\"publisher\":{\"@id\":\"https:\/\/stald-hauge.dk\/#\/schema\/person\/5e9342de63bcc5037d653908c024bc01\"},\"potentialAction\":[{\"@type\":\"SearchAction\",\"target\":{\"@type\":\"EntryPoint\",\"urlTemplate\":\"https:\/\/stald-hauge.dk\/?s={search_term_string}\"},\"query-input\":{\"@type\":\"PropertyValueSpecification\",\"valueRequired\":true,\"valueName\":\"search_term_string\"}}],\"inLanguage\":\"da-DK\"},{\"@type\":[\"Person\",\"Organization\"],\"@id\":\"https:\/\/stald-hauge.dk\/#\/schema\/person\/5e9342de63bcc5037d653908c024bc01\",\"name\":\"admin\",\"image\":{\"@type\":\"ImageObject\",\"inLanguage\":\"da-DK\",\"@id\":\"https:\/\/stald-hauge.dk\/#\/schema\/person\/image\/\",\"url\":\"https:\/\/secure.gravatar.com\/avatar\/cb52025513d5b4d5bf079f09f5aae21c223852877c5a747e37ab431711bb309d?s=96&d=mm&r=g\",\"contentUrl\":\"https:\/\/secure.gravatar.com\/avatar\/cb52025513d5b4d5bf079f09f5aae21c223852877c5a747e37ab431711bb309d?s=96&d=mm&r=g\",\"caption\":\"admin\"},\"logo\":{\"@id\":\"https:\/\/stald-hauge.dk\/#\/schema\/person\/image\/\"},\"sameAs\":[\"http:\/\/stald-hauge.dk\",\"https:\/\/www.facebook.com\/lisehauge\/\"]}]}<\/script>\n<!-- \/ Yoast SEO plugin. -->","yoast_head_json":{"title":"2016 - Hauge\u00b4s Jasmin - Stald Hauge","robots":{"index":"index","follow":"follow","max-snippet":"max-snippet:-1","max-image-preview":"max-image-preview:large","max-video-preview":"max-video-preview:-1"},"canonical":"http:\/\/stald-hauge.dk\/index.php\/heste\/foel-shetlandspony\/2016-jasmin\/","og_locale":"da_DK","og_type":"article","og_title":"2016 - Hauge\u00b4s Jasmin - Stald Hauge","og_description":"Hauge\u00b4s Jasmin F\u00f8dt: 10.04.2016 Farve: Brun Mor: Silke, palominobroget Mormor: Minnie, sortbroget Morfar: Albert, palomino Far: S\u00e6byg\u00e5rds Bailey, buckskin Farmor: Bette af Nyl\u00f8kke, brun, 83 cm Farfar: Smevallens Golden Hazard, palomino, 84 cm","og_url":"http:\/\/stald-hauge.dk\/index.php\/heste\/foel-shetlandspony\/2016-jasmin\/","og_site_name":"Stald Hauge","article_publisher":"https:\/\/www.facebook.com\/lisehauge\/","article_modified_time":"2024-12-30T00:10:32+00:00","og_image":[{"url":"http:\/\/stald-hauge.dk\/wp-content\/uploads\/2024\/12\/Jasmin-700x466.jpg","type":"","width":"","height":""}],"twitter_card":"summary_large_image","schema":{"@context":"https:\/\/schema.org","@graph":[{"@type":"WebPage","@id":"http:\/\/stald-hauge.dk\/index.php\/heste\/foel-shetlandspony\/2016-jasmin\/","url":"http:\/\/stald-hauge.dk\/index.php\/heste\/foel-shetlandspony\/2016-jasmin\/","name":"2016 - Hauge\u00b4s Jasmin - Stald Hauge","isPartOf":{"@id":"https:\/\/stald-hauge.dk\/#website"},"primaryImageOfPage":{"@id":"http:\/\/stald-hauge.dk\/index.php\/heste\/foel-shetlandspony\/2016-jasmin\/#primaryimage"},"image":{"@id":"http:\/\/stald-hauge.dk\/index.php\/heste\/foel-shetlandspony\/2016-jasmin\/#primaryimage"},"thumbnailUrl":"http:\/\/stald-hauge.dk\/wp-content\/uploads\/2024\/12\/Jasmin-700x466.jpg","datePublished":"2024-08-14T18:15:00+00:00","dateModified":"2024-12-30T00:10:32+00:00","breadcrumb":{"@id":"http:\/\/stald-hauge.dk\/index.php\/heste\/foel-shetlandspony\/2016-jasmin\/#breadcrumb"},"inLanguage":"da-DK","potentialAction":[{"@type":"ReadAction","target":["http:\/\/stald-hauge.dk\/index.php\/heste\/foel-shetlandspony\/2016-jasmin\/"]}]},{"@type":"ImageObject","inLanguage":"da-DK","@id":"http:\/\/stald-hauge.dk\/index.php\/heste\/foel-shetlandspony\/2016-jasmin\/#primaryimage","url":"http:\/\/stald-hauge.dk\/wp-content\/uploads\/2024\/12\/Jasmin.jpg","contentUrl":"http:\/\/stald-hauge.dk\/wp-content\/uploads\/2024\/12\/Jasmin.jpg","width":768,"height":511},{"@type":"BreadcrumbList","@id":"http:\/\/stald-hauge.dk\/index.php\/heste\/foel-shetlandspony\/2016-jasmin\/#breadcrumb","itemListElement":[{"@type":"ListItem","position":1,"name":"Hjem","item":"https:\/\/stald-hauge.dk\/"},{"@type":"ListItem","position":2,"name":"Heste","item":"http:\/\/stald-hauge.dk\/index.php\/heste\/"},{"@type":"ListItem","position":3,"name":"F\u00f8l Shetlandspony","item":"http:\/\/stald-hauge.dk\/index.php\/heste\/foel-shetlandspony\/"},{"@type":"ListItem","position":4,"name":"2016 &#8211; Hauge\u00b4s Jasmin"}]},{"@type":"WebSite","@id":"https:\/\/stald-hauge.dk\/#website","url":"https:\/\/stald-hauge.dk\/","name":"Stald Hauge","description":"v\/Lise Hauge S\u00f8rensen","publisher":{"@id":"https:\/\/stald-hauge.dk\/#\/schema\/person\/5e9342de63bcc5037d653908c024bc01"},"potentialAction":[{"@type":"SearchAction","target":{"@type":"EntryPoint","urlTemplate":"https:\/\/stald-hauge.dk\/?s={search_term_string}"},"query-input":{"@type":"PropertyValueSpecification","valueRequired":true,"valueName":"search_term_string"}}],"inLanguage":"da-DK"},{"@type":["Person","Organization"],"@id":"https:\/\/stald-hauge.dk\/#\/schema\/person\/5e9342de63bcc5037d653908c024bc01","name":"admin","image":{"@type":"ImageObject","inLanguage":"da-DK","@id":"https:\/\/stald-hauge.dk\/#\/schema\/person\/image\/","url":"https:\/\/secure.gravatar.com\/avatar\/cb52025513d5b4d5bf079f09f5aae21c223852877c5a747e37ab431711bb309d?s=96&d=mm&r=g","contentUrl":"https:\/\/secure.gravatar.com\/avatar\/cb52025513d5b4d5bf079f09f5aae21c223852877c5a747e37ab431711bb309d?s=96&d=mm&r=g","caption":"admin"},"logo":{"@id":"https:\/\/stald-hauge.dk\/#\/schema\/person\/image\/"},"sameAs":["http:\/\/stald-hauge.dk","https:\/\/www.facebook.com\/lisehauge\/"]}]}},"_links":{"self":[{"href":"http:\/\/stald-hauge.dk\/index.php\/wp-json\/wp\/v2\/pages\/82","targetHints":{"allow":["GET"]}}],"collection":[{"href":"http:\/\/stald-hauge.dk\/index.php\/wp-json\/wp\/v2\/pages"}],"about":[{"href":"http:\/\/stald-hauge.dk\/index.php\/wp-json\/wp\/v2\/types\/page"}],"author":[{"embeddable":true,"href":"http:\/\/stald-hauge.dk\/index.php\/wp-json\/wp\/v2\/users\/1"}],"replies":[{"embeddable":true,"href":"http:\/\/stald-hauge.dk\/index.php\/wp-json\/wp\/v2\/comments?post=82"}],"version-history":[{"count":3,"href":"http:\/\/stald-hauge.dk\/index.php\/wp-json\/wp\/v2\/pages\/82\/revisions"}],"predecessor-version":[{"id":3498,"href":"http:\/\/stald-hauge.dk\/index.php\/wp-json\/wp\/v2\/pages\/82\/revisions\/3498"}],"up":[{"embeddable":true,"href":"http:\/\/stald-hauge.dk\/index.php\/wp-json\/wp\/v2\/pages\/72"}],"wp:attachment":[{"href":"http:\/\/stald-hauge.dk\/index.php\/wp-json\/wp\/v2\/media?parent=82"}],"curies":[{"name":"wp","href":"https:\/\/api.w.org\/{rel}","templated":true}]}}