{"id":929,"date":"2024-08-19T16:15:37","date_gmt":"2024-08-19T16:15:37","guid":{"rendered":"https:\/\/stald-hauge.dk\/?page_id=929"},"modified":"2025-01-03T19:46:23","modified_gmt":"2025-01-03T19:46:23","slug":"hophans-kaenguru","status":"publish","type":"page","link":"http:\/\/stald-hauge.dk\/index.php\/vores-tidligere-dyr\/hophans-kaenguru\/","title":{"rendered":"K\u00e6nguru"},"content":{"rendered":"<p style=\"text-align: center;\"><strong>Hophans<\/strong><\/p>\n<p style=\"text-align: center;\">D. 07.08.2013 har vi f\u00e5et vores lille k\u00e6nguru hjem.<br \/>\nF\u00f8dt: November 2012.<br \/>\nRace: Parma Wallaby<\/p>\n<p style=\"text-align: center;\">For\u00e5r 2014: Hophans er nu blevet s\u00e5 skiklig, at n\u00e5r han sidder ved hegnet, kan jeg s\u00e6tte mig p\u00e5 hug hos ham,<\/p>\n<p style=\"text-align: center;\">hvorefter han snuser til mine fingre, n\u00e5r jeg stikker dem ind til ham.<\/p>\n<p style=\"text-align: center;\">Januar 2017: Vi har desv\u00e6rre mistet vores sk\u00f8nne hophans af ukendte \u00e5rsag.<\/p>\n<p style=\"text-align: center;\"><img loading=\"lazy\" decoding=\"async\" class=\"alignnone size-large wp-image-4769\" src=\"http:\/\/stald-hauge.dk\/wp-content\/uploads\/2025\/01\/Hophans-700x466.jpg\" alt=\"\" width=\"640\" height=\"426\" srcset=\"http:\/\/stald-hauge.dk\/wp-content\/uploads\/2025\/01\/Hophans-700x466.jpg 700w, http:\/\/stald-hauge.dk\/wp-content\/uploads\/2025\/01\/Hophans-300x200.jpg 300w, http:\/\/stald-hauge.dk\/wp-content\/uploads\/2025\/01\/Hophans.jpg 768w\" sizes=\"auto, (max-width: 640px) 100vw, 640px\" \/> <img loading=\"lazy\" decoding=\"async\" class=\"alignnone size-large wp-image-4770\" src=\"http:\/\/stald-hauge.dk\/wp-content\/uploads\/2025\/01\/Hophans1-700x466.jpg\" alt=\"\" width=\"640\" height=\"426\" srcset=\"http:\/\/stald-hauge.dk\/wp-content\/uploads\/2025\/01\/Hophans1-700x466.jpg 700w, http:\/\/stald-hauge.dk\/wp-content\/uploads\/2025\/01\/Hophans1-300x200.jpg 300w, http:\/\/stald-hauge.dk\/wp-content\/uploads\/2025\/01\/Hophans1.jpg 768w\" sizes=\"auto, (max-width: 640px) 100vw, 640px\" \/> <img loading=\"lazy\" decoding=\"async\" class=\"alignnone size-full wp-image-4771\" src=\"http:\/\/stald-hauge.dk\/wp-content\/uploads\/2025\/01\/Hophans2.jpg\" alt=\"\" width=\"300\" height=\"200\" \/> <img loading=\"lazy\" decoding=\"async\" class=\"alignnone size-full wp-image-4772\" src=\"http:\/\/stald-hauge.dk\/wp-content\/uploads\/2025\/01\/Hophans3.jpg\" alt=\"\" width=\"300\" height=\"200\" \/> <img loading=\"lazy\" decoding=\"async\" class=\"alignnone size-full wp-image-4773\" src=\"http:\/\/stald-hauge.dk\/wp-content\/uploads\/2025\/01\/Hophans4.jpg\" alt=\"\" width=\"300\" height=\"200\" \/> <img loading=\"lazy\" decoding=\"async\" class=\"alignnone size-full wp-image-4774\" src=\"http:\/\/stald-hauge.dk\/wp-content\/uploads\/2025\/01\/Hophans5.jpg\" alt=\"\" width=\"300\" height=\"199\" \/> <img loading=\"lazy\" decoding=\"async\" class=\"alignnone size-full wp-image-4775\" src=\"http:\/\/stald-hauge.dk\/wp-content\/uploads\/2025\/01\/Hophans6.jpg\" alt=\"\" width=\"300\" height=\"199\" \/> <img loading=\"lazy\" decoding=\"async\" class=\"alignnone size-full wp-image-4776\" src=\"http:\/\/stald-hauge.dk\/wp-content\/uploads\/2025\/01\/Hophans7.jpg\" alt=\"\" width=\"300\" height=\"199\" \/> <img loading=\"lazy\" decoding=\"async\" class=\"alignnone size-full wp-image-4777\" src=\"http:\/\/stald-hauge.dk\/wp-content\/uploads\/2025\/01\/Hophans8.jpg\" alt=\"\" width=\"300\" height=\"199\" \/><\/p>\n","protected":false},"excerpt":{"rendered":"<p>Hophans D. 07.08.2013 har vi f\u00e5et vores lille k\u00e6nguru hjem. F\u00f8dt: November 2012. Race: Parma Wallaby For\u00e5r 2014: Hophans er nu blevet s\u00e5 skiklig, at n\u00e5r han sidder ved hegnet, kan jeg s\u00e6tte mig p\u00e5 hug hos ham, hvorefter han &hellip; <a href=\"http:\/\/stald-hauge.dk\/index.php\/vores-tidligere-dyr\/hophans-kaenguru\/\">L\u00e6s resten <span class=\"meta-nav\">&rarr;<\/span><\/a><\/p>\n","protected":false},"author":1,"featured_media":0,"parent":872,"menu_order":0,"comment_status":"closed","ping_status":"closed","template":"onecolumn-page.php","meta":{"footnotes":""},"class_list":["post-929","page","type-page","status-publish","hentry"],"yoast_head":"<!-- This site is optimized with the Yoast SEO plugin v25.3.1 - https:\/\/yoast.com\/wordpress\/plugins\/seo\/ -->\n<title>K\u00e6nguru - Stald Hauge<\/title>\n<meta name=\"robots\" content=\"index, follow, max-snippet:-1, max-image-preview:large, max-video-preview:-1\" \/>\n<link rel=\"canonical\" href=\"http:\/\/stald-hauge.dk\/index.php\/vores-tidligere-dyr\/hophans-kaenguru\/\" \/>\n<meta property=\"og:locale\" content=\"da_DK\" \/>\n<meta property=\"og:type\" content=\"article\" \/>\n<meta property=\"og:title\" content=\"K\u00e6nguru - Stald Hauge\" \/>\n<meta property=\"og:description\" content=\"Hophans D. 07.08.2013 har vi f\u00e5et vores lille k\u00e6nguru hjem. F\u00f8dt: November 2012. Race: Parma Wallaby For\u00e5r 2014: Hophans er nu blevet s\u00e5 skiklig, at n\u00e5r han sidder ved hegnet, kan jeg s\u00e6tte mig p\u00e5 hug hos ham, hvorefter han &hellip; L\u00e6s resten &rarr;\" \/>\n<meta property=\"og:url\" content=\"http:\/\/stald-hauge.dk\/index.php\/vores-tidligere-dyr\/hophans-kaenguru\/\" \/>\n<meta property=\"og:site_name\" content=\"Stald Hauge\" \/>\n<meta property=\"article:publisher\" content=\"https:\/\/www.facebook.com\/lisehauge\/\" \/>\n<meta property=\"article:modified_time\" content=\"2025-01-03T19:46:23+00:00\" \/>\n<meta property=\"og:image\" content=\"http:\/\/stald-hauge.dk\/wp-content\/uploads\/2025\/01\/Hophans-700x466.jpg\" \/>\n<meta name=\"twitter:card\" content=\"summary_large_image\" \/>\n<script type=\"application\/ld+json\" class=\"yoast-schema-graph\">{\"@context\":\"https:\/\/schema.org\",\"@graph\":[{\"@type\":\"WebPage\",\"@id\":\"http:\/\/stald-hauge.dk\/index.php\/vores-tidligere-dyr\/hophans-kaenguru\/\",\"url\":\"http:\/\/stald-hauge.dk\/index.php\/vores-tidligere-dyr\/hophans-kaenguru\/\",\"name\":\"K\u00e6nguru - Stald Hauge\",\"isPartOf\":{\"@id\":\"https:\/\/stald-hauge.dk\/#website\"},\"primaryImageOfPage\":{\"@id\":\"http:\/\/stald-hauge.dk\/index.php\/vores-tidligere-dyr\/hophans-kaenguru\/#primaryimage\"},\"image\":{\"@id\":\"http:\/\/stald-hauge.dk\/index.php\/vores-tidligere-dyr\/hophans-kaenguru\/#primaryimage\"},\"thumbnailUrl\":\"http:\/\/stald-hauge.dk\/wp-content\/uploads\/2025\/01\/Hophans-700x466.jpg\",\"datePublished\":\"2024-08-19T16:15:37+00:00\",\"dateModified\":\"2025-01-03T19:46:23+00:00\",\"breadcrumb\":{\"@id\":\"http:\/\/stald-hauge.dk\/index.php\/vores-tidligere-dyr\/hophans-kaenguru\/#breadcrumb\"},\"inLanguage\":\"da-DK\",\"potentialAction\":[{\"@type\":\"ReadAction\",\"target\":[\"http:\/\/stald-hauge.dk\/index.php\/vores-tidligere-dyr\/hophans-kaenguru\/\"]}]},{\"@type\":\"ImageObject\",\"inLanguage\":\"da-DK\",\"@id\":\"http:\/\/stald-hauge.dk\/index.php\/vores-tidligere-dyr\/hophans-kaenguru\/#primaryimage\",\"url\":\"http:\/\/stald-hauge.dk\/wp-content\/uploads\/2025\/01\/Hophans.jpg\",\"contentUrl\":\"http:\/\/stald-hauge.dk\/wp-content\/uploads\/2025\/01\/Hophans.jpg\",\"width\":768,\"height\":511},{\"@type\":\"BreadcrumbList\",\"@id\":\"http:\/\/stald-hauge.dk\/index.php\/vores-tidligere-dyr\/hophans-kaenguru\/#breadcrumb\",\"itemListElement\":[{\"@type\":\"ListItem\",\"position\":1,\"name\":\"Hjem\",\"item\":\"https:\/\/stald-hauge.dk\/\"},{\"@type\":\"ListItem\",\"position\":2,\"name\":\"Vores tidligere dyr\",\"item\":\"http:\/\/stald-hauge.dk\/index.php\/vores-tidligere-dyr\/\"},{\"@type\":\"ListItem\",\"position\":3,\"name\":\"K\u00e6nguru\"}]},{\"@type\":\"WebSite\",\"@id\":\"https:\/\/stald-hauge.dk\/#website\",\"url\":\"https:\/\/stald-hauge.dk\/\",\"name\":\"Stald Hauge\",\"description\":\"v\/Lise Hauge S\u00f8rensen\",\"publisher\":{\"@id\":\"https:\/\/stald-hauge.dk\/#\/schema\/person\/5e9342de63bcc5037d653908c024bc01\"},\"potentialAction\":[{\"@type\":\"SearchAction\",\"target\":{\"@type\":\"EntryPoint\",\"urlTemplate\":\"https:\/\/stald-hauge.dk\/?s={search_term_string}\"},\"query-input\":{\"@type\":\"PropertyValueSpecification\",\"valueRequired\":true,\"valueName\":\"search_term_string\"}}],\"inLanguage\":\"da-DK\"},{\"@type\":[\"Person\",\"Organization\"],\"@id\":\"https:\/\/stald-hauge.dk\/#\/schema\/person\/5e9342de63bcc5037d653908c024bc01\",\"name\":\"admin\",\"image\":{\"@type\":\"ImageObject\",\"inLanguage\":\"da-DK\",\"@id\":\"https:\/\/stald-hauge.dk\/#\/schema\/person\/image\/\",\"url\":\"https:\/\/secure.gravatar.com\/avatar\/cb52025513d5b4d5bf079f09f5aae21c223852877c5a747e37ab431711bb309d?s=96&d=mm&r=g\",\"contentUrl\":\"https:\/\/secure.gravatar.com\/avatar\/cb52025513d5b4d5bf079f09f5aae21c223852877c5a747e37ab431711bb309d?s=96&d=mm&r=g\",\"caption\":\"admin\"},\"logo\":{\"@id\":\"https:\/\/stald-hauge.dk\/#\/schema\/person\/image\/\"},\"sameAs\":[\"http:\/\/stald-hauge.dk\",\"https:\/\/www.facebook.com\/lisehauge\/\"]}]}<\/script>\n<!-- \/ Yoast SEO plugin. -->","yoast_head_json":{"title":"K\u00e6nguru - Stald Hauge","robots":{"index":"index","follow":"follow","max-snippet":"max-snippet:-1","max-image-preview":"max-image-preview:large","max-video-preview":"max-video-preview:-1"},"canonical":"http:\/\/stald-hauge.dk\/index.php\/vores-tidligere-dyr\/hophans-kaenguru\/","og_locale":"da_DK","og_type":"article","og_title":"K\u00e6nguru - Stald Hauge","og_description":"Hophans D. 07.08.2013 har vi f\u00e5et vores lille k\u00e6nguru hjem. F\u00f8dt: November 2012. Race: Parma Wallaby For\u00e5r 2014: Hophans er nu blevet s\u00e5 skiklig, at n\u00e5r han sidder ved hegnet, kan jeg s\u00e6tte mig p\u00e5 hug hos ham, hvorefter han &hellip; L\u00e6s resten &rarr;","og_url":"http:\/\/stald-hauge.dk\/index.php\/vores-tidligere-dyr\/hophans-kaenguru\/","og_site_name":"Stald Hauge","article_publisher":"https:\/\/www.facebook.com\/lisehauge\/","article_modified_time":"2025-01-03T19:46:23+00:00","og_image":[{"url":"http:\/\/stald-hauge.dk\/wp-content\/uploads\/2025\/01\/Hophans-700x466.jpg","type":"","width":"","height":""}],"twitter_card":"summary_large_image","schema":{"@context":"https:\/\/schema.org","@graph":[{"@type":"WebPage","@id":"http:\/\/stald-hauge.dk\/index.php\/vores-tidligere-dyr\/hophans-kaenguru\/","url":"http:\/\/stald-hauge.dk\/index.php\/vores-tidligere-dyr\/hophans-kaenguru\/","name":"K\u00e6nguru - Stald Hauge","isPartOf":{"@id":"https:\/\/stald-hauge.dk\/#website"},"primaryImageOfPage":{"@id":"http:\/\/stald-hauge.dk\/index.php\/vores-tidligere-dyr\/hophans-kaenguru\/#primaryimage"},"image":{"@id":"http:\/\/stald-hauge.dk\/index.php\/vores-tidligere-dyr\/hophans-kaenguru\/#primaryimage"},"thumbnailUrl":"http:\/\/stald-hauge.dk\/wp-content\/uploads\/2025\/01\/Hophans-700x466.jpg","datePublished":"2024-08-19T16:15:37+00:00","dateModified":"2025-01-03T19:46:23+00:00","breadcrumb":{"@id":"http:\/\/stald-hauge.dk\/index.php\/vores-tidligere-dyr\/hophans-kaenguru\/#breadcrumb"},"inLanguage":"da-DK","potentialAction":[{"@type":"ReadAction","target":["http:\/\/stald-hauge.dk\/index.php\/vores-tidligere-dyr\/hophans-kaenguru\/"]}]},{"@type":"ImageObject","inLanguage":"da-DK","@id":"http:\/\/stald-hauge.dk\/index.php\/vores-tidligere-dyr\/hophans-kaenguru\/#primaryimage","url":"http:\/\/stald-hauge.dk\/wp-content\/uploads\/2025\/01\/Hophans.jpg","contentUrl":"http:\/\/stald-hauge.dk\/wp-content\/uploads\/2025\/01\/Hophans.jpg","width":768,"height":511},{"@type":"BreadcrumbList","@id":"http:\/\/stald-hauge.dk\/index.php\/vores-tidligere-dyr\/hophans-kaenguru\/#breadcrumb","itemListElement":[{"@type":"ListItem","position":1,"name":"Hjem","item":"https:\/\/stald-hauge.dk\/"},{"@type":"ListItem","position":2,"name":"Vores tidligere dyr","item":"http:\/\/stald-hauge.dk\/index.php\/vores-tidligere-dyr\/"},{"@type":"ListItem","position":3,"name":"K\u00e6nguru"}]},{"@type":"WebSite","@id":"https:\/\/stald-hauge.dk\/#website","url":"https:\/\/stald-hauge.dk\/","name":"Stald Hauge","description":"v\/Lise Hauge S\u00f8rensen","publisher":{"@id":"https:\/\/stald-hauge.dk\/#\/schema\/person\/5e9342de63bcc5037d653908c024bc01"},"potentialAction":[{"@type":"SearchAction","target":{"@type":"EntryPoint","urlTemplate":"https:\/\/stald-hauge.dk\/?s={search_term_string}"},"query-input":{"@type":"PropertyValueSpecification","valueRequired":true,"valueName":"search_term_string"}}],"inLanguage":"da-DK"},{"@type":["Person","Organization"],"@id":"https:\/\/stald-hauge.dk\/#\/schema\/person\/5e9342de63bcc5037d653908c024bc01","name":"admin","image":{"@type":"ImageObject","inLanguage":"da-DK","@id":"https:\/\/stald-hauge.dk\/#\/schema\/person\/image\/","url":"https:\/\/secure.gravatar.com\/avatar\/cb52025513d5b4d5bf079f09f5aae21c223852877c5a747e37ab431711bb309d?s=96&d=mm&r=g","contentUrl":"https:\/\/secure.gravatar.com\/avatar\/cb52025513d5b4d5bf079f09f5aae21c223852877c5a747e37ab431711bb309d?s=96&d=mm&r=g","caption":"admin"},"logo":{"@id":"https:\/\/stald-hauge.dk\/#\/schema\/person\/image\/"},"sameAs":["http:\/\/stald-hauge.dk","https:\/\/www.facebook.com\/lisehauge\/"]}]}},"_links":{"self":[{"href":"http:\/\/stald-hauge.dk\/index.php\/wp-json\/wp\/v2\/pages\/929","targetHints":{"allow":["GET"]}}],"collection":[{"href":"http:\/\/stald-hauge.dk\/index.php\/wp-json\/wp\/v2\/pages"}],"about":[{"href":"http:\/\/stald-hauge.dk\/index.php\/wp-json\/wp\/v2\/types\/page"}],"author":[{"embeddable":true,"href":"http:\/\/stald-hauge.dk\/index.php\/wp-json\/wp\/v2\/users\/1"}],"replies":[{"embeddable":true,"href":"http:\/\/stald-hauge.dk\/index.php\/wp-json\/wp\/v2\/comments?post=929"}],"version-history":[{"count":4,"href":"http:\/\/stald-hauge.dk\/index.php\/wp-json\/wp\/v2\/pages\/929\/revisions"}],"predecessor-version":[{"id":4975,"href":"http:\/\/stald-hauge.dk\/index.php\/wp-json\/wp\/v2\/pages\/929\/revisions\/4975"}],"up":[{"embeddable":true,"href":"http:\/\/stald-hauge.dk\/index.php\/wp-json\/wp\/v2\/pages\/872"}],"wp:attachment":[{"href":"http:\/\/stald-hauge.dk\/index.php\/wp-json\/wp\/v2\/media?parent=929"}],"curies":[{"name":"wp","href":"https:\/\/api.w.org\/{rel}","templated":true}]}}