{"id":932,"date":"2024-08-19T16:21:54","date_gmt":"2024-08-19T16:21:54","guid":{"rendered":"https:\/\/stald-hauge.dk\/?page_id=932"},"modified":"2025-01-02T19:32:09","modified_gmt":"2025-01-02T19:32:09","slug":"hjortholms-tiffany","status":"publish","type":"page","link":"http:\/\/stald-hauge.dk\/index.php\/heste\/tidligere-heste\/hjortholms-tiffany\/","title":{"rendered":"Hjortholms Tiffany"},"content":{"rendered":"<p style=\"text-align: center;\"><strong>Hjortholms Tiffany<\/strong><\/p>\n<p style=\"text-align: center;\"><img loading=\"lazy\" decoding=\"async\" class=\"alignnone size-large wp-image-4066\" src=\"http:\/\/stald-hauge.dk\/wp-content\/uploads\/2025\/01\/Tiffany6-700x467.jpg\" alt=\"\" width=\"640\" height=\"427\" srcset=\"http:\/\/stald-hauge.dk\/wp-content\/uploads\/2025\/01\/Tiffany6-700x467.jpg 700w, http:\/\/stald-hauge.dk\/wp-content\/uploads\/2025\/01\/Tiffany6-300x200.jpg 300w, http:\/\/stald-hauge.dk\/wp-content\/uploads\/2025\/01\/Tiffany6.jpg 768w\" sizes=\"auto, (max-width: 640px) 100vw, 640px\" \/><\/p>\n<p style=\"text-align: center;\">F\u00f8dt: 02.10.2008<\/p>\n<p style=\"text-align: center;\">H\u00f8jde: 150 cm<\/p>\n<p style=\"text-align: center;\">EE aa N\/T<\/p>\n<p style=\"text-align: center;\">Mor: Lillevangs Irish Beauty<\/p>\n<p style=\"text-align: center;\"><img loading=\"lazy\" decoding=\"async\" class=\"alignnone size-full wp-image-4087\" src=\"http:\/\/stald-hauge.dk\/wp-content\/uploads\/2025\/01\/Tiffany27.jpg\" alt=\"\" width=\"300\" height=\"200\" \/><\/p>\n<p style=\"text-align: center;\">Far: Boycey<\/p>\n<p style=\"text-align: center;\"><img loading=\"lazy\" decoding=\"async\" class=\"alignnone size-full wp-image-4088\" src=\"http:\/\/stald-hauge.dk\/wp-content\/uploads\/2025\/01\/Tiffany28.jpg\" alt=\"\" width=\"300\" height=\"200\" \/><\/p>\n<p style=\"text-align: center;\">Farfar: Bear<\/p>\n<p style=\"text-align: center;\">Oldefar: Amos W\u00b4s\u00a0old Stallion<\/p>\n<p style=\"text-align: center;\">Oldemor: Harkaway Tansy<\/p>\n<p style=\"text-align: center;\">Tipoldefar: McGynley Stallion<\/p>\n<p style=\"text-align: center;\">Tipoldemor: Lob mare<\/p>\n<p style=\"text-align: center;\">\u00a0* \u00a0* \u00a0* \u00a0* \u00a0* \u00a0* \u00a0* \u00a0* \u00a0* \u00a0* \u00a0* \u00a0* \u00a0* \u00a0* \u00a0* \u00a0* \u00a0* \u00a0* \u00a0* \u00a0* \u00a0* \u00a0*<\/p>\n<p style=\"text-align: center;\"><i class=\"_3kkw _4-k1\"><span class=\"accessible_elem\"><img decoding=\"async\" class=\"emoji\" role=\"img\" draggable=\"false\" src=\"https:\/\/s.w.org\/images\/core\/emoji\/14.0.0\/svg\/2764.svg\" alt=\"\u2764\ufe0f\" \/>\u00a0<\/span><\/i>27. april 2016<\/p>\n<p style=\"text-align: center;\">\u00a0Himlen er idag blevet en stjerne rigere. Vi har m\u00e5ttet sige farvel til vores smukke Tiffany.<\/p>\n<p style=\"text-align: center;\">Hun fik fjernet en ondartet tumor i \u00f8jet for 3 1\/2 uge siden og har efterf\u00f8lgende aldrig f\u00e5et ro i \u00f8jet.<\/p>\n<p style=\"text-align: center;\">Idag har vi sendt hende over regnbuen. En rigtig h\u00e5rd beslutning men nu efterh\u00e5nden det rigtige for Tiffany.<br \/>\nRest in peace. Du vil aldrig blive glemt.\u00a0<i class=\"_3kkw _4-k1\"><span class=\"accessible_elem\"><img decoding=\"async\" class=\"emoji\" role=\"img\" draggable=\"false\" src=\"https:\/\/s.w.org\/images\/core\/emoji\/14.0.0\/svg\/2764.svg\" alt=\"\u2764\ufe0f\" \/><\/span><\/i><\/p>\n<p style=\"text-align: center;\">\u00a0* \u00a0* \u00a0* \u00a0* \u00a0* \u00a0* \u00a0* \u00a0* \u00a0* \u00a0* \u00a0* \u00a0* \u00a0* \u00a0* \u00a0* \u00a0* \u00a0* \u00a0* \u00a0* \u00a0* \u00a0* \u00a0*<\/p>\n<p style=\"text-align: center;\"><img loading=\"lazy\" decoding=\"async\" class=\"alignnone size-full wp-image-4086\" src=\"http:\/\/stald-hauge.dk\/wp-content\/uploads\/2025\/01\/Tiffany26.jpg\" alt=\"\" width=\"300\" height=\"200\" \/> <img loading=\"lazy\" decoding=\"async\" class=\"alignnone size-full wp-image-4085\" src=\"http:\/\/stald-hauge.dk\/wp-content\/uploads\/2025\/01\/Tiffany25.jpg\" alt=\"\" width=\"300\" height=\"200\" \/> <img loading=\"lazy\" decoding=\"async\" class=\"alignnone size-full wp-image-4084\" src=\"http:\/\/stald-hauge.dk\/wp-content\/uploads\/2025\/01\/Tiffany24.jpg\" alt=\"\" width=\"300\" height=\"200\" \/> <img loading=\"lazy\" decoding=\"async\" class=\"alignnone size-full wp-image-4083\" src=\"http:\/\/stald-hauge.dk\/wp-content\/uploads\/2025\/01\/Tiffany23.jpg\" alt=\"\" width=\"300\" height=\"200\" \/> <img loading=\"lazy\" decoding=\"async\" class=\"alignnone size-full wp-image-4082\" src=\"http:\/\/stald-hauge.dk\/wp-content\/uploads\/2025\/01\/Tiffany22.jpg\" alt=\"\" width=\"200\" height=\"300\" \/> <img loading=\"lazy\" decoding=\"async\" class=\"alignnone size-full wp-image-4067\" src=\"http:\/\/stald-hauge.dk\/wp-content\/uploads\/2025\/01\/Tiffany7.jpg\" alt=\"\" width=\"300\" height=\"200\" \/> <img loading=\"lazy\" decoding=\"async\" class=\"alignnone size-full wp-image-4068\" src=\"http:\/\/stald-hauge.dk\/wp-content\/uploads\/2025\/01\/Tiffany8.jpg\" alt=\"\" width=\"300\" height=\"200\" \/> <img loading=\"lazy\" decoding=\"async\" class=\"alignnone size-full wp-image-4069\" src=\"http:\/\/stald-hauge.dk\/wp-content\/uploads\/2025\/01\/Tiffany9.jpg\" alt=\"\" width=\"300\" height=\"200\" \/> <img loading=\"lazy\" decoding=\"async\" class=\"alignnone size-full wp-image-4070\" src=\"http:\/\/stald-hauge.dk\/wp-content\/uploads\/2025\/01\/Tiffany10.jpg\" alt=\"\" width=\"300\" height=\"200\" \/> <img loading=\"lazy\" decoding=\"async\" class=\"alignnone size-full wp-image-4071\" src=\"http:\/\/stald-hauge.dk\/wp-content\/uploads\/2025\/01\/Tiffany11.jpg\" alt=\"\" width=\"300\" height=\"200\" \/> <img loading=\"lazy\" decoding=\"async\" class=\"alignnone size-full wp-image-4072\" src=\"http:\/\/stald-hauge.dk\/wp-content\/uploads\/2025\/01\/Tiffany12.jpg\" alt=\"\" width=\"300\" height=\"200\" \/> <img loading=\"lazy\" decoding=\"async\" class=\"alignnone size-full wp-image-4073\" src=\"http:\/\/stald-hauge.dk\/wp-content\/uploads\/2025\/01\/Tiffany13.jpg\" alt=\"\" width=\"300\" height=\"200\" \/> <img loading=\"lazy\" decoding=\"async\" class=\"alignnone size-full wp-image-4074\" src=\"http:\/\/stald-hauge.dk\/wp-content\/uploads\/2025\/01\/Tiffany14.jpg\" alt=\"\" width=\"300\" height=\"200\" \/> <img loading=\"lazy\" decoding=\"async\" class=\"alignnone size-full wp-image-4075\" src=\"http:\/\/stald-hauge.dk\/wp-content\/uploads\/2025\/01\/Tiffany15.jpg\" alt=\"\" width=\"300\" height=\"200\" \/> <img loading=\"lazy\" decoding=\"async\" class=\"alignnone size-large wp-image-4060\" src=\"http:\/\/stald-hauge.dk\/wp-content\/uploads\/2025\/01\/Tiffany-700x467.jpg\" alt=\"\" width=\"640\" height=\"427\" srcset=\"http:\/\/stald-hauge.dk\/wp-content\/uploads\/2025\/01\/Tiffany-700x467.jpg 700w, http:\/\/stald-hauge.dk\/wp-content\/uploads\/2025\/01\/Tiffany-300x200.jpg 300w, http:\/\/stald-hauge.dk\/wp-content\/uploads\/2025\/01\/Tiffany.jpg 768w\" sizes=\"auto, (max-width: 640px) 100vw, 640px\" \/> <img loading=\"lazy\" decoding=\"async\" class=\"alignnone size-large wp-image-4061\" src=\"http:\/\/stald-hauge.dk\/wp-content\/uploads\/2025\/01\/Tiffany1-700x466.jpg\" alt=\"\" width=\"640\" height=\"426\" srcset=\"http:\/\/stald-hauge.dk\/wp-content\/uploads\/2025\/01\/Tiffany1-700x466.jpg 700w, http:\/\/stald-hauge.dk\/wp-content\/uploads\/2025\/01\/Tiffany1-300x200.jpg 300w, http:\/\/stald-hauge.dk\/wp-content\/uploads\/2025\/01\/Tiffany1.jpg 768w\" sizes=\"auto, (max-width: 640px) 100vw, 640px\" \/> <img loading=\"lazy\" decoding=\"async\" class=\"alignnone size-full wp-image-4062\" src=\"http:\/\/stald-hauge.dk\/wp-content\/uploads\/2025\/01\/Tiffany2.jpg\" alt=\"\" width=\"300\" height=\"200\" \/> <img loading=\"lazy\" decoding=\"async\" class=\"alignnone size-full wp-image-4063\" src=\"http:\/\/stald-hauge.dk\/wp-content\/uploads\/2025\/01\/Tiffany3.jpg\" alt=\"\" width=\"300\" height=\"200\" \/> <img loading=\"lazy\" decoding=\"async\" class=\"alignnone size-full wp-image-4064\" src=\"http:\/\/stald-hauge.dk\/wp-content\/uploads\/2025\/01\/Tiffany4.jpg\" alt=\"\" width=\"300\" height=\"200\" \/> <img loading=\"lazy\" decoding=\"async\" class=\"alignnone size-full wp-image-4065\" src=\"http:\/\/stald-hauge.dk\/wp-content\/uploads\/2025\/01\/Tiffany5.jpg\" alt=\"\" width=\"300\" height=\"200\" \/> <img loading=\"lazy\" decoding=\"async\" class=\"alignnone size-large wp-image-4066\" src=\"http:\/\/stald-hauge.dk\/wp-content\/uploads\/2025\/01\/Tiffany6-700x467.jpg\" alt=\"\" width=\"640\" height=\"427\" srcset=\"http:\/\/stald-hauge.dk\/wp-content\/uploads\/2025\/01\/Tiffany6-700x467.jpg 700w, http:\/\/stald-hauge.dk\/wp-content\/uploads\/2025\/01\/Tiffany6-300x200.jpg 300w, http:\/\/stald-hauge.dk\/wp-content\/uploads\/2025\/01\/Tiffany6.jpg 768w\" sizes=\"auto, (max-width: 640px) 100vw, 640px\" \/> <img loading=\"lazy\" decoding=\"async\" class=\"alignnone size-full wp-image-4076\" src=\"http:\/\/stald-hauge.dk\/wp-content\/uploads\/2025\/01\/Tiffany16.jpg\" alt=\"\" width=\"600\" height=\"398\" srcset=\"http:\/\/stald-hauge.dk\/wp-content\/uploads\/2025\/01\/Tiffany16.jpg 600w, http:\/\/stald-hauge.dk\/wp-content\/uploads\/2025\/01\/Tiffany16-300x199.jpg 300w\" sizes=\"auto, (max-width: 600px) 100vw, 600px\" \/> <img loading=\"lazy\" decoding=\"async\" class=\"alignnone size-full wp-image-4077\" src=\"http:\/\/stald-hauge.dk\/wp-content\/uploads\/2025\/01\/Tiffany17.jpg\" alt=\"\" width=\"300\" height=\"198\" \/> <img loading=\"lazy\" decoding=\"async\" class=\"alignnone size-full wp-image-4078\" src=\"http:\/\/stald-hauge.dk\/wp-content\/uploads\/2025\/01\/Tiffany18.jpg\" alt=\"\" width=\"300\" height=\"199\" \/> <img loading=\"lazy\" decoding=\"async\" class=\"alignnone size-full wp-image-4079\" src=\"http:\/\/stald-hauge.dk\/wp-content\/uploads\/2025\/01\/Tiffany19.jpg\" alt=\"\" width=\"300\" height=\"199\" \/> <img loading=\"lazy\" decoding=\"async\" class=\"alignnone size-full wp-image-4080\" src=\"http:\/\/stald-hauge.dk\/wp-content\/uploads\/2025\/01\/Tiffany20.jpg\" alt=\"\" width=\"300\" height=\"199\" \/> <img loading=\"lazy\" decoding=\"async\" class=\"alignnone size-full wp-image-4081\" src=\"http:\/\/stald-hauge.dk\/wp-content\/uploads\/2025\/01\/Tiffany21.jpg\" alt=\"\" width=\"600\" height=\"400\" srcset=\"http:\/\/stald-hauge.dk\/wp-content\/uploads\/2025\/01\/Tiffany21.jpg 600w, http:\/\/stald-hauge.dk\/wp-content\/uploads\/2025\/01\/Tiffany21-300x200.jpg 300w\" sizes=\"auto, (max-width: 600px) 100vw, 600px\" \/><\/p>\n<p style=\"text-align: center;\">\n","protected":false},"excerpt":{"rendered":"<p>Hjortholms Tiffany F\u00f8dt: 02.10.2008 H\u00f8jde: 150 cm EE aa N\/T Mor: Lillevangs Irish Beauty Far: Boycey Farfar: Bear Oldefar: Amos W\u00b4s\u00a0old Stallion Oldemor: Harkaway Tansy Tipoldefar: McGynley Stallion Tipoldemor: Lob mare \u00a0* \u00a0* \u00a0* \u00a0* \u00a0* \u00a0* \u00a0* \u00a0* \u00a0* &hellip; <a href=\"http:\/\/stald-hauge.dk\/index.php\/heste\/tidligere-heste\/hjortholms-tiffany\/\">L\u00e6s resten <span class=\"meta-nav\">&rarr;<\/span><\/a><\/p>\n","protected":false},"author":1,"featured_media":0,"parent":771,"menu_order":0,"comment_status":"closed","ping_status":"closed","template":"onecolumn-page.php","meta":{"footnotes":""},"class_list":["post-932","page","type-page","status-publish","hentry"],"yoast_head":"<!-- This site is optimized with the Yoast SEO plugin v25.3.1 - https:\/\/yoast.com\/wordpress\/plugins\/seo\/ -->\n<title>Hjortholms Tiffany - Stald Hauge<\/title>\n<meta name=\"robots\" content=\"index, follow, max-snippet:-1, max-image-preview:large, max-video-preview:-1\" \/>\n<link rel=\"canonical\" href=\"https:\/\/stald-hauge.dk\/index.php\/heste\/tidligere-heste\/hjortholms-tiffany\/\" \/>\n<meta property=\"og:locale\" content=\"da_DK\" \/>\n<meta property=\"og:type\" content=\"article\" \/>\n<meta property=\"og:title\" content=\"Hjortholms Tiffany - Stald Hauge\" \/>\n<meta property=\"og:description\" content=\"Hjortholms Tiffany F\u00f8dt: 02.10.2008 H\u00f8jde: 150 cm EE aa N\/T Mor: Lillevangs Irish Beauty Far: Boycey Farfar: Bear Oldefar: Amos W\u00b4s\u00a0old Stallion Oldemor: Harkaway Tansy Tipoldefar: McGynley Stallion Tipoldemor: Lob mare \u00a0* \u00a0* \u00a0* \u00a0* \u00a0* \u00a0* \u00a0* \u00a0* \u00a0* &hellip; L\u00e6s resten &rarr;\" \/>\n<meta property=\"og:url\" content=\"https:\/\/stald-hauge.dk\/index.php\/heste\/tidligere-heste\/hjortholms-tiffany\/\" \/>\n<meta property=\"og:site_name\" content=\"Stald Hauge\" \/>\n<meta property=\"article:publisher\" content=\"https:\/\/www.facebook.com\/lisehauge\/\" \/>\n<meta property=\"article:modified_time\" content=\"2025-01-02T19:32:09+00:00\" \/>\n<meta property=\"og:image\" content=\"http:\/\/stald-hauge.dk\/wp-content\/uploads\/2025\/01\/Tiffany6-700x467.jpg\" \/>\n<meta name=\"twitter:card\" content=\"summary_large_image\" \/>\n<meta name=\"twitter:label1\" content=\"Estimeret l\u00e6setid\" \/>\n\t<meta name=\"twitter:data1\" content=\"1 minut\" \/>\n<script type=\"application\/ld+json\" class=\"yoast-schema-graph\">{\"@context\":\"https:\/\/schema.org\",\"@graph\":[{\"@type\":\"WebPage\",\"@id\":\"https:\/\/stald-hauge.dk\/index.php\/heste\/tidligere-heste\/hjortholms-tiffany\/\",\"url\":\"https:\/\/stald-hauge.dk\/index.php\/heste\/tidligere-heste\/hjortholms-tiffany\/\",\"name\":\"Hjortholms Tiffany - Stald Hauge\",\"isPartOf\":{\"@id\":\"https:\/\/stald-hauge.dk\/#website\"},\"primaryImageOfPage\":{\"@id\":\"https:\/\/stald-hauge.dk\/index.php\/heste\/tidligere-heste\/hjortholms-tiffany\/#primaryimage\"},\"image\":{\"@id\":\"https:\/\/stald-hauge.dk\/index.php\/heste\/tidligere-heste\/hjortholms-tiffany\/#primaryimage\"},\"thumbnailUrl\":\"http:\/\/stald-hauge.dk\/wp-content\/uploads\/2025\/01\/Tiffany6-700x467.jpg\",\"datePublished\":\"2024-08-19T16:21:54+00:00\",\"dateModified\":\"2025-01-02T19:32:09+00:00\",\"breadcrumb\":{\"@id\":\"https:\/\/stald-hauge.dk\/index.php\/heste\/tidligere-heste\/hjortholms-tiffany\/#breadcrumb\"},\"inLanguage\":\"da-DK\",\"potentialAction\":[{\"@type\":\"ReadAction\",\"target\":[\"https:\/\/stald-hauge.dk\/index.php\/heste\/tidligere-heste\/hjortholms-tiffany\/\"]}]},{\"@type\":\"ImageObject\",\"inLanguage\":\"da-DK\",\"@id\":\"https:\/\/stald-hauge.dk\/index.php\/heste\/tidligere-heste\/hjortholms-tiffany\/#primaryimage\",\"url\":\"http:\/\/stald-hauge.dk\/wp-content\/uploads\/2025\/01\/Tiffany6.jpg\",\"contentUrl\":\"http:\/\/stald-hauge.dk\/wp-content\/uploads\/2025\/01\/Tiffany6.jpg\",\"width\":768,\"height\":512},{\"@type\":\"BreadcrumbList\",\"@id\":\"https:\/\/stald-hauge.dk\/index.php\/heste\/tidligere-heste\/hjortholms-tiffany\/#breadcrumb\",\"itemListElement\":[{\"@type\":\"ListItem\",\"position\":1,\"name\":\"Hjem\",\"item\":\"https:\/\/stald-hauge.dk\/\"},{\"@type\":\"ListItem\",\"position\":2,\"name\":\"Heste\",\"item\":\"http:\/\/stald-hauge.dk\/index.php\/heste\/\"},{\"@type\":\"ListItem\",\"position\":3,\"name\":\"Tidligere heste\",\"item\":\"http:\/\/stald-hauge.dk\/index.php\/heste\/tidligere-heste\/\"},{\"@type\":\"ListItem\",\"position\":4,\"name\":\"Hjortholms Tiffany\"}]},{\"@type\":\"WebSite\",\"@id\":\"https:\/\/stald-hauge.dk\/#website\",\"url\":\"https:\/\/stald-hauge.dk\/\",\"name\":\"Stald Hauge\",\"description\":\"v\/Lise Hauge S\u00f8rensen\",\"publisher\":{\"@id\":\"https:\/\/stald-hauge.dk\/#\/schema\/person\/5e9342de63bcc5037d653908c024bc01\"},\"potentialAction\":[{\"@type\":\"SearchAction\",\"target\":{\"@type\":\"EntryPoint\",\"urlTemplate\":\"https:\/\/stald-hauge.dk\/?s={search_term_string}\"},\"query-input\":{\"@type\":\"PropertyValueSpecification\",\"valueRequired\":true,\"valueName\":\"search_term_string\"}}],\"inLanguage\":\"da-DK\"},{\"@type\":[\"Person\",\"Organization\"],\"@id\":\"https:\/\/stald-hauge.dk\/#\/schema\/person\/5e9342de63bcc5037d653908c024bc01\",\"name\":\"admin\",\"image\":{\"@type\":\"ImageObject\",\"inLanguage\":\"da-DK\",\"@id\":\"https:\/\/stald-hauge.dk\/#\/schema\/person\/image\/\",\"url\":\"https:\/\/secure.gravatar.com\/avatar\/cb52025513d5b4d5bf079f09f5aae21c223852877c5a747e37ab431711bb309d?s=96&d=mm&r=g\",\"contentUrl\":\"https:\/\/secure.gravatar.com\/avatar\/cb52025513d5b4d5bf079f09f5aae21c223852877c5a747e37ab431711bb309d?s=96&d=mm&r=g\",\"caption\":\"admin\"},\"logo\":{\"@id\":\"https:\/\/stald-hauge.dk\/#\/schema\/person\/image\/\"},\"sameAs\":[\"http:\/\/stald-hauge.dk\",\"https:\/\/www.facebook.com\/lisehauge\/\"]}]}<\/script>\n<!-- \/ Yoast SEO plugin. -->","yoast_head_json":{"title":"Hjortholms Tiffany - Stald Hauge","robots":{"index":"index","follow":"follow","max-snippet":"max-snippet:-1","max-image-preview":"max-image-preview:large","max-video-preview":"max-video-preview:-1"},"canonical":"https:\/\/stald-hauge.dk\/index.php\/heste\/tidligere-heste\/hjortholms-tiffany\/","og_locale":"da_DK","og_type":"article","og_title":"Hjortholms Tiffany - Stald Hauge","og_description":"Hjortholms Tiffany F\u00f8dt: 02.10.2008 H\u00f8jde: 150 cm EE aa N\/T Mor: Lillevangs Irish Beauty Far: Boycey Farfar: Bear Oldefar: Amos W\u00b4s\u00a0old Stallion Oldemor: Harkaway Tansy Tipoldefar: McGynley Stallion Tipoldemor: Lob mare \u00a0* \u00a0* \u00a0* \u00a0* \u00a0* \u00a0* \u00a0* \u00a0* \u00a0* &hellip; L\u00e6s resten &rarr;","og_url":"https:\/\/stald-hauge.dk\/index.php\/heste\/tidligere-heste\/hjortholms-tiffany\/","og_site_name":"Stald Hauge","article_publisher":"https:\/\/www.facebook.com\/lisehauge\/","article_modified_time":"2025-01-02T19:32:09+00:00","og_image":[{"url":"http:\/\/stald-hauge.dk\/wp-content\/uploads\/2025\/01\/Tiffany6-700x467.jpg","type":"","width":"","height":""}],"twitter_card":"summary_large_image","twitter_misc":{"Estimeret l\u00e6setid":"1 minut"},"schema":{"@context":"https:\/\/schema.org","@graph":[{"@type":"WebPage","@id":"https:\/\/stald-hauge.dk\/index.php\/heste\/tidligere-heste\/hjortholms-tiffany\/","url":"https:\/\/stald-hauge.dk\/index.php\/heste\/tidligere-heste\/hjortholms-tiffany\/","name":"Hjortholms Tiffany - Stald Hauge","isPartOf":{"@id":"https:\/\/stald-hauge.dk\/#website"},"primaryImageOfPage":{"@id":"https:\/\/stald-hauge.dk\/index.php\/heste\/tidligere-heste\/hjortholms-tiffany\/#primaryimage"},"image":{"@id":"https:\/\/stald-hauge.dk\/index.php\/heste\/tidligere-heste\/hjortholms-tiffany\/#primaryimage"},"thumbnailUrl":"http:\/\/stald-hauge.dk\/wp-content\/uploads\/2025\/01\/Tiffany6-700x467.jpg","datePublished":"2024-08-19T16:21:54+00:00","dateModified":"2025-01-02T19:32:09+00:00","breadcrumb":{"@id":"https:\/\/stald-hauge.dk\/index.php\/heste\/tidligere-heste\/hjortholms-tiffany\/#breadcrumb"},"inLanguage":"da-DK","potentialAction":[{"@type":"ReadAction","target":["https:\/\/stald-hauge.dk\/index.php\/heste\/tidligere-heste\/hjortholms-tiffany\/"]}]},{"@type":"ImageObject","inLanguage":"da-DK","@id":"https:\/\/stald-hauge.dk\/index.php\/heste\/tidligere-heste\/hjortholms-tiffany\/#primaryimage","url":"http:\/\/stald-hauge.dk\/wp-content\/uploads\/2025\/01\/Tiffany6.jpg","contentUrl":"http:\/\/stald-hauge.dk\/wp-content\/uploads\/2025\/01\/Tiffany6.jpg","width":768,"height":512},{"@type":"BreadcrumbList","@id":"https:\/\/stald-hauge.dk\/index.php\/heste\/tidligere-heste\/hjortholms-tiffany\/#breadcrumb","itemListElement":[{"@type":"ListItem","position":1,"name":"Hjem","item":"https:\/\/stald-hauge.dk\/"},{"@type":"ListItem","position":2,"name":"Heste","item":"http:\/\/stald-hauge.dk\/index.php\/heste\/"},{"@type":"ListItem","position":3,"name":"Tidligere heste","item":"http:\/\/stald-hauge.dk\/index.php\/heste\/tidligere-heste\/"},{"@type":"ListItem","position":4,"name":"Hjortholms Tiffany"}]},{"@type":"WebSite","@id":"https:\/\/stald-hauge.dk\/#website","url":"https:\/\/stald-hauge.dk\/","name":"Stald Hauge","description":"v\/Lise Hauge S\u00f8rensen","publisher":{"@id":"https:\/\/stald-hauge.dk\/#\/schema\/person\/5e9342de63bcc5037d653908c024bc01"},"potentialAction":[{"@type":"SearchAction","target":{"@type":"EntryPoint","urlTemplate":"https:\/\/stald-hauge.dk\/?s={search_term_string}"},"query-input":{"@type":"PropertyValueSpecification","valueRequired":true,"valueName":"search_term_string"}}],"inLanguage":"da-DK"},{"@type":["Person","Organization"],"@id":"https:\/\/stald-hauge.dk\/#\/schema\/person\/5e9342de63bcc5037d653908c024bc01","name":"admin","image":{"@type":"ImageObject","inLanguage":"da-DK","@id":"https:\/\/stald-hauge.dk\/#\/schema\/person\/image\/","url":"https:\/\/secure.gravatar.com\/avatar\/cb52025513d5b4d5bf079f09f5aae21c223852877c5a747e37ab431711bb309d?s=96&d=mm&r=g","contentUrl":"https:\/\/secure.gravatar.com\/avatar\/cb52025513d5b4d5bf079f09f5aae21c223852877c5a747e37ab431711bb309d?s=96&d=mm&r=g","caption":"admin"},"logo":{"@id":"https:\/\/stald-hauge.dk\/#\/schema\/person\/image\/"},"sameAs":["http:\/\/stald-hauge.dk","https:\/\/www.facebook.com\/lisehauge\/"]}]}},"_links":{"self":[{"href":"http:\/\/stald-hauge.dk\/index.php\/wp-json\/wp\/v2\/pages\/932","targetHints":{"allow":["GET"]}}],"collection":[{"href":"http:\/\/stald-hauge.dk\/index.php\/wp-json\/wp\/v2\/pages"}],"about":[{"href":"http:\/\/stald-hauge.dk\/index.php\/wp-json\/wp\/v2\/types\/page"}],"author":[{"embeddable":true,"href":"http:\/\/stald-hauge.dk\/index.php\/wp-json\/wp\/v2\/users\/1"}],"replies":[{"embeddable":true,"href":"http:\/\/stald-hauge.dk\/index.php\/wp-json\/wp\/v2\/comments?post=932"}],"version-history":[{"count":4,"href":"http:\/\/stald-hauge.dk\/index.php\/wp-json\/wp\/v2\/pages\/932\/revisions"}],"predecessor-version":[{"id":4930,"href":"http:\/\/stald-hauge.dk\/index.php\/wp-json\/wp\/v2\/pages\/932\/revisions\/4930"}],"up":[{"embeddable":true,"href":"http:\/\/stald-hauge.dk\/index.php\/wp-json\/wp\/v2\/pages\/771"}],"wp:attachment":[{"href":"http:\/\/stald-hauge.dk\/index.php\/wp-json\/wp\/v2\/media?parent=932"}],"curies":[{"name":"wp","href":"https:\/\/api.w.org\/{rel}","templated":true}]}}