{"id":98,"date":"2024-08-14T18:25:36","date_gmt":"2024-08-14T18:25:36","guid":{"rendered":"https:\/\/stald-hauge.dk\/?page_id=98"},"modified":"2025-01-01T18:35:25","modified_gmt":"2025-01-01T18:35:25","slug":"2024-hauges-daylight","status":"publish","type":"page","link":"http:\/\/stald-hauge.dk\/index.php\/heste\/foel-shetlandspony\/2024-hauges-daylight\/","title":{"rendered":"2024 &#8211; Hauge\u00b4s Daylight"},"content":{"rendered":"<p style=\"text-align: center;\"><strong>Hauge\u00b4s Daylight<\/strong><\/p>\n<p style=\"text-align: center;\"><img loading=\"lazy\" decoding=\"async\" class=\"alignnone size-large wp-image-3295\" src=\"http:\/\/stald-hauge.dk\/wp-content\/uploads\/2024\/12\/Daylight-700x467.jpg\" alt=\"\" width=\"640\" height=\"427\" srcset=\"http:\/\/stald-hauge.dk\/wp-content\/uploads\/2024\/12\/Daylight-700x467.jpg 700w, http:\/\/stald-hauge.dk\/wp-content\/uploads\/2024\/12\/Daylight-300x200.jpg 300w, http:\/\/stald-hauge.dk\/wp-content\/uploads\/2024\/12\/Daylight.jpg 768w\" sizes=\"auto, (max-width: 640px) 100vw, 640px\" \/><\/p>\n<p style=\"text-align: center;\">F\u00f8dt: 30. marts 2024<\/p>\n<p style=\"text-align: center;\">K\u00f8n: Hoppe<\/p>\n<p style=\"text-align: center;\">Farve: R\u00f8d<\/p>\n<p style=\"text-align: center;\">Mor: Marie<\/p>\n<p style=\"text-align: center;\">Far: Mowgli, r\u00f8d knapstrupper, minishetl\u00e6nder<\/p>\n<p style=\"text-align: center;\"><img loading=\"lazy\" decoding=\"async\" class=\"alignnone size-full wp-image-3296\" src=\"http:\/\/stald-hauge.dk\/wp-content\/uploads\/2024\/12\/Daylight1.jpg\" alt=\"\" width=\"300\" height=\"200\" \/> <img loading=\"lazy\" decoding=\"async\" class=\"alignnone size-full wp-image-3297\" src=\"http:\/\/stald-hauge.dk\/wp-content\/uploads\/2024\/12\/Daylight2.jpg\" alt=\"\" width=\"300\" height=\"200\" \/> <img loading=\"lazy\" decoding=\"async\" class=\"alignnone size-full wp-image-3298\" src=\"http:\/\/stald-hauge.dk\/wp-content\/uploads\/2024\/12\/Daylight3.jpg\" alt=\"\" width=\"300\" height=\"200\" \/> <img loading=\"lazy\" decoding=\"async\" class=\"alignnone size-full wp-image-3299\" src=\"http:\/\/stald-hauge.dk\/wp-content\/uploads\/2024\/12\/Daylight4.jpg\" alt=\"\" width=\"300\" height=\"200\" \/> <img loading=\"lazy\" decoding=\"async\" class=\"alignnone size-full wp-image-3300\" src=\"http:\/\/stald-hauge.dk\/wp-content\/uploads\/2024\/12\/Daylight5.jpg\" alt=\"\" width=\"300\" height=\"200\" \/> <img loading=\"lazy\" decoding=\"async\" class=\"alignnone size-full wp-image-3301\" src=\"http:\/\/stald-hauge.dk\/wp-content\/uploads\/2024\/12\/Daylight6.jpg\" alt=\"\" width=\"300\" height=\"200\" \/> <img loading=\"lazy\" decoding=\"async\" class=\"alignnone size-full wp-image-3302\" src=\"http:\/\/stald-hauge.dk\/wp-content\/uploads\/2024\/12\/Daylight7.jpg\" alt=\"\" width=\"300\" height=\"200\" \/> <img loading=\"lazy\" decoding=\"async\" class=\"alignnone size-full wp-image-3303\" src=\"http:\/\/stald-hauge.dk\/wp-content\/uploads\/2024\/12\/Daylight8.jpg\" alt=\"\" width=\"300\" height=\"200\" \/> <img loading=\"lazy\" decoding=\"async\" class=\"alignnone size-full wp-image-3304\" src=\"http:\/\/stald-hauge.dk\/wp-content\/uploads\/2024\/12\/Daylight9.jpg\" alt=\"\" width=\"300\" height=\"200\" \/> <img loading=\"lazy\" decoding=\"async\" class=\"alignnone size-full wp-image-3305\" src=\"http:\/\/stald-hauge.dk\/wp-content\/uploads\/2024\/12\/Daylight10.jpg\" alt=\"\" width=\"300\" height=\"200\" \/> \u00a0<img loading=\"lazy\" decoding=\"async\" class=\"alignnone size-full wp-image-3308\" src=\"http:\/\/stald-hauge.dk\/wp-content\/uploads\/2024\/12\/Daylight13.jpg\" alt=\"\" width=\"300\" height=\"200\" \/> <img loading=\"lazy\" decoding=\"async\" class=\"alignnone size-full wp-image-3306\" src=\"http:\/\/stald-hauge.dk\/wp-content\/uploads\/2024\/12\/Daylight11.jpg\" alt=\"\" width=\"300\" height=\"200\" \/><\/p>\n","protected":false},"excerpt":{"rendered":"<p>Hauge\u00b4s Daylight F\u00f8dt: 30. marts 2024 K\u00f8n: Hoppe Farve: R\u00f8d Mor: Marie Far: Mowgli, r\u00f8d knapstrupper, minishetl\u00e6nder \u00a0<\/p>\n","protected":false},"author":1,"featured_media":0,"parent":72,"menu_order":0,"comment_status":"closed","ping_status":"closed","template":"onecolumn-page.php","meta":{"footnotes":""},"class_list":["post-98","page","type-page","status-publish","hentry"],"yoast_head":"<!-- This site is optimized with the Yoast SEO plugin v25.3.1 - https:\/\/yoast.com\/wordpress\/plugins\/seo\/ -->\n<title>2024 - Hauge\u00b4s Daylight - Stald Hauge<\/title>\n<meta name=\"robots\" content=\"index, follow, max-snippet:-1, max-image-preview:large, max-video-preview:-1\" \/>\n<link rel=\"canonical\" href=\"http:\/\/stald-hauge.dk\/index.php\/heste\/foel-shetlandspony\/2024-hauges-daylight\/\" \/>\n<meta property=\"og:locale\" content=\"da_DK\" \/>\n<meta property=\"og:type\" content=\"article\" \/>\n<meta property=\"og:title\" content=\"2024 - Hauge\u00b4s Daylight - Stald Hauge\" \/>\n<meta property=\"og:description\" content=\"Hauge\u00b4s Daylight F\u00f8dt: 30. marts 2024 K\u00f8n: Hoppe Farve: R\u00f8d Mor: Marie Far: Mowgli, r\u00f8d knapstrupper, minishetl\u00e6nder \u00a0\" \/>\n<meta property=\"og:url\" content=\"http:\/\/stald-hauge.dk\/index.php\/heste\/foel-shetlandspony\/2024-hauges-daylight\/\" \/>\n<meta property=\"og:site_name\" content=\"Stald Hauge\" \/>\n<meta property=\"article:publisher\" content=\"https:\/\/www.facebook.com\/lisehauge\/\" \/>\n<meta property=\"article:modified_time\" content=\"2025-01-01T18:35:25+00:00\" \/>\n<meta property=\"og:image\" content=\"http:\/\/stald-hauge.dk\/wp-content\/uploads\/2024\/12\/Daylight-700x467.jpg\" \/>\n<meta name=\"twitter:card\" content=\"summary_large_image\" \/>\n<script type=\"application\/ld+json\" class=\"yoast-schema-graph\">{\"@context\":\"https:\/\/schema.org\",\"@graph\":[{\"@type\":\"WebPage\",\"@id\":\"http:\/\/stald-hauge.dk\/index.php\/heste\/foel-shetlandspony\/2024-hauges-daylight\/\",\"url\":\"http:\/\/stald-hauge.dk\/index.php\/heste\/foel-shetlandspony\/2024-hauges-daylight\/\",\"name\":\"2024 - Hauge\u00b4s Daylight - Stald Hauge\",\"isPartOf\":{\"@id\":\"https:\/\/stald-hauge.dk\/#website\"},\"primaryImageOfPage\":{\"@id\":\"http:\/\/stald-hauge.dk\/index.php\/heste\/foel-shetlandspony\/2024-hauges-daylight\/#primaryimage\"},\"image\":{\"@id\":\"http:\/\/stald-hauge.dk\/index.php\/heste\/foel-shetlandspony\/2024-hauges-daylight\/#primaryimage\"},\"thumbnailUrl\":\"http:\/\/stald-hauge.dk\/wp-content\/uploads\/2024\/12\/Daylight-700x467.jpg\",\"datePublished\":\"2024-08-14T18:25:36+00:00\",\"dateModified\":\"2025-01-01T18:35:25+00:00\",\"breadcrumb\":{\"@id\":\"http:\/\/stald-hauge.dk\/index.php\/heste\/foel-shetlandspony\/2024-hauges-daylight\/#breadcrumb\"},\"inLanguage\":\"da-DK\",\"potentialAction\":[{\"@type\":\"ReadAction\",\"target\":[\"http:\/\/stald-hauge.dk\/index.php\/heste\/foel-shetlandspony\/2024-hauges-daylight\/\"]}]},{\"@type\":\"ImageObject\",\"inLanguage\":\"da-DK\",\"@id\":\"http:\/\/stald-hauge.dk\/index.php\/heste\/foel-shetlandspony\/2024-hauges-daylight\/#primaryimage\",\"url\":\"http:\/\/stald-hauge.dk\/wp-content\/uploads\/2024\/12\/Daylight.jpg\",\"contentUrl\":\"http:\/\/stald-hauge.dk\/wp-content\/uploads\/2024\/12\/Daylight.jpg\",\"width\":768,\"height\":512},{\"@type\":\"BreadcrumbList\",\"@id\":\"http:\/\/stald-hauge.dk\/index.php\/heste\/foel-shetlandspony\/2024-hauges-daylight\/#breadcrumb\",\"itemListElement\":[{\"@type\":\"ListItem\",\"position\":1,\"name\":\"Hjem\",\"item\":\"https:\/\/stald-hauge.dk\/\"},{\"@type\":\"ListItem\",\"position\":2,\"name\":\"Heste\",\"item\":\"http:\/\/stald-hauge.dk\/index.php\/heste\/\"},{\"@type\":\"ListItem\",\"position\":3,\"name\":\"F\u00f8l Shetlandspony\",\"item\":\"http:\/\/stald-hauge.dk\/index.php\/heste\/foel-shetlandspony\/\"},{\"@type\":\"ListItem\",\"position\":4,\"name\":\"2024 &#8211; Hauge\u00b4s Daylight\"}]},{\"@type\":\"WebSite\",\"@id\":\"https:\/\/stald-hauge.dk\/#website\",\"url\":\"https:\/\/stald-hauge.dk\/\",\"name\":\"Stald Hauge\",\"description\":\"v\/Lise Hauge S\u00f8rensen\",\"publisher\":{\"@id\":\"https:\/\/stald-hauge.dk\/#\/schema\/person\/5e9342de63bcc5037d653908c024bc01\"},\"potentialAction\":[{\"@type\":\"SearchAction\",\"target\":{\"@type\":\"EntryPoint\",\"urlTemplate\":\"https:\/\/stald-hauge.dk\/?s={search_term_string}\"},\"query-input\":{\"@type\":\"PropertyValueSpecification\",\"valueRequired\":true,\"valueName\":\"search_term_string\"}}],\"inLanguage\":\"da-DK\"},{\"@type\":[\"Person\",\"Organization\"],\"@id\":\"https:\/\/stald-hauge.dk\/#\/schema\/person\/5e9342de63bcc5037d653908c024bc01\",\"name\":\"admin\",\"image\":{\"@type\":\"ImageObject\",\"inLanguage\":\"da-DK\",\"@id\":\"https:\/\/stald-hauge.dk\/#\/schema\/person\/image\/\",\"url\":\"https:\/\/secure.gravatar.com\/avatar\/cb52025513d5b4d5bf079f09f5aae21c223852877c5a747e37ab431711bb309d?s=96&d=mm&r=g\",\"contentUrl\":\"https:\/\/secure.gravatar.com\/avatar\/cb52025513d5b4d5bf079f09f5aae21c223852877c5a747e37ab431711bb309d?s=96&d=mm&r=g\",\"caption\":\"admin\"},\"logo\":{\"@id\":\"https:\/\/stald-hauge.dk\/#\/schema\/person\/image\/\"},\"sameAs\":[\"http:\/\/stald-hauge.dk\",\"https:\/\/www.facebook.com\/lisehauge\/\"]}]}<\/script>\n<!-- \/ Yoast SEO plugin. -->","yoast_head_json":{"title":"2024 - Hauge\u00b4s Daylight - Stald Hauge","robots":{"index":"index","follow":"follow","max-snippet":"max-snippet:-1","max-image-preview":"max-image-preview:large","max-video-preview":"max-video-preview:-1"},"canonical":"http:\/\/stald-hauge.dk\/index.php\/heste\/foel-shetlandspony\/2024-hauges-daylight\/","og_locale":"da_DK","og_type":"article","og_title":"2024 - Hauge\u00b4s Daylight - Stald Hauge","og_description":"Hauge\u00b4s Daylight F\u00f8dt: 30. marts 2024 K\u00f8n: Hoppe Farve: R\u00f8d Mor: Marie Far: Mowgli, r\u00f8d knapstrupper, minishetl\u00e6nder \u00a0","og_url":"http:\/\/stald-hauge.dk\/index.php\/heste\/foel-shetlandspony\/2024-hauges-daylight\/","og_site_name":"Stald Hauge","article_publisher":"https:\/\/www.facebook.com\/lisehauge\/","article_modified_time":"2025-01-01T18:35:25+00:00","og_image":[{"url":"http:\/\/stald-hauge.dk\/wp-content\/uploads\/2024\/12\/Daylight-700x467.jpg","type":"","width":"","height":""}],"twitter_card":"summary_large_image","schema":{"@context":"https:\/\/schema.org","@graph":[{"@type":"WebPage","@id":"http:\/\/stald-hauge.dk\/index.php\/heste\/foel-shetlandspony\/2024-hauges-daylight\/","url":"http:\/\/stald-hauge.dk\/index.php\/heste\/foel-shetlandspony\/2024-hauges-daylight\/","name":"2024 - Hauge\u00b4s Daylight - Stald Hauge","isPartOf":{"@id":"https:\/\/stald-hauge.dk\/#website"},"primaryImageOfPage":{"@id":"http:\/\/stald-hauge.dk\/index.php\/heste\/foel-shetlandspony\/2024-hauges-daylight\/#primaryimage"},"image":{"@id":"http:\/\/stald-hauge.dk\/index.php\/heste\/foel-shetlandspony\/2024-hauges-daylight\/#primaryimage"},"thumbnailUrl":"http:\/\/stald-hauge.dk\/wp-content\/uploads\/2024\/12\/Daylight-700x467.jpg","datePublished":"2024-08-14T18:25:36+00:00","dateModified":"2025-01-01T18:35:25+00:00","breadcrumb":{"@id":"http:\/\/stald-hauge.dk\/index.php\/heste\/foel-shetlandspony\/2024-hauges-daylight\/#breadcrumb"},"inLanguage":"da-DK","potentialAction":[{"@type":"ReadAction","target":["http:\/\/stald-hauge.dk\/index.php\/heste\/foel-shetlandspony\/2024-hauges-daylight\/"]}]},{"@type":"ImageObject","inLanguage":"da-DK","@id":"http:\/\/stald-hauge.dk\/index.php\/heste\/foel-shetlandspony\/2024-hauges-daylight\/#primaryimage","url":"http:\/\/stald-hauge.dk\/wp-content\/uploads\/2024\/12\/Daylight.jpg","contentUrl":"http:\/\/stald-hauge.dk\/wp-content\/uploads\/2024\/12\/Daylight.jpg","width":768,"height":512},{"@type":"BreadcrumbList","@id":"http:\/\/stald-hauge.dk\/index.php\/heste\/foel-shetlandspony\/2024-hauges-daylight\/#breadcrumb","itemListElement":[{"@type":"ListItem","position":1,"name":"Hjem","item":"https:\/\/stald-hauge.dk\/"},{"@type":"ListItem","position":2,"name":"Heste","item":"http:\/\/stald-hauge.dk\/index.php\/heste\/"},{"@type":"ListItem","position":3,"name":"F\u00f8l Shetlandspony","item":"http:\/\/stald-hauge.dk\/index.php\/heste\/foel-shetlandspony\/"},{"@type":"ListItem","position":4,"name":"2024 &#8211; Hauge\u00b4s Daylight"}]},{"@type":"WebSite","@id":"https:\/\/stald-hauge.dk\/#website","url":"https:\/\/stald-hauge.dk\/","name":"Stald Hauge","description":"v\/Lise Hauge S\u00f8rensen","publisher":{"@id":"https:\/\/stald-hauge.dk\/#\/schema\/person\/5e9342de63bcc5037d653908c024bc01"},"potentialAction":[{"@type":"SearchAction","target":{"@type":"EntryPoint","urlTemplate":"https:\/\/stald-hauge.dk\/?s={search_term_string}"},"query-input":{"@type":"PropertyValueSpecification","valueRequired":true,"valueName":"search_term_string"}}],"inLanguage":"da-DK"},{"@type":["Person","Organization"],"@id":"https:\/\/stald-hauge.dk\/#\/schema\/person\/5e9342de63bcc5037d653908c024bc01","name":"admin","image":{"@type":"ImageObject","inLanguage":"da-DK","@id":"https:\/\/stald-hauge.dk\/#\/schema\/person\/image\/","url":"https:\/\/secure.gravatar.com\/avatar\/cb52025513d5b4d5bf079f09f5aae21c223852877c5a747e37ab431711bb309d?s=96&d=mm&r=g","contentUrl":"https:\/\/secure.gravatar.com\/avatar\/cb52025513d5b4d5bf079f09f5aae21c223852877c5a747e37ab431711bb309d?s=96&d=mm&r=g","caption":"admin"},"logo":{"@id":"https:\/\/stald-hauge.dk\/#\/schema\/person\/image\/"},"sameAs":["http:\/\/stald-hauge.dk","https:\/\/www.facebook.com\/lisehauge\/"]}]}},"_links":{"self":[{"href":"http:\/\/stald-hauge.dk\/index.php\/wp-json\/wp\/v2\/pages\/98","targetHints":{"allow":["GET"]}}],"collection":[{"href":"http:\/\/stald-hauge.dk\/index.php\/wp-json\/wp\/v2\/pages"}],"about":[{"href":"http:\/\/stald-hauge.dk\/index.php\/wp-json\/wp\/v2\/types\/page"}],"author":[{"embeddable":true,"href":"http:\/\/stald-hauge.dk\/index.php\/wp-json\/wp\/v2\/users\/1"}],"replies":[{"embeddable":true,"href":"http:\/\/stald-hauge.dk\/index.php\/wp-json\/wp\/v2\/comments?post=98"}],"version-history":[{"count":3,"href":"http:\/\/stald-hauge.dk\/index.php\/wp-json\/wp\/v2\/pages\/98\/revisions"}],"predecessor-version":[{"id":3574,"href":"http:\/\/stald-hauge.dk\/index.php\/wp-json\/wp\/v2\/pages\/98\/revisions\/3574"}],"up":[{"embeddable":true,"href":"http:\/\/stald-hauge.dk\/index.php\/wp-json\/wp\/v2\/pages\/72"}],"wp:attachment":[{"href":"http:\/\/stald-hauge.dk\/index.php\/wp-json\/wp\/v2\/media?parent=98"}],"curies":[{"name":"wp","href":"https:\/\/api.w.org\/{rel}","templated":true}]}}