{"id":2078,"date":"2024-08-23T12:07:43","date_gmt":"2024-08-23T12:07:43","guid":{"rendered":"https:\/\/stald-hauge.dk\/?page_id=2078"},"modified":"2025-01-02T10:22:11","modified_gmt":"2025-01-02T10:22:11","slug":"2008-gl-estrup-landbrugsmesse","status":"publish","type":"page","link":"https:\/\/stald-hauge.dk\/index.php\/heste\/show-kaaring\/2008-gl-estrup-landbrugsmesse\/","title":{"rendered":"2008 &#8211; Gl. Estrup Landbrugsmesse"},"content":{"rendered":"<p style=\"text-align: center;\">Aodh\u00e1n blev udstillet og opn\u00e5ede 23. point og \u00e6respr\u00e6mie.<\/p>\n<p style=\"text-align: center;\">Blev ogs\u00e5 udtaget til at deltage i konkurrencen<\/p>\n<p style=\"text-align: center;\">om skuets bedste hingst sammen med 4 andre hingste:<\/p>\n<p style=\"text-align: center;\">\u2013 en jyde 23 point, en palomino 23 point, en fjordhest\u00a023 point<\/p>\n<p style=\"text-align: center;\">og en shetl\u00e6nder 24 point, som blev skuets bedste hingst.<\/p>\n<p style=\"text-align: center;\"><img loading=\"lazy\" decoding=\"async\" class=\"alignnone size-large wp-image-4351\" src=\"http:\/\/stald-hauge.dk\/wp-content\/uploads\/2025\/01\/Estrup08-2-700x468.jpg\" alt=\"\" width=\"640\" height=\"428\" srcset=\"https:\/\/stald-hauge.dk\/wp-content\/uploads\/2025\/01\/Estrup08-2-700x468.jpg 700w, https:\/\/stald-hauge.dk\/wp-content\/uploads\/2025\/01\/Estrup08-2-300x201.jpg 300w, https:\/\/stald-hauge.dk\/wp-content\/uploads\/2025\/01\/Estrup08-2.jpg 768w\" sizes=\"auto, (max-width: 640px) 100vw, 640px\" \/> <img loading=\"lazy\" decoding=\"async\" class=\"alignnone size-full wp-image-4386\" src=\"http:\/\/stald-hauge.dk\/wp-content\/uploads\/2025\/01\/Estrup08-37.jpg\" alt=\"\" width=\"300\" height=\"225\" \/> <img loading=\"lazy\" decoding=\"async\" class=\"alignnone size-full wp-image-4385\" src=\"http:\/\/stald-hauge.dk\/wp-content\/uploads\/2025\/01\/Estrup08-36.jpg\" alt=\"\" width=\"300\" height=\"225\" \/> <img loading=\"lazy\" decoding=\"async\" class=\"alignnone size-full wp-image-4384\" src=\"http:\/\/stald-hauge.dk\/wp-content\/uploads\/2025\/01\/Estrup08-35.jpg\" alt=\"\" width=\"300\" height=\"225\" \/> <img loading=\"lazy\" decoding=\"async\" class=\"alignnone size-full wp-image-4383\" src=\"http:\/\/stald-hauge.dk\/wp-content\/uploads\/2025\/01\/Estrup08-34.jpg\" alt=\"\" width=\"300\" height=\"225\" \/> <img loading=\"lazy\" decoding=\"async\" class=\"alignnone size-full wp-image-4382\" src=\"http:\/\/stald-hauge.dk\/wp-content\/uploads\/2025\/01\/Estrup08-33.jpg\" alt=\"\" width=\"300\" height=\"225\" \/> <img loading=\"lazy\" decoding=\"async\" class=\"alignnone size-full wp-image-4381\" src=\"http:\/\/stald-hauge.dk\/wp-content\/uploads\/2025\/01\/Estrup08-32.jpg\" alt=\"\" width=\"300\" height=\"295\" \/> <img loading=\"lazy\" decoding=\"async\" class=\"alignnone size-full wp-image-4380\" src=\"http:\/\/stald-hauge.dk\/wp-content\/uploads\/2025\/01\/Estrup08-31.jpg\" alt=\"\" width=\"300\" height=\"233\" \/> <img loading=\"lazy\" decoding=\"async\" class=\"alignnone size-full wp-image-4379\" src=\"http:\/\/stald-hauge.dk\/wp-content\/uploads\/2025\/01\/Estrup08-30.jpg\" alt=\"\" width=\"298\" height=\"300\" srcset=\"https:\/\/stald-hauge.dk\/wp-content\/uploads\/2025\/01\/Estrup08-30.jpg 298w, https:\/\/stald-hauge.dk\/wp-content\/uploads\/2025\/01\/Estrup08-30-150x150.jpg 150w\" sizes=\"auto, (max-width: 298px) 100vw, 298px\" \/> <img loading=\"lazy\" decoding=\"async\" class=\"alignnone size-full wp-image-4378\" src=\"http:\/\/stald-hauge.dk\/wp-content\/uploads\/2025\/01\/Estrup08-29.jpg\" alt=\"\" width=\"297\" height=\"300\" \/> <img loading=\"lazy\" decoding=\"async\" class=\"alignnone size-full wp-image-4377\" src=\"http:\/\/stald-hauge.dk\/wp-content\/uploads\/2025\/01\/Estrup08-28.jpg\" alt=\"\" width=\"300\" height=\"201\" \/> <img loading=\"lazy\" decoding=\"async\" class=\"alignnone size-full wp-image-4376\" src=\"http:\/\/stald-hauge.dk\/wp-content\/uploads\/2025\/01\/Estrup08-27.jpg\" alt=\"\" width=\"300\" height=\"201\" \/> <img loading=\"lazy\" decoding=\"async\" class=\"alignnone size-full wp-image-4375\" src=\"http:\/\/stald-hauge.dk\/wp-content\/uploads\/2025\/01\/Estrup08-26.jpg\" alt=\"\" width=\"300\" height=\"261\" \/> <img loading=\"lazy\" decoding=\"async\" class=\"alignnone size-full wp-image-4374\" src=\"http:\/\/stald-hauge.dk\/wp-content\/uploads\/2025\/01\/Estrup08-25.jpg\" alt=\"\" width=\"300\" height=\"285\" \/> <img loading=\"lazy\" decoding=\"async\" class=\"alignnone size-full wp-image-4373\" src=\"http:\/\/stald-hauge.dk\/wp-content\/uploads\/2025\/01\/Estrup08-24.jpg\" alt=\"\" width=\"221\" height=\"300\" \/> <img loading=\"lazy\" decoding=\"async\" class=\"alignnone size-full wp-image-4372\" src=\"http:\/\/stald-hauge.dk\/wp-content\/uploads\/2025\/01\/Estrup08-23.jpg\" alt=\"\" width=\"300\" height=\"296\" \/> <img loading=\"lazy\" decoding=\"async\" class=\"alignnone size-full wp-image-4371\" src=\"http:\/\/stald-hauge.dk\/wp-content\/uploads\/2025\/01\/Estrup08-22.jpg\" alt=\"\" width=\"460\" height=\"357\" srcset=\"https:\/\/stald-hauge.dk\/wp-content\/uploads\/2025\/01\/Estrup08-22.jpg 460w, https:\/\/stald-hauge.dk\/wp-content\/uploads\/2025\/01\/Estrup08-22-300x233.jpg 300w\" sizes=\"auto, (max-width: 460px) 100vw, 460px\" \/> <img loading=\"lazy\" decoding=\"async\" class=\"alignnone size-full wp-image-4370\" src=\"http:\/\/stald-hauge.dk\/wp-content\/uploads\/2025\/01\/Estrup08-21.jpg\" alt=\"\" width=\"300\" height=\"200\" \/> <img loading=\"lazy\" decoding=\"async\" class=\"alignnone size-full wp-image-4369\" src=\"http:\/\/stald-hauge.dk\/wp-content\/uploads\/2025\/01\/Estrup08-20.jpg\" alt=\"\" width=\"300\" height=\"200\" \/> <img loading=\"lazy\" decoding=\"async\" class=\"alignnone size-full wp-image-4368\" src=\"http:\/\/stald-hauge.dk\/wp-content\/uploads\/2025\/01\/Estrup08-19.jpg\" alt=\"\" width=\"300\" height=\"200\" \/> <img loading=\"lazy\" decoding=\"async\" class=\"alignnone size-full wp-image-4367\" src=\"http:\/\/stald-hauge.dk\/wp-content\/uploads\/2025\/01\/Estrup08-18.jpg\" alt=\"\" width=\"300\" height=\"200\" \/> <img loading=\"lazy\" decoding=\"async\" class=\"alignnone size-full wp-image-4366\" src=\"http:\/\/stald-hauge.dk\/wp-content\/uploads\/2025\/01\/Estrup08-17.jpg\" alt=\"\" width=\"300\" height=\"225\" \/> <img loading=\"lazy\" decoding=\"async\" class=\"alignnone size-full wp-image-4365\" src=\"http:\/\/stald-hauge.dk\/wp-content\/uploads\/2025\/01\/Estrup08-16.jpg\" alt=\"\" width=\"300\" height=\"200\" \/> <img loading=\"lazy\" decoding=\"async\" class=\"alignnone size-full wp-image-4364\" src=\"http:\/\/stald-hauge.dk\/wp-content\/uploads\/2025\/01\/Estrup08-15.jpg\" alt=\"\" width=\"300\" height=\"200\" \/> <img loading=\"lazy\" decoding=\"async\" class=\"alignnone size-full wp-image-4363\" src=\"http:\/\/stald-hauge.dk\/wp-content\/uploads\/2025\/01\/Estrup08-14.jpg\" alt=\"\" width=\"300\" height=\"225\" \/> <img loading=\"lazy\" decoding=\"async\" class=\"alignnone size-full wp-image-4362\" src=\"http:\/\/stald-hauge.dk\/wp-content\/uploads\/2025\/01\/Estrup08-13.jpg\" alt=\"\" width=\"300\" height=\"225\" \/> <img loading=\"lazy\" decoding=\"async\" class=\"alignnone size-full wp-image-4361\" src=\"http:\/\/stald-hauge.dk\/wp-content\/uploads\/2025\/01\/Estrup08-12.jpg\" alt=\"\" width=\"300\" height=\"200\" \/> <img loading=\"lazy\" decoding=\"async\" class=\"alignnone size-full wp-image-4360\" src=\"http:\/\/stald-hauge.dk\/wp-content\/uploads\/2025\/01\/Estrup08-11.jpg\" alt=\"\" width=\"300\" height=\"200\" \/> <img loading=\"lazy\" decoding=\"async\" class=\"alignnone size-full wp-image-4358\" src=\"http:\/\/stald-hauge.dk\/wp-content\/uploads\/2025\/01\/Estrup08-9.jpg\" alt=\"\" width=\"300\" height=\"200\" \/> <img loading=\"lazy\" decoding=\"async\" class=\"alignnone size-full wp-image-4357\" src=\"http:\/\/stald-hauge.dk\/wp-content\/uploads\/2025\/01\/Estrup08-8.jpg\" alt=\"\" width=\"300\" height=\"200\" \/> <img loading=\"lazy\" decoding=\"async\" class=\"alignnone size-full wp-image-4356\" src=\"http:\/\/stald-hauge.dk\/wp-content\/uploads\/2025\/01\/Estrup08-7.jpg\" alt=\"\" width=\"300\" height=\"169\" \/> <img loading=\"lazy\" decoding=\"async\" class=\"alignnone size-full wp-image-4359\" src=\"http:\/\/stald-hauge.dk\/wp-content\/uploads\/2025\/01\/Estrup08-10.jpg\" alt=\"\" width=\"300\" height=\"200\" \/> <img loading=\"lazy\" decoding=\"async\" class=\"alignnone size-full wp-image-4355\" src=\"http:\/\/stald-hauge.dk\/wp-content\/uploads\/2025\/01\/Estrup08-6.jpg\" alt=\"\" width=\"300\" height=\"169\" \/> <img loading=\"lazy\" decoding=\"async\" class=\"alignnone size-large wp-image-4354\" src=\"http:\/\/stald-hauge.dk\/wp-content\/uploads\/2025\/01\/Estrup08-5-700x467.jpg\" alt=\"\" width=\"640\" height=\"427\" srcset=\"https:\/\/stald-hauge.dk\/wp-content\/uploads\/2025\/01\/Estrup08-5-700x467.jpg 700w, https:\/\/stald-hauge.dk\/wp-content\/uploads\/2025\/01\/Estrup08-5-300x200.jpg 300w, https:\/\/stald-hauge.dk\/wp-content\/uploads\/2025\/01\/Estrup08-5.jpg 768w\" sizes=\"auto, (max-width: 640px) 100vw, 640px\" \/> <img loading=\"lazy\" decoding=\"async\" class=\"alignnone size-large wp-image-4353\" src=\"http:\/\/stald-hauge.dk\/wp-content\/uploads\/2025\/01\/Estrup08-4-700x466.jpg\" alt=\"\" width=\"640\" height=\"426\" srcset=\"https:\/\/stald-hauge.dk\/wp-content\/uploads\/2025\/01\/Estrup08-4-700x466.jpg 700w, https:\/\/stald-hauge.dk\/wp-content\/uploads\/2025\/01\/Estrup08-4-300x200.jpg 300w, https:\/\/stald-hauge.dk\/wp-content\/uploads\/2025\/01\/Estrup08-4.jpg 768w\" sizes=\"auto, (max-width: 640px) 100vw, 640px\" \/> <img loading=\"lazy\" decoding=\"async\" class=\"alignnone size-large wp-image-4352\" src=\"http:\/\/stald-hauge.dk\/wp-content\/uploads\/2025\/01\/Estrup08-3-700x467.jpg\" alt=\"\" width=\"640\" height=\"427\" srcset=\"https:\/\/stald-hauge.dk\/wp-content\/uploads\/2025\/01\/Estrup08-3-700x467.jpg 700w, https:\/\/stald-hauge.dk\/wp-content\/uploads\/2025\/01\/Estrup08-3-300x200.jpg 300w, https:\/\/stald-hauge.dk\/wp-content\/uploads\/2025\/01\/Estrup08-3.jpg 768w\" sizes=\"auto, (max-width: 640px) 100vw, 640px\" \/> <img loading=\"lazy\" decoding=\"async\" class=\"alignnone size-large wp-image-4350\" src=\"http:\/\/stald-hauge.dk\/wp-content\/uploads\/2025\/01\/Estrup08-1-696x700.jpg\" alt=\"\" width=\"640\" height=\"644\" srcset=\"https:\/\/stald-hauge.dk\/wp-content\/uploads\/2025\/01\/Estrup08-1-696x700.jpg 696w, https:\/\/stald-hauge.dk\/wp-content\/uploads\/2025\/01\/Estrup08-1-298x300.jpg 298w, https:\/\/stald-hauge.dk\/wp-content\/uploads\/2025\/01\/Estrup08-1-150x150.jpg 150w, https:\/\/stald-hauge.dk\/wp-content\/uploads\/2025\/01\/Estrup08-1-768x772.jpg 768w, https:\/\/stald-hauge.dk\/wp-content\/uploads\/2025\/01\/Estrup08-1.jpg 989w\" sizes=\"auto, (max-width: 640px) 100vw, 640px\" \/> <img loading=\"lazy\" decoding=\"async\" class=\"alignnone size-large wp-image-4349\" src=\"http:\/\/stald-hauge.dk\/wp-content\/uploads\/2025\/01\/Estrup08--700x689.jpg\" alt=\"\" width=\"640\" height=\"630\" srcset=\"https:\/\/stald-hauge.dk\/wp-content\/uploads\/2025\/01\/Estrup08--700x689.jpg 700w, https:\/\/stald-hauge.dk\/wp-content\/uploads\/2025\/01\/Estrup08--300x295.jpg 300w, https:\/\/stald-hauge.dk\/wp-content\/uploads\/2025\/01\/Estrup08-.jpg 768w\" sizes=\"auto, (max-width: 640px) 100vw, 640px\" \/><\/p>\n","protected":false},"excerpt":{"rendered":"<p>Aodh\u00e1n blev udstillet og opn\u00e5ede 23. point og \u00e6respr\u00e6mie. Blev ogs\u00e5 udtaget til at deltage i konkurrencen om skuets bedste hingst sammen med 4 andre hingste: \u2013 en jyde 23 point, en palomino 23 point, en fjordhest\u00a023 point og en &hellip; <a href=\"https:\/\/stald-hauge.dk\/index.php\/heste\/show-kaaring\/2008-gl-estrup-landbrugsmesse\/\">L\u00e6s resten <span class=\"meta-nav\">&rarr;<\/span><\/a><\/p>\n","protected":false},"author":1,"featured_media":0,"parent":1757,"menu_order":0,"comment_status":"closed","ping_status":"closed","template":"onecolumn-page.php","meta":{"footnotes":""},"class_list":["post-2078","page","type-page","status-publish","hentry"],"yoast_head":"<!-- This site is optimized with the Yoast SEO plugin v25.3.1 - https:\/\/yoast.com\/wordpress\/plugins\/seo\/ -->\n<title>2008 - Gl. Estrup Landbrugsmesse - Stald Hauge<\/title>\n<meta name=\"robots\" content=\"index, follow, max-snippet:-1, max-image-preview:large, max-video-preview:-1\" \/>\n<link rel=\"canonical\" href=\"https:\/\/stald-hauge.dk\/index.php\/heste\/show-kaaring\/2008-gl-estrup-landbrugsmesse\/\" \/>\n<meta property=\"og:locale\" content=\"da_DK\" \/>\n<meta property=\"og:type\" content=\"article\" \/>\n<meta property=\"og:title\" content=\"2008 - Gl. Estrup Landbrugsmesse - Stald Hauge\" \/>\n<meta property=\"og:description\" content=\"Aodh\u00e1n blev udstillet og opn\u00e5ede 23. point og \u00e6respr\u00e6mie. Blev ogs\u00e5 udtaget til at deltage i konkurrencen om skuets bedste hingst sammen med 4 andre hingste: \u2013 en jyde 23 point, en palomino 23 point, en fjordhest\u00a023 point og en &hellip; L\u00e6s resten &rarr;\" \/>\n<meta property=\"og:url\" content=\"https:\/\/stald-hauge.dk\/index.php\/heste\/show-kaaring\/2008-gl-estrup-landbrugsmesse\/\" \/>\n<meta property=\"og:site_name\" content=\"Stald Hauge\" \/>\n<meta property=\"article:publisher\" content=\"https:\/\/www.facebook.com\/lisehauge\/\" \/>\n<meta property=\"article:modified_time\" content=\"2025-01-02T10:22:11+00:00\" \/>\n<meta property=\"og:image\" content=\"http:\/\/stald-hauge.dk\/wp-content\/uploads\/2025\/01\/Estrup08-2-700x468.jpg\" \/>\n<meta name=\"twitter:card\" content=\"summary_large_image\" \/>\n<script type=\"application\/ld+json\" class=\"yoast-schema-graph\">{\"@context\":\"https:\/\/schema.org\",\"@graph\":[{\"@type\":\"WebPage\",\"@id\":\"https:\/\/stald-hauge.dk\/index.php\/heste\/show-kaaring\/2008-gl-estrup-landbrugsmesse\/\",\"url\":\"https:\/\/stald-hauge.dk\/index.php\/heste\/show-kaaring\/2008-gl-estrup-landbrugsmesse\/\",\"name\":\"2008 - Gl. Estrup Landbrugsmesse - Stald Hauge\",\"isPartOf\":{\"@id\":\"https:\/\/stald-hauge.dk\/#website\"},\"primaryImageOfPage\":{\"@id\":\"https:\/\/stald-hauge.dk\/index.php\/heste\/show-kaaring\/2008-gl-estrup-landbrugsmesse\/#primaryimage\"},\"image\":{\"@id\":\"https:\/\/stald-hauge.dk\/index.php\/heste\/show-kaaring\/2008-gl-estrup-landbrugsmesse\/#primaryimage\"},\"thumbnailUrl\":\"http:\/\/stald-hauge.dk\/wp-content\/uploads\/2025\/01\/Estrup08-2-700x468.jpg\",\"datePublished\":\"2024-08-23T12:07:43+00:00\",\"dateModified\":\"2025-01-02T10:22:11+00:00\",\"breadcrumb\":{\"@id\":\"https:\/\/stald-hauge.dk\/index.php\/heste\/show-kaaring\/2008-gl-estrup-landbrugsmesse\/#breadcrumb\"},\"inLanguage\":\"da-DK\",\"potentialAction\":[{\"@type\":\"ReadAction\",\"target\":[\"https:\/\/stald-hauge.dk\/index.php\/heste\/show-kaaring\/2008-gl-estrup-landbrugsmesse\/\"]}]},{\"@type\":\"ImageObject\",\"inLanguage\":\"da-DK\",\"@id\":\"https:\/\/stald-hauge.dk\/index.php\/heste\/show-kaaring\/2008-gl-estrup-landbrugsmesse\/#primaryimage\",\"url\":\"https:\/\/stald-hauge.dk\/wp-content\/uploads\/2025\/01\/Estrup08-2.jpg\",\"contentUrl\":\"https:\/\/stald-hauge.dk\/wp-content\/uploads\/2025\/01\/Estrup08-2.jpg\",\"width\":768,\"height\":514},{\"@type\":\"BreadcrumbList\",\"@id\":\"https:\/\/stald-hauge.dk\/index.php\/heste\/show-kaaring\/2008-gl-estrup-landbrugsmesse\/#breadcrumb\",\"itemListElement\":[{\"@type\":\"ListItem\",\"position\":1,\"name\":\"Hjem\",\"item\":\"https:\/\/stald-hauge.dk\/\"},{\"@type\":\"ListItem\",\"position\":2,\"name\":\"Heste\",\"item\":\"http:\/\/stald-hauge.dk\/index.php\/heste\/\"},{\"@type\":\"ListItem\",\"position\":3,\"name\":\"Show \/ K\u00e5ring\",\"item\":\"http:\/\/stald-hauge.dk\/index.php\/heste\/show-kaaring\/\"},{\"@type\":\"ListItem\",\"position\":4,\"name\":\"2008 &#8211; Gl. Estrup Landbrugsmesse\"}]},{\"@type\":\"WebSite\",\"@id\":\"https:\/\/stald-hauge.dk\/#website\",\"url\":\"https:\/\/stald-hauge.dk\/\",\"name\":\"Stald Hauge\",\"description\":\"v\/Lise Hauge S\u00f8rensen\",\"publisher\":{\"@id\":\"https:\/\/stald-hauge.dk\/#\/schema\/person\/5e9342de63bcc5037d653908c024bc01\"},\"potentialAction\":[{\"@type\":\"SearchAction\",\"target\":{\"@type\":\"EntryPoint\",\"urlTemplate\":\"https:\/\/stald-hauge.dk\/?s={search_term_string}\"},\"query-input\":{\"@type\":\"PropertyValueSpecification\",\"valueRequired\":true,\"valueName\":\"search_term_string\"}}],\"inLanguage\":\"da-DK\"},{\"@type\":[\"Person\",\"Organization\"],\"@id\":\"https:\/\/stald-hauge.dk\/#\/schema\/person\/5e9342de63bcc5037d653908c024bc01\",\"name\":\"admin\",\"image\":{\"@type\":\"ImageObject\",\"inLanguage\":\"da-DK\",\"@id\":\"https:\/\/stald-hauge.dk\/#\/schema\/person\/image\/\",\"url\":\"https:\/\/secure.gravatar.com\/avatar\/cb52025513d5b4d5bf079f09f5aae21c223852877c5a747e37ab431711bb309d?s=96&d=mm&r=g\",\"contentUrl\":\"https:\/\/secure.gravatar.com\/avatar\/cb52025513d5b4d5bf079f09f5aae21c223852877c5a747e37ab431711bb309d?s=96&d=mm&r=g\",\"caption\":\"admin\"},\"logo\":{\"@id\":\"https:\/\/stald-hauge.dk\/#\/schema\/person\/image\/\"},\"sameAs\":[\"http:\/\/stald-hauge.dk\",\"https:\/\/www.facebook.com\/lisehauge\/\"]}]}<\/script>\n<!-- \/ Yoast SEO plugin. -->","yoast_head_json":{"title":"2008 - Gl. Estrup Landbrugsmesse - Stald Hauge","robots":{"index":"index","follow":"follow","max-snippet":"max-snippet:-1","max-image-preview":"max-image-preview:large","max-video-preview":"max-video-preview:-1"},"canonical":"https:\/\/stald-hauge.dk\/index.php\/heste\/show-kaaring\/2008-gl-estrup-landbrugsmesse\/","og_locale":"da_DK","og_type":"article","og_title":"2008 - Gl. Estrup Landbrugsmesse - Stald Hauge","og_description":"Aodh\u00e1n blev udstillet og opn\u00e5ede 23. point og \u00e6respr\u00e6mie. Blev ogs\u00e5 udtaget til at deltage i konkurrencen om skuets bedste hingst sammen med 4 andre hingste: \u2013 en jyde 23 point, en palomino 23 point, en fjordhest\u00a023 point og en &hellip; L\u00e6s resten &rarr;","og_url":"https:\/\/stald-hauge.dk\/index.php\/heste\/show-kaaring\/2008-gl-estrup-landbrugsmesse\/","og_site_name":"Stald Hauge","article_publisher":"https:\/\/www.facebook.com\/lisehauge\/","article_modified_time":"2025-01-02T10:22:11+00:00","og_image":[{"url":"http:\/\/stald-hauge.dk\/wp-content\/uploads\/2025\/01\/Estrup08-2-700x468.jpg","type":"","width":"","height":""}],"twitter_card":"summary_large_image","schema":{"@context":"https:\/\/schema.org","@graph":[{"@type":"WebPage","@id":"https:\/\/stald-hauge.dk\/index.php\/heste\/show-kaaring\/2008-gl-estrup-landbrugsmesse\/","url":"https:\/\/stald-hauge.dk\/index.php\/heste\/show-kaaring\/2008-gl-estrup-landbrugsmesse\/","name":"2008 - Gl. Estrup Landbrugsmesse - Stald Hauge","isPartOf":{"@id":"https:\/\/stald-hauge.dk\/#website"},"primaryImageOfPage":{"@id":"https:\/\/stald-hauge.dk\/index.php\/heste\/show-kaaring\/2008-gl-estrup-landbrugsmesse\/#primaryimage"},"image":{"@id":"https:\/\/stald-hauge.dk\/index.php\/heste\/show-kaaring\/2008-gl-estrup-landbrugsmesse\/#primaryimage"},"thumbnailUrl":"http:\/\/stald-hauge.dk\/wp-content\/uploads\/2025\/01\/Estrup08-2-700x468.jpg","datePublished":"2024-08-23T12:07:43+00:00","dateModified":"2025-01-02T10:22:11+00:00","breadcrumb":{"@id":"https:\/\/stald-hauge.dk\/index.php\/heste\/show-kaaring\/2008-gl-estrup-landbrugsmesse\/#breadcrumb"},"inLanguage":"da-DK","potentialAction":[{"@type":"ReadAction","target":["https:\/\/stald-hauge.dk\/index.php\/heste\/show-kaaring\/2008-gl-estrup-landbrugsmesse\/"]}]},{"@type":"ImageObject","inLanguage":"da-DK","@id":"https:\/\/stald-hauge.dk\/index.php\/heste\/show-kaaring\/2008-gl-estrup-landbrugsmesse\/#primaryimage","url":"https:\/\/stald-hauge.dk\/wp-content\/uploads\/2025\/01\/Estrup08-2.jpg","contentUrl":"https:\/\/stald-hauge.dk\/wp-content\/uploads\/2025\/01\/Estrup08-2.jpg","width":768,"height":514},{"@type":"BreadcrumbList","@id":"https:\/\/stald-hauge.dk\/index.php\/heste\/show-kaaring\/2008-gl-estrup-landbrugsmesse\/#breadcrumb","itemListElement":[{"@type":"ListItem","position":1,"name":"Hjem","item":"https:\/\/stald-hauge.dk\/"},{"@type":"ListItem","position":2,"name":"Heste","item":"http:\/\/stald-hauge.dk\/index.php\/heste\/"},{"@type":"ListItem","position":3,"name":"Show \/ K\u00e5ring","item":"http:\/\/stald-hauge.dk\/index.php\/heste\/show-kaaring\/"},{"@type":"ListItem","position":4,"name":"2008 &#8211; Gl. Estrup Landbrugsmesse"}]},{"@type":"WebSite","@id":"https:\/\/stald-hauge.dk\/#website","url":"https:\/\/stald-hauge.dk\/","name":"Stald Hauge","description":"v\/Lise Hauge S\u00f8rensen","publisher":{"@id":"https:\/\/stald-hauge.dk\/#\/schema\/person\/5e9342de63bcc5037d653908c024bc01"},"potentialAction":[{"@type":"SearchAction","target":{"@type":"EntryPoint","urlTemplate":"https:\/\/stald-hauge.dk\/?s={search_term_string}"},"query-input":{"@type":"PropertyValueSpecification","valueRequired":true,"valueName":"search_term_string"}}],"inLanguage":"da-DK"},{"@type":["Person","Organization"],"@id":"https:\/\/stald-hauge.dk\/#\/schema\/person\/5e9342de63bcc5037d653908c024bc01","name":"admin","image":{"@type":"ImageObject","inLanguage":"da-DK","@id":"https:\/\/stald-hauge.dk\/#\/schema\/person\/image\/","url":"https:\/\/secure.gravatar.com\/avatar\/cb52025513d5b4d5bf079f09f5aae21c223852877c5a747e37ab431711bb309d?s=96&d=mm&r=g","contentUrl":"https:\/\/secure.gravatar.com\/avatar\/cb52025513d5b4d5bf079f09f5aae21c223852877c5a747e37ab431711bb309d?s=96&d=mm&r=g","caption":"admin"},"logo":{"@id":"https:\/\/stald-hauge.dk\/#\/schema\/person\/image\/"},"sameAs":["http:\/\/stald-hauge.dk","https:\/\/www.facebook.com\/lisehauge\/"]}]}},"_links":{"self":[{"href":"https:\/\/stald-hauge.dk\/index.php\/wp-json\/wp\/v2\/pages\/2078","targetHints":{"allow":["GET"]}}],"collection":[{"href":"https:\/\/stald-hauge.dk\/index.php\/wp-json\/wp\/v2\/pages"}],"about":[{"href":"https:\/\/stald-hauge.dk\/index.php\/wp-json\/wp\/v2\/types\/page"}],"author":[{"embeddable":true,"href":"https:\/\/stald-hauge.dk\/index.php\/wp-json\/wp\/v2\/users\/1"}],"replies":[{"embeddable":true,"href":"https:\/\/stald-hauge.dk\/index.php\/wp-json\/wp\/v2\/comments?post=2078"}],"version-history":[{"count":2,"href":"https:\/\/stald-hauge.dk\/index.php\/wp-json\/wp\/v2\/pages\/2078\/revisions"}],"predecessor-version":[{"id":4896,"href":"https:\/\/stald-hauge.dk\/index.php\/wp-json\/wp\/v2\/pages\/2078\/revisions\/4896"}],"up":[{"embeddable":true,"href":"https:\/\/stald-hauge.dk\/index.php\/wp-json\/wp\/v2\/pages\/1757"}],"wp:attachment":[{"href":"https:\/\/stald-hauge.dk\/index.php\/wp-json\/wp\/v2\/media?parent=2078"}],"curies":[{"name":"wp","href":"https:\/\/api.w.org\/{rel}","templated":true}]}}