{"id":24,"date":"2024-08-14T16:17:40","date_gmt":"2024-08-14T16:17:40","guid":{"rendered":"https:\/\/stald-hauge.dk\/?page_id=24"},"modified":"2024-12-26T08:28:58","modified_gmt":"2024-12-26T08:28:58","slug":"chinchillaer-vi-mindes-3","status":"publish","type":"page","link":"https:\/\/stald-hauge.dk\/index.php\/chinchilla\/chinchillaer-vi-mindes-3\/","title":{"rendered":"Chinchillaer vi mindes &lt;3"},"content":{"rendered":"<p style=\"text-align: center;\">Dejlige chinchillaer, som vi desv\u00e6rre har mistet gennem tiden, men som altid vil blive husket for at v\u00e6re noget s\u00e6rligt.<\/p>\n<p style=\"text-align: center;\"><strong>Elbe Chinchilla Teddy<\/strong><\/p>\n<p style=\"text-align: center;\">White violet, LC<\/p>\n<p style=\"text-align: center;\">F\u00f8dt: 09.07.2019<\/p>\n<p style=\"text-align: center;\">Mor: Salty Junior, White violet ebony velvet, Daniella Klein<\/p>\n<p style=\"text-align: center;\">Far: Atze, Ebony vc, Curly<\/p>\n<p style=\"text-align: center;\"><img loading=\"lazy\" decoding=\"async\" class=\"alignnone size-full wp-image-2634\" src=\"http:\/\/stald-hauge.dk\/wp-content\/uploads\/2024\/12\/IMG_2854-300x200-1.jpeg\" alt=\"\" width=\"300\" height=\"200\" \/> <img loading=\"lazy\" decoding=\"async\" class=\"alignnone size-full wp-image-2635\" src=\"http:\/\/stald-hauge.dk\/wp-content\/uploads\/2024\/12\/IMG_2855-300x200-1.jpeg\" alt=\"\" width=\"300\" height=\"200\" \/> <img loading=\"lazy\" decoding=\"async\" class=\"alignnone size-full wp-image-2633\" src=\"http:\/\/stald-hauge.dk\/wp-content\/uploads\/2024\/12\/IMG_2853-300x200-1.jpeg\" alt=\"\" width=\"300\" height=\"200\" \/> <img loading=\"lazy\" decoding=\"async\" class=\"alignnone size-full wp-image-2636\" src=\"http:\/\/stald-hauge.dk\/wp-content\/uploads\/2024\/12\/IMG_2856-300x200-1.jpeg\" alt=\"\" width=\"300\" height=\"200\" \/><\/p>\n<p style=\"text-align: center;\"><strong>************************<\/strong><\/p>\n<p style=\"text-align: center;\"><strong>Elbe Chinchilla W1<\/strong><\/p>\n<p style=\"text-align: center;\">All black, curly<\/p>\n<p style=\"text-align: center;\">F\u00f8dt: 28.05.2017<\/p>\n<p style=\"text-align: center;\">Mor: Ophelia, Ebony, LC, Rebecca Schmidt<\/p>\n<p style=\"text-align: center;\">Far: Ebony curly, Rebecca Schmidt.<\/p>\n<p style=\"text-align: center;\"><img loading=\"lazy\" decoding=\"async\" class=\"alignnone size-full wp-image-2637\" src=\"http:\/\/stald-hauge.dk\/wp-content\/uploads\/2024\/12\/IMG_2857-300x200-1.jpeg\" alt=\"\" width=\"300\" height=\"200\" \/> <img loading=\"lazy\" decoding=\"async\" class=\"alignnone size-full wp-image-2638\" src=\"http:\/\/stald-hauge.dk\/wp-content\/uploads\/2024\/12\/IMG_2858-300x200-1.jpeg\" alt=\"\" width=\"300\" height=\"200\" \/> <img loading=\"lazy\" decoding=\"async\" class=\"alignnone size-full wp-image-2639\" src=\"http:\/\/stald-hauge.dk\/wp-content\/uploads\/2024\/12\/IMG_2859-300x200-1.jpeg\" alt=\"\" width=\"300\" height=\"200\" \/> <img loading=\"lazy\" decoding=\"async\" class=\"alignnone size-full wp-image-2640\" src=\"http:\/\/stald-hauge.dk\/wp-content\/uploads\/2024\/12\/IMG_2860-300x200-1.jpeg\" alt=\"\" width=\"300\" height=\"200\" \/> <img loading=\"lazy\" decoding=\"async\" class=\"alignnone size-full wp-image-2641\" src=\"http:\/\/stald-hauge.dk\/wp-content\/uploads\/2024\/12\/IMG_2861-300x200-1.jpeg\" alt=\"\" width=\"300\" height=\"200\" \/><\/p>\n<p style=\"text-align: center;\"><strong>************************<\/strong><\/p>\n<p style=\"text-align: center;\"><strong>Elbe Chinchilla W2<\/strong><\/p>\n<p style=\"text-align: center;\">All black, curly<\/p>\n<p style=\"text-align: center;\">F\u00f8dt: 28.05.2017<\/p>\n<p style=\"text-align: center;\">Mor: Ophelia, Ebony, LC, Rebecca Schmidt<\/p>\n<p style=\"text-align: center;\">Far: Ebony curly, Rebecca Schmidt.<\/p>\n<p style=\"text-align: center;\"><img loading=\"lazy\" decoding=\"async\" class=\"alignnone size-full wp-image-2644\" src=\"http:\/\/stald-hauge.dk\/wp-content\/uploads\/2024\/12\/IMG_2865-300x200-1.jpeg\" alt=\"\" width=\"300\" height=\"200\" \/> <img loading=\"lazy\" decoding=\"async\" class=\"alignnone size-full wp-image-2643\" src=\"http:\/\/stald-hauge.dk\/wp-content\/uploads\/2024\/12\/IMG_2864-300x200-1.jpeg\" alt=\"\" width=\"300\" height=\"200\" \/> <img loading=\"lazy\" decoding=\"async\" class=\"alignnone size-full wp-image-2642\" src=\"http:\/\/stald-hauge.dk\/wp-content\/uploads\/2024\/12\/IMG_2863-300x200-1.jpeg\" alt=\"\" width=\"300\" height=\"200\" \/><\/p>\n<p style=\"text-align: center;\"><strong>************************<\/strong><\/p>\n<p style=\"text-align: center;\"><span style=\"color: #000000;\"><strong>Hauge\u00b4s Royal Secret<\/strong><\/span><\/p>\n<p style=\"text-align: center;\"><span style=\"color: #000000;\">Standard gr\u00e5, RPA, California recessive white<\/span><\/p>\n<p style=\"text-align: center;\"><span style=\"color: #000000;\">F\u00f8dt: 20.04.2015<\/span><\/p>\n<p style=\"text-align: center;\"><span style=\"color: #000000;\">Mor: Fogsgaards Royal Rose, std. gr\u00e5, rpac<\/span><\/p>\n<p style=\"text-align: center;\"><span style=\"color: #000000;\">Far: Fogsgaards Cody, Black velvet, RPA<\/span><\/p>\n<p style=\"text-align: center;\"><img loading=\"lazy\" decoding=\"async\" class=\"alignnone size-full wp-image-2646\" src=\"http:\/\/stald-hauge.dk\/wp-content\/uploads\/2024\/12\/IMG_2867-300x200-1.jpeg\" alt=\"\" width=\"300\" height=\"200\" \/> <img loading=\"lazy\" decoding=\"async\" class=\"alignnone size-full wp-image-2647\" src=\"http:\/\/stald-hauge.dk\/wp-content\/uploads\/2024\/12\/IMG_2870-300x200-1.jpeg\" alt=\"\" width=\"300\" height=\"200\" \/> <img loading=\"lazy\" decoding=\"async\" class=\"alignnone size-full wp-image-2645\" src=\"http:\/\/stald-hauge.dk\/wp-content\/uploads\/2024\/12\/IMG_2866-300x200-1.jpeg\" alt=\"\" width=\"300\" height=\"200\" \/> <img loading=\"lazy\" decoding=\"async\" class=\"alignnone size-full wp-image-2669\" src=\"http:\/\/stald-hauge.dk\/wp-content\/uploads\/2024\/12\/IMG_2893-228x300-1.jpeg\" alt=\"\" width=\"228\" height=\"300\" \/><\/p>\n<p style=\"text-align: center;\"><strong>************************<\/strong><\/p>\n<p style=\"text-align: center;\"><strong>Hauge\u00b4s Top Secret\u00a0<\/strong><\/p>\n<p style=\"text-align: center;\">All black, Vc, Sc, RPA, Cc<\/p>\n<p style=\"text-align: center;\">F\u00f8dt: 05.01.2021<\/p>\n<p style=\"text-align: center;\">Mor: Hauge\u00b4s Karisma, All black Curly, RPAc<\/p>\n<p style=\"text-align: center;\">Far: Hauge\u00b4s Ingolf, Blue Diamond, RPAc<\/p>\n<p style=\"text-align: center;\"><img loading=\"lazy\" decoding=\"async\" class=\"alignnone size-full wp-image-2652\" src=\"http:\/\/stald-hauge.dk\/wp-content\/uploads\/2024\/12\/IMG_2875-300x200-1.jpeg\" alt=\"\" width=\"300\" height=\"200\" \/> <img loading=\"lazy\" decoding=\"async\" class=\"alignnone size-full wp-image-2648\" src=\"http:\/\/stald-hauge.dk\/wp-content\/uploads\/2024\/12\/IMG_2871-300x200-1.jpeg\" alt=\"\" width=\"300\" height=\"200\" \/> <img loading=\"lazy\" decoding=\"async\" class=\"alignnone size-full wp-image-2649\" src=\"http:\/\/stald-hauge.dk\/wp-content\/uploads\/2024\/12\/IMG_2872-300x200-1.jpeg\" alt=\"\" width=\"300\" height=\"200\" \/> <img loading=\"lazy\" decoding=\"async\" class=\"alignnone size-full wp-image-2650\" src=\"http:\/\/stald-hauge.dk\/wp-content\/uploads\/2024\/12\/IMG_2873-300x200-1.jpeg\" alt=\"\" width=\"300\" height=\"200\" \/><\/p>\n","protected":false},"excerpt":{"rendered":"<p>Dejlige chinchillaer, som vi desv\u00e6rre har mistet gennem tiden, men som altid vil blive husket for at v\u00e6re noget s\u00e6rligt. Elbe Chinchilla Teddy White violet, LC F\u00f8dt: 09.07.2019 Mor: Salty Junior, White violet ebony velvet, Daniella Klein Far: Atze, Ebony &hellip; <a href=\"https:\/\/stald-hauge.dk\/index.php\/chinchilla\/chinchillaer-vi-mindes-3\/\">L\u00e6s resten <span class=\"meta-nav\">&rarr;<\/span><\/a><\/p>\n","protected":false},"author":1,"featured_media":0,"parent":11,"menu_order":0,"comment_status":"closed","ping_status":"closed","template":"onecolumn-page.php","meta":{"footnotes":""},"class_list":["post-24","page","type-page","status-publish","hentry"],"yoast_head":"<!-- This site is optimized with the Yoast SEO plugin v25.3.1 - https:\/\/yoast.com\/wordpress\/plugins\/seo\/ -->\n<title>Chinchillaer vi mindes &lt;3 - Stald Hauge<\/title>\n<meta name=\"robots\" content=\"index, follow, max-snippet:-1, max-image-preview:large, max-video-preview:-1\" \/>\n<link rel=\"canonical\" href=\"https:\/\/stald-hauge.dk\/index.php\/chinchilla\/chinchillaer-vi-mindes-3\/\" \/>\n<meta property=\"og:locale\" content=\"da_DK\" \/>\n<meta property=\"og:type\" content=\"article\" \/>\n<meta property=\"og:title\" content=\"Chinchillaer vi mindes &lt;3 - Stald Hauge\" \/>\n<meta property=\"og:description\" content=\"Dejlige chinchillaer, som vi desv\u00e6rre har mistet gennem tiden, men som altid vil blive husket for at v\u00e6re noget s\u00e6rligt. Elbe Chinchilla Teddy White violet, LC F\u00f8dt: 09.07.2019 Mor: Salty Junior, White violet ebony velvet, Daniella Klein Far: Atze, Ebony &hellip; L\u00e6s resten &rarr;\" \/>\n<meta property=\"og:url\" content=\"https:\/\/stald-hauge.dk\/index.php\/chinchilla\/chinchillaer-vi-mindes-3\/\" \/>\n<meta property=\"og:site_name\" content=\"Stald Hauge\" \/>\n<meta property=\"article:publisher\" content=\"https:\/\/www.facebook.com\/lisehauge\/\" \/>\n<meta property=\"article:modified_time\" content=\"2024-12-26T08:28:58+00:00\" \/>\n<meta property=\"og:image\" content=\"http:\/\/stald-hauge.dk\/wp-content\/uploads\/2024\/12\/IMG_2854-300x200-1.jpeg\" \/>\n<meta name=\"twitter:card\" content=\"summary_large_image\" \/>\n<meta name=\"twitter:label1\" content=\"Estimeret l\u00e6setid\" \/>\n\t<meta name=\"twitter:data1\" content=\"1 minut\" \/>\n<script type=\"application\/ld+json\" class=\"yoast-schema-graph\">{\"@context\":\"https:\/\/schema.org\",\"@graph\":[{\"@type\":\"WebPage\",\"@id\":\"https:\/\/stald-hauge.dk\/index.php\/chinchilla\/chinchillaer-vi-mindes-3\/\",\"url\":\"https:\/\/stald-hauge.dk\/index.php\/chinchilla\/chinchillaer-vi-mindes-3\/\",\"name\":\"Chinchillaer vi mindes &lt;3 - Stald Hauge\",\"isPartOf\":{\"@id\":\"https:\/\/stald-hauge.dk\/#website\"},\"primaryImageOfPage\":{\"@id\":\"https:\/\/stald-hauge.dk\/index.php\/chinchilla\/chinchillaer-vi-mindes-3\/#primaryimage\"},\"image\":{\"@id\":\"https:\/\/stald-hauge.dk\/index.php\/chinchilla\/chinchillaer-vi-mindes-3\/#primaryimage\"},\"thumbnailUrl\":\"http:\/\/stald-hauge.dk\/wp-content\/uploads\/2024\/12\/IMG_2854-300x200-1.jpeg\",\"datePublished\":\"2024-08-14T16:17:40+00:00\",\"dateModified\":\"2024-12-26T08:28:58+00:00\",\"breadcrumb\":{\"@id\":\"https:\/\/stald-hauge.dk\/index.php\/chinchilla\/chinchillaer-vi-mindes-3\/#breadcrumb\"},\"inLanguage\":\"da-DK\",\"potentialAction\":[{\"@type\":\"ReadAction\",\"target\":[\"https:\/\/stald-hauge.dk\/index.php\/chinchilla\/chinchillaer-vi-mindes-3\/\"]}]},{\"@type\":\"ImageObject\",\"inLanguage\":\"da-DK\",\"@id\":\"https:\/\/stald-hauge.dk\/index.php\/chinchilla\/chinchillaer-vi-mindes-3\/#primaryimage\",\"url\":\"https:\/\/stald-hauge.dk\/wp-content\/uploads\/2024\/12\/IMG_2854-300x200-1.jpeg\",\"contentUrl\":\"https:\/\/stald-hauge.dk\/wp-content\/uploads\/2024\/12\/IMG_2854-300x200-1.jpeg\",\"width\":300,\"height\":200},{\"@type\":\"BreadcrumbList\",\"@id\":\"https:\/\/stald-hauge.dk\/index.php\/chinchilla\/chinchillaer-vi-mindes-3\/#breadcrumb\",\"itemListElement\":[{\"@type\":\"ListItem\",\"position\":1,\"name\":\"Hjem\",\"item\":\"https:\/\/stald-hauge.dk\/\"},{\"@type\":\"ListItem\",\"position\":2,\"name\":\"Chinchilla\",\"item\":\"http:\/\/stald-hauge.dk\/index.php\/chinchilla\/\"},{\"@type\":\"ListItem\",\"position\":3,\"name\":\"Chinchillaer vi mindes &lt;3\"}]},{\"@type\":\"WebSite\",\"@id\":\"https:\/\/stald-hauge.dk\/#website\",\"url\":\"https:\/\/stald-hauge.dk\/\",\"name\":\"Stald Hauge\",\"description\":\"v\/Lise Hauge S\u00f8rensen\",\"publisher\":{\"@id\":\"https:\/\/stald-hauge.dk\/#\/schema\/person\/5e9342de63bcc5037d653908c024bc01\"},\"potentialAction\":[{\"@type\":\"SearchAction\",\"target\":{\"@type\":\"EntryPoint\",\"urlTemplate\":\"https:\/\/stald-hauge.dk\/?s={search_term_string}\"},\"query-input\":{\"@type\":\"PropertyValueSpecification\",\"valueRequired\":true,\"valueName\":\"search_term_string\"}}],\"inLanguage\":\"da-DK\"},{\"@type\":[\"Person\",\"Organization\"],\"@id\":\"https:\/\/stald-hauge.dk\/#\/schema\/person\/5e9342de63bcc5037d653908c024bc01\",\"name\":\"admin\",\"image\":{\"@type\":\"ImageObject\",\"inLanguage\":\"da-DK\",\"@id\":\"https:\/\/stald-hauge.dk\/#\/schema\/person\/image\/\",\"url\":\"https:\/\/secure.gravatar.com\/avatar\/cb52025513d5b4d5bf079f09f5aae21c223852877c5a747e37ab431711bb309d?s=96&d=mm&r=g\",\"contentUrl\":\"https:\/\/secure.gravatar.com\/avatar\/cb52025513d5b4d5bf079f09f5aae21c223852877c5a747e37ab431711bb309d?s=96&d=mm&r=g\",\"caption\":\"admin\"},\"logo\":{\"@id\":\"https:\/\/stald-hauge.dk\/#\/schema\/person\/image\/\"},\"sameAs\":[\"http:\/\/stald-hauge.dk\",\"https:\/\/www.facebook.com\/lisehauge\/\"]}]}<\/script>\n<!-- \/ Yoast SEO plugin. -->","yoast_head_json":{"title":"Chinchillaer vi mindes &lt;3 - Stald Hauge","robots":{"index":"index","follow":"follow","max-snippet":"max-snippet:-1","max-image-preview":"max-image-preview:large","max-video-preview":"max-video-preview:-1"},"canonical":"https:\/\/stald-hauge.dk\/index.php\/chinchilla\/chinchillaer-vi-mindes-3\/","og_locale":"da_DK","og_type":"article","og_title":"Chinchillaer vi mindes &lt;3 - Stald Hauge","og_description":"Dejlige chinchillaer, som vi desv\u00e6rre har mistet gennem tiden, men som altid vil blive husket for at v\u00e6re noget s\u00e6rligt. Elbe Chinchilla Teddy White violet, LC F\u00f8dt: 09.07.2019 Mor: Salty Junior, White violet ebony velvet, Daniella Klein Far: Atze, Ebony &hellip; L\u00e6s resten &rarr;","og_url":"https:\/\/stald-hauge.dk\/index.php\/chinchilla\/chinchillaer-vi-mindes-3\/","og_site_name":"Stald Hauge","article_publisher":"https:\/\/www.facebook.com\/lisehauge\/","article_modified_time":"2024-12-26T08:28:58+00:00","og_image":[{"url":"http:\/\/stald-hauge.dk\/wp-content\/uploads\/2024\/12\/IMG_2854-300x200-1.jpeg","type":"","width":"","height":""}],"twitter_card":"summary_large_image","twitter_misc":{"Estimeret l\u00e6setid":"1 minut"},"schema":{"@context":"https:\/\/schema.org","@graph":[{"@type":"WebPage","@id":"https:\/\/stald-hauge.dk\/index.php\/chinchilla\/chinchillaer-vi-mindes-3\/","url":"https:\/\/stald-hauge.dk\/index.php\/chinchilla\/chinchillaer-vi-mindes-3\/","name":"Chinchillaer vi mindes &lt;3 - Stald Hauge","isPartOf":{"@id":"https:\/\/stald-hauge.dk\/#website"},"primaryImageOfPage":{"@id":"https:\/\/stald-hauge.dk\/index.php\/chinchilla\/chinchillaer-vi-mindes-3\/#primaryimage"},"image":{"@id":"https:\/\/stald-hauge.dk\/index.php\/chinchilla\/chinchillaer-vi-mindes-3\/#primaryimage"},"thumbnailUrl":"http:\/\/stald-hauge.dk\/wp-content\/uploads\/2024\/12\/IMG_2854-300x200-1.jpeg","datePublished":"2024-08-14T16:17:40+00:00","dateModified":"2024-12-26T08:28:58+00:00","breadcrumb":{"@id":"https:\/\/stald-hauge.dk\/index.php\/chinchilla\/chinchillaer-vi-mindes-3\/#breadcrumb"},"inLanguage":"da-DK","potentialAction":[{"@type":"ReadAction","target":["https:\/\/stald-hauge.dk\/index.php\/chinchilla\/chinchillaer-vi-mindes-3\/"]}]},{"@type":"ImageObject","inLanguage":"da-DK","@id":"https:\/\/stald-hauge.dk\/index.php\/chinchilla\/chinchillaer-vi-mindes-3\/#primaryimage","url":"https:\/\/stald-hauge.dk\/wp-content\/uploads\/2024\/12\/IMG_2854-300x200-1.jpeg","contentUrl":"https:\/\/stald-hauge.dk\/wp-content\/uploads\/2024\/12\/IMG_2854-300x200-1.jpeg","width":300,"height":200},{"@type":"BreadcrumbList","@id":"https:\/\/stald-hauge.dk\/index.php\/chinchilla\/chinchillaer-vi-mindes-3\/#breadcrumb","itemListElement":[{"@type":"ListItem","position":1,"name":"Hjem","item":"https:\/\/stald-hauge.dk\/"},{"@type":"ListItem","position":2,"name":"Chinchilla","item":"http:\/\/stald-hauge.dk\/index.php\/chinchilla\/"},{"@type":"ListItem","position":3,"name":"Chinchillaer vi mindes &lt;3"}]},{"@type":"WebSite","@id":"https:\/\/stald-hauge.dk\/#website","url":"https:\/\/stald-hauge.dk\/","name":"Stald Hauge","description":"v\/Lise Hauge S\u00f8rensen","publisher":{"@id":"https:\/\/stald-hauge.dk\/#\/schema\/person\/5e9342de63bcc5037d653908c024bc01"},"potentialAction":[{"@type":"SearchAction","target":{"@type":"EntryPoint","urlTemplate":"https:\/\/stald-hauge.dk\/?s={search_term_string}"},"query-input":{"@type":"PropertyValueSpecification","valueRequired":true,"valueName":"search_term_string"}}],"inLanguage":"da-DK"},{"@type":["Person","Organization"],"@id":"https:\/\/stald-hauge.dk\/#\/schema\/person\/5e9342de63bcc5037d653908c024bc01","name":"admin","image":{"@type":"ImageObject","inLanguage":"da-DK","@id":"https:\/\/stald-hauge.dk\/#\/schema\/person\/image\/","url":"https:\/\/secure.gravatar.com\/avatar\/cb52025513d5b4d5bf079f09f5aae21c223852877c5a747e37ab431711bb309d?s=96&d=mm&r=g","contentUrl":"https:\/\/secure.gravatar.com\/avatar\/cb52025513d5b4d5bf079f09f5aae21c223852877c5a747e37ab431711bb309d?s=96&d=mm&r=g","caption":"admin"},"logo":{"@id":"https:\/\/stald-hauge.dk\/#\/schema\/person\/image\/"},"sameAs":["http:\/\/stald-hauge.dk","https:\/\/www.facebook.com\/lisehauge\/"]}]}},"_links":{"self":[{"href":"https:\/\/stald-hauge.dk\/index.php\/wp-json\/wp\/v2\/pages\/24","targetHints":{"allow":["GET"]}}],"collection":[{"href":"https:\/\/stald-hauge.dk\/index.php\/wp-json\/wp\/v2\/pages"}],"about":[{"href":"https:\/\/stald-hauge.dk\/index.php\/wp-json\/wp\/v2\/types\/page"}],"author":[{"embeddable":true,"href":"https:\/\/stald-hauge.dk\/index.php\/wp-json\/wp\/v2\/users\/1"}],"replies":[{"embeddable":true,"href":"https:\/\/stald-hauge.dk\/index.php\/wp-json\/wp\/v2\/comments?post=24"}],"version-history":[{"count":3,"href":"https:\/\/stald-hauge.dk\/index.php\/wp-json\/wp\/v2\/pages\/24\/revisions"}],"predecessor-version":[{"id":2688,"href":"https:\/\/stald-hauge.dk\/index.php\/wp-json\/wp\/v2\/pages\/24\/revisions\/2688"}],"up":[{"embeddable":true,"href":"https:\/\/stald-hauge.dk\/index.php\/wp-json\/wp\/v2\/pages\/11"}],"wp:attachment":[{"href":"https:\/\/stald-hauge.dk\/index.php\/wp-json\/wp\/v2\/media?parent=24"}],"curies":[{"name":"wp","href":"https:\/\/api.w.org\/{rel}","templated":true}]}}